{"id":3030,"date":"2024-08-20T03:30:30","date_gmt":"2024-08-20T03:30:30","guid":{"rendered":"https:\/\/agricultural-gear-boxes.com\/product\/ep-rc81-agricultural-lawn-mower-gearbox\/"},"modified":"2024-08-20T03:30:30","modified_gmt":"2024-08-20T03:30:30","slug":"ep-rc81-agricultural-lawn-mower-gearbox","status":"publish","type":"product","link":"https:\/\/agricultural-gear-boxes.com\/pt\/product\/ep-rc81-agricultural-lawn-mower-gearbox\/","title":{"rendered":"Caixa de engrenagens para cortador de grama agr\u00edcola EP-RC81"},"content":{"rendered":"<h2>Caixa de engrenagens do cortador de grama agr\u00edcola EP-RC81: caixa de engrenagens dur\u00e1vel e de alto desempenho para horas de trabalho ideais<\/h2>\n<p>Se voc\u00ea est\u00e1 procurando uma caixa de engrenagens de alta qualidade para seu cortador rotativo agr\u00edcola, a Caixa de engrenagens do cortador de grama agr\u00edcola EP-RC81 \u00e9 a escolha perfeita. Esta caixa de engrenagens garante uma opera\u00e7\u00e3o suave e desempenho aumentado, n\u00e3o importa em que voc\u00ea esteja trabalhando, mesmo sob v\u00e1rias condi\u00e7\u00f5es.<\/p>\n<p>A caixa de engrenagens do cortador de grama agr\u00edcola EP-RC81 possui unidades de rolamentos de esferas de alta velocidade, juntamente com engrenagens e eixos tratados termicamente para garantir uma vida \u00fatil longa. As especifica\u00e7\u00f5es em nossas caixas de engrenagens s\u00e3o feitas para corresponder aos padr\u00f5es da ind\u00fastria, para que voc\u00ea possa esperar um desempenho consistente e confi\u00e1vel do seu equipamento.<\/p>\n<p>Todas as nossas caixas de engrenagens s\u00e3o enviadas secas e exigem \u00f3leo lubrificante de acordo com os padr\u00f5es do fabricante. \u00c9 importante usar \u00f3leo lubrificante adequado para o comutador de engrenagem c\u00f4nica espiral para dar folga total \u00e0 efici\u00eancia da caixa de dire\u00e7\u00e3o e melhorar sua vida \u00fatil.<\/p>\n<table style=\"width: 97.8297%;\" border=\"1\">\n<tbody>\n<tr>\n<td style=\"width: 54.1401%;\"><strong>ITEM<\/strong><\/td>\n<td style=\"width: 117.197%;\">EP-RC81<\/td>\n<\/tr>\n<tr>\n<td style=\"width: 54.1401%;\"><strong>Raz\u00e3o<\/strong><\/td>\n<td style=\"width: 117.197%;\">1:1.93\/1:1.46<\/td>\n<\/tr>\n<tr>\n<td style=\"width: 54.1401%;\"><strong>Dentes<\/strong><\/td>\n<td style=\"width: 117.197%;\">27\/14 19\/13<\/td>\n<\/tr>\n<tr>\n<td style=\"width: 54.1401%;\"><strong>M\u00f3dulo<\/strong><\/td>\n<td style=\"width: 117.197%;\">5.5 \/ 7.0<\/td>\n<\/tr>\n<tr>\n<td style=\"width: 54.1401%;\"><strong>Pot\u00eancia (HP)<\/strong><\/td>\n<td style=\"width: 117.197%;\">80<\/td>\n<\/tr>\n<tr>\n<td style=\"width: 54.1401%;\"><strong>Entrada classificada<\/strong><\/td>\n<td style=\"width: 117.197%;\">600 rpm<\/td>\n<\/tr>\n<tr>\n<td style=\"width: 54.1401%;\"><strong>Descri\u00e7\u00e3o de entrada\/sa\u00edda<\/strong><\/td>\n<td style=\"width: 117.197%;\">1-3\/8 Z6 Estria c\u00f4nica<\/td>\n<\/tr>\n<tr>\n<td style=\"width: 54.1401%;\"><strong>Peso (NW)<\/strong><\/td>\n<td style=\"width: 117.197%;\">28,7 kg<\/td>\n<\/tr>\n<\/tbody>\n<\/table>\n<h3>Caracter\u00edsticas da caixa de engrenagens do cortador de grama agr\u00edcola EP-RC81<\/h3>\n<ul>\n<li><b>Concha:<\/b> Feito de ferro fundido fc-25 de alta rigidez.<\/li>\n<li><b>Engrenagem:<\/b> A\u00e7o de liga de alta pureza 20crmnt \u00e9 usado para t\u00eampera e revenimento, cementa\u00e7\u00e3o, t\u00eampera e retifica\u00e7\u00e3o.<\/li>\n<li><b>Fuso:<\/b> A\u00e7o de liga de alta pureza 40Cr, com t\u00eampera e revenimento, com alta capacidade de carga suspensa.<\/li>\n<li><b>Consequ\u00eancia:<\/b> Equipado com rolamento de rolos c\u00f4nicos com alta capacidade de carga.<\/li>\n<li><b>Selo de \u00f3leo:<\/b> Veda\u00e7\u00e3o de \u00f3leo de l\u00e1bio duplo importada, com capacidade de vazamento de poeira e \u00f3leo.<\/li>\n<\/ul>\n<h3>Como fazer a manuten\u00e7\u00e3o e reparar a caixa de engrenagens do cortador de grama agr\u00edcola EP-RC81<\/h3>\n<p>Para manter o desempenho ideal, \u00e9 importante manter e reparar adequadamente a caixa de engrenagens do seu cortador de grama agr\u00edcola EP-RC81. Aqui est\u00e3o algumas dicas para manter sua caixa de engrenagens funcionando perfeitamente:<\/p>\n<ul>\n<li><b>Per\u00edodo de uso inicial:<\/b> Durante as primeiras duas semanas ou 100-200 horas, pode haver uma pequena quantidade de part\u00edculas de desgaste de metal entre as pe\u00e7as da caixa de engrenagens. Limpe o interior e substitua-o por \u00f3leo lubrificante novo.<\/li>\n<li><b>Uso a longo prazo:<\/b> Troque o \u00f3leo lubrificante a cada semestre ou 1000-2000 horas de uso.<\/li>\n<li><b>Reparar:<\/b> Caso haja algum dano na caixa de engrenagens, \u00e9 recomend\u00e1vel lev\u00e1-la a um profissional para reparo.<\/li>\n<li><b>Substitui\u00e7\u00e3o:<\/b> Ao substituir a caixa de engrenagens, certifique-se de usar uma caixa de engrenagens que seja compat\u00edvel com seu equipamento e atenda aos padr\u00f5es da ind\u00fastria.<\/li>\n<\/ul>\n<h3>Cen\u00e1rios de uso da caixa de engrenagens do cortador de grama<\/h3>\n<p>A caixa de engrenagens do cortador de grama agr\u00edcola EP-RC81 \u00e9 ideal para uso em diversas aplica\u00e7\u00f5es agr\u00edcolas, incluindo:<\/p>\n<ul>\n<li>Cortadores agr\u00edcolas<\/li>\n<li>Varredores de neve<\/li>\n<li>Aplicadores de fertilizantes<\/li>\n<li>Transportadores de gr\u00e3os<\/li>\n<li>Equipamentos industriais<\/li>\n<li>M\u00e1quinas de minera\u00e7\u00e3o de petr\u00f3leo<\/li>\n<li>Equipamentos industriais mar\u00edtimos<\/li>\n<li>Componentes hidr\u00e1ulicos de engenharia<\/li>\n<\/ul>\n<h3>Outras caixas de engrenagens agr\u00edcolas<\/h3>\n<p>Al\u00e9m da caixa de engrenagens do cortador de grama agr\u00edcola EP-RC81, a Ever-power tamb\u00e9m oferece uma ampla gama de caixas de engrenagens agr\u00edcolas para atender a todas as suas necessidades. Nossos produtos s\u00e3o projetados para serem dur\u00e1veis, confi\u00e1veis e de alto desempenho, e incluem:<\/p>\n<ul>\n<li>Eixos de sa\u00edda de pot\u00eancia<\/li>\n<li>Rodas dentadas<\/li>\n<li>Acoplamentos de fluidos<\/li>\n<li>Redutores de engrenagem sem-fim<\/li>\n<li>Engrenagens e cremalheiras<\/li>\n<li>Correntes destac\u00e1veis<\/li>\n<li>Polias e roldanas<\/li>\n<li>Caixas de engrenagens planet\u00e1rias<\/li>\n<li>Polias de sincroniza\u00e7\u00e3o<\/li>\n<li>Buchas<\/li>\n<\/ul>\n<p>Na Ever-power, nos dedicamos a fornecer aos nossos clientes produtos de alta qualidade a pre\u00e7os competitivos, e nossa equipe de atendimento ao cliente est\u00e1 sempre pronta para ajudar voc\u00ea. Entre em contato conosco hoje mesmo para saber mais sobre nossas caixas de engrenagens agr\u00edcolas e outros produtos!<\/p>\n<h2>Perguntas e respostas<\/h2>\n<p>1. Que \u00f3leo lubrificante deve ser usado na caixa de engrenagens do cortador de grama agr\u00edcola EP-RC81?<\/p>\n<p>Resposta: A caixa de engrenagens do cortador de grama agr\u00edcola EP-RC81 requer \u00f3leo lubrificante de acordo com os padr\u00f5es do fabricante.<\/p>\n<p>2. Com que frequ\u00eancia o \u00f3leo lubrificante deve ser trocado na caixa de engrenagens do cortador de grama agr\u00edcola EP-RC81?<\/p>\n<p>Resposta: Para uso a longo prazo, \u00e9 recomend\u00e1vel trocar o \u00f3leo lubrificante a cada semestre ou 1.000-2.000 horas de uso.<\/p>\n<p>3. Quais s\u00e3o as caracter\u00edsticas da caixa de engrenagens do cortador de grama agr\u00edcola EP-RC81?<\/p>\n<p>Resposta: A caixa de engrenagens do cortador de grama agr\u00edcola EP-RC81 possui unidades de rolamentos de esferas de alta velocidade, juntamente com engrenagens e eixos tratados termicamente para garantir uma vida \u00fatil longa. \u00c9 feita de ferro fundido fc-25 de alta rigidez e equipada com rolamento de rolos c\u00f4nicos com capacidade de carga pesada.<\/p>\n<p>4. Quais s\u00e3o os cen\u00e1rios de uso comuns da caixa de engrenagens do cortador de grama agr\u00edcola EP-RC81?<\/p>\n<p>Resposta: A caixa de engrenagens do cortador de grama agr\u00edcola EP-RC81 \u00e9 ideal para uso em diversas aplica\u00e7\u00f5es agr\u00edcolas, incluindo cortadores de grama agr\u00edcolas, varredores de neve, aplicadores de fertilizantes, transportadores de gr\u00e3os, equipamentos industriais, m\u00e1quinas de minera\u00e7\u00e3o de petr\u00f3leo, equipamentos industriais mar\u00edtimos e componentes hidr\u00e1ulicos de engenharia.<\/p>\n<p>5. Quais outras caixas de engrenagens agr\u00edcolas a Ever-power oferece?<\/p>\n<p>Resposta: Al\u00e9m da caixa de engrenagens para cortadores de grama agr\u00edcola EP-RC81, a Ever-power tamb\u00e9m oferece uma ampla gama de caixas de engrenagens agr\u00edcolas, incluindo eixos de sa\u00edda de pot\u00eancia, rodas dentadas, acoplamentos de fluido, redutores de engrenagem sem-fim, engrenagens e cremalheiras, correntes destac\u00e1veis, polias e polias, caixas de engrenagens planet\u00e1rias, polias de sincroniza\u00e7\u00e3o e buchas.<\/p>","protected":false},"excerpt":{"rendered":"<p>EP-RC81 Agricultural Lawn Mower Gearbox: Durable and High-Performance Gearbox for Optimal Work Hours If you are looking for a high-quality gearbox for your agriculture rotary cutter, the EP-RC81 Agricultural Lawn Mower Gearbox is the perfect choice. This gearbox guarantees smooth operation and increased performance no matter what you are working on, even under various conditions. [&hellip;]<\/p>","protected":false},"featured_media":3029,"template":"","meta":{"_et_pb_use_builder":"","_et_pb_old_content":"","_et_gb_content_width":""},"product_brand":[],"product_cat":[10402],"product_tag":[],"class_list":{"0":"post-3030","1":"product","2":"type-product","3":"status-publish","4":"has-post-thumbnail","6":"product_cat-agricultural-gearbox","8":"first","9":"instock","10":"shipping-taxable","11":"product-type-simple"},"_links":{"self":[{"href":"https:\/\/agricultural-gear-boxes.com\/pt\/wp-json\/wp\/v2\/product\/3030","targetHints":{"allow":["GET"]}}],"collection":[{"href":"https:\/\/agricultural-gear-boxes.com\/pt\/wp-json\/wp\/v2\/product"}],"about":[{"href":"https:\/\/agricultural-gear-boxes.com\/pt\/wp-json\/wp\/v2\/types\/product"}],"wp:featuredmedia":[{"embeddable":true,"href":"https:\/\/agricultural-gear-boxes.com\/pt\/wp-json\/wp\/v2\/media\/3029"}],"wp:attachment":[{"href":"https:\/\/agricultural-gear-boxes.com\/pt\/wp-json\/wp\/v2\/media?parent=3030"}],"wp:term":[{"taxonomy":"product_brand","embeddable":true,"href":"https:\/\/agricultural-gear-boxes.com\/pt\/wp-json\/wp\/v2\/product_brand?post=3030"},{"taxonomy":"product_cat","embeddable":true,"href":"https:\/\/agricultural-gear-boxes.com\/pt\/wp-json\/wp\/v2\/product_cat?post=3030"},{"taxonomy":"product_tag","embeddable":true,"href":"https:\/\/agricultural-gear-boxes.com\/pt\/wp-json\/wp\/v2\/product_tag?post=3030"}],"curies":[{"name":"wp","href":"https:\/\/api.w.org\/{rel}","templated":true}]}}