{"id":3032,"date":"2024-08-20T03:30:31","date_gmt":"2024-08-20T03:30:31","guid":{"rendered":"https:\/\/agricultural-gear-boxes.com\/product\/ep-lf205-agricultural-lawnmower-gearbox\/"},"modified":"2024-08-20T03:30:32","modified_gmt":"2024-08-20T03:30:32","slug":"ep-lf205-agricultural-lawnmower-gearbox","status":"publish","type":"product","link":"https:\/\/agricultural-gear-boxes.com\/pt\/product\/ep-lf205-agricultural-lawnmower-gearbox\/","title":{"rendered":"Caixa de engrenagens para cortador de grama agr\u00edcola EP-LF205"},"content":{"rendered":"<h2>Caixa de engrenagens para cortador de grama agr\u00edcola EP-LF205<\/h2>\n<p>A caixa de engrenagens do cortador de grama agr\u00edcola EP-LF205 foi projetada para suportar as condi\u00e7\u00f5es extremas de uso no mundo real. N\u00e3o importa se voc\u00ea est\u00e1 cortando arbustos ou cortando pastos, a EVER-POWER tem a caixa de engrenagens do cortador rotativo para atender \u00e0s suas necessidades.<\/p>\n<p>Esta nova caixa de engrenagens foi projetada para se adaptar ao cortador de acabamento Comer modelo LF-205-J. Ela tem uma rela\u00e7\u00e3o de caixa de engrenagens de 1:1,93, um eixo de entrada de 1-3\/8\u2033 6 estrias e um eixo de sa\u00edda com rota\u00e7\u00e3o no sentido hor\u00e1rio, eixo redondo de 1-1\/4\u2033 com rasgo de chaveta de 1\/4\u2033. A caixa de engrenagens \u00e9 classificada em 30 hp a 540 rpm e tem rota\u00e7\u00e3o no sentido anti-hor\u00e1rio.<\/p>\n<h3>Caracter\u00edsticas da caixa de engrenagens do cortador de grama agr\u00edcola EP-LF205<\/h3>\n<ul>\n<li>Grande torque de sa\u00edda<\/li>\n<li>Seguro, confi\u00e1vel, econ\u00f4mico e dur\u00e1vel<\/li>\n<li>Transmiss\u00e3o est\u00e1vel e opera\u00e7\u00e3o silenciosa<\/li>\n<li>Alta capacidade de carga<\/li>\n<li>Design de alta modulariza\u00e7\u00e3o, pode ser equipado com v\u00e1rias entradas de energia externas convenientemente<\/li>\n<li>Taxa de transmiss\u00e3o: divis\u00e3o fina, amplo escopo<\/li>\n<li>Forma de instala\u00e7\u00e3o: a posi\u00e7\u00e3o a ser instalada n\u00e3o \u00e9 limitada<\/li>\n<li>Alta resist\u00eancia, corpo compacto da caixa de ferro fundido de alta resist\u00eancia, engrenagem e eixo de engrenagem adaptam-se ao processo de carboniza\u00e7\u00e3o de g\u00e1s, t\u00eampera e moagem fina, portanto, a capacidade de carga do volume da unidade \u00e9 alta<\/li>\n<li>Longa vida \u00fatil: sob a condi\u00e7\u00e3o do tipo correto escolhido (incluindo a escolha do par\u00e2metro de opera\u00e7\u00e3o adequado), opera\u00e7\u00e3o e manuten\u00e7\u00e3o normais, a vida \u00fatil das pe\u00e7as principais do redutor de velocidade (exceto pe\u00e7as de desgaste) n\u00e3o deve ser inferior a 20.000 horas<\/li>\n<li>Baixo ru\u00eddo: como as partes principais do redutor de velocidade s\u00e3o processadas e testadas criticamente, o ru\u00eddo do redutor de velocidade \u00e9 baixo<\/li>\n<li>Motor de redu\u00e7\u00e3o de velocidade de roda c\u00f4nica de eixo paralelo<\/li>\n<li>Tamanho: 40 mm\u2014160 mm<\/li>\n<li>Taxa de redu\u00e7\u00e3o: 3 \u2014 512<\/li>\n<li>Transmiss\u00e3o de torque: 5 Nm \u2014 895 Nm<\/li>\n<li>Folga de precis\u00e3o: ?? 5 arcmin<\/li>\n<li>Ru\u00eddo de funcionamento: 51-70 dB(A)<\/li>\n<\/ul>\n<p>Nossa caixa de engrenagens para cortador de grama tem muitos itens para voc\u00ea escolher, e podemos produzi-la de acordo com seu desenho ou amostra para atender a sua solicita\u00e7\u00e3o especial.<\/p>\n<h3>Cen\u00e1rio de uso da caixa de engrenagens do cortador de grama<\/h3>\n<p>A caixa de engrenagens do cortador de grama \u00e9 uma parte crucial dos cortadores de grama, respons\u00e1vel por transmitir pot\u00eancia do motor para as l\u00e2minas de corte. Ela \u00e9 projetada para suportar alto torque e condi\u00e7\u00f5es de estresse, tornando-a um componente essencial para manter o desempenho do cortador de grama. A caixa de engrenagens do cortador de grama agr\u00edcola EP-LF205 pode ser usada para cortar arbustos ou cortar pastagens, tornando-a uma ferramenta vers\u00e1til e essencial para a manuten\u00e7\u00e3o do gramado.<\/p>\n<p>A manuten\u00e7\u00e3o adequada \u00e9 essencial para garantir a longevidade e o desempenho da caixa de engrenagens do cortador de grama. A limpeza e a lubrifica\u00e7\u00e3o regulares podem evitar danos causados pelo ac\u00famulo de sujeira e fuligem. Tamb\u00e9m \u00e9 importante verificar a caixa de engrenagens quanto a sinais de desgaste e substituir quaisquer pe\u00e7as danificadas imediatamente.<\/p>\n<h3>Eixos de tomada de for\u00e7a para caixas de engrenagens agr\u00edcolas<\/h3>\n<p>Um eixo de tomada de for\u00e7a \u00e9 parte integrante de uma caixa de engrenagens agr\u00edcola. N\u00e3o fazer a manuten\u00e7\u00e3o adequada pode danificar gravemente o mecanismo da tomada de for\u00e7a. Os eixos de tomada de for\u00e7a s\u00e3o cruciais para manter o desempenho do implemento agr\u00edcola, pois s\u00e3o respons\u00e1veis por conectar a transmiss\u00e3o \u00e0 implementa\u00e7\u00e3o. Para evitar problemas com vibra\u00e7\u00e3o, um bom eixo de tomada de for\u00e7a deve resistir \u00e0 tor\u00e7\u00e3o e ao estresse de cisalhamento. Oferecemos uma variedade de eixos de tomada de for\u00e7a dur\u00e1veis para atender a todos os seus requisitos.<\/p>\n<h3>Outras caixas de engrenagens agr\u00edcolas<\/h3>\n<p>Como fornecedor l\u00edder de caixas de engrenagens agr\u00edcolas, a Ever-power oferece uma ampla gama de caixas de engrenagens agr\u00edcolas para venda a pre\u00e7os baixos! N\u00f3s fornecemos principalmente v\u00e1rias engrenagens pl\u00e1sticas usadas na ind\u00fastria, como caixas de engrenagens agr\u00edcolas, eixos de sa\u00edda de pot\u00eancia, rodas dentadas, acoplamentos de fluido, redutores de engrenagem sem-fim, engrenagens e cremalheiras, correntes destac\u00e1veis, polias e polias, caixas de engrenagens planet\u00e1rias, polias de sincroniza\u00e7\u00e3o, buchas e muito mais. Nossos produtos s\u00e3o projetados para serem dur\u00e1veis, confi\u00e1veis e eficientes, tornando-os uma \u00f3tima escolha para uma variedade de aplica\u00e7\u00f5es agr\u00edcolas.<\/p>\n<h2>Perguntas e respostas<\/h2>\n<ol>\n<li>Qual \u00e9 a rela\u00e7\u00e3o da caixa de engrenagens do cortador de grama agr\u00edcola EP-LF205?<\/li>\n<li>Qual \u00e9 o tamanho do eixo de entrada da caixa de engrenagens do cortador de grama agr\u00edcola EP-LF205?<\/li>\n<li>Qual \u00e9 o tamanho do eixo de sa\u00edda da caixa de engrenagens do cortador de grama agr\u00edcola EP-LF205?<\/li>\n<li>Qual \u00e9 a pot\u00eancia m\u00e1xima da caixa de engrenagens do cortador de grama agr\u00edcola EP-LF205?<\/li>\n<li>O que deve ser verificado regularmente para manter o desempenho da caixa de engrenagens do cortador de grama?<\/li>\n<\/ol>","protected":false},"excerpt":{"rendered":"<p>EP-LF205 Agricultural Lawnmower Gearbox The EP-LF205 Agricultural Lawnmower Gearbox is designed to withstand the extreme conditions of real-world use. Whether you&#8217;re cutting brush or mowing pastures, EVER-POWER has the rotary cutter gearbox to meet your needs. This new gearbox is designed to fit Comer finishing mower model LF-205-J. It has a gearbox ratio of 1:1.93, [&hellip;]<\/p>","protected":false},"featured_media":3031,"template":"","meta":{"_et_pb_use_builder":"","_et_pb_old_content":"","_et_gb_content_width":""},"product_brand":[],"product_cat":[10402],"product_tag":[],"class_list":{"0":"post-3032","1":"product","2":"type-product","3":"status-publish","4":"has-post-thumbnail","6":"product_cat-agricultural-gearbox","8":"first","9":"instock","10":"shipping-taxable","11":"product-type-simple"},"_links":{"self":[{"href":"https:\/\/agricultural-gear-boxes.com\/pt\/wp-json\/wp\/v2\/product\/3032","targetHints":{"allow":["GET"]}}],"collection":[{"href":"https:\/\/agricultural-gear-boxes.com\/pt\/wp-json\/wp\/v2\/product"}],"about":[{"href":"https:\/\/agricultural-gear-boxes.com\/pt\/wp-json\/wp\/v2\/types\/product"}],"wp:featuredmedia":[{"embeddable":true,"href":"https:\/\/agricultural-gear-boxes.com\/pt\/wp-json\/wp\/v2\/media\/3031"}],"wp:attachment":[{"href":"https:\/\/agricultural-gear-boxes.com\/pt\/wp-json\/wp\/v2\/media?parent=3032"}],"wp:term":[{"taxonomy":"product_brand","embeddable":true,"href":"https:\/\/agricultural-gear-boxes.com\/pt\/wp-json\/wp\/v2\/product_brand?post=3032"},{"taxonomy":"product_cat","embeddable":true,"href":"https:\/\/agricultural-gear-boxes.com\/pt\/wp-json\/wp\/v2\/product_cat?post=3032"},{"taxonomy":"product_tag","embeddable":true,"href":"https:\/\/agricultural-gear-boxes.com\/pt\/wp-json\/wp\/v2\/product_tag?post=3032"}],"curies":[{"name":"wp","href":"https:\/\/api.w.org\/{rel}","templated":true}]}}