{"id":3038,"date":"2024-08-20T03:30:36","date_gmt":"2024-08-20T03:30:36","guid":{"rendered":"https:\/\/agricultural-gear-boxes.com\/product\/ep-75-rotary-tiller-cultivator-gearbox-for-agricultural\/"},"modified":"2024-08-20T03:30:37","modified_gmt":"2024-08-20T03:30:37","slug":"ep-75-rotary-tiller-cultivator-gearbox-for-agricultural","status":"publish","type":"product","link":"https:\/\/agricultural-gear-boxes.com\/pt\/product\/ep-75-rotary-tiller-cultivator-gearbox-for-agricultural\/","title":{"rendered":"EP-75 Rotary Tiller Cultivator Gearbox para Agricultura"},"content":{"rendered":"<h2>EP-75 Rotary Tiller Cultivator Gearbox para Agricultura<\/h2>\n<p>A caixa de engrenagens do cultivador rotativo EP-75 para agricultura \u00e9 uma caixa de engrenagens altamente confi\u00e1vel e eficiente projetada para aplica\u00e7\u00f5es agr\u00edcolas. Ela \u00e9 projetada especificamente para ser montada com tratores variando de 12 a 80 HP. Com seu sistema de transmiss\u00e3o de engrenagem intermedi\u00e1ria, esta caixa de engrenagens fornece excelente desempenho e pode ser usada em campos secos e de arroz.<\/p>\n<p>Principais caracter\u00edsticas:<\/p>\n<ul>\n<li>Transmiss\u00e3o: Acionada por engrenagem<\/li>\n<li>Caixa de engrenagens de grafite feita de ferro fundido para melhor desempenho e durabilidade do material<\/li>\n<li>Formato da placa de suspens\u00e3o projetado para evitar deforma\u00e7\u00f5es<\/li>\n<li>Dispositivo de corrente ajust\u00e1vel manualmente para opera\u00e7\u00e3o f\u00e1cil e confi\u00e1vel<\/li>\n<li>Placas de prote\u00e7\u00e3o laterais adicionadas \u00e0 deflex\u00e3o traseira para evitar que o solo voe para fora<\/li>\n<li>Altura de cultivo ajust\u00e1vel para versatilidade<\/li>\n<li>Estrutura firme e est\u00e1vel devido ao seu peso elevado<\/li>\n<\/ul>\n<h3>Especifica\u00e7\u00f5es t\u00e9cnicas:<\/h3>\n<table>\n<tbody>\n<tr>\n<td><strong>ITEM<\/strong><\/td>\n<td>Caixa de engrenagens do cultivador rotativo HC-75<\/td>\n<\/tr>\n<tr>\n<td><strong>Raz\u00e3o<\/strong><\/td>\n<td>1:3\/1:2.83\/1:1.65\/1:1.6<\/td>\n<\/tr>\n<tr>\n<td><strong>Dentes<\/strong><\/td>\n<td>12\/36 34\/12 33\/20 24\/15<\/td>\n<\/tr>\n<tr>\n<td><strong>M\u00f3dulo<\/strong><\/td>\n<td>6.0\/5.35\/5.5\/7.5<\/td>\n<\/tr>\n<tr>\n<td><strong>Pot\u00eancia (HP)<\/strong><\/td>\n<td>75\/75\/100\/125<\/td>\n<\/tr>\n<tr>\n<td><strong>Entrada classificada<\/strong><\/td>\n<td>540 rpm<\/td>\n<\/tr>\n<tr>\n<td><strong>Descri\u00e7\u00e3o de entrada\/sa\u00edda<\/strong><\/td>\n<td>Eixo \u00f3ptico 3\/8 Z6<\/td>\n<\/tr>\n<tr>\n<td><strong><\/p>","protected":false},"excerpt":{"rendered":"<p>EP-75 Rotary Tiller Cultivator Gearbox for Agricultural The EP-75 Rotary Tiller Cultivator Gearbox for Agricultural is a highly reliable and efficient gearbox designed for agricultural applications. It is specifically designed to be mounted with tractors ranging from 12 to 80HP. With its middle gear transmission system, this gearbox provides excellent performance and can be used [&hellip;]<\/p>","protected":false},"featured_media":3037,"template":"","meta":{"_et_pb_use_builder":"","_et_pb_old_content":"","_et_gb_content_width":""},"product_brand":[],"product_cat":[10402],"product_tag":[],"class_list":{"0":"post-3038","1":"product","2":"type-product","3":"status-publish","4":"has-post-thumbnail","6":"product_cat-agricultural-gearbox","8":"first","9":"instock","10":"shipping-taxable","11":"product-type-simple"},"_links":{"self":[{"href":"https:\/\/agricultural-gear-boxes.com\/pt\/wp-json\/wp\/v2\/product\/3038","targetHints":{"allow":["GET"]}}],"collection":[{"href":"https:\/\/agricultural-gear-boxes.com\/pt\/wp-json\/wp\/v2\/product"}],"about":[{"href":"https:\/\/agricultural-gear-boxes.com\/pt\/wp-json\/wp\/v2\/types\/product"}],"wp:featuredmedia":[{"embeddable":true,"href":"https:\/\/agricultural-gear-boxes.com\/pt\/wp-json\/wp\/v2\/media\/3037"}],"wp:attachment":[{"href":"https:\/\/agricultural-gear-boxes.com\/pt\/wp-json\/wp\/v2\/media?parent=3038"}],"wp:term":[{"taxonomy":"product_brand","embeddable":true,"href":"https:\/\/agricultural-gear-boxes.com\/pt\/wp-json\/wp\/v2\/product_brand?post=3038"},{"taxonomy":"product_cat","embeddable":true,"href":"https:\/\/agricultural-gear-boxes.com\/pt\/wp-json\/wp\/v2\/product_cat?post=3038"},{"taxonomy":"product_tag","embeddable":true,"href":"https:\/\/agricultural-gear-boxes.com\/pt\/wp-json\/wp\/v2\/product_tag?post=3038"}],"curies":[{"name":"wp","href":"https:\/\/api.w.org\/{rel}","templated":true}]}}