{"id":3040,"date":"2024-08-20T03:30:39","date_gmt":"2024-08-20T03:30:39","guid":{"rendered":"https:\/\/agricultural-gear-boxes.com\/product\/ep30-rotary-tiller-cultivator-gearbox-for-agricultural\/"},"modified":"2024-08-20T03:30:40","modified_gmt":"2024-08-20T03:30:40","slug":"ep30-rotary-tiller-cultivator-gearbox-for-agricultural","status":"publish","type":"product","link":"https:\/\/agricultural-gear-boxes.com\/pt\/product\/ep30-rotary-tiller-cultivator-gearbox-for-agricultural\/","title":{"rendered":"EP30 Rotary Tiller Cultivator Gearbox para Agricultura"},"content":{"rendered":"<h1>EP30 Rotary Tiller Cultivator Gearbox para Agricultura<\/h1>\n<h2>Introdu\u00e7\u00e3o<\/h2>\n<p>A caixa de engrenagens do cultivador rotativo EP30 \u00e9 um produto de alta qualidade perfeito para cultivar, arejar e revolver o solo para jardins, planta\u00e7\u00f5es de alimentos e outras necessidades de lavoura. Esta caixa de engrenagens agr\u00edcola funciona perfeitamente com tratores de 25-50 HP. O produto apresenta l\u00e2minas fundidas que mant\u00eam uma l\u00e2mina de corte afiada e maximizam o desempenho do rotavator. Essas l\u00e2minas s\u00e3o feitas de material especial, com processo de tratamento t\u00e9rmico de horas extras para garantir \u00f3timo desempenho de trabalho.<\/p>\n<p>A caixa de engrenagens do cultivador rotativo vem com lubrifica\u00e7\u00e3o por banho de \u00f3leo e tem uma transmiss\u00e3o totalmente acionada por engrenagens. O formato da placa de suspens\u00e3o deste produto \u00e9 feito usando corte a laser e local de moldagem. Os dentes autoafi\u00e1veis e tratados termicamente garantem que o produto possa ser usado por um longo per\u00edodo sem precisar de reparos frequentes. As etiquetas deste produto s\u00e3o \u00e0 prova d&#039;\u00e1gua, \u00e0 prova de umidade, \u00e0 prova de mofo e anti-radia\u00e7\u00e3o ultravioleta. O produto tamb\u00e9m vem com corredores ajust\u00e1veis para profundidades de trabalho de 1 polegada a 7 polegadas e um eixo de tomada de for\u00e7a de alta resist\u00eancia e embreagem deslizante.<\/p>\n<table style=\"width: 94.5815%;\" border=\"1\">\n<tbody>\n<tr>\n<td style=\"width: 20.5388%;\"><strong>ITEM<\/strong><\/td>\n<td style=\"width: 232.66%;\">Caixa de engrenagens do cultivador rotativo EP30<\/td>\n<\/tr>\n<tr>\n<td style=\"width: 20.5388%;\"><strong>Raz\u00e3o<\/strong><\/td>\n<td style=\"width: 232.66%;\">1:2.9<\/td>\n<\/tr>\n<tr>\n<td style=\"width: 20.5388%;\"><strong>Dentes<\/strong><\/td>\n<td style=\"width: 232.66%;\">32\/11<\/td>\n<\/tr>\n<tr>\n<td style=\"width: 20.5388%;\"><strong>M\u00f3dulo<\/strong><\/td>\n<td style=\"width: 232.66%;\"> 3.0<\/td>\n<\/tr>\n<tr>\n<td style=\"width: 20.5388%;\"><strong>Pot\u00eancia (HP)<\/strong><\/td>\n<td style=\"width: 232.66%;\">30<\/td>\n<\/tr>\n<tr>\n<td style=\"width: 20.5388%;\"><strong>Entrada classificada<\/strong><\/td>\n<td style=\"width: 232.66%;\">540 rpm<\/td>\n<\/tr>\n<tr>\n<td style=\"width: 20.5388%;\"><strong>Descri\u00e7\u00e3o de entrada\/sa\u00edda<\/strong><\/td>\n<td style=\"width: 232.66%;\">Eixo \u00f3ptico 1 3\/8 Z6<\/td>\n<\/tr>\n<tr>\n<td style=\"width: 20.5388%;\"><strong>Peso (NW)<\/strong><\/td>\n<td style=\"width: 232.66%;\">13,5 kg<\/td>\n<\/tr>\n<\/tbody>\n<\/table>\n<h2>Caracter\u00edsticas do produto<\/h2>\n<p>A caixa de engrenagens do cultivador rotativo EP30 \u00e9 conhecida por sua durabilidade, baixo ru\u00eddo e qualidade excepcional. Este produto tem uma hist\u00f3ria de dez anos e apresenta t\u00e9cnicas avan\u00e7adas. \u00c9 exportado principalmente para a Europa e os Estados Unidos. A caixa de engrenagens \u00e9 usada em rotovator, cultivador rotativo, cultivador el\u00e9trico, cultivador vertical, cortador de mangual, cortador de grama, etc.<\/p>\n<h3>Vantagens da caixa de engrenagens do cultivador rotativo EP30<\/h3>\n<ul>\n<li>Qualidade substancial<\/li>\n<li>Baixo ru\u00eddo<\/li>\n<li>Qualidade excepcional<\/li>\n<li>Tecnologia avan\u00e7ada<\/li>\n<\/ul>\n<h3>Como instalar a caixa de engrenagens do cultivador rotativo EP30?<\/h3>\n<p>A instala\u00e7\u00e3o da caixa de engrenagens do cultivador rotativo EP30 \u00e9 um processo simples que pode ser feito em algumas etapas f\u00e1ceis. Primeiro, certifique-se de que o produto \u00e9 compat\u00edvel com seu trator. Em seguida, conecte o produto ao trator usando o eixo TDF de alta resist\u00eancia e a embreagem deslizante. Por fim, ajuste os corredores para a profundidade de trabalho desejada.<\/p>\n<h3>Como fazer a manuten\u00e7\u00e3o e reparar a caixa de engrenagens do cultivador rotativo EP30?<\/h3>\n<p>A manuten\u00e7\u00e3o e o reparo da caixa de engrenagens do cultivador rotativo EP30 s\u00e3o cruciais para prolongar sua vida \u00fatil. Para manter o produto, certifique-se de que ele esteja adequadamente lubrificado e limpo regularmente. Para reparar a caixa de engrenagens, consulte um mec\u00e2nico profissional ou consulte o manual do produto.<\/p>\n<h2>Outras caixas de engrenagens agr\u00edcolas<\/h2>\n<p>A Ever Power \u00e9 uma fornecedora l\u00edder de caixas de engrenagens agr\u00edcolas na China. Oferecemos uma ampla gama de caixas de engrenagens agr\u00edcolas, como misturadores de ra\u00e7\u00e3o, cortadores de martelo, colhedores de batata, acionamentos de bomba, catadores de pedras e muito mais. Entre em contato conosco para saber mais sobre nossos produtos de alta qualidade e pre\u00e7os favor\u00e1veis.<\/p>\n<h2>Perguntas e respostas<\/h2>\n<p>1. A caixa de engrenagens do cultivador rotativo EP30 \u00e9 compat\u00edvel com todos os tratores?<\/p>\n<p>Resposta: A caixa de engrenagens do cultivador rotativo EP30 \u00e9 compat\u00edvel com tratores de 25-50 HP.<\/p>\n<p>2. Qual \u00e9 o peso da caixa de engrenagens do cultivador rotativo EP30?<\/p>\n<p>Resposta: O peso da caixa de engrenagens do cultivador rotativo EP30 \u00e9 de 13,5 kg.<\/p>\n<p>3. Quais s\u00e3o as vantagens da caixa de engrenagens do cultivador rotativo EP30?<\/p>\n<p>Resposta: A caixa de engrenagens do cultivador rotativo EP30 \u00e9 conhecida por sua durabilidade, baixo ru\u00eddo e qualidade excepcional.<\/p>\n<p>4. Como instalar a caixa de engrenagens do cultivador rotativo EP30?<\/p>\n<p>Resposta: Para instalar a caixa de engrenagens do cultivador rotativo EP30, prenda-a ao trator usando o eixo de tomada de for\u00e7a de alta resist\u00eancia e a embreagem deslizante.<\/p>\n<p>5. Como fazer a manuten\u00e7\u00e3o e o reparo da caixa de engrenagens do cultivador rotativo EP30?<\/p>\n<p>Resposta: Para manter a caixa de engrenagens do cultivador rotativo EP30, certifique-se de que ela esteja devidamente lubrificada e limpa regularmente. Para consertar a caixa de engrenagens, consulte um mec\u00e2nico profissional ou consulte o manual do produto.<\/p>","protected":false},"excerpt":{"rendered":"<p>EP30 Rotary Tiller Cultivator Gearbox for Agricultural Introduction The EP30 Rotary Tiller Cultivator Gearbox is a high-quality product that is perfect for cultivating, aerating, and stirring up soil for garden, food plots, and other tillage needs. This agricultural gearbox works perfectly with 25-50HP tractors. The product features cast blades that keep a sharp cutting edge [&hellip;]<\/p>","protected":false},"featured_media":3039,"template":"","meta":{"_et_pb_use_builder":"","_et_pb_old_content":"","_et_gb_content_width":""},"product_brand":[],"product_cat":[10402],"product_tag":[],"class_list":{"0":"post-3040","1":"product","2":"type-product","3":"status-publish","4":"has-post-thumbnail","6":"product_cat-agricultural-gearbox","8":"first","9":"instock","10":"shipping-taxable","11":"product-type-simple"},"_links":{"self":[{"href":"https:\/\/agricultural-gear-boxes.com\/pt\/wp-json\/wp\/v2\/product\/3040","targetHints":{"allow":["GET"]}}],"collection":[{"href":"https:\/\/agricultural-gear-boxes.com\/pt\/wp-json\/wp\/v2\/product"}],"about":[{"href":"https:\/\/agricultural-gear-boxes.com\/pt\/wp-json\/wp\/v2\/types\/product"}],"wp:featuredmedia":[{"embeddable":true,"href":"https:\/\/agricultural-gear-boxes.com\/pt\/wp-json\/wp\/v2\/media\/3039"}],"wp:attachment":[{"href":"https:\/\/agricultural-gear-boxes.com\/pt\/wp-json\/wp\/v2\/media?parent=3040"}],"wp:term":[{"taxonomy":"product_brand","embeddable":true,"href":"https:\/\/agricultural-gear-boxes.com\/pt\/wp-json\/wp\/v2\/product_brand?post=3040"},{"taxonomy":"product_cat","embeddable":true,"href":"https:\/\/agricultural-gear-boxes.com\/pt\/wp-json\/wp\/v2\/product_cat?post=3040"},{"taxonomy":"product_tag","embeddable":true,"href":"https:\/\/agricultural-gear-boxes.com\/pt\/wp-json\/wp\/v2\/product_tag?post=3040"}],"curies":[{"name":"wp","href":"https:\/\/api.w.org\/{rel}","templated":true}]}}