{"id":3042,"date":"2024-08-20T03:30:40","date_gmt":"2024-08-20T03:30:40","guid":{"rendered":"https:\/\/agricultural-gear-boxes.com\/product\/ep-9-311-rotary-tiller-cultivator-gearbox-for-agricultural\/"},"modified":"2024-08-20T03:30:41","modified_gmt":"2024-08-20T03:30:41","slug":"ep-9-311-rotary-tiller-cultivator-gearbox-for-agricultural","status":"publish","type":"product","link":"https:\/\/agricultural-gear-boxes.com\/pt\/product\/ep-9-311-rotary-tiller-cultivator-gearbox-for-agricultural\/","title":{"rendered":"EP-9.311 Caixa de engrenagens do cultivador rotativo para agricultura"},"content":{"rendered":"<h2>EP-9.311 Caixa de engrenagens do cultivador rotativo para agricultura<\/h2>\n<p>A caixa de engrenagens do cultivador rotativo EP-9.311 \u00e9 uma caixa de engrenagens de alta qualidade projetada especificamente para uso agr\u00edcola. \u00c9 equipada com uma caixa de engrenagens de tamanho grande-m\u00e9dio e uma engrenagem de alta resist\u00eancia de m\u00f3dulo grande, garantindo durabilidade e longevidade. A sa\u00edda da tomada de for\u00e7a do trator e a entrada de energia do cultivador rotativo s\u00e3o mantidas em uma posi\u00e7\u00e3o horizontal, o que estende significativamente a vida \u00fatil do eixo universal. A nova suspens\u00e3o integrada fornece uma conex\u00e3o segura, enquanto o alojamento do rolamento aprimorado melhora o desempenho da veda\u00e7\u00e3o.<\/p>\n<p>Este cultivador rotativo \u00e9 altamente vers\u00e1til e pode ser equipado com facas especiais de cultivo profundo e cultivadores rotativos estendidos. Ele \u00e9 capaz de trabalhar a uma profundidade de 8-18 cm em condi\u00e7\u00f5es \u00f3timas, tornando-o uma escolha ideal para aqueles com maiores requisitos para prepara\u00e7\u00e3o do solo.<\/p>\n<p>A caixa de engrenagens do cultivador rotativo EP-9.311 faz parte da nossa s\u00e9rie de caixas de engrenagens de tamanho grande-m\u00e9dio, projetada para tratores com 20-40 cavalos de pot\u00eancia. Ela apresenta uma caixa de engrenagens de tamanho reduzido e uma transmiss\u00e3o de engrenagem de cinco m\u00f3dulos, tornando-a leve e dur\u00e1vel. Isso a torna a escolha perfeita para pequenas terras agr\u00edcolas.<\/p>\n<h3>Especifica\u00e7\u00f5es principais:<\/h3>\n<table border=\"1\">\n<tbody>\n<tr>\n<td><strong>ITEM<\/strong><\/td>\n<td>Caixa de engrenagens do cultivador rotativo HC-9.311<\/td>\n<\/tr>\n<tr>\n<td><strong>Raz\u00e3o<\/strong><\/td>\n<td>1:3<\/td>\n<\/tr>\n<tr>\n<td><strong>Dentes<\/strong><\/td>\n<td>36\/12<\/td>\n<\/tr>\n<tr>\n<td><strong>M\u00f3dulo<\/strong><\/td>\n<td>4.35<\/td>\n<\/tr>\n<tr>\n<td><strong>Pot\u00eancia (HP)<\/strong><\/td>\n<td>50<\/td>\n<\/tr>\n<tr>\n<td><strong>Entrada classificada<\/strong><\/td>\n<td>540 rpm<\/td>\n<\/tr>\n<tr>\n<td><strong>Descri\u00e7\u00e3o de entrada\/sa\u00edda<\/strong><\/td>\n<td>1 3\/8 Z6 Eixo \u00f3ptico\/Eixo \u00f3ptico<\/td>\n<\/tr>\n<tr>\n<td><strong>Peso (NW)<\/strong><\/td>\n<td>21KG<\/td>\n<\/tr>\n<\/tbody>\n<\/table>\n<p>1. A caixa de engrenagens do cultivador rotativo EP-9.311 vem com uma suspens\u00e3o padr\u00e3o de 3 pontos, tornando-a compat\u00edvel com uma ampla gama de tratores el\u00e9tricos.<\/p>\n<p>2. A caixa de engrenagens \u00e9 equipada com uma caixa de engrenagens de esferas de ferro espessada e uma nova suspens\u00e3o integrada, garantindo uma opera\u00e7\u00e3o segura e confi\u00e1vel.<\/p>","protected":false},"excerpt":{"rendered":"<p>EP-9.311 Rotary Tiller Cultivator Gearbox for Agricultural The EP-9.311 Rotary Tiller Cultivator Gearbox is a high-quality gearbox designed specifically for agricultural use. It is equipped with a large-medium size gearbox and a large modulus high-strength gear, ensuring durability and longevity. The PTO output of the tractor and the power input of the rotary tiller are [&hellip;]<\/p>","protected":false},"featured_media":3041,"template":"","meta":{"_et_pb_use_builder":"","_et_pb_old_content":"","_et_gb_content_width":""},"product_brand":[],"product_cat":[10402],"product_tag":[],"class_list":{"0":"post-3042","1":"product","2":"type-product","3":"status-publish","4":"has-post-thumbnail","6":"product_cat-agricultural-gearbox","8":"first","9":"instock","10":"shipping-taxable","11":"product-type-simple"},"_links":{"self":[{"href":"https:\/\/agricultural-gear-boxes.com\/pt\/wp-json\/wp\/v2\/product\/3042","targetHints":{"allow":["GET"]}}],"collection":[{"href":"https:\/\/agricultural-gear-boxes.com\/pt\/wp-json\/wp\/v2\/product"}],"about":[{"href":"https:\/\/agricultural-gear-boxes.com\/pt\/wp-json\/wp\/v2\/types\/product"}],"wp:featuredmedia":[{"embeddable":true,"href":"https:\/\/agricultural-gear-boxes.com\/pt\/wp-json\/wp\/v2\/media\/3041"}],"wp:attachment":[{"href":"https:\/\/agricultural-gear-boxes.com\/pt\/wp-json\/wp\/v2\/media?parent=3042"}],"wp:term":[{"taxonomy":"product_brand","embeddable":true,"href":"https:\/\/agricultural-gear-boxes.com\/pt\/wp-json\/wp\/v2\/product_brand?post=3042"},{"taxonomy":"product_cat","embeddable":true,"href":"https:\/\/agricultural-gear-boxes.com\/pt\/wp-json\/wp\/v2\/product_cat?post=3042"},{"taxonomy":"product_tag","embeddable":true,"href":"https:\/\/agricultural-gear-boxes.com\/pt\/wp-json\/wp\/v2\/product_tag?post=3042"}],"curies":[{"name":"wp","href":"https:\/\/api.w.org\/{rel}","templated":true}]}}