{"id":3092,"date":"2024-08-20T05:42:17","date_gmt":"2024-08-20T05:42:17","guid":{"rendered":"https:\/\/agricultural-gear-boxes.com\/product\/worm-geared-motors\/"},"modified":"2024-08-20T05:42:18","modified_gmt":"2024-08-20T05:42:18","slug":"worm-geared-motors","status":"publish","type":"product","link":"https:\/\/agricultural-gear-boxes.com\/pt\/product\/worm-geared-motors\/","title":{"rendered":"Motores de engrenagem sem-fim"},"content":{"rendered":"<h2>Motores com engrenagens sem-fim para transmiss\u00e3o de energia eficiente<\/h2>\n<p>Motores com engrenagens sem-fim s\u00e3o amplamente utilizados para transmiss\u00e3o de energia em v\u00e1rias aplica\u00e7\u00f5es industriais. Esses motores s\u00e3o projetados com uma caixa de engrenagens que tem um flange de montagem do motor separ\u00e1vel e um alojamento, que incorpora um retentor de \u00f3leo. Esse recurso elimina o risco de danificar o retentor de \u00f3leo durante a substitui\u00e7\u00e3o do flange de entrada e elimina a necessidade de an\u00e9is de veda\u00e7\u00e3o. As tampas laterais desses motores t\u00eam an\u00e9is de veda\u00e7\u00e3o, que s\u00e3o mais eficientes do que as juntas planas tradicionais. Os tamanhos 03-04-05 permitem a rota\u00e7\u00e3o dos p\u00e9s sem desmont\u00e1-los. O parafuso sem-fim tem um perfil involuto ZI, que melhora o desempenho e reduz a temperatura. <\/p>\n<p>Os motores de engrenagem sem-fim s\u00e3o pintados com p\u00f3 ep\u00f3xi de cor alum\u00ednio RAL 9022 para proteg\u00ea-los da oxida\u00e7\u00e3o e micro-rebentamentos que podem ocorrer durante fundi\u00e7\u00f5es sob press\u00e3o. Esses motores s\u00e3o ideais para v\u00e1rias aplica\u00e7\u00f5es, incluindo transportadores, guindastes e m\u00e1quinas industriais.<\/p>\n<h3>Vantagens dos motores de engrenagem sem-fim<\/h3>\n<ul>\n<li>Transmiss\u00e3o de energia eficiente<\/li>\n<li>Flange de montagem do motor e carca\u00e7a separ\u00e1veis<\/li>\n<li>N\u00e3o h\u00e1 risco de danificar o retentor de \u00f3leo durante a substitui\u00e7\u00e3o<\/li>\n<li>Elimina\u00e7\u00e3o de an\u00e9is de veda\u00e7\u00e3o<\/li>\n<li>An\u00e9is de veda\u00e7\u00e3o nas tampas em vez de juntas tradicionais<\/li>\n<li>Perfil envolvente ZI para melhoria de desempenho e redu\u00e7\u00e3o de temperatura<\/li>\n<li>Prote\u00e7\u00e3o contra oxida\u00e7\u00e3o e micro-respiradouros<\/li>\n<\/ul>\n<h3>Instala\u00e7\u00e3o, Manuten\u00e7\u00e3o e Reparo<\/h3>\n<p>To install a worm geared motor, it is essential to follow the manufacturer&#8217;s instructions carefully. Regular maintenance of the motor is also crucial for its efficient performance. Lubrication of the gearbox and motor components is necessary to prevent wear and tear. Repairs should be carried out by authorized technicians only, who have the knowledge and expertise to fix the motor.<\/p>\n<h3>Substituindo um motor de engrenagem sem-fim<\/h3>\n<p>Substituir um motor de engrenagem sem-fim envolve desconectar a fonte de alimenta\u00e7\u00e3o e remover o motor de seu suporte. O motor deve ser substitu\u00eddo por um modelo id\u00eantico para manter a efici\u00eancia e o desempenho do sistema.<\/p>\n<h3>Engrenagens de pr\u00e9-est\u00e1gio CHPC<\/h3>\n<p>As engrenagens de pr\u00e9-est\u00e1gio CHPC podem ser montadas com os motores de engrenagem sem-fim, permitindo rela\u00e7\u00f5es de engrenagem de at\u00e9 1:300. Para redu\u00e7\u00f5es maiores, duas engrenagens podem ser usadas juntas com um kit apropriado.<\/p>\n<h2>Outros produtos oferecidos pela nossa empresa<\/h2>\n<p>Al\u00e9m de motores de engrenagem sem-fim, nossa empresa fornece v\u00e1rias engrenagens de pl\u00e1stico para uso industrial. Esses produtos incluem caixas de engrenagens agr\u00edcolas, eixos de sa\u00edda de pot\u00eancia, rodas dentadas, acoplamentos de fluido, engrenagens e cremalheiras, correntes destac\u00e1veis, polias e polias, caixas de engrenagens planet\u00e1rias, polias de sincroniza\u00e7\u00e3o, buchas e muito mais.<\/p>\n<p>N\u00f3s nos esfor\u00e7amos para fornecer produtos de alta qualidade a pre\u00e7os favor\u00e1veis com servi\u00e7o atencioso. Os clientes s\u00e3o bem-vindos para vir at\u00e9 n\u00f3s para personaliza\u00e7\u00e3o de desenho ou amostra.<\/p>\n<h2>Perguntas e respostas<\/h2>\n<p>1. Quais s\u00e3o as vantagens dos motoredutores de rosca sem-fim?<br \/>\n2. Qual \u00e9 o processo de instala\u00e7\u00e3o desses motores?<br \/>\n3. Como fazer a manuten\u00e7\u00e3o de um motor com engrenagem helicoidal?<br \/>\n4. Como consertar um motor com engrenagem sem-fim?<br \/>\n5. Esses motores podem ser substitu\u00eddos por modelos diferentes?<\/p>","protected":false},"excerpt":{"rendered":"<p>Worm Geared Motors for Efficient Power Transmission Worm geared motors are widely used for power transmission in various industrial applications. These motors are designed with a gearbox that has a separable motor mounting flange and housing, which incorporates an oil seal. This feature eliminates the risk of damaging the oil seal during the replacement of [&hellip;]<\/p>","protected":false},"featured_media":3091,"template":"","meta":{"_et_pb_use_builder":"","_et_pb_old_content":"","_et_gb_content_width":""},"product_brand":[],"product_cat":[11281],"product_tag":[],"class_list":{"0":"post-3092","1":"product","2":"type-product","3":"status-publish","4":"has-post-thumbnail","6":"product_cat-worm-gearbox","8":"first","9":"instock","10":"shipping-taxable","11":"product-type-simple"},"_links":{"self":[{"href":"https:\/\/agricultural-gear-boxes.com\/pt\/wp-json\/wp\/v2\/product\/3092","targetHints":{"allow":["GET"]}}],"collection":[{"href":"https:\/\/agricultural-gear-boxes.com\/pt\/wp-json\/wp\/v2\/product"}],"about":[{"href":"https:\/\/agricultural-gear-boxes.com\/pt\/wp-json\/wp\/v2\/types\/product"}],"wp:featuredmedia":[{"embeddable":true,"href":"https:\/\/agricultural-gear-boxes.com\/pt\/wp-json\/wp\/v2\/media\/3091"}],"wp:attachment":[{"href":"https:\/\/agricultural-gear-boxes.com\/pt\/wp-json\/wp\/v2\/media?parent=3092"}],"wp:term":[{"taxonomy":"product_brand","embeddable":true,"href":"https:\/\/agricultural-gear-boxes.com\/pt\/wp-json\/wp\/v2\/product_brand?post=3092"},{"taxonomy":"product_cat","embeddable":true,"href":"https:\/\/agricultural-gear-boxes.com\/pt\/wp-json\/wp\/v2\/product_cat?post=3092"},{"taxonomy":"product_tag","embeddable":true,"href":"https:\/\/agricultural-gear-boxes.com\/pt\/wp-json\/wp\/v2\/product_tag?post=3092"}],"curies":[{"name":"wp","href":"https:\/\/api.w.org\/{rel}","templated":true}]}}