{"id":3094,"date":"2024-08-20T05:42:18","date_gmt":"2024-08-20T05:42:18","guid":{"rendered":"https:\/\/agricultural-gear-boxes.com\/product\/worm-gear-units\/"},"modified":"2024-08-20T05:42:19","modified_gmt":"2024-08-20T05:42:19","slug":"worm-gear-units","status":"publish","type":"product","link":"https:\/\/agricultural-gear-boxes.com\/pt\/product\/worm-gear-units\/","title":{"rendered":"Unidades de engrenagem sem-fim"},"content":{"rendered":"<h2>Unidades de engrenagem sem-fim: melhorando o desempenho e a versatilidade<\/h2>\n<p>Unidades de engrenagens sem-fim s\u00e3o um componente crucial em v\u00e1rias aplica\u00e7\u00f5es industriais, oferecendo desempenho e versatilidade excepcionais. Com um flange de montagem de motor separ\u00e1vel e um alojamento que incorpora um retentor de \u00f3leo, essas unidades de engrenagens fornecem uma solu\u00e7\u00e3o confi\u00e1vel, ao mesmo tempo em que minimizam o risco de danificar o retentor durante a substitui\u00e7\u00e3o do flange de entrada. Al\u00e9m disso, a inclus\u00e3o de O-Rings nas tampas laterais garante uma veda\u00e7\u00e3o segura e eficiente, substituindo as juntas planas tradicionais.<\/p>\n<p>Uma caracter\u00edstica not\u00e1vel das unidades de engrenagens sem-fim, particularmente nos tamanhos 03-04-05, \u00e9 a capacidade de girar os p\u00e9s sem desmont\u00e1-los. Al\u00e9m disso, as vers\u00f5es com tampas laterais girat\u00f3rias permitem que flanges laterais sejam facilmente encaixadas em ambos os lados usando parafusos de fixa\u00e7\u00e3o simples, aumentando a flexibilidade durante a instala\u00e7\u00e3o.<\/p>\n<p>O parafuso sem-fim dessas unidades de engrenagem ostenta um perfil involuto ZI, levando a um melhor desempenho e temperatura reduzida. O acoplamento preciso do parafuso sem-fim e da roda sem-fim garante uma opera\u00e7\u00e3o suave, tornando essas unidades altamente eficientes na transmiss\u00e3o de pot\u00eancia.<\/p>\n<p>Para garantir durabilidade de longa dura\u00e7\u00e3o, as caixas de engrenagens e motores s\u00e3o revestidos com p\u00f3 ep\u00f3xi de cor alum\u00ednio RAL 9022. Esta camada protetora protege contra oxida\u00e7\u00e3o e minimiza o risco de micro-rebentamentos que podem ocorrer durante os processos de fundi\u00e7\u00e3o sob press\u00e3o.<\/p>\n<p>For enhanced adaptability, the CHPC pre-stage gears, already included in the CHM catalogue, can be mounted with this range of worm gear units. This allows for gear ratios of up to 1:300, making them suitable for a wide range of applications. In cases where larger reductions are required, two gears can be combined using an appropriate kit, expanding the product&#8217;s utility.<\/p>\n<h3>Principais caracter\u00edsticas das unidades de engrenagens sem-fim:<\/h3>\n<ul>\n<li>Um flange de montagem do motor separ\u00e1vel e design de alojamento para f\u00e1cil substitui\u00e7\u00e3o<\/li>\n<li>An\u00e9is de veda\u00e7\u00e3o nas tampas laterais para veda\u00e7\u00e3o eficiente<\/li>\n<li>P\u00e9s girat\u00f3rios em tamanhos espec\u00edficos para instala\u00e7\u00e3o simplificada<\/li>\n<li>Parafuso sem-fim de perfil envolvente ZI para melhor desempenho e redu\u00e7\u00e3o de temperatura<\/li>\n<li>Revestimento em p\u00f3 ep\u00f3xi cor alum\u00ednio RAL 9022 para prote\u00e7\u00e3o contra oxida\u00e7\u00e3o<\/li>\n<li>Compatibilidade com engrenagens de pr\u00e9-est\u00e1gio CHPC para maiores rela\u00e7\u00f5es de transmiss\u00e3o<\/li>\n<\/ul>\n<h3>Instala\u00e7\u00e3o, manuten\u00e7\u00e3o e substitui\u00e7\u00e3o:<\/h3>\n<p>Installing worm gear units is a straightforward process. Begin by securing the separable motor mounting flange to the desired surface, ensuring proper alignment for efficient power transmission. Regular maintenance involves inspecting the O-Rings and aside covers for any signs of wear or damage. Lubrication should be applied periodically to ensure smooth operation and extend the lifespan of the gear unit. In cases where replacement is necessary, carefully follow the manufacturer&#8217;s instructions to ensure a seamless transition.<\/p>\n<h3>Nossos outros produtos de qualidade:<\/h3>\n<p>Em nossa empresa, temos orgulho em fornecer uma ampla gama de produtos industriais de alta qualidade. Al\u00e9m de unidades de engrenagens sem-fim, oferecemos v\u00e1rias engrenagens de pl\u00e1stico, caixas de engrenagens agr\u00edcolas, eixos de sa\u00edda de pot\u00eancia, rodas dentadas, acoplamentos de fluido, engrenagens e cremalheiras, correntes destac\u00e1veis, polias e correias, caixas de engrenagens planet\u00e1rias, polias de sincroniza\u00e7\u00e3o, buchas e muito mais. Nossos produtos s\u00e3o meticulosamente elaborados para atender aos padr\u00f5es da ind\u00fastria e fornecer solu\u00e7\u00f5es confi\u00e1veis para suas necessidades espec\u00edficas. N\u00f3s nos esfor\u00e7amos para oferecer pre\u00e7os competitivos, atendimento ao cliente excepcional e consultas bem-vindas para solu\u00e7\u00f5es personalizadas com base em seus requisitos exclusivos.<\/p>\n<h3>Perguntas e respostas:<\/h3>\n<ol>\n<li>\n<h4>1. Como as unidades de engrenagens sem-fim melhoram o desempenho?<\/h4>\n<p>As unidades de engrenagens sem-fim, com seu perfil envolvente ZI e acoplamento preciso, oferecem melhor desempenho ao transmitir pot\u00eancia de forma eficiente e ao mesmo tempo reduzir a temperatura.<\/p>\n<\/li>\n<li>\n<h4>2. Qual \u00e9 a import\u00e2ncia dos an\u00e9is de veda\u00e7\u00e3o em unidades de engrenagens sem-fim?<\/h4>\n<p>Os an\u00e9is de veda\u00e7\u00e3o nas tampas laterais das unidades de engrenagens sem-fim substituem as juntas planas tradicionais, proporcionando uma veda\u00e7\u00e3o mais segura e eficiente.<\/p>\n<\/li>\n<li>\n<h4>3. As unidades de engrenagens sem-fim podem ser facilmente instaladas?<\/h4>\n<p>Sim, as unidades de engrenagem sem-fim s\u00e3o projetadas para f\u00e1cil instala\u00e7\u00e3o. O flange de montagem do motor separ\u00e1vel simplifica o processo, garantindo alinhamento adequado e transmiss\u00e3o de pot\u00eancia eficiente.<\/p>\n<\/li>\n<li>\n<h4>4. Que manuten\u00e7\u00e3o \u00e9 necess\u00e1ria para unidades de engrenagens sem-fim?<\/h4>\n<p>Routine maintenance involves inspecting the O-Rings and aside covers for wear or damage, and applying lubrication to ensure smooth operation and extend the unit&#8217;s lifespan.<\/p>\n<\/li>\n<li>\n<h4>5. Que outros produtos sua empresa oferece?<\/h4>\n<p>Al\u00e9m de unidades de engrenagens sem-fim, fornecemos uma gama diversificada de produtos industriais, incluindo engrenagens de pl\u00e1stico, caixas de engrenagens agr\u00edcolas, rodas dentadas, polias e muito mais. Entre em contato conosco para obter mais informa\u00e7\u00f5es sobre nossa gama abrangente de produtos.<\/p>\n<\/li>\n<\/ol>","protected":false},"excerpt":{"rendered":"<p>Worm Gear Units: Enhancing Performance and Versatility Worm gear units are a crucial component in various industrial applications, offering exceptional performance and versatility. With a separable motor mounting flange and housing that incorporates an oil seal, these gear units provide a reliable solution while minimizing the risk of damaging the seal during replacement of the [&hellip;]<\/p>","protected":false},"featured_media":3093,"template":"","meta":{"_et_pb_use_builder":"","_et_pb_old_content":"","_et_gb_content_width":""},"product_brand":[],"product_cat":[11281],"product_tag":[],"class_list":{"0":"post-3094","1":"product","2":"type-product","3":"status-publish","4":"has-post-thumbnail","6":"product_cat-worm-gearbox","8":"first","9":"instock","10":"shipping-taxable","11":"product-type-simple"},"_links":{"self":[{"href":"https:\/\/agricultural-gear-boxes.com\/pt\/wp-json\/wp\/v2\/product\/3094","targetHints":{"allow":["GET"]}}],"collection":[{"href":"https:\/\/agricultural-gear-boxes.com\/pt\/wp-json\/wp\/v2\/product"}],"about":[{"href":"https:\/\/agricultural-gear-boxes.com\/pt\/wp-json\/wp\/v2\/types\/product"}],"wp:featuredmedia":[{"embeddable":true,"href":"https:\/\/agricultural-gear-boxes.com\/pt\/wp-json\/wp\/v2\/media\/3093"}],"wp:attachment":[{"href":"https:\/\/agricultural-gear-boxes.com\/pt\/wp-json\/wp\/v2\/media?parent=3094"}],"wp:term":[{"taxonomy":"product_brand","embeddable":true,"href":"https:\/\/agricultural-gear-boxes.com\/pt\/wp-json\/wp\/v2\/product_brand?post=3094"},{"taxonomy":"product_cat","embeddable":true,"href":"https:\/\/agricultural-gear-boxes.com\/pt\/wp-json\/wp\/v2\/product_cat?post=3094"},{"taxonomy":"product_tag","embeddable":true,"href":"https:\/\/agricultural-gear-boxes.com\/pt\/wp-json\/wp\/v2\/product_tag?post=3094"}],"curies":[{"name":"wp","href":"https:\/\/api.w.org\/{rel}","templated":true}]}}