{"id":3096,"date":"2024-08-20T05:42:20","date_gmt":"2024-08-20T05:42:20","guid":{"rendered":"https:\/\/agricultural-gear-boxes.com\/product\/worm-gear-screw-lift\/"},"modified":"2024-08-20T05:42:21","modified_gmt":"2024-08-20T05:42:21","slug":"worm-gear-screw-lift","status":"publish","type":"product","link":"https:\/\/agricultural-gear-boxes.com\/pt\/product\/worm-gear-screw-lift\/","title":{"rendered":"Elevador de parafuso de engrenagem sem-fim"},"content":{"rendered":"<h2>Elevador de parafuso de engrenagem sem-fim: a melhor solu\u00e7\u00e3o para necessidades de eleva\u00e7\u00e3o<\/h2>\n<p>Um elevador de parafuso de roda sem-fim da s\u00e9rie SWL \u00e9 um dispositivo de eleva\u00e7\u00e3o mec\u00e2nica altamente eficiente com v\u00e1rias aplica\u00e7\u00f5es em diferentes ind\u00fastrias. Este elevador de parafuso tem uma estrutura compacta, pequeno volume, peso leve, sem ru\u00eddo, f\u00e1cil instala\u00e7\u00e3o, uso flex\u00edvel, alta confiabilidade e longa vida \u00fatil. \u00c9 um componente de eleva\u00e7\u00e3o essencial usado em m\u00e1quinas, metalurgia, constru\u00e7\u00e3o, equipamentos de conserva\u00e7\u00e3o de \u00e1gua e outras ind\u00fastrias.<\/p>\n<h3>A hist\u00f3ria do elevador de parafuso de engrenagem sem-fim<\/h3>\n<p>O conceito de eleva\u00e7\u00e3o de parafuso foi introduzido pela primeira vez no s\u00e9culo III a.C., mas foi somente no s\u00e9culo XIX que as modernas eleva\u00e7\u00f5es de parafuso foram desenvolvidas. As eleva\u00e7\u00f5es de parafuso de engrenagem sem-fim, em particular, foram introduzidas pela primeira vez no s\u00e9culo XX.<\/p>\n<h3>Classifica\u00e7\u00e3o do elevador de parafuso da s\u00e9rie SWL<\/h3>\n<p>O elevador de parafuso da s\u00e9rie SWL pode ser classificado com base em diferentes crit\u00e9rios, incluindo:<\/p>\n<ul>\n<li>Estrutura e tipo de montagem<\/li>\n<li>Altura de eleva\u00e7\u00e3o<\/li>\n<li>Pot\u00eancia de entrada<\/li>\n<li>Capacidade de eleva\u00e7\u00e3o<\/li>\n<li>Raz\u00e3o<\/li>\n<\/ul>\n<h3>As vantagens do elevador de parafuso da s\u00e9rie SWL<\/h3>\n<p>O elevador de parafuso da s\u00e9rie SWL tem in\u00fameras vantagens sobre outros dispositivos de eleva\u00e7\u00e3o, incluindo:<\/p>\n<ul>\n<li>Estrutura compacta<\/li>\n<li>Pequeno volume<\/li>\n<li>Peso leve<\/li>\n<li>Sem barulho<\/li>\n<li>F\u00e1cil instala\u00e7\u00e3o<\/li>\n<li>Uso flex\u00edvel<\/li>\n<li>Alta confiabilidade<\/li>\n<li>Longa vida \u00fatil<\/li>\n<\/ul>\n<h3>Materiais usados no elevador de parafuso da s\u00e9rie SWL<\/h3>\n<p>O elevador de parafuso da s\u00e9rie SWL pode ser feito de diferentes materiais, incluindo:<\/p>\n<ul>\n<li>Alum\u00ednio<\/li>\n<li>A\u00e7o<\/li>\n<li>Ferro fundido<\/li>\n<li>A\u00e7o inoxid\u00e1vel<\/li>\n<li>Lat\u00e3o<\/li>\n<li>Bronze<\/li>\n<\/ul>\n<h3>Instala\u00e7\u00e3o, manuten\u00e7\u00e3o e reparo do elevador de parafuso da s\u00e9rie SWL<\/h3>\n<p>O elevador de parafuso da s\u00e9rie SWL \u00e9 f\u00e1cil de instalar e manter. Ele requer manuten\u00e7\u00e3o regular para garantir seu desempenho ideal. Algumas dicas b\u00e1sicas de manuten\u00e7\u00e3o incluem:<\/p>\n<ul>\n<li>Lubrifica\u00e7\u00e3o regular das pe\u00e7as m\u00f3veis<\/li>\n<li>Inspe\u00e7\u00e3o do elevador para detectar quaisquer danos ou defeitos<\/li>\n<li>Substitui\u00e7\u00e3o de quaisquer pe\u00e7as danificadas<\/li>\n<\/ul>\n<h3>Substitui\u00e7\u00e3o do elevador de parafuso da s\u00e9rie SWL<\/h3>\n<p>Se um elevador de parafuso da s\u00e9rie SWL precisar ser substitu\u00eddo, \u00e9 importante encontrar uma substitui\u00e7\u00e3o adequada que atenda \u00e0s especifica\u00e7\u00f5es necess\u00e1rias. \u00c9 recomend\u00e1vel consultar um profissional antes de substituir quaisquer componentes.<\/p>\n<h3>Cen\u00e1rios de uso comum do elevador de parafuso da s\u00e9rie SWL<\/h3>\n<p>O elevador de parafuso da s\u00e9rie SWL \u00e9 amplamente utilizado em v\u00e1rios setores, incluindo:<\/p>\n<ul>\n<li>M\u00e1quinas<\/li>\n<li>Metalurgia<\/li>\n<li>Constru\u00e7\u00e3o<\/li>\n<li>Equipamentos de conserva\u00e7\u00e3o de \u00e1gua<\/li>\n<li>Outras ind\u00fastrias<\/li>\n<\/ul>\n<h2>Outros produtos da nossa empresa<\/h2>\n<p>Al\u00e9m do elevador de parafuso da s\u00e9rie SWL, nossa empresa tamb\u00e9m fornece v\u00e1rias engrenagens pl\u00e1sticas usadas na ind\u00fastria, como caixas de engrenagens agr\u00edcolas, eixos de sa\u00edda de pot\u00eancia, rodas dentadas, acoplamentos de fluido, redutores de engrenagem sem-fim, engrenagens e cremalheiras, correntes destac\u00e1veis, polias e polias, caixas de engrenagens planet\u00e1rias, polias de sincroniza\u00e7\u00e3o, buchas e muito mais. Oferecemos produtos de alta qualidade a um pre\u00e7o favor\u00e1vel, juntamente com um servi\u00e7o atencioso. Damos as boas-vindas aos clientes para virem at\u00e9 n\u00f3s para personaliza\u00e7\u00e3o de desenho ou amostra.<\/p>\n<h2>Perguntas e respostas<\/h2>\n<ol>\n<li>\n    <strong>O que \u00e9 um elevador de parafuso da s\u00e9rie SWL?<\/strong><br \/>\n    <br \/>Um elevador de parafuso da s\u00e9rie SWL \u00e9 um dispositivo de eleva\u00e7\u00e3o mec\u00e2nica altamente eficiente com v\u00e1rias aplica\u00e7\u00f5es em diferentes ind\u00fastrias. Ele tem uma estrutura compacta, pequeno volume, peso leve, sem ru\u00eddo, f\u00e1cil instala\u00e7\u00e3o, uso flex\u00edvel, alta confiabilidade e longa vida \u00fatil.\n  <\/li>\n<li>\n    <strong>Quais s\u00e3o as vantagens do elevador de parafuso da s\u00e9rie SWL?<\/strong><br \/>\n    <br \/>As vantagens do elevador de parafuso da s\u00e9rie SWL incluem sua estrutura compacta, pequeno volume, peso leve, aus\u00eancia de ru\u00eddo, f\u00e1cil instala\u00e7\u00e3o, uso flex\u00edvel, alta confiabilidade e longa vida \u00fatil.\n  <\/li>\n<li>\n    <strong>Quais s\u00e3o os materiais usados no elevador de parafuso da s\u00e9rie SWL?<\/strong><br \/>\n    <br \/>Os materiais usados no elevador de parafuso da s\u00e9rie SWL incluem alum\u00ednio, a\u00e7o, ferro fundido, a\u00e7o inoxid\u00e1vel, lat\u00e3o e bronze.\n  <\/li>\n<li>\n    <strong>Quais s\u00e3o os cen\u00e1rios de uso comuns do elevador de parafuso da s\u00e9rie SWL?<\/strong><br \/>\n    <br \/>O elevador de parafuso da s\u00e9rie SWL \u00e9 amplamente utilizado em v\u00e1rios setores, incluindo m\u00e1quinas, metalurgia, constru\u00e7\u00e3o, equipamentos de conserva\u00e7\u00e3o de \u00e1gua e outros setores.\n  <\/li>\n<li>\n    <strong>Que outros produtos sua empresa fornece?<\/strong><br \/>\n    <br \/>Al\u00e9m do elevador de parafuso da s\u00e9rie SWL, nossa empresa tamb\u00e9m fornece diversas engrenagens pl\u00e1sticas usadas na ind\u00fastria, como caixas de engrenagens agr\u00edcolas, eixos de sa\u00edda de pot\u00eancia, rodas dentadas, acoplamentos de fluido, redutores de engrenagem sem-fim, engrenagens e cremalheiras, correntes destac\u00e1veis, polias e polias, caixas de engrenagens planet\u00e1rias, polias de sincroniza\u00e7\u00e3o, buchas e muito mais.\n  <\/li>\n<\/ol>","protected":false},"excerpt":{"rendered":"<p>Worm Gear Screw Lift: The Best Solution for Lifting Needs A SWL series worm wheel screw lift is a highly efficient mechanical lifting device with various applications in different industries. This screw lift has a compact structure, small volume, light weight, no noise, easy installation, flexible use, high reliability, and long service life. It is [&hellip;]<\/p>","protected":false},"featured_media":3095,"template":"","meta":{"_et_pb_use_builder":"","_et_pb_old_content":"","_et_gb_content_width":""},"product_brand":[],"product_cat":[11281],"product_tag":[],"class_list":{"0":"post-3096","1":"product","2":"type-product","3":"status-publish","4":"has-post-thumbnail","6":"product_cat-worm-gearbox","8":"first","9":"instock","10":"shipping-taxable","11":"product-type-simple"},"_links":{"self":[{"href":"https:\/\/agricultural-gear-boxes.com\/pt\/wp-json\/wp\/v2\/product\/3096","targetHints":{"allow":["GET"]}}],"collection":[{"href":"https:\/\/agricultural-gear-boxes.com\/pt\/wp-json\/wp\/v2\/product"}],"about":[{"href":"https:\/\/agricultural-gear-boxes.com\/pt\/wp-json\/wp\/v2\/types\/product"}],"wp:featuredmedia":[{"embeddable":true,"href":"https:\/\/agricultural-gear-boxes.com\/pt\/wp-json\/wp\/v2\/media\/3095"}],"wp:attachment":[{"href":"https:\/\/agricultural-gear-boxes.com\/pt\/wp-json\/wp\/v2\/media?parent=3096"}],"wp:term":[{"taxonomy":"product_brand","embeddable":true,"href":"https:\/\/agricultural-gear-boxes.com\/pt\/wp-json\/wp\/v2\/product_brand?post=3096"},{"taxonomy":"product_cat","embeddable":true,"href":"https:\/\/agricultural-gear-boxes.com\/pt\/wp-json\/wp\/v2\/product_cat?post=3096"},{"taxonomy":"product_tag","embeddable":true,"href":"https:\/\/agricultural-gear-boxes.com\/pt\/wp-json\/wp\/v2\/product_tag?post=3096"}],"curies":[{"name":"wp","href":"https:\/\/api.w.org\/{rel}","templated":true}]}}