{"id":3100,"date":"2024-08-20T05:42:25","date_gmt":"2024-08-20T05:42:25","guid":{"rendered":"https:\/\/agricultural-gear-boxes.com\/product\/worm-gear-slew-drive\/"},"modified":"2024-08-20T05:42:26","modified_gmt":"2024-08-20T05:42:26","slug":"worm-gear-slew-drive","status":"publish","type":"product","link":"https:\/\/agricultural-gear-boxes.com\/pt\/product\/worm-gear-slew-drive\/","title":{"rendered":"Transmiss\u00e3o de giro por engrenagem sem-fim"},"content":{"rendered":"<h2>Transmiss\u00e3o de giro por engrenagem sem-fim: uma solu\u00e7\u00e3o vers\u00e1til para suas necessidades industriais<\/h2>\n<p>Os acionamentos de giro de engrenagem sem-fim s\u00e3o um tipo de sistema de engrenagens que combina uma engrenagem sem-fim e um anel de giro. Essas engrenagens de alta qualidade s\u00e3o uma solu\u00e7\u00e3o vers\u00e1til para v\u00e1rias aplica\u00e7\u00f5es em diferentes ind\u00fastrias. Essas engrenagens s\u00e3o projetadas para fornecer rota\u00e7\u00e3o suave sob cargas m\u00e1ximas, tornando-as ideais para uso em equipamentos de minera\u00e7\u00e3o, torres de escava\u00e7\u00e3o, rastreadores solares, turbinas e\u00f3licas, equipamentos de leitos m\u00e9dicos e posicionadores de bra\u00e7o rob\u00f3tico. A Ever-Power fornece engrenagens sem-fim e acionamentos de giro personalizados que s\u00e3o adaptados para atender \u00e0s necessidades e requisitos exclusivos de nossos clientes.<\/p>\n<h3>Hist\u00f3ria e classifica\u00e7\u00e3o de engrenagens de giro sem-fim<\/h3>\n<p>Os redutores de engrenagem sem-fim s\u00e3o um tipo de redutor de engrenagem sem-fim. Os redutores de engrenagem sem-fim s\u00e3o usados h\u00e1 s\u00e9culos, com o primeiro uso registrado na China durante a Dinastia Han (206 a.C. a 220 d.C.). Hoje, os redutores de engrenagem sem-fim s\u00e3o usados em uma variedade de aplica\u00e7\u00f5es, desde simples guinchos de manivela at\u00e9 m\u00e1quinas industriais de alta velocidade.<\/p>\n<p>Os acionamentos de giro de engrenagem sem-fim s\u00e3o classificados com base no tipo de sem-fim, no n\u00famero de dentes na roda sem-fim e no di\u00e2metro do anel de giro. A Ever-Power fornece uma ampla gama de acionamentos de giro de engrenagem sem-fim, desde pequenos modelos compactos at\u00e9 engrenagens grandes e pesadas.<\/p>\n<h3>As vantagens de usar acionamentos de giro por engrenagem sem-fim<\/h3>\n<ul>\n<li>Rota\u00e7\u00e3o suave sob cargas m\u00e1ximas<\/li>\n<li>Design compacto<\/li>\n<li>Alta precis\u00e3o e baixa folga<\/li>\n<li>Alta efici\u00eancia de transmiss\u00e3o de torque<\/li>\n<li>Baixa necessidade de manuten\u00e7\u00e3o<\/li>\n<li>Personaliz\u00e1vel para atender \u00e0s necessidades espec\u00edficas da aplica\u00e7\u00e3o<\/li>\n<\/ul>\n<h3>Instala\u00e7\u00e3o, manuten\u00e7\u00e3o e reparo de acionamentos de giro por engrenagem sem-fim<\/h3>\n<p>A instala\u00e7\u00e3o adequada \u00e9 crucial para o desempenho ideal e a longevidade dos acionamentos de giro de engrenagem sem-fim. A Ever-Power fornece instru\u00e7\u00f5es detalhadas de instala\u00e7\u00e3o e suporte t\u00e9cnico para garantir que nossos clientes possam instalar as engrenagens corretamente. A manuten\u00e7\u00e3o regular tamb\u00e9m \u00e9 necess\u00e1ria para manter as engrenagens em \u00f3timas condi\u00e7\u00f5es. A Ever-Power fornece servi\u00e7os de manuten\u00e7\u00e3o e pe\u00e7as de reposi\u00e7\u00e3o para garantir que nossos clientes possam obter o melhor desempenho de seus acionamentos de giro de engrenagem sem-fim nos pr\u00f3ximos anos.<\/p>\n<p>Se um acionamento de giro de engrenagem sem-fim precisar ser reparado, a Ever-Power oferece servi\u00e7os de reparo e pe\u00e7as de reposi\u00e7\u00e3o. Nossos t\u00e9cnicos experientes podem diagnosticar e reparar quaisquer problemas de forma r\u00e1pida e eficiente para minimizar o tempo de inatividade para nossos clientes.<\/p>\n<h3>Materiais usados em acionamentos de giro por engrenagem sem-fim<\/h3>\n<p>Os acionamentos de giro de engrenagem sem-fim s\u00e3o feitos de uma variedade de materiais de alta qualidade, incluindo a\u00e7o, alum\u00ednio e bronze. A escolha do material depende da aplica\u00e7\u00e3o espec\u00edfica e dos requisitos do cliente. A Ever-Power trabalha em estreita colabora\u00e7\u00e3o com nossos clientes para selecionar os melhores materiais para suas necessidades e requisitos espec\u00edficos.<\/p>\n<h3>Outros produtos oferecidos pela Ever-Power<\/h3>\n<p>A Ever-Power oferece uma ampla gama de produtos de engrenagens pl\u00e1sticas de alta qualidade para v\u00e1rias aplica\u00e7\u00f5es industriais. Nossos produtos incluem caixas de engrenagens agr\u00edcolas, eixos de sa\u00edda de pot\u00eancia, rodas dentadas, acoplamentos de fluidos, engrenagens e cremalheiras, correntes destac\u00e1veis, polias e polias, caixas de engrenagens planet\u00e1rias, polias de sincroniza\u00e7\u00e3o, buchas e muito mais. Estamos comprometidos em fornecer produtos de alta qualidade, pre\u00e7os favor\u00e1veis e servi\u00e7o atencioso aos nossos clientes. Damos as boas-vindas aos clientes para virem at\u00e9 n\u00f3s para personaliza\u00e7\u00e3o de desenho ou amostra.<\/p>\n<h2>Perguntas e respostas<\/h2>\n<h3>1. O que s\u00e3o engrenagens de giro sem-fim?<\/h3>\n<p>Os acionamentos de giro de engrenagem sem-fim s\u00e3o um tipo de sistema de engrenagens que combina uma engrenagem sem-fim e um anel de giro. Eles s\u00e3o projetados para fornecer rota\u00e7\u00e3o suave sob cargas m\u00e1ximas, tornando-os ideais para uso em v\u00e1rias aplica\u00e7\u00f5es em diferentes ind\u00fastrias.<\/p>\n<h3>2. Quais s\u00e3o as vantagens de usar engrenagens de giro sem-fim?<\/h3>\n<p>Os acionamentos de giro por engrenagem sem-fim oferecem uma s\u00e9rie de vantagens, incluindo rota\u00e7\u00e3o suave sob cargas m\u00e1ximas, design compacto, alta precis\u00e3o e baixa folga, alta efici\u00eancia de transmiss\u00e3o de torque, baixos requisitos de manuten\u00e7\u00e3o e personaliza\u00e7\u00e3o para atender \u00e0s necessidades espec\u00edficas da aplica\u00e7\u00e3o.<\/p>\n<h3>3. Como fa\u00e7o para instalar uma transmiss\u00e3o de giro por engrenagem sem-fim?<\/h3>\n<p>A instala\u00e7\u00e3o adequada \u00e9 crucial para o desempenho ideal e a longevidade dos acionamentos de giro de engrenagem sem-fim. A Ever-Power fornece instru\u00e7\u00f5es detalhadas de instala\u00e7\u00e3o e suporte t\u00e9cnico para garantir que nossos clientes possam instalar as engrenagens corretamente.<\/p>\n<h3>4. Quais materiais s\u00e3o usados em engrenagens de giro sem-fim?<\/h3>\n<p>Os acionamentos de giro de engrenagem sem-fim s\u00e3o feitos de uma variedade de materiais de alta qualidade, incluindo a\u00e7o, alum\u00ednio e bronze. A escolha do material depende da aplica\u00e7\u00e3o espec\u00edfica e dos requisitos do cliente.<\/p>\n<h3>5. Quais outros produtos a Ever-Power oferece?<\/h3>\n<p>A Ever-Power oferece uma ampla gama de produtos de engrenagens pl\u00e1sticas de alta qualidade para diversas aplica\u00e7\u00f5es industriais, incluindo caixas de engrenagens agr\u00edcolas, eixos de sa\u00edda de pot\u00eancia, rodas dentadas, acoplamentos de fluidos, engrenagens e cremalheiras, correntes destac\u00e1veis, polias e polias, caixas de engrenagens planet\u00e1rias, polias de sincroniza\u00e7\u00e3o, buchas e muito mais.<\/p>","protected":false},"excerpt":{"rendered":"<p>Transmiss\u00e3o de giro de engrenagem sem-fim: uma solu\u00e7\u00e3o vers\u00e1til para suas necessidades industriais Transmiss\u00f5es de giro de engrenagem sem-fim s\u00e3o um tipo de sistema de engrenagens que combina uma engrenagem sem-fim e um anel de giro. Essas engrenagens de alta qualidade s\u00e3o uma solu\u00e7\u00e3o vers\u00e1til para v\u00e1rias aplica\u00e7\u00f5es em diferentes ind\u00fastrias. Essas engrenagens s\u00e3o projetadas para fornecer rota\u00e7\u00e3o suave sob cargas m\u00e1ximas, tornando [\u2026]<\/p>","protected":false},"featured_media":3099,"template":"","meta":{"_et_pb_use_builder":"","_et_pb_old_content":"","_et_gb_content_width":""},"product_brand":[],"product_cat":[11281],"product_tag":[],"class_list":{"0":"post-3100","1":"product","2":"type-product","3":"status-publish","4":"has-post-thumbnail","6":"product_cat-worm-gearbox","8":"first","9":"instock","10":"shipping-taxable","11":"product-type-simple"},"_links":{"self":[{"href":"https:\/\/agricultural-gear-boxes.com\/pt\/wp-json\/wp\/v2\/product\/3100","targetHints":{"allow":["GET"]}}],"collection":[{"href":"https:\/\/agricultural-gear-boxes.com\/pt\/wp-json\/wp\/v2\/product"}],"about":[{"href":"https:\/\/agricultural-gear-boxes.com\/pt\/wp-json\/wp\/v2\/types\/product"}],"wp:featuredmedia":[{"embeddable":true,"href":"https:\/\/agricultural-gear-boxes.com\/pt\/wp-json\/wp\/v2\/media\/3099"}],"wp:attachment":[{"href":"https:\/\/agricultural-gear-boxes.com\/pt\/wp-json\/wp\/v2\/media?parent=3100"}],"wp:term":[{"taxonomy":"product_brand","embeddable":true,"href":"https:\/\/agricultural-gear-boxes.com\/pt\/wp-json\/wp\/v2\/product_brand?post=3100"},{"taxonomy":"product_cat","embeddable":true,"href":"https:\/\/agricultural-gear-boxes.com\/pt\/wp-json\/wp\/v2\/product_cat?post=3100"},{"taxonomy":"product_tag","embeddable":true,"href":"https:\/\/agricultural-gear-boxes.com\/pt\/wp-json\/wp\/v2\/product_tag?post=3100"}],"curies":[{"name":"wp","href":"https:\/\/api.w.org\/{rel}","templated":true}]}}