{"id":3112,"date":"2024-08-20T05:42:41","date_gmt":"2024-08-20T05:42:41","guid":{"rendered":"https:\/\/agricultural-gear-boxes.com\/product\/multi-steps-valve-actuator-h-type\/"},"modified":"2024-08-20T05:42:42","modified_gmt":"2024-08-20T05:42:42","slug":"multi-steps-valve-actuator-h-type","status":"publish","type":"product","link":"https:\/\/agricultural-gear-boxes.com\/pt\/product\/multi-steps-valve-actuator-h-type\/","title":{"rendered":"Atuador de v\u00e1lvula multietapas tipo H"},"content":{"rendered":"<h2>Atuador de v\u00e1lvula multietapas tipo H: um guia abrangente<\/h2>\n<p>O Atuador de V\u00e1lvula Multi-Steps-Tipo H \u00e9 um atuador de v\u00e1lvula de alto desempenho projetado para v\u00e1rias aplica\u00e7\u00f5es em sistemas de controle de fluidos. Este atuador \u00e9 projetado para fornecer opera\u00e7\u00e3o eficiente e confi\u00e1vel em aplica\u00e7\u00f5es acima do solo, servi\u00e7o enterrado e submerso. Com torques de sa\u00edda de v\u00e1lvula de at\u00e9 180.000 ft-lbs, o Atuador de V\u00e1lvula Multi-Steps-Tipo H fornece controle e precis\u00e3o excepcionais na opera\u00e7\u00e3o da v\u00e1lvula. <\/p>\n<p>Este atuador de v\u00e1lvula \u00e9 fabricado sob um sistema de qualidade certificado ISO 9001, garantindo sua alta qualidade e confiabilidade. O atuador \u00e9 totalmente fechado e selado, tornando-o resistente a condi\u00e7\u00f5es ambientais adversas. Seus batentes mec\u00e2nicos ajust\u00e1veis externamente s\u00e3o classificados para at\u00e9 300 ft-lbs e apresentam um mecanismo de autotravamento que mant\u00e9m a posi\u00e7\u00e3o da v\u00e1lvula para garantir a m\u00e1xima seguran\u00e7a e confiabilidade. <\/p>\n<p>Multi-Steps Valve Actuator-H Type also features a position indicator that clearly indicates the valve position for above ground service. The actuator is sealed and grease packed for buried or submerged service, and its corrosion-resistant input shaft makes it ideal for these applications. It can easily adapt to Handwheel, Chainwheel or 2&#8243; Nut operation, and its spur gear is available for ease of operation. <\/p>\n<p>O atuador possui furos de montagem para montagem em campo e m\u00faltiplas orienta\u00e7\u00f5es de 90\u00b0, utilizando m\u00faltiplas ranhuras para posicionamento preciso. Ele tamb\u00e9m possui um pacote de rolamento exclusivo para opera\u00e7\u00e3o suave e vida \u00fatil estendida, que inclui rolamentos radiais de bronze e rolamentos axiais de rolos.<\/p>\n<h3>Vantagens do atuador de v\u00e1lvula multietapas tipo H<\/h3>\n<ul>\n<li>Dispon\u00edvel para aplica\u00e7\u00f5es acima do solo, subterr\u00e2neas e submersas<\/li>\n<li>Fabricado sob um sistema de qualidade certificado ISO 9001<\/li>\n<li>Totalmente fechado e selado contra condi\u00e7\u00f5es ambientais adversas<\/li>\n<li>Batentes mec\u00e2nicos ajust\u00e1veis externamente com capacidade para 300 ft-lbs<\/li>\n<li>Mecanismo de autotravamento para manter a posi\u00e7\u00e3o da v\u00e1lvula<\/li>\n<li>O indicador de posi\u00e7\u00e3o indica claramente a posi\u00e7\u00e3o da v\u00e1lvula para servi\u00e7o acima do solo<\/li>\n<li>Selado e embalado com graxa para servi\u00e7o enterrado ou submerso<\/li>\n<li>Eixo de entrada resistente \u00e0 corros\u00e3o para servi\u00e7o enterrado e submerso<\/li>\n<li>Easily adapts to Handwheel, Chainwheel or 2&#8243; Nut operation<\/li>\n<li>Engrenagem de dentes retos dispon\u00edvel para facilitar a opera\u00e7\u00e3o<\/li>\n<li>Furos de montagem para montagem em campo e m\u00faltiplas orienta\u00e7\u00f5es de 90\u00b0, utilizando m\u00faltiplas ranhuras para posicionamento preciso<\/li>\n<li>Pacote de rolamentos exclusivo para opera\u00e7\u00e3o suave e vida \u00fatil prolongada, incluindo rolamentos radiais de bronze e rolamentos axiais de rolos<\/li>\n<\/ul>\n<h3>Instala\u00e7\u00e3o e Manuten\u00e7\u00e3o<\/h3>\n<p>Multi-Steps Valve Actuator-H Type is easy to install and maintain. The actuator can be mounted in multiple orientations, utilizing multiple keyways for precise positioning. It can be easily adapted to Handwheel, Chainwheel, or 2&#8243; Nut operation. <\/p>\n<p>Para garantir a longevidade do atuador, \u00e9 recomend\u00e1vel realizar manuten\u00e7\u00e3o regular. O atuador \u00e9 selado e embalado com graxa, tornando-o ideal para servi\u00e7o enterrado ou submerso. O eixo de entrada resistente \u00e0 corros\u00e3o o torna adequado para essas aplica\u00e7\u00f5es. <\/p>\n<h3>Reparo e Substitui\u00e7\u00e3o<\/h3>\n<p>Em caso de mau funcionamento do atuador, \u00e9 recomendado entrar em contato com um t\u00e9cnico qualificado para reparo ou substitui\u00e7\u00e3o. O atuador possui furos de montagem para montagem em campo, facilitando a substitui\u00e7\u00e3o. <\/p>\n<h3>Sobre a empresa<\/h3>\n<p>A Ever-Power \u00e9 uma fornecedora l\u00edder de v\u00e1rias engrenagens pl\u00e1sticas usadas na ind\u00fastria, como caixas de engrenagens agr\u00edcolas, eixos de sa\u00edda de pot\u00eancia, rodas dentadas, acoplamentos de fluido, redutores de engrenagem sem-fim, engrenagens e cremalheiras, correntes destac\u00e1veis, polias e polias, caixas de engrenagens planet\u00e1rias, polias de sincroniza\u00e7\u00e3o, buchas e muito mais. Temos orgulho em fornecer produtos de alta qualidade, pre\u00e7os favor\u00e1veis e servi\u00e7o atencioso. Damos as boas-vindas aos clientes para virem at\u00e9 o desenho ou personaliza\u00e7\u00e3o de amostra para atender \u00e0s suas necessidades exclusivas.<\/p>\n<h2>Perguntas e respostas<\/h2>\n<h3>1. O que \u00e9 um atuador de v\u00e1lvula multietapas tipo H?<\/h3>\n<p>O atuador de v\u00e1lvula multietapas tipo H \u00e9 um atuador de v\u00e1lvula de alto desempenho projetado para diversas aplica\u00e7\u00f5es em sistemas de controle de fluidos. <\/p>\n<h3>2. Quais s\u00e3o as vantagens do Atuador de V\u00e1lvula Multietapas Tipo H?<\/h3>\n<p>O atuador de v\u00e1lvula multietapas tipo H possui um mecanismo de autotravamento que mant\u00e9m a posi\u00e7\u00e3o da v\u00e1lvula, \u00e9 selado e embalado com graxa para servi\u00e7o enterrado ou submerso e tem um pacote de rolamento exclusivo para opera\u00e7\u00e3o suave e vida \u00fatil prolongada.<\/p>\n<h3>3. Como o atuador de v\u00e1lvula multietapas tipo H pode ser instalado?<\/h3>\n<p>Multi-Steps Valve Actuator-H Type can be mounted in multiple orientations, utilizing multiple keyways for precise positioning. It can be easily adapted to Handwheel, Chainwheel, or 2&#8243; Nut operation.<\/p>\n<h3>4. Como deve ser feita a manuten\u00e7\u00e3o do atuador de v\u00e1lvula multietapas tipo H?<\/h3>\n<p>Para garantir a longevidade do Atuador de V\u00e1lvula Multi-Steps-Tipo H, \u00e9 recomend\u00e1vel realizar manuten\u00e7\u00e3o regular. O atuador \u00e9 selado e embalado com graxa, tornando-o ideal para servi\u00e7o enterrado ou submerso. <\/p>\n<h3>5. Quais outros produtos a Ever-Power oferece?<\/h3>\n<p>A Ever-Power oferece uma ampla gama de produtos, incluindo caixas de engrenagens agr\u00edcolas, eixos de sa\u00edda de pot\u00eancia, rodas dentadas, acoplamentos de fluido, redutores de engrenagem sem-fim, engrenagens e cremalheiras, correntes destac\u00e1veis, polias e polias, caixas de engrenagens planet\u00e1rias, polias de sincroniza\u00e7\u00e3o, buchas e muito mais. Temos orgulho em fornecer produtos de alta qualidade, pre\u00e7os favor\u00e1veis e servi\u00e7o atencioso.<\/p>","protected":false},"excerpt":{"rendered":"<p>Multi-Steps Valve Actuator-H Type: A Comprehensive Guide Multi-Steps Valve Actuator-H Type is a high-performance valve actuator designed for various applications in fluid control systems. This actuator is designed to provide efficient and reliable operation in above ground, buried service, and submerged applications. With valve output torques up to 180,000 ft-lbs, Multi-Steps Valve Actuator-H Type provides [&hellip;]<\/p>","protected":false},"featured_media":3111,"template":"","meta":{"_et_pb_use_builder":"","_et_pb_old_content":"","_et_gb_content_width":""},"product_brand":[],"product_cat":[11281],"product_tag":[],"class_list":{"0":"post-3112","1":"product","2":"type-product","3":"status-publish","4":"has-post-thumbnail","6":"product_cat-worm-gearbox","8":"first","9":"instock","10":"shipping-taxable","11":"product-type-simple"},"_links":{"self":[{"href":"https:\/\/agricultural-gear-boxes.com\/pt\/wp-json\/wp\/v2\/product\/3112","targetHints":{"allow":["GET"]}}],"collection":[{"href":"https:\/\/agricultural-gear-boxes.com\/pt\/wp-json\/wp\/v2\/product"}],"about":[{"href":"https:\/\/agricultural-gear-boxes.com\/pt\/wp-json\/wp\/v2\/types\/product"}],"wp:featuredmedia":[{"embeddable":true,"href":"https:\/\/agricultural-gear-boxes.com\/pt\/wp-json\/wp\/v2\/media\/3111"}],"wp:attachment":[{"href":"https:\/\/agricultural-gear-boxes.com\/pt\/wp-json\/wp\/v2\/media?parent=3112"}],"wp:term":[{"taxonomy":"product_brand","embeddable":true,"href":"https:\/\/agricultural-gear-boxes.com\/pt\/wp-json\/wp\/v2\/product_brand?post=3112"},{"taxonomy":"product_cat","embeddable":true,"href":"https:\/\/agricultural-gear-boxes.com\/pt\/wp-json\/wp\/v2\/product_cat?post=3112"},{"taxonomy":"product_tag","embeddable":true,"href":"https:\/\/agricultural-gear-boxes.com\/pt\/wp-json\/wp\/v2\/product_tag?post=3112"}],"curies":[{"name":"wp","href":"https:\/\/api.w.org\/{rel}","templated":true}]}}