{"id":3118,"date":"2024-08-20T05:42:47","date_gmt":"2024-08-20T05:42:47","guid":{"rendered":"https:\/\/agricultural-gear-boxes.com\/product\/low-backlash-right-angle-servo-worm-reducer\/"},"modified":"2024-08-20T05:42:47","modified_gmt":"2024-08-20T05:42:47","slug":"low-backlash-right-angle-servo-worm-reducer","status":"publish","type":"product","link":"https:\/\/agricultural-gear-boxes.com\/pt\/product\/low-backlash-right-angle-servo-worm-reducer\/","title":{"rendered":"Servo redutor de rosca sem-fim de \u00e2ngulo reto com folga baixa"},"content":{"rendered":"<h2>Servo redutor de rosca sem-fim de \u00e2ngulo reto com baixa folga: uma solu\u00e7\u00e3o ideal para alto desempenho e repetibilidade <\/h2>\n<p>Os Servo Worm Reducers de \u00c2ngulo Reto se tornaram cada vez mais populares ao longo dos anos devido ao seu alto desempenho e repetibilidade, tornando-os ideais para aplica\u00e7\u00f5es que exigem movimento rotativo de precis\u00e3o, dispositivos de indexa\u00e7\u00e3o e situa\u00e7\u00f5es de mudan\u00e7a de velocidade. Eles podem ser usados em manuseio de materiais e rob\u00f3tica e est\u00e3o dispon\u00edveis em v\u00e1rios tipos e configura\u00e7\u00f5es.<\/p>\n<p>A s\u00e9rie de servo caixa de engrenagens de \u00e2ngulo reto Ever Power foi projetada para fornecer um funcionamento suave e desempenho confi\u00e1vel. Elas s\u00e3o elegantes e ideais para aplica\u00e7\u00f5es com espa\u00e7o limitado. Elas est\u00e3o dispon\u00edveis em diferentes configura\u00e7\u00f5es de sa\u00edda e s\u00e3o f\u00e1ceis de configurar. Elas oferecem uma ferramenta de dimensionamento exclusiva que ajuda os clientes a selecionar o melhor trem de for\u00e7a para sua aplica\u00e7\u00e3o.<\/p>\n<h3>Caracter\u00edsticas da caixa de engrenagens sem-fim de \u00e2ngulo reto com folga baixa<\/h3>\n<p>A folga de giro da engrenagem sem-fim pode ser ajustada para menos de 1 arco, tornando-a altamente precisa. O redutor pode ter a folga reajustada ap\u00f3s o uso, garantindo que ele esteja sempre trabalhando com desempenho m\u00e1ximo. A entrada com acoplamento \u00e9 confi\u00e1vel sem folga. A sa\u00edda usando acoplamentos de anel de fixa\u00e7\u00e3o c\u00f4nico tamb\u00e9m \u00e9 confi\u00e1vel sem folga.<\/p>\n<h3>Aplica\u00e7\u00f5es da caixa de engrenagens de redu\u00e7\u00e3o de \u00e2ngulo reto<\/h3>\n<p>O servo redutor sem-fim de \u00e2ngulo reto e baixa folga \u00e9 ideal para as seguintes aplica\u00e7\u00f5es:<\/p>\n<h4>Movimento rotativo de precis\u00e3o<\/h4>\n<p>A caixa de engrenagens ajuda a reduzir o ru\u00eddo e a vibra\u00e7\u00e3o causados pela mudan\u00e7a de carga e pela mudan\u00e7a da for\u00e7a de corte. Ela tamb\u00e9m ajuda a reduzir o ru\u00eddo e o impacto causados pela corrota\u00e7\u00e3o e revers\u00e3o. Al\u00e9m disso, ela ajuda a reduzir a abras\u00e3o do sem-fim e a aumentar a velocidade de resposta da sa\u00edda do sem-fim.<\/p>\n<h4>Dispositivo de indexa\u00e7\u00e3o de precis\u00e3o<\/h4>\n<p>A caixa de engrenagens \u00e9 ideal para uso em m\u00e1quinas CNC, linhas de montagem, m\u00e1quinas de corte e linhas de transmiss\u00e3o. Seu mecanismo de leitura preciso requer ocasi\u00f5es de movimento precisas.<\/p>\n<h4>Situa\u00e7\u00f5es de mudan\u00e7a de velocidade<\/h4>\n<p>A caixa de engrenagens ajuda a reduzir o ru\u00eddo e o impacto causados pela mudan\u00e7a de velocidade, al\u00e9m de reduzir a abras\u00e3o do sem-fim causada pelas mudan\u00e7as de velocidade.<\/p>\n<h3>Especifica\u00e7\u00f5es da caixa de engrenagens de acionamento por sem-fim em \u00e2ngulo reto<\/h3>\n<p>O servo redutor de \u00e2ngulo reto com folga baixa tem as seguintes especifica\u00e7\u00f5es:<\/p>\n<p>&#8211; Input Power: 0.18kw \u2013 22kw<br \/>\n&#8211; Output torque: 2.6 Nm \u2013 2371 Nm<br \/>\n&#8211; Ratio: 5:1 \u2013 100:1<br \/>\n&#8211; Efficiency: 94% \u2013 98%<br \/>\n&#8211; Backlash: \u22641arcmin<\/p>\n<p>Se voc\u00ea estiver interessado no servo redutor sem-fim de \u00e2ngulo reto com baixa folga, entre em contato conosco para obter um or\u00e7amento.<\/p>\n<h3>Sobre Ever Power<\/h3>\n<p>Al\u00e9m do Servo Worm Reducer de \u00e2ngulo reto de baixa folga, a Ever Power tamb\u00e9m fornece v\u00e1rias engrenagens pl\u00e1sticas usadas na ind\u00fastria, como caixas de engrenagens agr\u00edcolas, eixos de sa\u00edda de pot\u00eancia, rodas dentadas, acoplamentos de fluido, redutores de engrenagem sem-fim, engrenagens e cremalheiras, correntes destac\u00e1veis, polias e polias, caixas de engrenagens planet\u00e1rias, polias de sincroniza\u00e7\u00e3o, buchas e muito mais. Estamos comprometidos em fornecer produtos de alta qualidade a pre\u00e7os favor\u00e1veis com servi\u00e7o atencioso. Damos as boas-vindas aos clientes para virem at\u00e9 o desenho ou personaliza\u00e7\u00e3o da amostra.<\/p>\n<h2>Perguntas e respostas<\/h2>\n<p>1. Para que \u00e9 usado o redutor sem-fim servo de \u00e2ngulo reto e baixa folga?<br \/>\nR: \u00c9 ideal para aplica\u00e7\u00f5es que exigem movimento rotativo de precis\u00e3o, dispositivos de indexa\u00e7\u00e3o e situa\u00e7\u00f5es de mudan\u00e7a de velocidade.<\/p>\n<p>2. Quais s\u00e3o algumas caracter\u00edsticas da caixa de engrenagens sem-fim de \u00e2ngulo reto com baixa folga?<br \/>\nR: A folga de giro da engrenagem sem-fim pode ser ajustada para menos de 1 arco, a folga pode ser reajustada ap\u00f3s o uso, e tanto a entrada quanto a sa\u00edda s\u00e3o confi\u00e1veis sem folga.<\/p>\n<p>3. Quais s\u00e3o as especifica\u00e7\u00f5es do redutor sem-fim servo de \u00e2ngulo reto e baixa folga?<br \/>\nR: Possui uma faixa de pot\u00eancia de entrada de 0,18 kW \u2013 22 kW, uma faixa de torque de sa\u00edda de 2,6 Nm \u2013 2371 Nm, uma faixa de rela\u00e7\u00e3o de 5:1 \u2013 100:1, uma faixa de efici\u00eancia de 94% \u2013 98% e uma folga de \u22641 arcmin.<\/p>\n<p>4. Quais outros produtos a Ever Power fornece?<br \/>\nR: A Ever Power fornece diversas engrenagens pl\u00e1sticas usadas na ind\u00fastria, como caixas de engrenagens agr\u00edcolas, eixos de sa\u00edda de pot\u00eancia, rodas dentadas, acoplamentos de fluido, redutores de engrenagem sem-fim, engrenagens e cremalheiras, correntes destac\u00e1veis, polias e polias, caixas de engrenagens planet\u00e1rias, polias de sincroniza\u00e7\u00e3o e buchas.<\/p>\n<p>5. Os clientes podem solicitar personaliza\u00e7\u00f5es de produtos da Ever Power?<br \/>\nR: Sim, os clientes s\u00e3o bem-vindos para vir para o desenho ou personaliza\u00e7\u00e3o de amostra.<\/p>","protected":false},"excerpt":{"rendered":"<p>Low Backlash Right Angle Servo Worm Reducer: An Ideal Solution for High Performance and Repeatability Right Angle Servo Worm Reducers have become increasingly popular over the years due to their high performance and repeatability, making them ideal for applications that require precision rotary motion, indexing devices, and speed changing situations. They can be used in [&hellip;]<\/p>","protected":false},"featured_media":3117,"template":"","meta":{"_et_pb_use_builder":"","_et_pb_old_content":"","_et_gb_content_width":""},"product_brand":[],"product_cat":[11281],"product_tag":[],"class_list":{"0":"post-3118","1":"product","2":"type-product","3":"status-publish","4":"has-post-thumbnail","6":"product_cat-worm-gearbox","8":"first","9":"instock","10":"shipping-taxable","11":"product-type-simple"},"_links":{"self":[{"href":"https:\/\/agricultural-gear-boxes.com\/pt\/wp-json\/wp\/v2\/product\/3118","targetHints":{"allow":["GET"]}}],"collection":[{"href":"https:\/\/agricultural-gear-boxes.com\/pt\/wp-json\/wp\/v2\/product"}],"about":[{"href":"https:\/\/agricultural-gear-boxes.com\/pt\/wp-json\/wp\/v2\/types\/product"}],"wp:featuredmedia":[{"embeddable":true,"href":"https:\/\/agricultural-gear-boxes.com\/pt\/wp-json\/wp\/v2\/media\/3117"}],"wp:attachment":[{"href":"https:\/\/agricultural-gear-boxes.com\/pt\/wp-json\/wp\/v2\/media?parent=3118"}],"wp:term":[{"taxonomy":"product_brand","embeddable":true,"href":"https:\/\/agricultural-gear-boxes.com\/pt\/wp-json\/wp\/v2\/product_brand?post=3118"},{"taxonomy":"product_cat","embeddable":true,"href":"https:\/\/agricultural-gear-boxes.com\/pt\/wp-json\/wp\/v2\/product_cat?post=3118"},{"taxonomy":"product_tag","embeddable":true,"href":"https:\/\/agricultural-gear-boxes.com\/pt\/wp-json\/wp\/v2\/product_tag?post=3118"}],"curies":[{"name":"wp","href":"https:\/\/api.w.org\/{rel}","templated":true}]}}