{"id":3122,"date":"2024-08-20T05:42:53","date_gmt":"2024-08-20T05:42:53","guid":{"rendered":"https:\/\/agricultural-gear-boxes.com\/product\/worm-gearbox-for-automatic-car-wash-machine\/"},"modified":"2024-08-20T05:42:54","modified_gmt":"2024-08-20T05:42:54","slug":"worm-gearbox-for-automatic-car-wash-machine","status":"publish","type":"product","link":"https:\/\/agricultural-gear-boxes.com\/pt\/product\/worm-gearbox-for-automatic-car-wash-machine\/","title":{"rendered":"Caixa de engrenagens sem-fim para m\u00e1quina de lavagem autom\u00e1tica de carros"},"content":{"rendered":"<h2>Caixa de engrenagens sem-fim para m\u00e1quina de lavagem autom\u00e1tica de carros<\/h2>\n<p>Our worm gearbox is the perfect solution for automatic car wash machines. It&#8217;s an essential component that allows for smooth and efficient operation. The gearbox is designed to transmit power between nonintersecting shafts, making it an ideal choice for a wide range of applications. <\/p>\n<h3>Hist\u00f3ria e Classifica\u00e7\u00e3o<\/h3>\n<p>Caixas de engrenagens sem-fim existem h\u00e1 s\u00e9culos e foram usadas pela primeira vez em civiliza\u00e7\u00f5es antigas. Hoje, elas s\u00e3o classificadas com base no n\u00famero de roscas no sem-fim e no material usado para fazer a engrenagem. Oferecemos diferentes tipos de caixas de engrenagens sem-fim para uma variedade de aplica\u00e7\u00f5es.<\/p>\n<h3>Vantagens<\/h3>\n<ul>\n<li>Transmiss\u00e3o de alto torque<\/li>\n<li>Sa\u00edda de baixo ru\u00eddo<\/li>\n<li>Opera\u00e7\u00e3o suave<\/li>\n<li>Baixa manuten\u00e7\u00e3o<\/li>\n<\/ul>\n<h3>Materiais<\/h3>\n<p>Nossas caixas de engrenagens sem-fim s\u00e3o feitas de materiais de alta qualidade, como ferro fundido, alum\u00ednio e a\u00e7o. A escolha do material depende da aplica\u00e7\u00e3o espec\u00edfica e do desempenho necess\u00e1rio da caixa de engrenagens.<\/p>\n<h3>Instala\u00e7\u00e3o, Manuten\u00e7\u00e3o e Reparo<\/h3>\n<p>Nossa caixa de engrenagens sem-fim \u00e9 projetada para f\u00e1cil instala\u00e7\u00e3o, manuten\u00e7\u00e3o e reparo. A manuten\u00e7\u00e3o regular garantir\u00e1 desempenho ideal e uma vida \u00fatil mais longa. Em caso de problemas, nossa equipe de especialistas est\u00e1 sempre dispon\u00edvel para fornecer suporte e servi\u00e7os de reparo.<\/p>\n<h3>Substitui\u00e7\u00e3o<\/h3>\n<p>Se uma substitui\u00e7\u00e3o for necess\u00e1ria, oferecemos uma ampla gama de op\u00e7\u00f5es que podem atender a quaisquer requisitos espec\u00edficos. Nossa equipe de especialistas est\u00e1 sempre dispon\u00edvel para ajudar a selecionar a melhor caixa de engrenagens de substitui\u00e7\u00e3o para suas necessidades espec\u00edficas.<\/p>\n<h2>Outros produtos<\/h2>\n<p>Al\u00e9m da nossa caixa de engrenagens sem-fim, oferecemos uma ampla gama de produtos de engrenagens pl\u00e1sticas de alta qualidade para v\u00e1rias aplica\u00e7\u00f5es industriais. Nossa gama de produtos inclui:<\/p>\n<ul>\n<li>Caixas de engrenagens agr\u00edcolas<\/li>\n<li>Eixos de sa\u00edda de pot\u00eancia<\/li>\n<li>Rodas dentadas<\/li>\n<li>Acoplamentos de fluidos<\/li>\n<li>Redutores de engrenagem sem-fim<\/li>\n<li>Engrenagens e cremalheiras<\/li>\n<li>Correntes destac\u00e1veis<\/li>\n<li>Polias e roldanas<\/li>\n<li>Caixas de engrenagens planet\u00e1rias<\/li>\n<li>Polias de sincroniza\u00e7\u00e3o<\/li>\n<li>Buchas<\/li>\n<\/ul>\n<p>Temos orgulho em oferecer produtos de alta qualidade a um pre\u00e7o favor\u00e1vel, com atendimento ao cliente excepcional. Damos boas-vindas aos clientes para que venham at\u00e9 n\u00f3s em busca de solu\u00e7\u00f5es personalizadas com base em suas necessidades espec\u00edficas.<\/p>\n<h2>Perguntas e respostas<\/h2>\n<h3>1. Por que as caixas de engrenagens sem-fim s\u00e3o a escolha ideal para m\u00e1quinas de lavagem autom\u00e1tica de carros?<\/h3>\n<p>As caixas de engrenagens sem-fim s\u00e3o a escolha ideal para m\u00e1quinas de lavagem autom\u00e1tica de carros porque permitem uma opera\u00e7\u00e3o suave e eficiente, transmitindo pot\u00eancia entre eixos n\u00e3o interseccionados.<\/p>\n<h3>2. Quais materiais s\u00e3o usados para fazer caixas de engrenagens sem-fim?<\/h3>\n<p>As caixas de engrenagens sem-fim s\u00e3o feitas de materiais de alta qualidade, como ferro fundido, alum\u00ednio e a\u00e7o, dependendo da aplica\u00e7\u00e3o espec\u00edfica e do desempenho necess\u00e1rio.<\/p>\n<h3>3. Como fa\u00e7o para instalar e manter minha caixa de engrenagens sem-fim?<\/h3>\n<p>Nossa caixa de engrenagens sem-fim \u00e9 projetada para f\u00e1cil instala\u00e7\u00e3o, manuten\u00e7\u00e3o e reparo. A manuten\u00e7\u00e3o regular garantir\u00e1 desempenho ideal e uma vida \u00fatil mais longa. Nossa equipe de especialistas est\u00e1 sempre dispon\u00edvel para fornecer suporte e servi\u00e7os de reparo.<\/p>\n<h3>4. Quais outros produtos a empresa oferece?<\/h3>\n<p>A empresa oferece uma ampla gama de produtos de engrenagens pl\u00e1sticas de alta qualidade para diversas aplica\u00e7\u00f5es industriais, incluindo caixas de engrenagens agr\u00edcolas, eixos de sa\u00edda de pot\u00eancia, rodas dentadas, acoplamentos de fluidos, redutores de engrenagem sem-fim, engrenagens e cremalheiras, correntes destac\u00e1veis, polias e polias, caixas de engrenagens planet\u00e1rias, polias de sincroniza\u00e7\u00e3o e buchas.<\/p>\n<h3>5. Posso obter solu\u00e7\u00f5es personalizadas com base nas minhas necessidades espec\u00edficas?<\/h3>\n<p>Sim, oferecemos solu\u00e7\u00f5es personalizadas com base em necessidades espec\u00edficas. Nossa equipe de especialistas est\u00e1 sempre dispon\u00edvel para auxiliar os clientes a selecionar o melhor produto para suas necessidades espec\u00edficas.<\/p>","protected":false},"excerpt":{"rendered":"<p>Worm Gearbox For Automatic Car Wash Machine Our worm gearbox is the perfect solution for automatic car wash machines. It&#8217;s an essential component that allows for smooth and efficient operation. The gearbox is designed to transmit power between nonintersecting shafts, making it an ideal choice for a wide range of applications. History and Classification Worm [&hellip;]<\/p>","protected":false},"featured_media":3121,"template":"","meta":{"_et_pb_use_builder":"","_et_pb_old_content":"","_et_gb_content_width":""},"product_brand":[],"product_cat":[11281],"product_tag":[],"class_list":{"0":"post-3122","1":"product","2":"type-product","3":"status-publish","4":"has-post-thumbnail","6":"product_cat-worm-gearbox","8":"first","9":"instock","10":"shipping-taxable","11":"product-type-simple"},"_links":{"self":[{"href":"https:\/\/agricultural-gear-boxes.com\/pt\/wp-json\/wp\/v2\/product\/3122","targetHints":{"allow":["GET"]}}],"collection":[{"href":"https:\/\/agricultural-gear-boxes.com\/pt\/wp-json\/wp\/v2\/product"}],"about":[{"href":"https:\/\/agricultural-gear-boxes.com\/pt\/wp-json\/wp\/v2\/types\/product"}],"wp:featuredmedia":[{"embeddable":true,"href":"https:\/\/agricultural-gear-boxes.com\/pt\/wp-json\/wp\/v2\/media\/3121"}],"wp:attachment":[{"href":"https:\/\/agricultural-gear-boxes.com\/pt\/wp-json\/wp\/v2\/media?parent=3122"}],"wp:term":[{"taxonomy":"product_brand","embeddable":true,"href":"https:\/\/agricultural-gear-boxes.com\/pt\/wp-json\/wp\/v2\/product_brand?post=3122"},{"taxonomy":"product_cat","embeddable":true,"href":"https:\/\/agricultural-gear-boxes.com\/pt\/wp-json\/wp\/v2\/product_cat?post=3122"},{"taxonomy":"product_tag","embeddable":true,"href":"https:\/\/agricultural-gear-boxes.com\/pt\/wp-json\/wp\/v2\/product_tag?post=3122"}],"curies":[{"name":"wp","href":"https:\/\/api.w.org\/{rel}","templated":true}]}}