{"id":3138,"date":"2024-08-20T05:43:30","date_gmt":"2024-08-20T05:43:30","guid":{"rendered":"https:\/\/agricultural-gear-boxes.com\/product\/worm-reducer-for-continuous-casting-machine\/"},"modified":"2024-08-20T05:43:31","modified_gmt":"2024-08-20T05:43:31","slug":"worm-reducer-for-continuous-casting-machine","status":"publish","type":"product","link":"https:\/\/agricultural-gear-boxes.com\/pt\/product\/worm-reducer-for-continuous-casting-machine\/","title":{"rendered":"Redutor de sem-fim para m\u00e1quina de fundi\u00e7\u00e3o cont\u00ednua"},"content":{"rendered":"<h2>Redutor de rosca sem-fim para m\u00e1quina de fundi\u00e7\u00e3o cont\u00ednua: um equipamento de transmiss\u00e3o dur\u00e1vel e eficiente<\/h2>\n<p>\nO redutor de sem-fim para m\u00e1quina de fundi\u00e7\u00e3o cont\u00ednua \u00e9 um equipamento de transmiss\u00e3o dupla projetado com sem-fim e roda sem-fim. Sua estrutura compacta e fun\u00e7\u00e3o de autotravamento o tornam uma escolha preferida para v\u00e1rias aplica\u00e7\u00f5es de transmiss\u00e3o. O redutor de engrenagem tem uma grande taxa de transmiss\u00e3o, vibra\u00e7\u00e3o leve, baixo ru\u00eddo de funcionamento e baixo consumo de energia. \u00c9 amplamente utilizado em muitas ind\u00fastrias, como metalurgia, minera\u00e7\u00e3o e constru\u00e7\u00e3o, para conectar m\u00e1quinas de trabalho e transmitir energia.\n<\/p>\n<h3>Vantagens do redutor de sem-fim para m\u00e1quina de fundi\u00e7\u00e3o cont\u00ednua<\/h3>\n<ul>\n<li>Alta efici\u00eancia<\/li>\n<li>Longa vida \u00fatil<\/li>\n<li>F\u00e1cil de conectar a m\u00e1quinas em funcionamento<\/li>\n<li>Estrutura compacta<\/li>\n<li>Fun\u00e7\u00e3o de autobloqueio<\/li>\n<li>Baixo ru\u00eddo de funcionamento<\/li>\n<li>Baixo consumo de energia<\/li>\n<\/ul>\n<h3>Classifica\u00e7\u00e3o do redutor sem-fim para m\u00e1quina de fundi\u00e7\u00e3o cont\u00ednua<\/h3>\n<p>\nO redutor sem-fim para m\u00e1quina de fundi\u00e7\u00e3o cont\u00ednua pode ser classificado em diferentes tipos com base em seu CD (mm), raz\u00e3o, pot\u00eancia de entrada, velocidade de entrada, efici\u00eancia de transmiss\u00e3o e temperatura de \u00f3leo de trabalho permitida, etc. A Ever-Power Machinery, fornecedora l\u00edder de redutores sem-fim no mercado, fornece uma variedade de redutores sem-fim para os clientes escolherem, como RD-11-4.5-\u2162, RD-11-7.5, RD-11-10.5 e RD-11-12.5, etc.\n<\/p>\n<h3>Materiais do redutor de sem-fim para m\u00e1quina de fundi\u00e7\u00e3o cont\u00ednua<\/h3>\n<p>\nO alojamento do redutor sem-fim \u00e9 feito de fundi\u00e7\u00e3o em areia revestida de resina, o que lhe d\u00e1 uma apar\u00eancia art\u00edstica e garante a durabilidade do produto. A caixa de engrenagens \u00e9 feita de materiais de alta qualidade para garantir excelente desempenho e longa vida \u00fatil.\n<\/p>\n<h3>Instala\u00e7\u00e3o, Manuten\u00e7\u00e3o, Reparo e Substitui\u00e7\u00e3o de Redutor de Sem-fim para M\u00e1quina de Fundi\u00e7\u00e3o Cont\u00ednua<\/h3>\n<p>\nA instala\u00e7\u00e3o do redutor sem-fim para m\u00e1quina de fundi\u00e7\u00e3o cont\u00ednua \u00e9 relativamente simples. \u00c9 uma estrutura montada no eixo que pode ser conectada diretamente \u00e0 m\u00e1quina de trabalho. A manuten\u00e7\u00e3o regular \u00e9 necess\u00e1ria para garantir o bom funcionamento da caixa de engrenagens. \u00c9 recomendado usar \u00f3leo lubrificante com viscosidade apropriada e trocar o \u00f3leo regularmente. Se houver algum som ou vibra\u00e7\u00e3o anormal durante a opera\u00e7\u00e3o, ele deve ser reparado a tempo. Ao substituir o redutor sem-fim, \u00e9 importante garantir que o produto de substitui\u00e7\u00e3o tenha o mesmo desempenho ou superior ao original.\n<\/p>\n<h3>Outros produtos fornecidos pela Ever-Power Machinery<\/h3>\n<p>\nAl\u00e9m de redutores de sem-fim, a Ever-Power Machinery tamb\u00e9m fornece v\u00e1rias engrenagens de pl\u00e1stico usadas na ind\u00fastria, como caixas de engrenagens agr\u00edcolas, eixos de sa\u00edda de pot\u00eancia, rodas dentadas, acoplamentos de fluido, engrenagens e cremalheiras, correntes destac\u00e1veis, polias e polias, caixas de engrenagens planet\u00e1rias, polias de sincroniza\u00e7\u00e3o, buchas e muito mais. N\u00f3s sempre fornecemos produtos de alta qualidade a pre\u00e7os favor\u00e1veis e oferecemos servi\u00e7os atenciosos aos nossos clientes. Tamb\u00e9m damos as boas-vindas aos clientes para nos procurar para personaliza\u00e7\u00e3o de desenho ou amostra.\n<\/p>\n<h2>Perguntas e respostas<\/h2>\n<h3>Quais s\u00e3o as vantagens do redutor sem-fim para m\u00e1quina de fundi\u00e7\u00e3o cont\u00ednua?<\/h3>\n<p>\nO redutor sem-fim para m\u00e1quina de fundi\u00e7\u00e3o cont\u00ednua tem muitas vantagens, como alta efici\u00eancia, longa vida \u00fatil, f\u00e1cil conex\u00e3o com m\u00e1quinas de trabalho, estrutura compacta, fun\u00e7\u00e3o de autotravamento, baixo ru\u00eddo de funcionamento e baixo consumo de energia, etc.\n<\/p>\n<h3>Quais s\u00e3o os cen\u00e1rios de uso comuns do redutor sem-fim para m\u00e1quinas de fundi\u00e7\u00e3o cont\u00ednua?<\/h3>\n<p>\nO redutor sem-fim para m\u00e1quina de fundi\u00e7\u00e3o cont\u00ednua \u00e9 amplamente utilizado em muitos setores, como metalurgia, minera\u00e7\u00e3o e constru\u00e7\u00e3o, para conectar m\u00e1quinas de trabalho e transmitir energia.\n<\/p>\n<h3>Quais materiais s\u00e3o usados para fazer redutores sem-fim para m\u00e1quinas de fundi\u00e7\u00e3o cont\u00ednua?<\/h3>\n<p>\nA carca\u00e7a do redutor sem-fim \u00e9 feita de fundi\u00e7\u00e3o em areia revestida de resina, e a caixa de engrenagens \u00e9 feita de materiais de alta qualidade para garantir excelente desempenho e longa vida \u00fatil.\n<\/p>\n<h3>Como instalar redutor sem-fim para m\u00e1quina de fundi\u00e7\u00e3o cont\u00ednua?<\/h3>\n<p>\nA instala\u00e7\u00e3o do redutor de sem-fim para m\u00e1quina de fundi\u00e7\u00e3o cont\u00ednua \u00e9 relativamente simples. \u00c9 uma estrutura montada em eixo que pode ser conectada diretamente \u00e0 maquinaria de trabalho.\n<\/p>\n<h3>Quais outros produtos a Ever-Power Machinery fornece?<\/h3>\n<p>\nA Ever-Power Machinery fornece diversas engrenagens pl\u00e1sticas usadas na ind\u00fastria, como caixas de engrenagens agr\u00edcolas, eixos de sa\u00edda de pot\u00eancia, rodas dentadas, acoplamentos de fluidos, engrenagens e cremalheiras, correntes destac\u00e1veis, polias e polias, caixas de engrenagens planet\u00e1rias, polias de sincroniza\u00e7\u00e3o, buchas e muito mais.<\/p>","protected":false},"excerpt":{"rendered":"<p>Worm Reducer For Continuous Casting Machine: A Durable and Efficient Transmission Equipment Worm reducer for continuous casting machine is a double transmission equipment designed with worm and worm wheel. Its compact structure and self-locking function make it a preferred choice for various transmission applications. The gear reducer has a large transmission ratio, slight vibrating, low [&hellip;]<\/p>","protected":false},"featured_media":3137,"template":"","meta":{"_et_pb_use_builder":"","_et_pb_old_content":"","_et_gb_content_width":""},"product_brand":[],"product_cat":[11281],"product_tag":[],"class_list":{"0":"post-3138","1":"product","2":"type-product","3":"status-publish","4":"has-post-thumbnail","6":"product_cat-worm-gearbox","8":"first","9":"instock","10":"shipping-taxable","11":"product-type-simple"},"_links":{"self":[{"href":"https:\/\/agricultural-gear-boxes.com\/pt\/wp-json\/wp\/v2\/product\/3138","targetHints":{"allow":["GET"]}}],"collection":[{"href":"https:\/\/agricultural-gear-boxes.com\/pt\/wp-json\/wp\/v2\/product"}],"about":[{"href":"https:\/\/agricultural-gear-boxes.com\/pt\/wp-json\/wp\/v2\/types\/product"}],"wp:featuredmedia":[{"embeddable":true,"href":"https:\/\/agricultural-gear-boxes.com\/pt\/wp-json\/wp\/v2\/media\/3137"}],"wp:attachment":[{"href":"https:\/\/agricultural-gear-boxes.com\/pt\/wp-json\/wp\/v2\/media?parent=3138"}],"wp:term":[{"taxonomy":"product_brand","embeddable":true,"href":"https:\/\/agricultural-gear-boxes.com\/pt\/wp-json\/wp\/v2\/product_brand?post=3138"},{"taxonomy":"product_cat","embeddable":true,"href":"https:\/\/agricultural-gear-boxes.com\/pt\/wp-json\/wp\/v2\/product_cat?post=3138"},{"taxonomy":"product_tag","embeddable":true,"href":"https:\/\/agricultural-gear-boxes.com\/pt\/wp-json\/wp\/v2\/product_tag?post=3138"}],"curies":[{"name":"wp","href":"https:\/\/api.w.org\/{rel}","templated":true}]}}