{"id":3140,"date":"2024-08-20T05:43:32","date_gmt":"2024-08-20T05:43:32","guid":{"rendered":"https:\/\/agricultural-gear-boxes.com\/product\/worm-gear-reducers-for-hoists\/"},"modified":"2024-08-20T05:43:33","modified_gmt":"2024-08-20T05:43:33","slug":"worm-gear-reducers-for-hoists","status":"publish","type":"product","link":"https:\/\/agricultural-gear-boxes.com\/pt\/product\/worm-gear-reducers-for-hoists\/","title":{"rendered":"Redutores de engrenagem sem-fim para talhas"},"content":{"rendered":"<h2>Redutores de engrenagem sem-fim para talhas: solu\u00e7\u00f5es dur\u00e1veis e confi\u00e1veis para suas necessidades de infraestrutura e mar\u00edtimas<\/h2>\n<p>Redutores de engrenagem sem-fim para talhas s\u00e3o um componente essencial de qualquer infraestrutura e aplica\u00e7\u00e3o mar\u00edtima. Na Ever-Power, fornecemos talhas de engrenagem sem-fim personalizadas que oferecem a durabilidade e a confiabilidade de que voc\u00ea precisa. Com classifica\u00e7\u00f5es de torque de sa\u00edda variando de 3000 pol-lbs (340 Nm) a 45.000 pol-lbs (5114 Nm), nossas talhas de engrenagem sem-fim podem lidar com uma ampla gama de requisitos.<\/p>\n<h3>Cen\u00e1rios de uso comum<\/h3>\n<p>Nossos redutores de engrenagem sem-fim para talhas s\u00e3o comumente usados nos mercados de infraestrutura e mar\u00edtimo. Esses talhas de engrenagem sem-fim s\u00e3o feitos sob medida para cada aplica\u00e7\u00e3o e podem lidar com uma ampla gama de requisitos. Nossos redutores de engrenagem sem-fim para talhas s\u00e3o feitos para durar e podem fornecer uma solu\u00e7\u00e3o confi\u00e1vel para qualquer aplica\u00e7\u00e3o que exija levantamento pesado.<\/p>\n<h3>Vantagens<\/h3>\n<ul>\n<li>Dur\u00e1vel e confi\u00e1vel<\/li>\n<li>Feito sob medida para cada aplica\u00e7\u00e3o<\/li>\n<li>Pode lidar com uma ampla gama de requisitos<\/li>\n<li>Feito para durar<\/li>\n<\/ul>\n<h3>Materiais<\/h3>\n<p>Nossos redutores de engrenagem sem-fim para talhas s\u00e3o feitos de materiais de alta qualidade que podem suportar cargas pesadas. Os materiais usados para fazer nossas talhas de engrenagem sem-fim incluem:<\/p>\n<ul>\n<li>A\u00e7o<\/li>\n<li>Ferro fundido<\/li>\n<li>Alum\u00ednio<\/li>\n<\/ul>\n<h3>Instala\u00e7\u00e3o, Manuten\u00e7\u00e3o e Reparo<\/h3>\n<p>Instala\u00e7\u00e3o, manuten\u00e7\u00e3o e reparo adequados s\u00e3o essenciais para garantir o desempenho de longo prazo de nossos redutores de engrenagem sem-fim para talhas. Aqui est\u00e3o algumas dicas para manter em mente:<\/p>\n<ul>\n<li>Always follow the manufacturer&#8217;s instructions when installing a worm gear hoist.<\/li>\n<li>A manuten\u00e7\u00e3o regular \u00e9 essencial para manter seu guincho de engrenagem sem-fim em boas condi\u00e7\u00f5es de funcionamento. Isso inclui limpeza e lubrifica\u00e7\u00e3o.<\/li>\n<li>Se o seu guincho de engrenagem helicoidal precisar de reparo, consulte sempre um t\u00e9cnico qualificado.<\/li>\n<li>If replacement is necessary, follow the manufacturer&#8217;s instructions to ensure proper installation.<\/li>\n<\/ul>\n<h3>Outros produtos<\/h3>\n<p>A Ever-Power oferece uma ampla gama de produtos para todas as suas necessidades industriais. Al\u00e9m de redutores de engrenagem sem-fim para talhas, fornecemos v\u00e1rias engrenagens de pl\u00e1stico usadas na ind\u00fastria, incluindo caixas de engrenagens agr\u00edcolas, eixos de sa\u00edda de pot\u00eancia, rodas dentadas, acoplamentos de fluido, engrenagens e cremalheiras, correntes destac\u00e1veis, polias, caixas de engrenagens planet\u00e1rias, polias de sincroniza\u00e7\u00e3o, buchas e muito mais. Estamos comprometidos em fornecer produtos de alta qualidade a um pre\u00e7o favor\u00e1vel e com servi\u00e7o atencioso. Damos as boas-vindas aos clientes para nos procurarem para personaliza\u00e7\u00e3o de desenho ou amostra.<\/p>\n<h2>Perguntas e respostas<\/h2>\n<p><strong>P:<\/strong> O que s\u00e3o redutores de engrenagem sem-fim para talhas?<\/p>\n<p><strong>UM:<\/strong> Redutores de engrenagem sem-fim para talhas s\u00e3o um componente essencial de qualquer infraestrutura e aplica\u00e7\u00e3o mar\u00edtima. Essas talhas de engrenagem sem-fim s\u00e3o personalizadas para cada aplica\u00e7\u00e3o e podem lidar com uma ampla gama de requisitos.<\/p>\n<p><strong>P:<\/strong> Quais materiais s\u00e3o usados para fazer redutores de engrenagem sem-fim para talhas?<\/p>\n<p><strong>UM:<\/strong> Os materiais usados para fazer nossos guinchos de engrenagem sem-fim incluem a\u00e7o, ferro fundido e alum\u00ednio.<\/p>\n<p><strong>P:<\/strong> Quais s\u00e3o as vantagens de usar redutores de engrenagem sem-fim para talhas?<\/p>\n<p><strong>UM:<\/strong> As vantagens de usar redutores de engrenagem sem-fim para talhas incluem durabilidade, confiabilidade, fabrica\u00e7\u00e3o personalizada para cada aplica\u00e7\u00e3o, capacidade de lidar com uma ampla gama de requisitos e constru\u00e7\u00e3o para durar.<\/p>\n<p><strong>P:<\/strong> O que devo fazer se meu guincho de engrenagem helicoidal precisar de reparo?<\/p>\n<p><strong>UM:<\/strong> Se o seu guincho de engrenagem helicoidal precisar de reparo, consulte sempre um t\u00e9cnico qualificado.<\/p>\n<p><strong>P:<\/strong> Quais outros produtos a Ever-Power oferece?<\/p>\n<p><strong>UM:<\/strong> A Ever-Power oferece uma ampla gama de produtos para todas as suas necessidades industriais, incluindo caixas de engrenagens agr\u00edcolas, eixos de sa\u00edda de pot\u00eancia, rodas dentadas, acoplamentos de fluidos, engrenagens e cremalheiras, correntes destac\u00e1veis, polias, caixas de engrenagens planet\u00e1rias, polias de sincroniza\u00e7\u00e3o, buchas e muito mais.<\/p>","protected":false},"excerpt":{"rendered":"<p>Worm Gear Reducers For Hoists: Durable and Dependable Solutions for Your Infrastructure and Marine Needs Worm gear reducers for hoists are an essential component of any infrastructure and marine application. At Ever-Power, we provide custom-built worm gear hoists that offer the durability and dependability you need. With output torque ratings ranging from 3000 in-lbs (340 [&hellip;]<\/p>","protected":false},"featured_media":3139,"template":"","meta":{"_et_pb_use_builder":"","_et_pb_old_content":"","_et_gb_content_width":""},"product_brand":[],"product_cat":[11281],"product_tag":[],"class_list":{"0":"post-3140","1":"product","2":"type-product","3":"status-publish","4":"has-post-thumbnail","6":"product_cat-worm-gearbox","8":"first","9":"instock","10":"shipping-taxable","11":"product-type-simple"},"_links":{"self":[{"href":"https:\/\/agricultural-gear-boxes.com\/pt\/wp-json\/wp\/v2\/product\/3140","targetHints":{"allow":["GET"]}}],"collection":[{"href":"https:\/\/agricultural-gear-boxes.com\/pt\/wp-json\/wp\/v2\/product"}],"about":[{"href":"https:\/\/agricultural-gear-boxes.com\/pt\/wp-json\/wp\/v2\/types\/product"}],"wp:featuredmedia":[{"embeddable":true,"href":"https:\/\/agricultural-gear-boxes.com\/pt\/wp-json\/wp\/v2\/media\/3139"}],"wp:attachment":[{"href":"https:\/\/agricultural-gear-boxes.com\/pt\/wp-json\/wp\/v2\/media?parent=3140"}],"wp:term":[{"taxonomy":"product_brand","embeddable":true,"href":"https:\/\/agricultural-gear-boxes.com\/pt\/wp-json\/wp\/v2\/product_brand?post=3140"},{"taxonomy":"product_cat","embeddable":true,"href":"https:\/\/agricultural-gear-boxes.com\/pt\/wp-json\/wp\/v2\/product_cat?post=3140"},{"taxonomy":"product_tag","embeddable":true,"href":"https:\/\/agricultural-gear-boxes.com\/pt\/wp-json\/wp\/v2\/product_tag?post=3140"}],"curies":[{"name":"wp","href":"https:\/\/api.w.org\/{rel}","templated":true}]}}