{"id":3144,"date":"2024-08-20T05:43:36","date_gmt":"2024-08-20T05:43:36","guid":{"rendered":"https:\/\/agricultural-gear-boxes.com\/product\/stainless-steel-worm-reducers\/"},"modified":"2024-08-20T05:43:37","modified_gmt":"2024-08-20T05:43:37","slug":"stainless-steel-worm-reducers","status":"publish","type":"product","link":"https:\/\/agricultural-gear-boxes.com\/pt\/product\/stainless-steel-worm-reducers\/","title":{"rendered":"Redutores de rosca sem-fim de a\u00e7o inoxid\u00e1vel"},"content":{"rendered":"<h2>Redutores de rosca sem-fim de a\u00e7o inoxid\u00e1vel: a solu\u00e7\u00e3o definitiva para prote\u00e7\u00e3o contra corros\u00e3o<\/h2>\n<p>Os redutores de sem-fim de a\u00e7o inoxid\u00e1vel s\u00e3o a escolha ideal para ind\u00fastrias que exigem prote\u00e7\u00e3o superior contra corros\u00e3o. Com suas propriedades \u00e0 prova de ferrugem e capacidade de suportar at\u00e9 mesmo as condi\u00e7\u00f5es mais severas, esses redutores oferecem durabilidade inigual\u00e1vel. O inv\u00f3lucro de a\u00e7o inoxid\u00e1vel, a tampa e o hardware externo garantem uma vida \u00fatil excepcionalmente longa, tornando-os uma solu\u00e7\u00e3o confi\u00e1vel para v\u00e1rias aplica\u00e7\u00f5es.<\/p>\n<h3>Vantagens dos redutores de rosca sem-fim de a\u00e7o inoxid\u00e1vel:<\/h3>\n<ul>\n<li>Resist\u00eancia incompar\u00e1vel \u00e0 corros\u00e3o, gra\u00e7as \u00e0 caixa e tampas de a\u00e7o inoxid\u00e1vel 316 projetadas para suportar ambientes extremos.<\/li>\n<li>Enchido de f\u00e1brica com lubrificante premium Mobil Glygoyle 460 polialcalinoglicol, aprovado pela Classe H1 do USDA, garantindo desempenho e longevidade ideais.<\/li>\n<li>Vent-free &#8220;sealed-for-life&#8221; design featuring Enviroseal technology, preventing any moisture intrusion and ensuring a maintenance-free operation.<\/li>\n<li>As veda\u00e7\u00f5es de l\u00e1bio duplo Viton\u00ae proporcionam vida \u00fatil prolongada ao aumentar a resist\u00eancia a altas temperaturas, abras\u00e3o e produtos qu\u00edmicos.<\/li>\n<li>An O-ring on the face of the input flange offers a positive seal against moisture intrusion, further enhancing the reducer&#8217;s protection.<\/li>\n<li>Um eixo de sa\u00edda de a\u00e7o inoxid\u00e1vel 303 garante durabilidade e confiabilidade.<\/li>\n<li>Minhocas cuidadosamente cortadas, tratadas termicamente, mo\u00eddas e polidas garantem uma opera\u00e7\u00e3o eficiente e silenciosa.<\/li>\n<\/ul>\n<h3>Instala\u00e7\u00e3o, manuten\u00e7\u00e3o e reparo:<\/h3>\n<p>Installing stainless steel worm reducers is a straightforward process. Simply follow the manufacturer&#8217;s instructions for mounting and alignment. Proper maintenance involves regular inspection of seals, lubrication, and checking for any signs of wear or damage. In the event of repairs, it is recommended to consult the manufacturer&#8217;s manual or seek professional assistance to ensure correct procedures are followed.<\/p>\n<h3>Flexibilidade de substitui\u00e7\u00e3o e aplica\u00e7\u00e3o:<\/h3>\n<p>Os redutores de sem-fim de a\u00e7o inoxid\u00e1vel oferecem a m\u00e1xima flexibilidade de aplica\u00e7\u00e3o. Com provis\u00f5es de montagem em todos os \u00e2ngulos, uma ampla sele\u00e7\u00e3o de bases e flanges de acess\u00f3rios e a maior variedade de estilos de redutores de estoque, esses redutores podem ser facilmente integrados em v\u00e1rios ambientes industriais. Suas dimens\u00f5es de montagem intercambi\u00e1veis com a maioria dos redutores padr\u00e3o da ind\u00fastria permitem substitui\u00e7\u00f5es perfeitas.<\/p>\n<h2>Company&#8217;s Range of Products<\/h2>\n<p>Nossa empresa n\u00e3o \u00e9 apenas especializada em redutores de sem-fim de a\u00e7o inoxid\u00e1vel, mas tamb\u00e9m fornece uma gama abrangente de engrenagens de pl\u00e1stico de alta qualidade usadas em v\u00e1rios setores. Nossas ofertas de produtos incluem caixas de engrenagens agr\u00edcolas, eixos de sa\u00edda de pot\u00eancia, rodas dentadas, acoplamentos de fluido, redutores de engrenagem sem-fim, engrenagens e cremalheiras, correntes destac\u00e1veis, polias e polias, caixas de engrenagens planet\u00e1rias, polias de sincroniza\u00e7\u00e3o, buchas e muito mais. Temos orgulho em fornecer produtos de primeira linha a pre\u00e7os competitivos, apoiados por um servi\u00e7o de atendimento ao cliente excepcional. Damos as boas-vindas aos clientes para explorar nossa ampla gama de produtos e oferecemos op\u00e7\u00f5es de personaliza\u00e7\u00e3o com base em requisitos espec\u00edficos.<\/p>\n<h2>Perguntas e respostas:<\/h2>\n<ol>\n<li>\n<h3>O que torna os redutores de rosca sem-fim de a\u00e7o inoxid\u00e1vel superiores?<\/h3>\n<p>Os redutores sem-fim de a\u00e7o inoxid\u00e1vel se destacam em termos de prote\u00e7\u00e3o contra corros\u00e3o devido \u00e0s suas propriedades antiferrugem e capacidade de suportar condi\u00e7\u00f5es adversas.<\/p>\n<\/li>\n<li>\n<h3>Redutores de rosca sem-fim de a\u00e7o inoxid\u00e1vel podem ser usados em ambientes extremos?<\/h3>\n<p>Sim, esses redutores s\u00e3o projetados especificamente para suportar ambientes extremos, gra\u00e7as ao seu inv\u00f3lucro e tampas de a\u00e7o inoxid\u00e1vel 316.<\/p>\n<\/li>\n<li>\n<h3>Os redutores sem-fim de a\u00e7o inoxid\u00e1vel exigem manuten\u00e7\u00e3o regular?<\/h3>\n<p>Redutores de sem-fim de a\u00e7o inoxid\u00e1vel s\u00e3o virtualmente livres de manuten\u00e7\u00e3o. No entanto, a inspe\u00e7\u00e3o regular de veda\u00e7\u00f5es e lubrifica\u00e7\u00e3o \u00e9 recomendada para garantir o desempenho ideal.<\/p>\n<\/li>\n<li>\n<h3>Os redutores de rosca sem-fim de a\u00e7o inoxid\u00e1vel podem ser substitu\u00eddos facilmente?<\/h3>\n<p>Sim, os redutores sem-fim de a\u00e7o inoxid\u00e1vel t\u00eam dimens\u00f5es de montagem intercambi\u00e1veis com a maioria dos redutores padr\u00e3o da ind\u00fastria, tornando a substitui\u00e7\u00e3o um processo perfeito.<\/p>\n<\/li>\n<li>\n<h3>Que outros produtos sua empresa oferece?<\/h3>\n<p>Al\u00e9m de redutores sem-fim de a\u00e7o inoxid\u00e1vel, nossa empresa fornece uma ampla gama de engrenagens pl\u00e1sticas de alta qualidade, adequadas para diversas aplica\u00e7\u00f5es industriais.<\/p>\n<\/li>\n<\/ol>","protected":false},"excerpt":{"rendered":"<p>Stainless Steel Worm Reducers: The Ultimate Solution for Corrosion Protection Stainless steel worm reducers are the ideal choice for industries that require superior corrosion protection. With their rust-proof properties and ability to withstand even the harshest conditions, these reducers offer unmatched durability. The stainless steel housing, cover, and external hardware ensure an exceptionally long lifespan, [&hellip;]<\/p>","protected":false},"featured_media":3143,"template":"","meta":{"_et_pb_use_builder":"","_et_pb_old_content":"","_et_gb_content_width":""},"product_brand":[],"product_cat":[11281],"product_tag":[],"class_list":{"0":"post-3144","1":"product","2":"type-product","3":"status-publish","4":"has-post-thumbnail","6":"product_cat-worm-gearbox","8":"first","9":"instock","10":"shipping-taxable","11":"product-type-simple"},"_links":{"self":[{"href":"https:\/\/agricultural-gear-boxes.com\/pt\/wp-json\/wp\/v2\/product\/3144","targetHints":{"allow":["GET"]}}],"collection":[{"href":"https:\/\/agricultural-gear-boxes.com\/pt\/wp-json\/wp\/v2\/product"}],"about":[{"href":"https:\/\/agricultural-gear-boxes.com\/pt\/wp-json\/wp\/v2\/types\/product"}],"wp:featuredmedia":[{"embeddable":true,"href":"https:\/\/agricultural-gear-boxes.com\/pt\/wp-json\/wp\/v2\/media\/3143"}],"wp:attachment":[{"href":"https:\/\/agricultural-gear-boxes.com\/pt\/wp-json\/wp\/v2\/media?parent=3144"}],"wp:term":[{"taxonomy":"product_brand","embeddable":true,"href":"https:\/\/agricultural-gear-boxes.com\/pt\/wp-json\/wp\/v2\/product_brand?post=3144"},{"taxonomy":"product_cat","embeddable":true,"href":"https:\/\/agricultural-gear-boxes.com\/pt\/wp-json\/wp\/v2\/product_cat?post=3144"},{"taxonomy":"product_tag","embeddable":true,"href":"https:\/\/agricultural-gear-boxes.com\/pt\/wp-json\/wp\/v2\/product_tag?post=3144"}],"curies":[{"name":"wp","href":"https:\/\/api.w.org\/{rel}","templated":true}]}}