{"id":3146,"date":"2024-08-20T05:43:38","date_gmt":"2024-08-20T05:43:38","guid":{"rendered":"https:\/\/agricultural-gear-boxes.com\/product\/cast-iron-worm-reducers\/"},"modified":"2024-08-20T05:43:39","modified_gmt":"2024-08-20T05:43:39","slug":"cast-iron-worm-reducers","status":"publish","type":"product","link":"https:\/\/agricultural-gear-boxes.com\/pt\/product\/cast-iron-worm-reducers\/","title":{"rendered":"Redutores de sem-fim de ferro fundido"},"content":{"rendered":"<h2>Redutores de sem-fim de ferro fundido: solu\u00e7\u00e3o dur\u00e1vel e eficiente para transmiss\u00e3o de energia<\/h2>\n<p>Redutores de sem-fim de ferro fundido s\u00e3o amplamente usados em muitas ind\u00fastrias para transmiss\u00e3o de energia. Eles s\u00e3o projetados para fornecer excelente desempenho, efici\u00eancia e durabilidade. Em nossa empresa, produzimos diferentes tipos de redutores de sem-fim de ferro fundido que atendem a v\u00e1rias necessidades de aplica\u00e7\u00e3o.<\/p>\n<h3>Vantagens dos redutores sem-fim de ferro fundido<\/h3>\n<ul>\n<li>Material dur\u00e1vel: o ferro fundido \u00e9 um material forte e resistente ao desgaste que pode suportar cargas pesadas e altas temperaturas.<\/li>\n<li>Transmiss\u00e3o de pot\u00eancia eficiente: os redutores sem-fim t\u00eam uma alta taxa de redu\u00e7\u00e3o, proporcionando uma transmiss\u00e3o de pot\u00eancia suave e eficiente.<\/li>\n<li>Baixo ru\u00eddo e vibra\u00e7\u00e3o: Devido ao seu design e material, os redutores sem-fim de ferro fundido operam silenciosamente e com baixa vibra\u00e7\u00e3o.<\/li>\n<li>F\u00e1cil de instalar e manter: Os redutores sem-fim de ferro fundido s\u00e3o f\u00e1ceis de instalar, manter e reparar, o que reduz o tempo de inatividade e os custos de manuten\u00e7\u00e3o.<\/li>\n<\/ul>\n<h3>Tipos de redutores de sem-fim de ferro fundido<\/h3>\n<p>Nossa empresa oferece uma ampla gama de redutores sem-fim de ferro fundido, incluindo:<\/p>\n<ul>\n<li>Redutores de sem-fim de redu\u00e7\u00e3o simples<\/li>\n<li>Redutores de sem-fim de dupla redu\u00e7\u00e3o<\/li>\n<li>Redutores de eixo oco sem-fim<\/li>\n<li>Redutores sem-fim montados em flange<\/li>\n<li>Redutores de sem-fim montados no p\u00e9<\/li>\n<\/ul>\n<h3>Como instalar e manter redutores de rosca sem-fim de ferro fundido<\/h3>\n<p>A instala\u00e7\u00e3o e manuten\u00e7\u00e3o de redutores sem-fim de ferro fundido \u00e9 um processo simples que pode ser feito seguindo estas etapas:<\/p>\n<ol>\n<li>Escolha o tipo certo de redutor de rosca sem-fim para sua aplica\u00e7\u00e3o<\/li>\n<li>Garanta o alinhamento e a montagem adequados<\/li>\n<li>Verifique os n\u00edveis de \u00f3leo e troque o \u00f3leo regularmente<\/li>\n<li>Inspecione e substitua pe\u00e7as desgastadas ou danificadas<\/li>\n<\/ol>\n<h3>Outros produtos oferecidos pela nossa empresa<\/h3>\n<p>Al\u00e9m de redutores de sem-fim de ferro fundido, nossa empresa tamb\u00e9m fornece v\u00e1rias engrenagens de pl\u00e1stico usadas em ind\u00fastrias como caixas de engrenagens agr\u00edcolas, eixos de sa\u00edda de pot\u00eancia, rodas dentadas, acoplamentos de fluido, engrenagens e cremalheiras, correntes destac\u00e1veis, polias e polias, caixas de engrenagens planet\u00e1rias, polias de sincroniza\u00e7\u00e3o, buchas e muito mais. Temos orgulho em fornecer produtos de alta qualidade a um pre\u00e7o favor\u00e1vel com excelente atendimento ao cliente. Damos as boas-vindas aos clientes para virem at\u00e9 n\u00f3s para desenho ou personaliza\u00e7\u00e3o de amostra.<\/p>\n<h2>Perguntas e respostas<\/h2>\n<h3>1. O que \u00e9 um redutor sem-fim de ferro fundido?<\/h3>\n<p>Um redutor de sem-fim de ferro fundido \u00e9 um tipo de redutor de engrenagem projetado para fornecer transmiss\u00e3o de pot\u00eancia eficiente e dur\u00e1vel. \u00c9 feito de ferro fundido, um material forte e resistente ao desgaste que pode suportar cargas pesadas e altas temperaturas.<\/p>\n<h3>2. Quais s\u00e3o as vantagens dos redutores sem-fim de ferro fundido?<\/h3>\n<p>As vantagens dos redutores sem-fim de ferro fundido incluem seu material dur\u00e1vel, transmiss\u00e3o de energia eficiente, baixo ru\u00eddo e vibra\u00e7\u00e3o e facilidade de instala\u00e7\u00e3o e manuten\u00e7\u00e3o.<\/p>\n<h3>3. Que tipos de redutores sem-fim de ferro fundido est\u00e3o dispon\u00edveis?<\/h3>\n<p>Existem diferentes tipos de redutores sem-fim de ferro fundido dispon\u00edveis, incluindo redutores sem-fim de redu\u00e7\u00e3o simples, redutores sem-fim de redu\u00e7\u00e3o dupla, redutores sem-fim de eixo oco, redutores sem-fim montados em flange e redutores sem-fim montados em p\u00e9.<\/p>\n<h3>4. Como fa\u00e7o para instalar e manter um redutor sem-fim de ferro fundido?<\/h3>\n<p>Para instalar e manter um redutor sem-fim de ferro fundido, voc\u00ea precisa escolher o tipo certo para sua aplica\u00e7\u00e3o, garantir o alinhamento e a montagem adequados, verificar os n\u00edveis de \u00f3leo e troc\u00e1-lo regularmente, al\u00e9m de inspecionar e substituir pe\u00e7as desgastadas ou danificadas.<\/p>\n<h3>5. Que outros produtos sua empresa oferece?<\/h3>\n<p>Nossa empresa oferece diversas engrenagens pl\u00e1sticas usadas em ind\u00fastrias como caixas de engrenagens agr\u00edcolas, eixos de sa\u00edda de pot\u00eancia, rodas dentadas, acoplamentos de fluidos, engrenagens e cremalheiras, correntes destac\u00e1veis, polias e polias, caixas de engrenagens planet\u00e1rias, polias de sincroniza\u00e7\u00e3o, buchas e muito mais.<\/p>","protected":false},"excerpt":{"rendered":"<p>Cast Iron Worm Reducers: Durable and Efficient Solution for Power Transmission Cast iron worm reducers are widely used in many industries for power transmission. They are designed to provide excellent performance, efficiency, and durability. At our company, we produce different types of cast iron worm reducers that meet various application needs. Advantages of Cast Iron [&hellip;]<\/p>","protected":false},"featured_media":3145,"template":"","meta":{"_et_pb_use_builder":"","_et_pb_old_content":"","_et_gb_content_width":""},"product_brand":[],"product_cat":[11281],"product_tag":[],"class_list":{"0":"post-3146","1":"product","2":"type-product","3":"status-publish","4":"has-post-thumbnail","6":"product_cat-worm-gearbox","8":"first","9":"instock","10":"shipping-taxable","11":"product-type-simple"},"_links":{"self":[{"href":"https:\/\/agricultural-gear-boxes.com\/pt\/wp-json\/wp\/v2\/product\/3146","targetHints":{"allow":["GET"]}}],"collection":[{"href":"https:\/\/agricultural-gear-boxes.com\/pt\/wp-json\/wp\/v2\/product"}],"about":[{"href":"https:\/\/agricultural-gear-boxes.com\/pt\/wp-json\/wp\/v2\/types\/product"}],"wp:featuredmedia":[{"embeddable":true,"href":"https:\/\/agricultural-gear-boxes.com\/pt\/wp-json\/wp\/v2\/media\/3145"}],"wp:attachment":[{"href":"https:\/\/agricultural-gear-boxes.com\/pt\/wp-json\/wp\/v2\/media?parent=3146"}],"wp:term":[{"taxonomy":"product_brand","embeddable":true,"href":"https:\/\/agricultural-gear-boxes.com\/pt\/wp-json\/wp\/v2\/product_brand?post=3146"},{"taxonomy":"product_cat","embeddable":true,"href":"https:\/\/agricultural-gear-boxes.com\/pt\/wp-json\/wp\/v2\/product_cat?post=3146"},{"taxonomy":"product_tag","embeddable":true,"href":"https:\/\/agricultural-gear-boxes.com\/pt\/wp-json\/wp\/v2\/product_tag?post=3146"}],"curies":[{"name":"wp","href":"https:\/\/api.w.org\/{rel}","templated":true}]}}