{"id":3153,"date":"2024-08-20T05:53:15","date_gmt":"2024-08-20T05:53:15","guid":{"rendered":"https:\/\/agricultural-gear-boxes.com\/product\/planetary-gearboxes-for-slew-drive\/"},"modified":"2024-08-20T05:53:17","modified_gmt":"2024-08-20T05:53:17","slug":"planetary-gearboxes-for-slew-drive","status":"publish","type":"product","link":"https:\/\/agricultural-gear-boxes.com\/pt\/product\/planetary-gearboxes-for-slew-drive\/","title":{"rendered":"Caixas de engrenagens planet\u00e1rias para transmiss\u00e3o de giro"},"content":{"rendered":"<h2>EP700 Planetary GearBoxes For Slew Drive &#8211; Features and Advantages<\/h2>\n<p>Ever-Power Group Co., Ltd. fabrica os acionamentos de giro da s\u00e9rie EP700 que s\u00e3o altamente eficientes e dur\u00e1veis com uma ampla gama de recursos. Essas caixas de engrenagens planet\u00e1rias s\u00e3o projetadas especificamente para uso em acionamentos de giro, que s\u00e3o usados para girar equipamentos pesados como guindastes e escavadeiras. Ever-Power Group Co., Ltd. est\u00e1 no mercado desde 1998 e se tornou um dos principais fabricantes e fornecedores de caixas de engrenagens planet\u00e1rias do mundo. <\/p>\n<h3>EP700 Series Slew Drive &#8211; Features<\/h3>\n<ul>\n<li><strong>Faixa de torque de sa\u00edda<\/strong>: 1000-80000 Nm<\/li>\n<li><strong>Rela\u00e7\u00f5es de transmiss\u00e3o<\/strong>: i=3,3 &#8230; 3000<\/li>\n<li><strong>Apoiar:<\/strong> suporte de giro (com flange montado)<\/li>\n<li><strong>Freio el\u00e9trico<\/strong>: Tipo DC e AC<\/li>\n<li><strong>Eixo de sa\u00edda<\/strong>: estriado ou com pinh\u00e3o integral. Eixos de sa\u00edda suportados por rolamentos de alta capacidade para servi\u00e7o pesado<\/li>\n<li><strong>Motores aplic\u00e1veis:<\/strong> motores hidr\u00e1ulicos de pist\u00e3o axial, motores orbitais hidr\u00e1ulicos, motores el\u00e9tricos IEC <\/li>\n<li><strong>Op\u00e7\u00f5es de motor hidr\u00e1ulico:<\/strong> V\u00e1lvula de al\u00edvio de press\u00e3o, v\u00e1lvula Overcenter, freio de estacionamento mediante solicita\u00e7\u00e3o<\/li>\n<\/ul>\n<h3>EP700 Series Slew Drive &#8211; Advantages<\/h3>\n<ul>\n<li>Altamente eficiente e dur\u00e1vel<\/li>\n<li>Ampla gama de rela\u00e7\u00f5es de transmiss\u00e3o<\/li>\n<li>Pode ser usado com diferentes tipos de motores<\/li>\n<li>Freio el\u00e9trico para maior seguran\u00e7a<\/li>\n<li>Eixos de sa\u00edda de alta resist\u00eancia suportados por rolamentos de alta capacidade<\/li>\n<li>Op\u00e7\u00f5es de motor hidr\u00e1ulico dispon\u00edveis<\/li>\n<\/ul>\n<h3>Instala\u00e7\u00e3o, Manuten\u00e7\u00e3o e Reparo<\/h3>\n<p>A instala\u00e7\u00e3o dos acionamentos de giro da s\u00e9rie EP700 \u00e9 simples e pode ser feita por profissionais treinados. A manuten\u00e7\u00e3o de rotina tamb\u00e9m \u00e9 f\u00e1cil e envolve a verifica\u00e7\u00e3o dos n\u00edveis de \u00f3leo, limpeza dos componentes e aperto de quaisquer parafusos ou conex\u00f5es soltas. Em caso de qualquer dano ou mau funcionamento, a Ever-Power Group Co., Ltd. oferece servi\u00e7os de reparo e pe\u00e7as de reposi\u00e7\u00e3o para garantir que seu equipamento funcione sem problemas.<\/p>\n<h3>Outros produtos da Ever-Power Group Co.,Ltd.<\/h3>\n<p>Al\u00e9m das caixas de engrenagens planet\u00e1rias da s\u00e9rie EP700, a Ever-Power Group Co., Ltd. tamb\u00e9m fornece v\u00e1rias engrenagens pl\u00e1sticas usadas na ind\u00fastria, como caixas de engrenagens agr\u00edcolas, eixos de sa\u00edda de pot\u00eancia, rodas dentadas, acoplamentos de fluido, redutores de engrenagem sem-fim, engrenagens e cremalheiras, correntes destac\u00e1veis, polias e polias, caixas de engrenagens planet\u00e1rias, polias de sincroniza\u00e7\u00e3o, buchas e muito mais. Usamos sistemas modernos de gerenciamento de computador e passamos com sucesso pela certifica\u00e7\u00e3o do sistema de qualidade ISO9001: 2000. <\/p>\n<h2>Perguntas e respostas<\/h2>\n<ol>\n<li>Quais s\u00e3o as caracter\u00edsticas dos acionamentos de giro da s\u00e9rie EP700?<\/li>\n<li>Que tipos de motores podem ser usados com os acionamentos de giro da s\u00e9rie EP700?<\/li>\n<li>Qual \u00e9 o processo de instala\u00e7\u00e3o dos acionamentos de giro da s\u00e9rie EP700?<\/li>\n<li>Qual manuten\u00e7\u00e3o de rotina \u00e9 necess\u00e1ria para acionamentos de giro da s\u00e9rie EP700?<\/li>\n<li>A Ever-Power Group Co., Ltd. oferece servi\u00e7os de reparo para acionamentos de giro da s\u00e9rie EP700?<\/li>\n<\/ol>","protected":false},"excerpt":{"rendered":"<p>EP700 Planetary GearBoxes For Slew Drive &#8211; Features and Advantages Ever-Power Group Co.,Ltd. manufactures the EP700 series slew drives that are highly efficient and durable with a wide range of features. These planetary gearboxes are specifically designed for use in slew drives, which are used to rotate heavy equipment like cranes and excavators. Ever-Power Group [&hellip;]<\/p>","protected":false},"featured_media":3152,"template":"","meta":{"_et_pb_use_builder":"","_et_pb_old_content":"","_et_gb_content_width":""},"product_brand":[],"product_cat":[11283],"product_tag":[],"class_list":{"0":"post-3153","1":"product","2":"type-product","3":"status-publish","4":"has-post-thumbnail","6":"product_cat-planetary-gearbox","8":"first","9":"instock","10":"shipping-taxable","11":"product-type-simple"},"_links":{"self":[{"href":"https:\/\/agricultural-gear-boxes.com\/pt\/wp-json\/wp\/v2\/product\/3153","targetHints":{"allow":["GET"]}}],"collection":[{"href":"https:\/\/agricultural-gear-boxes.com\/pt\/wp-json\/wp\/v2\/product"}],"about":[{"href":"https:\/\/agricultural-gear-boxes.com\/pt\/wp-json\/wp\/v2\/types\/product"}],"wp:featuredmedia":[{"embeddable":true,"href":"https:\/\/agricultural-gear-boxes.com\/pt\/wp-json\/wp\/v2\/media\/3152"}],"wp:attachment":[{"href":"https:\/\/agricultural-gear-boxes.com\/pt\/wp-json\/wp\/v2\/media?parent=3153"}],"wp:term":[{"taxonomy":"product_brand","embeddable":true,"href":"https:\/\/agricultural-gear-boxes.com\/pt\/wp-json\/wp\/v2\/product_brand?post=3153"},{"taxonomy":"product_cat","embeddable":true,"href":"https:\/\/agricultural-gear-boxes.com\/pt\/wp-json\/wp\/v2\/product_cat?post=3153"},{"taxonomy":"product_tag","embeddable":true,"href":"https:\/\/agricultural-gear-boxes.com\/pt\/wp-json\/wp\/v2\/product_tag?post=3153"}],"curies":[{"name":"wp","href":"https:\/\/api.w.org\/{rel}","templated":true}]}}