{"id":3164,"date":"2024-08-20T05:53:28","date_gmt":"2024-08-20T05:53:28","guid":{"rendered":"https:\/\/agricultural-gear-boxes.com\/product\/transit-mixer-gearboxes\/"},"modified":"2024-08-20T05:53:28","modified_gmt":"2024-08-20T05:53:28","slug":"transit-mixer-gearboxes","status":"publish","type":"product","link":"https:\/\/agricultural-gear-boxes.com\/pt\/product\/transit-mixer-gearboxes\/","title":{"rendered":"Caixas de engrenagens para betoneiras de tr\u00e2nsito"},"content":{"rendered":"<h2>Caixas de engrenagens de betoneiras de tr\u00e2nsito: o componente essencial para uma mistura eficiente de concreto<\/h2>\n<p>Caixas de engrenagens de betoneiras s\u00e3o componentes essenciais usados na mistura eficiente de concreto. Essas caixas de engrenagens s\u00e3o projetadas para fornecer alto torque em baixas velocidades, tornando-as ideais para uso em betoneiras. Caixas de engrenagens de betoneiras s\u00e3o amplamente usadas na ind\u00fastria da constru\u00e7\u00e3o, onde s\u00e3o usadas para transportar concreto da usina de dosagem para o canteiro de obras.<\/p>\n<p>The hydrostatic transmission developed by Danfoss for transit mixers is based on more than 30 years of experience in the worldwide use of pumps\/motors in transit mixers. This transmission system comprises the axial piston variable displacement pump TMP and the axial piston fixed displacement motor TMM. The rotational group&#8217;s demonstrable reliability was decisive in continuing to use these in the new and innovative drive concept.<\/p>\n<p>Os tamanhos de conex\u00e3o (flange de fixa\u00e7\u00e3o\/eixo) da s\u00e9rie 20 foram adotados no TMP e TMM. O eixo TMP \u00e9 projetado na f\u00e1brica com o flange de conex\u00e3o DIN usual de 100 mm como padr\u00e3o, facilitando a instala\u00e7\u00e3o e a manuten\u00e7\u00e3o. Os requisitos do mercado com rela\u00e7\u00e3o \u00e0 redu\u00e7\u00e3o do volume geral, peso e ru\u00eddo, e tamb\u00e9m o controle de deslocamento da bomba el\u00e9trica, foram levados em considera\u00e7\u00e3o adequadamente.<\/p>\n<h3>Vantagens das caixas de engrenagens de betoneiras de tr\u00e2nsito<\/h3>\n<ul>\n<li>Alto torque em baixa velocidade<\/li>\n<li>F\u00e1cil de instalar e manter<\/li>\n<li>Volume, peso e ru\u00eddo geral reduzidos<\/li>\n<li>Controle de deslocamento da bomba el\u00e9trica<\/li>\n<li>Uma ampla gama de materiais pode ser usada<\/li>\n<\/ul>\n<h3>Instala\u00e7\u00e3o, manuten\u00e7\u00e3o e reparo de caixas de engrenagens de betoneiras de tr\u00e2nsito<\/h3>\n<p>Transit mixer gearboxes are relatively easy to install, maintain, and repair. However, it is important to follow the manufacturer&#8217;s guidelines when doing so. Regular maintenance is essential to ensure the longevity and optimal performance of the gearbox. Maintenance tasks include oil changes, inspection of gears and bearings, and checking for leaks.<\/p>\n<p>Se uma caixa de engrenagens falhar, \u00e9 importante repar\u00e1-la ou substitu\u00ed-la o mais r\u00e1pido poss\u00edvel. Isso evitar\u00e1 mais danos ao misturador e garantir\u00e1 que o concreto seja misturado de forma eficiente. Caixas de engrenagens de substitui\u00e7\u00e3o est\u00e3o prontamente dispon\u00edveis em fornecedores confi\u00e1veis e geralmente podem ser instaladas de forma r\u00e1pida e f\u00e1cil.<\/p>\n<h3>Outros produtos da nossa empresa<\/h3>\n<p>Al\u00e9m de caixas de engrenagens para betoneiras, fornecemos uma ampla gama de engrenagens pl\u00e1sticas usadas em v\u00e1rias ind\u00fastrias. Nossos produtos incluem caixas de engrenagens agr\u00edcolas, eixos de sa\u00edda de pot\u00eancia, rodas dentadas, acoplamentos de fluido, redutores de engrenagem sem-fim, engrenagens e cremalheiras, correntes destac\u00e1veis, polias e polias, caixas de engrenagens planet\u00e1rias, polias de sincroniza\u00e7\u00e3o, buchas e muito mais.<\/p>\n<p>Temos orgulho em fornecer produtos de alta qualidade a pre\u00e7os favor\u00e1veis e fornecer excelente atendimento ao cliente. Damos boas-vindas aos clientes para virem at\u00e9 n\u00f3s com seus desenhos ou amostras para personaliza\u00e7\u00e3o.<\/p>\n<h2>Perguntas e respostas<\/h2>\n<h3>1. O que s\u00e3o caixas de engrenagens de betoneiras?<\/h3>\n<p>Caixas de engrenagens de betoneiras de tr\u00e2nsito s\u00e3o componentes essenciais usados na mistura eficiente de concreto. Elas fornecem alto torque em baixas velocidades e s\u00e3o projetadas para transportar concreto da usina de dosagem para o canteiro de obras.<\/p>\n<h3>2. Quais s\u00e3o as vantagens das caixas de engrenagens dos misturadores?<\/h3>\n<p>As vantagens das caixas de engrenagens de betoneiras incluem alto torque em baixa velocidade, f\u00e1cil instala\u00e7\u00e3o e manuten\u00e7\u00e3o, redu\u00e7\u00e3o de volume geral, peso e ru\u00eddo, controle el\u00e9trico de deslocamento da bomba e a capacidade de usar uma ampla variedade de materiais.<\/p>\n<h3>3. Como voc\u00ea instala e faz a manuten\u00e7\u00e3o das caixas de engrenagens de caminh\u00f5es betoneiras?<\/h3>\n<p>Transit mixer gearboxes are relatively easy to install and maintain. It is important to follow the manufacturer&#8217;s guidelines when doing so. Regular maintenance is essential to ensure their longevity and optimal performance.<\/p>\n<h3>4. O que voc\u00ea deve fazer se a caixa de engrenagens de uma betoneira falhar?<\/h3>\n<p>Se uma caixa de engrenagens de um misturador de tr\u00e2nsito falhar, \u00e9 importante repar\u00e1-la ou substitu\u00ed-la o mais r\u00e1pido poss\u00edvel. Isso evitar\u00e1 mais danos ao misturador e garantir\u00e1 que o concreto seja misturado de forma eficiente. Caixas de engrenagens de substitui\u00e7\u00e3o est\u00e3o prontamente dispon\u00edveis em fornecedores confi\u00e1veis e geralmente podem ser instaladas de forma r\u00e1pida e f\u00e1cil.<\/p>\n<h3>5. Quais outros produtos sua empresa fornece?<\/h3>\n<p>Al\u00e9m de caixas de engrenagens para betoneiras, fornecemos uma ampla gama de engrenagens pl\u00e1sticas usadas em v\u00e1rias ind\u00fastrias. Nossos produtos incluem caixas de engrenagens agr\u00edcolas, eixos de sa\u00edda de pot\u00eancia, rodas dentadas, acoplamentos de fluido, redutores de engrenagem sem-fim, engrenagens e cremalheiras, correntes destac\u00e1veis, polias e polias, caixas de engrenagens planet\u00e1rias, polias de sincroniza\u00e7\u00e3o, buchas e muito mais.<\/p>","protected":false},"excerpt":{"rendered":"<p>Transit Mixer Gearboxes: The Essential Component for Efficient Concrete Mixing Transit mixer gearboxes are essential components used in the efficient mixing of concrete. These gearboxes are designed to provide high torque at low speeds, making them ideal for use in transit mixers. Transit mixer gearboxes are widely used in the construction industry, where they are [&hellip;]<\/p>","protected":false},"featured_media":3163,"template":"","meta":{"_et_pb_use_builder":"","_et_pb_old_content":"","_et_gb_content_width":""},"product_brand":[],"product_cat":[11283],"product_tag":[],"class_list":{"0":"post-3164","1":"product","2":"type-product","3":"status-publish","4":"has-post-thumbnail","6":"product_cat-planetary-gearbox","8":"first","9":"instock","10":"shipping-taxable","11":"product-type-simple"},"_links":{"self":[{"href":"https:\/\/agricultural-gear-boxes.com\/pt\/wp-json\/wp\/v2\/product\/3164","targetHints":{"allow":["GET"]}}],"collection":[{"href":"https:\/\/agricultural-gear-boxes.com\/pt\/wp-json\/wp\/v2\/product"}],"about":[{"href":"https:\/\/agricultural-gear-boxes.com\/pt\/wp-json\/wp\/v2\/types\/product"}],"wp:featuredmedia":[{"embeddable":true,"href":"https:\/\/agricultural-gear-boxes.com\/pt\/wp-json\/wp\/v2\/media\/3163"}],"wp:attachment":[{"href":"https:\/\/agricultural-gear-boxes.com\/pt\/wp-json\/wp\/v2\/media?parent=3164"}],"wp:term":[{"taxonomy":"product_brand","embeddable":true,"href":"https:\/\/agricultural-gear-boxes.com\/pt\/wp-json\/wp\/v2\/product_brand?post=3164"},{"taxonomy":"product_cat","embeddable":true,"href":"https:\/\/agricultural-gear-boxes.com\/pt\/wp-json\/wp\/v2\/product_cat?post=3164"},{"taxonomy":"product_tag","embeddable":true,"href":"https:\/\/agricultural-gear-boxes.com\/pt\/wp-json\/wp\/v2\/product_tag?post=3164"}],"curies":[{"name":"wp","href":"https:\/\/api.w.org\/{rel}","templated":true}]}}