{"id":3168,"date":"2024-08-20T05:53:31","date_gmt":"2024-08-20T05:53:31","guid":{"rendered":"https:\/\/agricultural-gear-boxes.com\/product\/planetary-gearboxes-for-excavators-slew-drive\/"},"modified":"2024-08-20T05:53:31","modified_gmt":"2024-08-20T05:53:31","slug":"planetary-gearboxes-for-excavators-slew-drive","status":"publish","type":"product","link":"https:\/\/agricultural-gear-boxes.com\/pt\/product\/planetary-gearboxes-for-excavators-slew-drive\/","title":{"rendered":"Caixas de engrenagens planet\u00e1rias para escavadeiras Slew Drive"},"content":{"rendered":"<h2>Caixas de engrenagens planet\u00e1rias para escavadeiras Slew Drive<\/h2>\n<p>Se voc\u00ea est\u00e1 procurando por Planetary GearBoxes de alta qualidade e confi\u00e1veis para Escavadeiras Slew Drive, ent\u00e3o voc\u00ea chegou na p\u00e1gina certa. Nossa empresa fornece uma ampla gama de EP e NB series Slew Drives que s\u00e3o especialmente projetados para suportar as condi\u00e7\u00f5es mais extremas. Esses drives s\u00e3o amplamente usados em v\u00e1rias aplica\u00e7\u00f5es, como rastreadores solares, guindastes, escavadeiras, turbinas e\u00f3licas e muito mais.<\/p>\n<h3>Hist\u00f3ria da transmiss\u00e3o de giro<\/h3>\n<p>Os Slew Drives foram introduzidos pela primeira vez no in\u00edcio dos anos 1960, quando eram usados na constru\u00e7\u00e3o de arranha-c\u00e9us na cidade de Nova York. Desde ent\u00e3o, esses drives evolu\u00edram e agora s\u00e3o usados em uma ampla gama de ind\u00fastrias. Eles s\u00e3o conhecidos por sua alta precis\u00e3o, durabilidade e confiabilidade.<\/p>\n<h3>Vantagens das caixas de engrenagens planet\u00e1rias para escavadeiras Slew Drive<\/h3>\n<ul>\n<li>Alta efici\u00eancia e precis\u00e3o<\/li>\n<li>Design compacto e f\u00e1cil instala\u00e7\u00e3o<\/li>\n<li>Dur\u00e1vel e confi\u00e1vel<\/li>\n<li>Baixa manuten\u00e7\u00e3o<\/li>\n<li>Alta capacidade de torque<\/li>\n<\/ul>\n<h3>Materiais usados em caixas de engrenagens planet\u00e1rias para escavadeiras Slew Drive<\/h3>\n<p>Usamos materiais de alta qualidade como a\u00e7o forjado e liga de alum\u00ednio para a fabrica\u00e7\u00e3o de nossos Slew Drives s\u00e9rie EP e NB. Esses materiais garantem a durabilidade e longevidade dos drives, mesmo sob condi\u00e7\u00f5es extremas.<\/p>\n<h3>Instala\u00e7\u00e3o, Manuten\u00e7\u00e3o e Reparo de Caixas de Engrenagens Planet\u00e1rias para Escavadeiras Slew Drive<\/h3>\n<p>Nossos Slew Drives das s\u00e9ries EP e NB s\u00e3o projetados para f\u00e1cil instala\u00e7\u00e3o e manuten\u00e7\u00e3o. Eles podem ser facilmente integrados ao seu sistema com o m\u00ednimo de esfor\u00e7o. Em caso de qualquer reparo, nossa equipe t\u00e9cnica est\u00e1 sempre dispon\u00edvel para ajudar voc\u00ea com os reparos necess\u00e1rios.<\/p>\n<h3>Outros produtos da nossa empresa<\/h3>\n<p>Al\u00e9m de caixas de engrenagens planet\u00e1rias para escavadeiras com transmiss\u00e3o de giro, nossa empresa tamb\u00e9m fornece v\u00e1rios outros produtos de alta qualidade, como:<\/p>\n<ul>\n<li>Caixas de engrenagens agr\u00edcolas<\/li>\n<li>Eixos de sa\u00edda de pot\u00eancia<\/li>\n<li>Rodas dentadas<\/li>\n<li>Acoplamentos de fluidos<\/li>\n<li>Redutores de engrenagem sem-fim<\/li>\n<li>Engrenagens e Cremalheiras<\/li>\n<li>Correntes destac\u00e1veis<\/li>\n<li>Polias e Roldanas<\/li>\n<li>Caixas de engrenagens planet\u00e1rias<\/li>\n<li>Polias de sincroniza\u00e7\u00e3o<\/li>\n<li>Buchas<\/li>\n<\/ul>\n<p>Temos orgulho em fornecer produtos de alta qualidade a um pre\u00e7o favor\u00e1vel com servi\u00e7o atencioso. Damos boas-vindas aos clientes para virem at\u00e9 n\u00f3s para personaliza\u00e7\u00e3o de desenho ou amostra.<\/p>\n<h2>Perguntas e respostas<\/h2>\n<h3>1. Quais s\u00e3o os cen\u00e1rios de uso comuns de caixas de engrenagens planet\u00e1rias para escavadeiras com acionamento de giro?<\/h3>\n<p>Caixas de engrenagens planet\u00e1rias para escavadeiras Slew Drive s\u00e3o amplamente utilizadas em v\u00e1rias aplica\u00e7\u00f5es, como rastreadores solares, guindastes, escavadeiras, turbinas e\u00f3licas e muito mais. Elas s\u00e3o conhecidas por sua alta precis\u00e3o, durabilidade e confiabilidade.<\/p>\n<h3>2. Quais materiais s\u00e3o usados para a fabrica\u00e7\u00e3o dos acionamentos de giro das s\u00e9ries EP e NB?<\/h3>\n<p>Usamos materiais de alta qualidade como a\u00e7o forjado e liga de alum\u00ednio para a fabrica\u00e7\u00e3o de nossos Slew Drives s\u00e9rie EP e NB. Esses materiais garantem a durabilidade e longevidade dos drives, mesmo sob condi\u00e7\u00f5es extremas.<\/p>\n<h3>3. As caixas de engrenagens planet\u00e1rias para escavadeiras Slew Drive s\u00e3o f\u00e1ceis de instalar e manter?<\/h3>\n<p>Sim, nossos Slew Drives das s\u00e9ries EP e NB s\u00e3o projetados para f\u00e1cil instala\u00e7\u00e3o e manuten\u00e7\u00e3o. Eles podem ser facilmente integrados ao seu sistema com o m\u00ednimo de esfor\u00e7o. Em caso de qualquer reparo, nossa equipe t\u00e9cnica est\u00e1 sempre dispon\u00edvel para ajudar voc\u00ea com os reparos necess\u00e1rios.<\/p>\n<h3>4. Quais s\u00e3o as vantagens das caixas de engrenagens planet\u00e1rias para escavadeiras com acionamento de giro?<\/h3>\n<p>As vantagens das caixas de engrenagens planet\u00e1rias para escavadeiras com acionamento girat\u00f3rio incluem alta efici\u00eancia e precis\u00e3o, design compacto e f\u00e1cil instala\u00e7\u00e3o, durabilidade, confiabilidade, baixa manuten\u00e7\u00e3o e alta capacidade de torque.<\/p>\n<h3>5. Quais outros produtos sua empresa fornece?<\/h3>\n<p>Al\u00e9m de caixas de engrenagens planet\u00e1rias para escavadeiras Slew Drive, nossa empresa tamb\u00e9m fornece v\u00e1rios outros produtos de alta qualidade, como caixas de engrenagens agr\u00edcolas, eixos de sa\u00edda de pot\u00eancia, rodas dentadas, acoplamentos de fluido, redutores de engrenagem sem-fim, engrenagens e cremalheiras, correntes destac\u00e1veis, polias e polias, caixas de engrenagens planet\u00e1rias, polias de sincroniza\u00e7\u00e3o, buchas e muito mais.<\/p>","protected":false},"excerpt":{"rendered":"<p>Caixas de engrenagens planet\u00e1rias para escavadeiras Slew Drive Se voc\u00ea est\u00e1 procurando por Caixas de engrenagens planet\u00e1rias de alta qualidade e confi\u00e1veis para escavadeiras Slew Drive, ent\u00e3o voc\u00ea chegou \u00e0 p\u00e1gina certa. Nossa empresa fornece uma ampla gama de s\u00e9ries EP e NB Slew Drives que s\u00e3o especialmente projetadas para suportar as condi\u00e7\u00f5es mais extremas. Essas unidades s\u00e3o amplamente [\u2026]<\/p>","protected":false},"featured_media":3167,"template":"","meta":{"_et_pb_use_builder":"","_et_pb_old_content":"","_et_gb_content_width":""},"product_brand":[],"product_cat":[11283],"product_tag":[],"class_list":{"0":"post-3168","1":"product","2":"type-product","3":"status-publish","4":"has-post-thumbnail","6":"product_cat-planetary-gearbox","8":"first","9":"instock","10":"shipping-taxable","11":"product-type-simple"},"_links":{"self":[{"href":"https:\/\/agricultural-gear-boxes.com\/pt\/wp-json\/wp\/v2\/product\/3168","targetHints":{"allow":["GET"]}}],"collection":[{"href":"https:\/\/agricultural-gear-boxes.com\/pt\/wp-json\/wp\/v2\/product"}],"about":[{"href":"https:\/\/agricultural-gear-boxes.com\/pt\/wp-json\/wp\/v2\/types\/product"}],"wp:featuredmedia":[{"embeddable":true,"href":"https:\/\/agricultural-gear-boxes.com\/pt\/wp-json\/wp\/v2\/media\/3167"}],"wp:attachment":[{"href":"https:\/\/agricultural-gear-boxes.com\/pt\/wp-json\/wp\/v2\/media?parent=3168"}],"wp:term":[{"taxonomy":"product_brand","embeddable":true,"href":"https:\/\/agricultural-gear-boxes.com\/pt\/wp-json\/wp\/v2\/product_brand?post=3168"},{"taxonomy":"product_cat","embeddable":true,"href":"https:\/\/agricultural-gear-boxes.com\/pt\/wp-json\/wp\/v2\/product_cat?post=3168"},{"taxonomy":"product_tag","embeddable":true,"href":"https:\/\/agricultural-gear-boxes.com\/pt\/wp-json\/wp\/v2\/product_tag?post=3168"}],"curies":[{"name":"wp","href":"https:\/\/api.w.org\/{rel}","templated":true}]}}