{"id":3170,"date":"2024-08-20T05:53:33","date_gmt":"2024-08-20T05:53:33","guid":{"rendered":"https:\/\/agricultural-gear-boxes.com\/product\/auger-drives\/"},"modified":"2024-08-20T05:53:34","modified_gmt":"2024-08-20T05:53:34","slug":"auger-drives","status":"publish","type":"product","link":"https:\/\/agricultural-gear-boxes.com\/pt\/product\/auger-drives\/","title":{"rendered":"Trados de Trado"},"content":{"rendered":"<h2>Auger Drives: Liberando o poder da inova\u00e7\u00e3o<\/h2>\n<p>Leve suas opera\u00e7\u00f5es de escava\u00e7\u00e3o para o pr\u00f3ximo n\u00edvel com Auger Drives, um produto revolucion\u00e1rio projetado para lidar com as condi\u00e7\u00f5es de perfura\u00e7\u00e3o mais dif\u00edceis. Equipados com um motor hidr\u00e1ulico e uma caixa de engrenagens planet\u00e1rias, esses Auger Drives oferecem desempenho e confiabilidade incompar\u00e1veis, tornando-os a escolha certa para escavadeiras e skidsteers.<\/p>\n<h3>Revelando a versatilidade dos acionamentos por broca:<\/h3>\n<ul>\n<li>Motor hidr\u00e1ulico acoplado a uma caixa de engrenagens planet\u00e1rias para transmiss\u00e3o de pot\u00eancia ideal<\/li>\n<li>Torques l\u00edderes de classe que garantem capacidade de perfura\u00e7\u00e3o excepcional<\/li>\n<li>Inv\u00f3lucro totalmente fundido para maior durabilidade e longevidade<\/li>\n<li>2?? hex drive para compatibilidade com uma ampla gama de brocas<\/li>\n<\/ul>\n<h3>O ajuste perfeito para cada aplica\u00e7\u00e3o:<\/h3>\n<table border=\"1\">\n<tbody>\n<tr>\n<td rowspan=\"2\" width=\"100\"><em><strong>Aplicativo<\/strong><\/em><\/td>\n<td style=\"text-align: center; background-color: #00b0f0;\" colspan=\"2\" width=\"162\"><em><strong>Minicarregadeira<\/strong><\/em><\/td>\n<td width=\"81\"><\/td>\n<td width=\"77\"><\/td>\n<\/tr>\n<tr>\n<td><\/td>\n<td style=\"text-align: center; background-color: #00b050;\" colspan=\"3\"><em><strong>Minicarregadeira de tamanho completo<\/strong><\/em><\/td>\n<\/tr>\n<tr>\n<td>Modelo<\/td>\n<td>HP21<\/td>\n<td>HP27<\/td>\n<td>HP41<\/td>\n<td>HP49<\/td>\n<\/tr>\n<tr>\n<td>Torque M\u00e1ximo<\/td>\n<td>1500 p\u00e9s-lb<\/td>\n<td>2730 p\u00e9s-lb<\/td>\n<td>4080 p\u00e9s-lb<\/td>\n<td>4860 p\u00e9s-lb<\/td>\n<\/tr>\n<tr>\n<td>Fluxo M\u00e1ximo<\/td>\n<td>23 gpm<\/td>\n<td>23 gpm<\/td>\n<td>23 gpm<\/td>\n<td>23 gpm<\/td>\n<\/tr>\n<tr>\n<td>Press\u00e3o M\u00e1xima<\/td>\n<td>4000 psi<\/td>\n<td>4000 psi<\/td>\n<td>4000 psi<\/td>\n<td>4000 psi<\/td>\n<\/tr>\n<tr>\n<td>Velocidade M\u00e1xima<\/td>\n<td>153 RPM<\/td>\n<td>110 RPM<\/td>\n<td>71 RPM<\/td>\n<td>55 RPM<\/td>\n<\/tr>\n<tr>\n<td><\/td>\n<td style=\"text-align: center; background-color: #ffff00;\" colspan=\"2\"><strong>Sujeira\/Terra<\/strong><\/td>\n<td><\/td>\n<td><\/td>\n<\/tr>\n<tr>\n<td><\/td>\n<td><\/td>\n<td style=\"text-align: center; background-color: #ed7d31;\" colspan=\"2\"><strong>Terra dura\/rocha<\/strong><\/td>\n<td><\/td>\n<\/tr>\n<tr>\n<td><\/td>\n<td><\/td>\n<td><\/td>\n<td style=\"text-align: center; color: #fff; background-color: #ff0000;\" colspan=\"2\"><strong>Rock\/Extremo<\/strong><\/td>\n<\/tr>\n<\/tbody>\n<\/table>\n<p>Experience the reliability and efficiency of Auger Drive&#8217;s extensive range of auger drive units. Developed through years of hands-on experience, these units have been rigorously tested in the most challenging drilling conditions, including the hardest rock. With innovative designs and advanced engineering, Auger Drive products provide superior performance and reduced maintenance, offering the ultimate solution in Earth Drill technology.<\/p>\n<h3>Liberte o poder da configura\u00e7\u00e3o:<\/h3>\n<p>EP auger drives offer manufacturers the flexibility of choosing from multiple motor displacements, ensuring optimal performance for various auger applications. Whether it&#8217;s bevel gearboxes or high torque planetary gearboxes, Auger Drive provides the right solution based on your specific needs. The EP Series can also be equipped with a cross port relief, preventing shock load failures and ensuring longevity.<\/p>\n<p>Com uma ampla gama de op\u00e7\u00f5es de eixo de sa\u00edda dispon\u00edveis, a S\u00e9rie EP oferece configurabilidade inigual\u00e1vel. Sua versatilidade n\u00e3o conhece limites, permitindo que voc\u00ea adapte o acionamento do trado \u00e0s suas necessidades exclusivas.<\/p>\n<h3>Elevando suas opera\u00e7\u00f5es de escava\u00e7\u00e3o:<\/h3>\n<p>Instalar, manter e reparar seu Auger Drive \u00e9 moleza. Com instru\u00e7\u00f5es f\u00e1ceis de seguir, voc\u00ea pode configurar o drive perfeitamente, garantindo tempo de inatividade m\u00ednimo e produtividade m\u00e1xima. Caso seja necess\u00e1rio, substituir componentes \u00e9 um processo simples e eficiente, garantindo desempenho de escava\u00e7\u00e3o ininterrupto.<\/p>\n<h2>Descubra nossa gama completa de produtos l\u00edderes do setor<\/h2>\n<p>Al\u00e9m de Auger Drives, nossa empresa tem orgulho de oferecer uma gama abrangente de produtos de engrenagens pl\u00e1sticas de alta qualidade para v\u00e1rias aplica\u00e7\u00f5es industriais. Nossa extensa linha de produtos inclui caixas de engrenagens agr\u00edcolas, eixos de sa\u00edda de pot\u00eancia, rodas dentadas, acoplamentos de fluido, redutores de engrenagem sem-fim, engrenagens e cremalheiras, correntes destac\u00e1veis, polias e polias, caixas de engrenagens planet\u00e1rias, polias de sincroniza\u00e7\u00e3o, buchas e muito mais.<\/p>\n<p>Em nossa empresa, priorizamos a entrega de produtos de primeira linha a pre\u00e7os competitivos, juntamente com um atendimento ao cliente excepcional. Convidamos os clientes a explorar nossa ampla gama de op\u00e7\u00f5es e aproveitar nossos servi\u00e7os de personaliza\u00e7\u00e3o com base em desenhos ou amostras, garantindo uma solu\u00e7\u00e3o sob medida que atenda perfeitamente \u00e0s suas necessidades.<\/p>\n<h2>Perguntas e respostas<\/h2>\n<p><strong>1. O que faz a Auger Drives se destacar da concorr\u00eancia?<\/strong><\/p>\n<p>Os Auger Drives se destacam em desempenho e confiabilidade devido \u00e0 combina\u00e7\u00e3o de motor hidr\u00e1ulico e caixa de engrenagens planet\u00e1rias, proporcionando torque e durabilidade excepcionais.<\/p>\n<p><strong>2. Os acionamentos de broca podem ser usados em diferentes cen\u00e1rios de perfura\u00e7\u00e3o?<\/strong><\/p>\n<p>Absolutamente! Auger Drives s\u00e3o projetados para lidar com v\u00e1rias condi\u00e7\u00f5es de perfura\u00e7\u00e3o, desde sujeira e terra at\u00e9 rocha dura ou ambientes extremos de perfura\u00e7\u00e3o.<\/p>\n<p><strong>3. \u00c9 f\u00e1cil instalar e manter um Auger Drive?<\/strong><\/p>\n<p>Instalar e manter um Auger Drive \u00e9 descomplicado, gra\u00e7as \u00e0s instru\u00e7\u00f5es diretas fornecidas. Nossos drives s\u00e3o projetados para f\u00e1cil configura\u00e7\u00e3o e tempo de inatividade m\u00ednimo.<\/p>\n<p><strong>4. Os componentes de um Auger Drive podem ser substitu\u00eddos, se necess\u00e1rio?<\/strong><\/p>\n<p>Sim, os componentes do Auger Drive podem ser facilmente substitu\u00eddos, garantindo um desempenho de escava\u00e7\u00e3o ininterrupto. Nosso objetivo \u00e9 fornecer a voc\u00ea uma solu\u00e7\u00e3o confi\u00e1vel e eficiente.<\/p>\n<p><strong>5. Que outros produtos sua empresa oferece?<\/strong><\/p>\n<p>Al\u00e9m de acionamentos de broca, oferecemos uma ampla gama de produtos de engrenagens de pl\u00e1stico, incluindo caixas de engrenagens agr\u00edcolas, eixos de sa\u00edda de pot\u00eancia, rodas dentadas, acoplamentos de fluido, redutores de engrenagem sem-fim, engrenagens e cremalheiras, correntes destac\u00e1veis, polias e polias, caixas de engrenagens planet\u00e1rias, polias de sincroniza\u00e7\u00e3o, buchas e muito mais.<\/p>","protected":false},"excerpt":{"rendered":"<p>Auger Drives: Unleashing the Power of Innovation Take your digging operations to the next level with Auger Drives, a revolutionary product designed to tackle the toughest drilling conditions. Equipped with a hydraulic motor and a planetary gearbox, these Auger Drives deliver unparalleled performance and reliability, making them the go-to choice for excavators and skidsteers. Unveiling [&hellip;]<\/p>","protected":false},"featured_media":3169,"template":"","meta":{"_et_pb_use_builder":"","_et_pb_old_content":"","_et_gb_content_width":""},"product_brand":[],"product_cat":[11283],"product_tag":[],"class_list":{"0":"post-3170","1":"product","2":"type-product","3":"status-publish","4":"has-post-thumbnail","6":"product_cat-planetary-gearbox","8":"first","9":"instock","10":"shipping-taxable","11":"product-type-simple"},"_links":{"self":[{"href":"https:\/\/agricultural-gear-boxes.com\/pt\/wp-json\/wp\/v2\/product\/3170","targetHints":{"allow":["GET"]}}],"collection":[{"href":"https:\/\/agricultural-gear-boxes.com\/pt\/wp-json\/wp\/v2\/product"}],"about":[{"href":"https:\/\/agricultural-gear-boxes.com\/pt\/wp-json\/wp\/v2\/types\/product"}],"wp:featuredmedia":[{"embeddable":true,"href":"https:\/\/agricultural-gear-boxes.com\/pt\/wp-json\/wp\/v2\/media\/3169"}],"wp:attachment":[{"href":"https:\/\/agricultural-gear-boxes.com\/pt\/wp-json\/wp\/v2\/media?parent=3170"}],"wp:term":[{"taxonomy":"product_brand","embeddable":true,"href":"https:\/\/agricultural-gear-boxes.com\/pt\/wp-json\/wp\/v2\/product_brand?post=3170"},{"taxonomy":"product_cat","embeddable":true,"href":"https:\/\/agricultural-gear-boxes.com\/pt\/wp-json\/wp\/v2\/product_cat?post=3170"},{"taxonomy":"product_tag","embeddable":true,"href":"https:\/\/agricultural-gear-boxes.com\/pt\/wp-json\/wp\/v2\/product_tag?post=3170"}],"curies":[{"name":"wp","href":"https:\/\/api.w.org\/{rel}","templated":true}]}}