{"id":3172,"date":"2024-08-20T05:53:45","date_gmt":"2024-08-20T05:53:45","guid":{"rendered":"https:\/\/agricultural-gear-boxes.com\/product\/roller-press-planetary-gearboxes\/"},"modified":"2024-08-20T05:53:45","modified_gmt":"2024-08-20T05:53:45","slug":"roller-press-planetary-gearboxes","status":"publish","type":"product","link":"https:\/\/agricultural-gear-boxes.com\/pt\/product\/roller-press-planetary-gearboxes\/","title":{"rendered":"Caixas de engrenagens planet\u00e1rias de prensa de rolo"},"content":{"rendered":"<h2>Caixas de engrenagens planet\u00e1rias de prensa de rolos: equipamento de alto desempenho para a transmiss\u00e3o principal da sua prensa de rolos de cimento<\/h2>\n<p>As caixas de engrenagens planet\u00e1rias Roller Press s\u00e3o uma s\u00e9rie de unidades de engrenagens projetadas para suportar as duras condi\u00e7\u00f5es de trabalho dos principais acionamentos das prensas de rolos de cimento. Essas unidades de engrenagens s\u00e3o projetadas para lidar com servi\u00e7os cont\u00ednuos, baixa velocidade, carga pesada, alto impacto e ambientes empoeirados. Elas s\u00e3o otimizadas para fornecer alta precis\u00e3o, confiabilidade e usabilidade, ao mesmo tempo em que oferecem uma longa vida \u00fatil.<\/p>\n<h3>Principais caracter\u00edsticas:<\/h3>\n<ul class=\"disc list-paddingleft-2\">\n<li>Engrenagens temperadas de alta precis\u00e3o<\/li>\n<li>Alta confiabilidade e usabilidade, longa vida \u00fatil<\/li>\n<li>Alta capacidade de carga, resist\u00eancia ao impacto e vibra\u00e7\u00e3o<\/li>\n<li>Efici\u00eancia de transmiss\u00e3o de at\u00e9 94% ~ 96%<\/li>\n<li>Tamanhos e configura\u00e7\u00f5es personaliz\u00e1veis de acordo com as aplica\u00e7\u00f5es<\/li>\n<\/ul>\n<h3>Par\u00e2metros t\u00e9cnicos:<\/h3>\n<ul class=\"disc list-paddingleft-2\">\n<li>Conjuntos de engrenagens: conjunto de engrenagens planet\u00e1rias + par de engrenagens helicoidais opcional<\/li>\n<li>Velocidade de entrada: 1000~1500RPM<\/li>\n<li>Propor\u00e7\u00e3o: 25~85<\/li>\n<li>Efici\u00eancia: 94%~96%<\/li>\n<li>Temperatura de trabalho: -10??~40??<\/li>\n<li>Vida \u00fatil: ??50000H<\/li>\n<\/ul>\n<h3>Aplica\u00e7\u00f5es:<\/h3>\n<ul class=\"disc list-paddingleft-2\">\n<li>Acionamento principal da prensa de rolo de cimento<\/li>\n<li>Outros dispositivos de acionamento semelhantes<\/li>\n<\/ul>\n<h3>Lubrifica\u00e7\u00e3o:<\/h3>\n<ul class=\"disc list-paddingleft-2\">\n<li>Esta\u00e7\u00e3o de \u00d3leo Lubrificante<\/li>\n<li>Lubrifica\u00e7\u00e3o e resfriamento circulantes<\/li>\n<\/ul>\n<p>As caixas de engrenagens planet\u00e1rias Roller Press s\u00e3o adequadas para v\u00e1rias aplica\u00e7\u00f5es industriais, mas s\u00e3o usadas principalmente em acionamentos principais de prensas de rolos de cimento. A ind\u00fastria de cimento \u00e9 um setor altamente competitivo que exige equipamentos confi\u00e1veis e de alto desempenho. Essas unidades de engrenagens s\u00e3o projetadas para lidar com as desafiadoras condi\u00e7\u00f5es operacionais da ind\u00fastria de cimento, garantindo m\u00e1xima produtividade e efici\u00eancia.<\/p>\n<p>Roller Press Planetary Gearboxes come in different sizes and configurations, making them customizable to fit specific applications. The product&#8217;s history dates back to the early 20th century when planetary gears were first introduced to cope with the high torque demands of heavy machinery. Today, Roller Press Planetary Gearboxes continue to evolve, incorporating the latest technologies to improve their performance and service life.<\/p>\n<p>Apart from their high load capacity, resistance to impact, and vibration, Roller Press Planetary Gearboxes are designed to deliver exceptional transmission efficiency of up to 96%. This means that they can transfer most of the power from the motor to the machine, reducing energy losses and improving the equipment&#8217;s overall efficiency. <\/p>\n<p>As caixas de engrenagens planet\u00e1rias Roller Press s\u00e3o feitas de materiais de alta qualidade que podem suportar ambientes severos e cargas pesadas. As engrenagens s\u00e3o feitas de a\u00e7o temperado, garantindo alta precis\u00e3o, durabilidade e resist\u00eancia ao desgaste.<\/p>\n<p>Proper installation, maintenance, and repair are essential to ensure the gear units&#8217; optimal performance and extend their service life. Roller Press Planetary Gearboxes typically require regular lubrication to ensure smooth operation and prevent overheating. Circulating lubrication and cooling systems are recommended to maintain the lubrication oil&#8217;s viscosity and prevent contamination.<\/p>\n<p>Al\u00e9m das caixas de engrenagens planet\u00e1rias Roller Press, nossa empresa fornece v\u00e1rios equipamentos industriais, como caixas de engrenagens agr\u00edcolas, eixos de sa\u00edda de pot\u00eancia, rodas dentadas, acoplamentos de fluido, redutores de engrenagem sem-fim, engrenagens e cremalheiras, correntes destac\u00e1veis, polias e polias, caixas de engrenagens planet\u00e1rias, polias de sincroniza\u00e7\u00e3o, buchas e muito mais. Temos orgulho em fornecer produtos de alta qualidade, pre\u00e7os competitivos e excelente atendimento ao cliente. Damos as boas-vindas aos clientes para virem at\u00e9 n\u00f3s com suas necessidades de personaliza\u00e7\u00e3o de desenho ou amostra.<\/p>\n<h2>Perguntas e respostas<\/h2>\n<p>1. O que s\u00e3o caixas de engrenagens planet\u00e1rias de prensa de rolos?<br \/>\n2. Quais s\u00e3o as principais caracter\u00edsticas das caixas de engrenagens planet\u00e1rias de prensa de rolos?<br \/>\n3. Quais s\u00e3o os par\u00e2metros t\u00e9cnicos das caixas de engrenagens planet\u00e1rias de prensa de rolos?<br \/>\n4. Quais s\u00e3o as aplica\u00e7\u00f5es das caixas de engrenagens planet\u00e1rias de prensa de rolos?<br \/>\n5. Quais s\u00e3o algumas dicas de manuten\u00e7\u00e3o para caixas de engrenagens planet\u00e1rias de prensa de rolos?<\/p>","protected":false},"excerpt":{"rendered":"<p>Roller Press Planetary Gearboxes: High-Performance Equipment for Your Cement Roller Press Main Drive Roller Press Planetary Gearboxes are a series of gear units designed to withstand the harsh working conditions of cement roller press main drives. These gear units are engineered to cope with continuous duty, low speed, heavy load, high impact, and dusty environments. [&hellip;]<\/p>","protected":false},"featured_media":3171,"template":"","meta":{"_et_pb_use_builder":"","_et_pb_old_content":"","_et_gb_content_width":""},"product_brand":[],"product_cat":[11283],"product_tag":[],"class_list":{"0":"post-3172","1":"product","2":"type-product","3":"status-publish","4":"has-post-thumbnail","6":"product_cat-planetary-gearbox","8":"first","9":"instock","10":"shipping-taxable","11":"product-type-simple"},"_links":{"self":[{"href":"https:\/\/agricultural-gear-boxes.com\/pt\/wp-json\/wp\/v2\/product\/3172","targetHints":{"allow":["GET"]}}],"collection":[{"href":"https:\/\/agricultural-gear-boxes.com\/pt\/wp-json\/wp\/v2\/product"}],"about":[{"href":"https:\/\/agricultural-gear-boxes.com\/pt\/wp-json\/wp\/v2\/types\/product"}],"wp:featuredmedia":[{"embeddable":true,"href":"https:\/\/agricultural-gear-boxes.com\/pt\/wp-json\/wp\/v2\/media\/3171"}],"wp:attachment":[{"href":"https:\/\/agricultural-gear-boxes.com\/pt\/wp-json\/wp\/v2\/media?parent=3172"}],"wp:term":[{"taxonomy":"product_brand","embeddable":true,"href":"https:\/\/agricultural-gear-boxes.com\/pt\/wp-json\/wp\/v2\/product_brand?post=3172"},{"taxonomy":"product_cat","embeddable":true,"href":"https:\/\/agricultural-gear-boxes.com\/pt\/wp-json\/wp\/v2\/product_cat?post=3172"},{"taxonomy":"product_tag","embeddable":true,"href":"https:\/\/agricultural-gear-boxes.com\/pt\/wp-json\/wp\/v2\/product_tag?post=3172"}],"curies":[{"name":"wp","href":"https:\/\/api.w.org\/{rel}","templated":true}]}}