{"id":3176,"date":"2024-08-20T05:53:50","date_gmt":"2024-08-20T05:53:50","guid":{"rendered":"https:\/\/agricultural-gear-boxes.com\/product\/planetary-belt-conveyor-drives\/"},"modified":"2024-08-20T05:53:50","modified_gmt":"2024-08-20T05:53:50","slug":"planetary-belt-conveyor-drives","status":"publish","type":"product","link":"https:\/\/agricultural-gear-boxes.com\/pt\/product\/planetary-belt-conveyor-drives\/","title":{"rendered":"Acionamentos de correias transportadoras planet\u00e1rias"},"content":{"rendered":"<h2>Acionamentos de correias transportadoras planet\u00e1rias: revolucionando a ind\u00fastria de transportadores<\/h2>\n<p>Os acionamentos de correias transportadoras planet\u00e1rias s\u00e3o caixas de engrenagens diferenciais e personalizadas que revolucionaram a ind\u00fastria de transportadores. Essas caixas de engrenagens s\u00e3o projetadas para atender aos requisitos, especifica\u00e7\u00f5es e aplica\u00e7\u00f5es precisas de um cliente e fornecer uma solu\u00e7\u00e3o eficiente, confi\u00e1vel e de baixa manuten\u00e7\u00e3o para as aplica\u00e7\u00f5es de correias transportadoras mais desafiadoras.<\/p>\n<h3>Quais s\u00e3o os cen\u00e1rios de uso comuns de acionamentos de correias transportadoras planet\u00e1rias?<\/h3>\n<ul>\n<li>Transporte de cargas pesadas em altas velocidades<\/li>\n<li>Transporte de materiais abrasivos<\/li>\n<li>Transporte de longa dist\u00e2ncia<\/li>\n<li>Transporte em ambientes hostis<\/li>\n<\/ul>\n<p>Os acionamentos de correias transportadoras planet\u00e1rias s\u00e3o amplamente utilizados em v\u00e1rias ind\u00fastrias, como minera\u00e7\u00e3o, cimento, a\u00e7o e gera\u00e7\u00e3o de energia. A alta capacidade de torque e o design compacto dessas caixas de engrenagens as tornam adequadas para aplica\u00e7\u00f5es de servi\u00e7o pesado.<\/p>\n<h3>Quais s\u00e3o as vantagens dos acionamentos de correias transportadoras planet\u00e1rias?<\/h3>\n<ul>\n<li>Alta capacidade de torque<\/li>\n<li>Design compacto<\/li>\n<li>Baixo ru\u00eddo e vibra\u00e7\u00e3o<\/li>\n<li>Longa vida \u00fatil<\/li>\n<\/ul>\n<p>O design planet\u00e1rio dessas caixas de engrenagens fornece alta capacidade de torque e efici\u00eancia, e o design compacto reduz o tamanho e o peso geral do sistema transportador. O uso de materiais de alta qualidade e processos de fabrica\u00e7\u00e3o avan\u00e7ados garantem uma longa vida \u00fatil com baixos requisitos de manuten\u00e7\u00e3o.<\/p>\n<h3>Como instalar, manter e reparar acionamentos de correias transportadoras planet\u00e1rias?<\/h3>\n<p>A instala\u00e7\u00e3o, manuten\u00e7\u00e3o e reparo adequados de acionamentos de correias transportadoras planet\u00e1rias s\u00e3o cruciais para seu desempenho e longevidade ideais. A instala\u00e7\u00e3o deve ser realizada por um t\u00e9cnico profissional, e a manuten\u00e7\u00e3o regular deve ser realizada para evitar quaisquer problemas e identificar quaisquer problemas potenciais em um est\u00e1gio inicial. Em caso de qualquer reparo ou substitui\u00e7\u00e3o, somente pe\u00e7as de reposi\u00e7\u00e3o genu\u00ednas devem ser usadas, e o reparo deve ser realizado por um t\u00e9cnico qualificado.<\/p>\n<h3>Quais s\u00e3o os materiais usados em acionamentos de correias transportadoras planet\u00e1rias?<\/h3>\n<p>Os acionamentos de correias transportadoras planet\u00e1rias s\u00e3o normalmente feitos de materiais de alta qualidade, como a\u00e7o de liga, ferro fundido e alum\u00ednio. A sele\u00e7\u00e3o de materiais depende da aplica\u00e7\u00e3o espec\u00edfica e dos requisitos do cliente.<\/p>\n<h3>Que outros produtos a empresa oferece?<\/h3>\n<p>Al\u00e9m de Planetary Belt Conveyor Drives, nossa empresa oferece v\u00e1rias engrenagens pl\u00e1sticas usadas na ind\u00fastria, incluindo caixas de engrenagens agr\u00edcolas, eixos de sa\u00edda de pot\u00eancia, rodas dentadas, acoplamentos de fluido, redutores de engrenagem sem-fim, engrenagens e cremalheiras, correntes destac\u00e1veis, polias e polias, caixas de engrenagens planet\u00e1rias, polias de sincroniza\u00e7\u00e3o, buchas e muito mais. Estamos comprometidos em fornecer produtos de alta qualidade, pre\u00e7os favor\u00e1veis e servi\u00e7os atenciosos aos nossos clientes, e damos as boas-vindas aos clientes para virem para desenho ou personaliza\u00e7\u00e3o de amostra.<\/p>\n<h2>Perguntas e respostas<\/h2>\n<h3>1. Quais s\u00e3o os cen\u00e1rios de uso comuns de acionamentos de correias transportadoras planet\u00e1rias?<\/h3>\n<p>Os acionamentos de correias transportadoras planet\u00e1rias s\u00e3o comumente usados em ind\u00fastrias como minera\u00e7\u00e3o, cimento, siderurgia e gera\u00e7\u00e3o de energia, onde cargas pesadas precisam ser transportadas em altas velocidades, ou materiais abrasivos precisam ser transportados por longas dist\u00e2ncias, ou ambientes hostis precisam ser enfrentados.<\/p>\n<h3>2. Quais s\u00e3o as vantagens dos acionamentos de correias transportadoras planet\u00e1rias?<\/h3>\n<p>As vantagens dos acionamentos de correias transportadoras planet\u00e1rias incluem alta capacidade de torque, design compacto, baixo ru\u00eddo e vibra\u00e7\u00e3o e longa vida \u00fatil.<\/p>\n<h3>3. Como os acionamentos de correias transportadoras planet\u00e1rias devem ser instalados?<\/h3>\n<p>Planetary Belt Conveyor Drives should be installed by a professional technician, and the installation should follow the manufacturer&#8217;s instructions and guidelines.<\/p>\n<h3>4. Como devem ser feitos a manuten\u00e7\u00e3o dos acionamentos planet\u00e1rios de correia transportadora?<\/h3>\n<p>A manuten\u00e7\u00e3o regular deve ser realizada para evitar quaisquer problemas e identificar quaisquer problemas potenciais em um est\u00e1gio inicial. A manuten\u00e7\u00e3o deve ser realizada por um t\u00e9cnico qualificado, e pe\u00e7as de reposi\u00e7\u00e3o genu\u00ednas devem ser usadas.<\/p>\n<h3>5. Quais materiais s\u00e3o usados em acionamentos de correias transportadoras planet\u00e1rias?<\/h3>\n<p>Os acionamentos de correias transportadoras planet\u00e1rias s\u00e3o normalmente feitos de materiais de alta qualidade, como a\u00e7o-liga, ferro fundido e alum\u00ednio, dependendo da aplica\u00e7\u00e3o espec\u00edfica e dos requisitos do cliente.<\/p>","protected":false},"excerpt":{"rendered":"<p>Planetary Belt Conveyor Drives: Revolutionizing the Conveyor Industry Planetary Belt Conveyor Drives are custom-built and differential gear boxes that have revolutionized the conveyor industry. These gearboxes are designed to meet the precise requirements, specifications, and applications of a customer and provide an efficient, reliable, and low-maintenance solution to the most challenging belt conveyor applications. What [&hellip;]<\/p>","protected":false},"featured_media":3175,"template":"","meta":{"_et_pb_use_builder":"","_et_pb_old_content":"","_et_gb_content_width":""},"product_brand":[],"product_cat":[11283],"product_tag":[],"class_list":{"0":"post-3176","1":"product","2":"type-product","3":"status-publish","4":"has-post-thumbnail","6":"product_cat-planetary-gearbox","8":"first","9":"instock","10":"shipping-taxable","11":"product-type-simple"},"_links":{"self":[{"href":"https:\/\/agricultural-gear-boxes.com\/pt\/wp-json\/wp\/v2\/product\/3176","targetHints":{"allow":["GET"]}}],"collection":[{"href":"https:\/\/agricultural-gear-boxes.com\/pt\/wp-json\/wp\/v2\/product"}],"about":[{"href":"https:\/\/agricultural-gear-boxes.com\/pt\/wp-json\/wp\/v2\/types\/product"}],"wp:featuredmedia":[{"embeddable":true,"href":"https:\/\/agricultural-gear-boxes.com\/pt\/wp-json\/wp\/v2\/media\/3175"}],"wp:attachment":[{"href":"https:\/\/agricultural-gear-boxes.com\/pt\/wp-json\/wp\/v2\/media?parent=3176"}],"wp:term":[{"taxonomy":"product_brand","embeddable":true,"href":"https:\/\/agricultural-gear-boxes.com\/pt\/wp-json\/wp\/v2\/product_brand?post=3176"},{"taxonomy":"product_cat","embeddable":true,"href":"https:\/\/agricultural-gear-boxes.com\/pt\/wp-json\/wp\/v2\/product_cat?post=3176"},{"taxonomy":"product_tag","embeddable":true,"href":"https:\/\/agricultural-gear-boxes.com\/pt\/wp-json\/wp\/v2\/product_tag?post=3176"}],"curies":[{"name":"wp","href":"https:\/\/api.w.org\/{rel}","templated":true}]}}