{"id":3178,"date":"2024-08-20T05:53:51","date_gmt":"2024-08-20T05:53:51","guid":{"rendered":"https:\/\/agricultural-gear-boxes.com\/product\/planetary-sprocket-drives\/"},"modified":"2024-08-20T05:53:52","modified_gmt":"2024-08-20T05:53:52","slug":"planetary-sprocket-drives","status":"publish","type":"product","link":"https:\/\/agricultural-gear-boxes.com\/pt\/product\/planetary-sprocket-drives\/","title":{"rendered":"Transmiss\u00f5es de roda dentada planet\u00e1ria"},"content":{"rendered":"<h1>Transmiss\u00f5es de roda dentada planet\u00e1ria<\/h1>\n<h2>Uma vis\u00e3o geral dos acionamentos de roda dentada planet\u00e1ria<\/h2>\n<p>\nTransmiss\u00f5es de roda dentada planet\u00e1ria, tamb\u00e9m conhecidas como transmiss\u00f5es de engrenagem planet\u00e1ria ou simplesmente transmiss\u00f5es planet\u00e1rias, s\u00e3o um tipo de caixa de engrenagens comumente usada em m\u00e1quinas e equipamentos industriais. Essas transmiss\u00f5es consistem em uma engrenagem solar central, engrenagens planet\u00e1rias e uma engrenagem anelar que trabalham juntas para transmitir torque e velocidade entre os eixos de entrada e sa\u00edda. Transmiss\u00f5es de roda dentada planet\u00e1ria s\u00e3o usadas em uma ampla variedade de aplica\u00e7\u00f5es, incluindo equipamentos de constru\u00e7\u00e3o, transportadores, guindastes e muito mais.\n<\/p>\n<h2>Vantagens dos acionamentos de roda dentada planet\u00e1ria<\/h2>\n<p>\nOs acionamentos de roda dentada planet\u00e1ria oferecem v\u00e1rias vantagens sobre outros tipos de caixas de engrenagens. Por um lado, eles t\u00eam uma alta rela\u00e7\u00e3o de engrenagem, o que lhes permite atingir sa\u00eddas de alto torque com velocidades de entrada relativamente baixas. Eles tamb\u00e9m s\u00e3o altamente eficientes, com perda m\u00ednima de pot\u00eancia devido ao atrito e outros fatores. Al\u00e9m disso, devido ao seu design compacto, os acionamentos de roda dentada planet\u00e1ria s\u00e3o frequentemente usados em aplica\u00e7\u00f5es onde o espa\u00e7o \u00e9 limitado.\n<\/p>\n<h2>Instala\u00e7\u00e3o, Manuten\u00e7\u00e3o e Reparo<\/h2>\n<p>\nInstalling and maintaining a planetary sprocket drive is relatively straightforward. The drive should be mounted securely to prevent movement during operation, and the input and output shafts should be aligned as closely as possible to minimize wear and tear on the gears. Regular maintenance, including lubrication and inspection of the gears and bearings, can help prolong the life of the drive and prevent costly breakdowns. In the event that a planetary sprocket drive does need to be repaired or replaced, it is important to consult the manufacturer&#8217;s guidelines and use only OEM parts to ensure proper fit and function.\n<\/p>\n<h2>Materiais e Classifica\u00e7\u00e3o<\/h2>\n<p>\nOs acionamentos de roda dentada planet\u00e1ria podem ser feitos de uma variedade de materiais, incluindo a\u00e7o, alum\u00ednio e compostos. O material espec\u00edfico usado depende da aplica\u00e7\u00e3o e das caracter\u00edsticas de desempenho desejadas do acionamento. Os acionamentos de roda dentada planet\u00e1ria s\u00e3o normalmente classificados por suas configura\u00e7\u00f5es de entrada e sa\u00edda, bem como por suas rela\u00e7\u00f5es de engrenagem e classifica\u00e7\u00f5es de torque.\n<\/p>\n<h2>Outros produtos da nossa empresa<\/h2>\n<p>\nAl\u00e9m de acionamentos de roda dentada planet\u00e1ria, nossa empresa oferece uma ampla gama de outros produtos industriais de alta qualidade. Isso inclui engrenagens pl\u00e1sticas para equipamentos agr\u00edcolas, eixos de sa\u00edda de pot\u00eancia, rodas dentadas, acoplamentos de fluido, redutores de engrenagem sem-fim, engrenagens e cremalheiras, correntes destac\u00e1veis, polias e polias, caixas de engrenagens planet\u00e1rias, polias de sincroniza\u00e7\u00e3o, buchas e muito mais. Nossos produtos s\u00e3o conhecidos por sua durabilidade, acessibilidade e atendimento excepcional ao cliente. Damos as boas-vindas aos clientes para perguntar sobre nossos produtos e estamos sempre felizes em fornecer servi\u00e7os de fabrica\u00e7\u00e3o personalizados com base em desenhos ou amostras.\n<\/p>\n<h2>Perguntas e respostas<\/h2>\n<h3>1. O que s\u00e3o acionamentos de roda dentada planet\u00e1ria?<\/h3>\n<p>Os acionamentos de roda dentada planet\u00e1ria s\u00e3o um tipo de caixa de engrenagens comumente usada em m\u00e1quinas e equipamentos industriais. Eles consistem em uma engrenagem solar central, engrenagens planet\u00e1rias e uma engrenagem anelar que trabalham juntas para transmitir torque e velocidade entre os eixos de entrada e sa\u00edda.<\/p>\n<h3>2. Quais s\u00e3o as vantagens de usar uma transmiss\u00e3o por roda dentada planet\u00e1ria?<\/h3>\n<p>Os acionamentos de roda dentada planet\u00e1ria oferecem v\u00e1rias vantagens sobre outros tipos de caixas de engrenagens. Eles t\u00eam uma alta rela\u00e7\u00e3o de engrenagem, s\u00e3o altamente eficientes e t\u00eam um design compacto que os torna ideais para uso em aplica\u00e7\u00f5es onde o espa\u00e7o \u00e9 limitado.<\/p>\n<h3>3. Como uma transmiss\u00e3o de roda dentada planet\u00e1ria deve ser instalada e mantida?<\/h3>\n<p>Um acionamento de roda dentada planet\u00e1ria deve ser montado com seguran\u00e7a para evitar movimento durante a opera\u00e7\u00e3o, e os eixos de entrada e sa\u00edda devem ser alinhados o mais pr\u00f3ximo poss\u00edvel para minimizar o desgaste nas engrenagens. A manuten\u00e7\u00e3o regular, incluindo lubrifica\u00e7\u00e3o e inspe\u00e7\u00e3o das engrenagens e rolamentos, pode ajudar a prolongar a vida \u00fatil do acionamento e evitar quebras dispendiosas.<\/p>\n<h3>4. Quais materiais s\u00e3o usados para fazer acionamentos de rodas dentadas planet\u00e1rias?<\/h3>\n<p>Os acionamentos de roda dentada planet\u00e1ria podem ser feitos de uma variedade de materiais, incluindo a\u00e7o, alum\u00ednio e compostos. O material espec\u00edfico usado depende da aplica\u00e7\u00e3o e das caracter\u00edsticas de desempenho desejadas do acionamento.<\/p>\n<h3>5. Que outros produtos sua empresa oferece?<\/h3>\n<p>Al\u00e9m de acionamentos de roda dentada planet\u00e1ria, nossa empresa oferece uma ampla gama de outros produtos industriais de alta qualidade. Isso inclui engrenagens pl\u00e1sticas para equipamentos agr\u00edcolas, eixos de sa\u00edda de pot\u00eancia, rodas dentadas, acoplamentos de fluido, redutores de engrenagem sem-fim, engrenagens e cremalheiras, correntes destac\u00e1veis, polias e polias, caixas de engrenagens planet\u00e1rias, polias de sincroniza\u00e7\u00e3o, buchas e muito mais.<\/p>","protected":false},"excerpt":{"rendered":"<p>Planetary Sprocket Drives An Overview of Planetary Sprocket Drives Planetary sprocket drives, also known as planetary gear drives or simply planetary drives, are a type of gearbox commonly used in industrial machinery and equipment. These drives consist of a central sun gear, planet gears, and a ring gear that all work together to transmit torque [&hellip;]<\/p>","protected":false},"featured_media":3177,"template":"","meta":{"_et_pb_use_builder":"","_et_pb_old_content":"","_et_gb_content_width":""},"product_brand":[],"product_cat":[11283],"product_tag":[],"class_list":{"0":"post-3178","1":"product","2":"type-product","3":"status-publish","4":"has-post-thumbnail","6":"product_cat-planetary-gearbox","8":"first","9":"instock","10":"shipping-taxable","11":"product-type-simple"},"_links":{"self":[{"href":"https:\/\/agricultural-gear-boxes.com\/pt\/wp-json\/wp\/v2\/product\/3178","targetHints":{"allow":["GET"]}}],"collection":[{"href":"https:\/\/agricultural-gear-boxes.com\/pt\/wp-json\/wp\/v2\/product"}],"about":[{"href":"https:\/\/agricultural-gear-boxes.com\/pt\/wp-json\/wp\/v2\/types\/product"}],"wp:featuredmedia":[{"embeddable":true,"href":"https:\/\/agricultural-gear-boxes.com\/pt\/wp-json\/wp\/v2\/media\/3177"}],"wp:attachment":[{"href":"https:\/\/agricultural-gear-boxes.com\/pt\/wp-json\/wp\/v2\/media?parent=3178"}],"wp:term":[{"taxonomy":"product_brand","embeddable":true,"href":"https:\/\/agricultural-gear-boxes.com\/pt\/wp-json\/wp\/v2\/product_brand?post=3178"},{"taxonomy":"product_cat","embeddable":true,"href":"https:\/\/agricultural-gear-boxes.com\/pt\/wp-json\/wp\/v2\/product_cat?post=3178"},{"taxonomy":"product_tag","embeddable":true,"href":"https:\/\/agricultural-gear-boxes.com\/pt\/wp-json\/wp\/v2\/product_tag?post=3178"}],"curies":[{"name":"wp","href":"https:\/\/api.w.org\/{rel}","templated":true}]}}