{"id":3182,"date":"2024-08-20T05:53:55","date_gmt":"2024-08-20T05:53:55","guid":{"rendered":"https:\/\/agricultural-gear-boxes.com\/product\/precision-planetary-gearbox\/"},"modified":"2024-08-20T05:53:56","modified_gmt":"2024-08-20T05:53:56","slug":"precision-planetary-gearbox","status":"publish","type":"product","link":"https:\/\/agricultural-gear-boxes.com\/pt\/product\/precision-planetary-gearbox\/","title":{"rendered":"Caixa de engrenagens planet\u00e1rias de precis\u00e3o"},"content":{"rendered":"<h2>Caixa de engrenagens planet\u00e1rias de precis\u00e3o: alta precis\u00e3o e desempenho superior<\/h2>\n<p>Precision planetary gearbox is a mechanical device that is widely used in the industrial automation and servo applications. It is designed to provide high precision, high dynamic, and low backlash, making it ideal for applications that require high accuracy and reliability. The gearboxes are made of high-quality materials, such as aluminum-alloy die casting ADC12, 40Cr, and 20CrMnTi, which ensures the gearboxes&#8217; durability and longevity. <\/p>\n<h3>Caracter\u00edsticas:<\/h3>\n<ul>\n<li>Redutores planet\u00e1rios de alta precis\u00e3o EP, incluindo uma s\u00e9rie completa de redutores planet\u00e1rios de precis\u00e3o em linha (lineares) e em \u00e2ngulo reto. <\/li>\n<li>Alta precis\u00e3o, alta din\u00e2mica, baixa folga. <\/li>\n<li>At\u00e9 3 folgas opcionais: folga de ultraprecis\u00e3o, folga de alta precis\u00e3o e folga padr\u00e3o. <\/li>\n<li>Desempenho superior para automa\u00e7\u00e3o industrial de precis\u00e3o e aplica\u00e7\u00f5es servo. <\/li>\n<\/ul>\n<h3>Componentes:<\/h3>\n<ul>\n<li>Carca\u00e7a e flange da caixa de engrenagens: fundi\u00e7\u00e3o sob press\u00e3o em liga de alum\u00ednio ADC12 <\/li>\n<li>Conjunto de engrenagens: Conjunto de engrenagens planet\u00e1rias de precis\u00e3o <\/li>\n<li>Engrenagens de anel: 40Cr <\/li>\n<li>Engrenagens Planet\u00e1rias: 20CrMnTi, Dureza de Superf\u00edcie HRC58~62, Dureza Interna HRC33~40 <\/li>\n<li>Configura\u00e7\u00f5es de entrada: Eixo oco com chaveta e adaptador de motor <\/li>\n<li>Configura\u00e7\u00f5es de sa\u00edda: sa\u00edda de eixo s\u00f3lido com chave, sa\u00edda de eixo s\u00f3lido sem chave <\/li>\n<li>Motores aplic\u00e1veis: Servo motores, motores de passo <\/li>\n<\/ul>\n<h3>Modelos:<\/h3>\n<ul>\n<li>S\u00e9rie PAB\/PABR, S\u00e9rie PPG <\/li>\n<\/ul>\n<h3>Par\u00e2metros:<\/h3>\n<table>\n<thead>\n<tr>\n<th>S\u00e9rie<\/th>\n<th>Est\u00e1gio<\/th>\n<th>Modelos<\/th>\n<th>Raz\u00e3o<\/th>\n<th>Torque nominal<\/th>\n<th>Di\u00e2metro do flange de sa\u00edda.<\/th>\n<th>Di\u00e2metro do eixo de sa\u00edda.<\/th>\n<th>Retalia\u00e7\u00e3o<\/th>\n<th>Efici\u00eancia<\/th>\n<\/tr>\n<\/thead>\n<tbody>\n<tr>\n<td rowspan=\"2\">PAB (Linear)<\/td>\n<td>1<\/td>\n<td>PAB042, PAB060, PAB090, PAB115, PAB142, PAB180, PAB220<\/td>\n<td>3, 4, 5, 6, 7, 8, 9, 10<\/td>\n<td>14N.m~2000N.m<\/td>\n<td>42 mm ~ 220 mm<\/td>\n<td>??13, ??16, ??22, ??32, ??40, ??55, ??75<\/td>\n<td>??1, ??3, ??5 minutos de arco<\/td>\n<td>??97%<\/td>\n<\/tr>\n<tr>\n<td>2<\/td>\n<td>PAB042, PAB060, PAB060A, PAB090, PAB090A, PAB115, PAB142, PAB180, PAB220<\/td>\n<td>15, 20, 25, 30, 35, 40, 45, 50, 60, 70, 80, 90, 100<\/td>\n<td>14N.m~2000N.m<\/td>\n<td>42 mm ~ 220 mm<\/td>\n<td>??13, ??16, ??22, ??32, ??40, ??55, ??75<\/td>\n<td>??3, ??5, ??7 minutos de arco<\/td>\n<td>??94%<\/td>\n<\/tr>\n<tr>\n<td rowspan=\"2\">PABR (\u00c2ngulo Reto)<\/td>\n<td>1<\/td>\n<td>PABR042, PABR060, PABR090, PABR115, PABR142, PABR180, PABR220<\/td>\n<td>3, 4, 5, 6, 7, 8, 9, 10, 14, 20<\/td>\n<td>9N.m~2000N.m<\/td>\n<td>42 mm ~ 220 mm<\/td>\n<td>??13, ??16, ??22, ??32, ??40, ??55, ??75<\/td>\n<td>??2, ??4, ??6 minutos de arco<\/td>\n<td>??95%<\/td>\n<\/tr>\n<tr>\n<td>2<\/td>\n<td>PABR042, PABR060, PABR090, PABR115, PABR142, PABR180, PABR220<\/td>\n<td>15, 20, 25, 30, 35, 40, 45, 50, 60, 70, 80, 90, 100, 120, 140, 160, 180, 200<\/td>\n<td>14N.m~2000N.m<\/td>\n<td>42 mm ~ 220 mm<\/td>\n<td>??13, ??16, ??22, ??32, ??40, ??55, ??75<\/td>\n<td>??4, ??7, ??9 minutos de arco<\/td>\n<td>??92%<\/td>\n<\/tr>\n<tr>\n<td rowspan=\"2\">PPG (Linear)<\/td>\n<td>1<\/td>\n<td>PPG040, PPG060, PPG080, PPG080A, PPG120, PPG120A, PPG160<\/td>\n<td>3, 4, 5, 7, 10<\/td>\n<td>9 N.m~423 N.m<\/td>\n<td>&#8211;<\/td>\n<td>??10, ??14, ??20, ??25, ??40<\/td>\n<td>??6, ??8 minutos de arco<\/td>\n<td>??97%<\/td>\n<\/tr>\n<tr>\n<td>2<\/td>\n<td>PPG040, PPG060, PPG080, PPG080A, PPG120, PPG120A, PPG160<\/td>\n<td>15, 16, 20, 25, 30, 35, 40, 50, 70, 100<\/td>\n<td>9 N.m~423 N.m<\/td>\n<td>&#8211;<\/td>\n<td>??10, ??14, ??20, ??25, ??40<\/td>\n<td>??8, ??10 minutos de arco<\/td>\n<td>??94%<\/td>\n<\/tr>\n<\/tbody>\n<\/table>\n<h3>Instala\u00e7\u00e3o, manuten\u00e7\u00e3o e reparo:<\/h3>\n<ul>\n<li>Installation: Before installation, it is essential to ensure that the gearbox is clean, and the input and output shafts are aligned correctly. When installing the gearbox, make sure to use the appropriate tools and follow the manufacturer&#8217;s instructions carefully. <\/li>\n<li>Maintenance: To ensure the gearbox&#8217;s optimal performance, it is crucial to perform regular maintenance, including cleaning, lubrication, and inspection. <\/li>\n<li>Reparo: Se a caixa de engrenagens estiver danificada ou com defeito, \u00e9 recomendado procurar servi\u00e7os profissionais de reparo. Tentar consertar a caixa de engrenagens sem conhecimento e habilidades adequados pode causar mais danos e resultar em custos adicionais. <\/li>\n<li>Substitui\u00e7\u00e3o: Se a caixa de engrenagens n\u00e3o puder ser reparada ou n\u00e3o atender mais aos requisitos da aplica\u00e7\u00e3o, \u00e9 aconselh\u00e1vel substitu\u00ed-la por uma nova. <\/li>\n<\/ul>\n<h3>Cen\u00e1rios de uso comum:<\/h3>\n<p>Caixas de engrenagens planet\u00e1rias de precis\u00e3o s\u00e3o amplamente utilizadas em v\u00e1rias ind\u00fastrias, incluindo rob\u00f3tica, automa\u00e7\u00e3o, aeroespacial, equipamentos m\u00e9dicos e muito mais. Elas s\u00e3o comumente utilizadas em aplica\u00e7\u00f5es que exigem alta precis\u00e3o e exatid\u00e3o, como m\u00e1quinas CNC, m\u00e1quinas de impress\u00e3o, m\u00e1quinas de corte e assim por diante. <\/p>\n<h3>Vantagens:<\/h3>\n<ul>\n<li>Alta precis\u00e3o e exatid\u00e3o. <\/li>\n<li>Baixa rea\u00e7\u00e3o. <\/li>\n<li>Dur\u00e1vel e duradouro. <\/li>\n<li>F\u00e1cil de instalar, manter e reparar. <\/li>\n<li>Compat\u00edvel com v\u00e1rios motores, como servomotores e motores de passo. <\/li>\n<\/ul>\n<h3>Outros produtos da empresa:<\/h3>\n<p>Al\u00e9m de caixas de engrenagens planet\u00e1rias de precis\u00e3o, nossa empresa tamb\u00e9m fornece v\u00e1rias engrenagens de pl\u00e1stico usadas na ind\u00fastria, como caixas de engrenagens agr\u00edcolas, eixos de sa\u00edda de pot\u00eancia, rodas dentadas, acoplamentos de fluido, redutores de engrenagem sem-fim, engrenagens e cremalheiras, correntes destac\u00e1veis, polias e polias, caixas de engrenagens planet\u00e1rias, polias de sincroniza\u00e7\u00e3o, buchas e muito mais. Nossos produtos s\u00e3o de alta qualidade, com pre\u00e7os competitivos e v\u00eam com servi\u00e7o atencioso. Damos as boas-vindas aos clientes para virem at\u00e9 n\u00f3s para desenho ou personaliza\u00e7\u00e3o de amostra.<\/p>\n<h2>Perguntas e respostas:<\/h2>\n<h3>1. O que s\u00e3o caixas de engrenagens planet\u00e1rias de precis\u00e3o?<\/h3>\n<p>Caixas de engrenagens planet\u00e1rias de precis\u00e3o s\u00e3o dispositivos mec\u00e2nicos que fornecem alta precis\u00e3o, alta din\u00e2mica e baixa folga. Elas s\u00e3o amplamente utilizadas em v\u00e1rias ind\u00fastrias, incluindo rob\u00f3tica, automa\u00e7\u00e3o, aeroespacial, equipamentos m\u00e9dicos e muito mais.<\/p>\n<h3>2. Quais s\u00e3o as vantagens das caixas de engrenagens planet\u00e1rias de precis\u00e3o?<\/h3>\n<p>As vantagens das caixas de engrenagens planet\u00e1rias de precis\u00e3o incluem alta precis\u00e3o e exatid\u00e3o, baixa folga, durabilidade e longevidade, f\u00e1cil instala\u00e7\u00e3o, manuten\u00e7\u00e3o e reparo, e compatibilidade com v\u00e1rios motores, como servomotores e motores de passo.<\/p>\n<h3>3. Quais s\u00e3o os cen\u00e1rios de uso comuns de caixas de engrenagens planet\u00e1rias de precis\u00e3o?<\/h3>\n<p>Redutores planet\u00e1rios de precis\u00e3o s\u00e3o comumente usados em aplica\u00e7\u00f5es que exigem alta precis\u00e3o e exatid\u00e3o, como m\u00e1quinas CNC, m\u00e1quinas de impress\u00e3o, m\u00e1quinas de corte e muito mais.<\/p>\n<h3>4. Como instalo uma caixa de engrenagens planet\u00e1rias de precis\u00e3o?<\/h3>\n<p>Before installation, it is essential to ensure that the gearbox is clean, and the input and output shafts are aligned correctly. When installing the gearbox, make sure to use the appropriate tools and follow the manufacturer&#8217;s instructions carefully.<\/p>\n<h3>5. O que devo fazer se minha caixa de engrenagens planet\u00e1rias de precis\u00e3o estiver danificada ou com defeito?<\/h3>\n<p>Se sua caixa de engrenagens planet\u00e1rias de precis\u00e3o estiver danificada ou com defeito, \u00e9 recomend\u00e1vel procurar servi\u00e7os profissionais de reparo. Tentar consertar a caixa de engrenagens sem conhecimento e habilidades adequados pode causar mais danos e resultar em custos adicionais.<\/p>","protected":false},"excerpt":{"rendered":"<p>Precision Planetary Gearbox: High Precision and Superior Performance Precision planetary gearbox is a mechanical device that is widely used in the industrial automation and servo applications. It is designed to provide high precision, high dynamic, and low backlash, making it ideal for applications that require high accuracy and reliability. The gearboxes are made of high-quality [&hellip;]<\/p>","protected":false},"featured_media":3181,"template":"","meta":{"_et_pb_use_builder":"","_et_pb_old_content":"","_et_gb_content_width":""},"product_brand":[],"product_cat":[11283],"product_tag":[],"class_list":{"0":"post-3182","1":"product","2":"type-product","3":"status-publish","4":"has-post-thumbnail","6":"product_cat-planetary-gearbox","8":"first","9":"instock","10":"shipping-taxable","11":"product-type-simple"},"_links":{"self":[{"href":"https:\/\/agricultural-gear-boxes.com\/pt\/wp-json\/wp\/v2\/product\/3182","targetHints":{"allow":["GET"]}}],"collection":[{"href":"https:\/\/agricultural-gear-boxes.com\/pt\/wp-json\/wp\/v2\/product"}],"about":[{"href":"https:\/\/agricultural-gear-boxes.com\/pt\/wp-json\/wp\/v2\/types\/product"}],"wp:featuredmedia":[{"embeddable":true,"href":"https:\/\/agricultural-gear-boxes.com\/pt\/wp-json\/wp\/v2\/media\/3181"}],"wp:attachment":[{"href":"https:\/\/agricultural-gear-boxes.com\/pt\/wp-json\/wp\/v2\/media?parent=3182"}],"wp:term":[{"taxonomy":"product_brand","embeddable":true,"href":"https:\/\/agricultural-gear-boxes.com\/pt\/wp-json\/wp\/v2\/product_brand?post=3182"},{"taxonomy":"product_cat","embeddable":true,"href":"https:\/\/agricultural-gear-boxes.com\/pt\/wp-json\/wp\/v2\/product_cat?post=3182"},{"taxonomy":"product_tag","embeddable":true,"href":"https:\/\/agricultural-gear-boxes.com\/pt\/wp-json\/wp\/v2\/product_tag?post=3182"}],"curies":[{"name":"wp","href":"https:\/\/api.w.org\/{rel}","templated":true}]}}