{"id":3184,"date":"2024-08-20T05:53:57","date_gmt":"2024-08-20T05:53:57","guid":{"rendered":"https:\/\/agricultural-gear-boxes.com\/product\/planetary-slew-drives\/"},"modified":"2024-08-20T05:53:58","modified_gmt":"2024-08-20T05:53:58","slug":"planetary-slew-drives","status":"publish","type":"product","link":"https:\/\/agricultural-gear-boxes.com\/pt\/product\/planetary-slew-drives\/","title":{"rendered":"Transmiss\u00f5es de giro planet\u00e1rias"},"content":{"rendered":"<h2>Transmiss\u00f5es de giro planet\u00e1rio: caracter\u00edsticas e aplica\u00e7\u00f5es<\/h2>\n<p>Os Planetary Slew Drives fabricados pela Ever-Power Co., Ltd s\u00e3o projetados para fornecer desempenho ideal em uma ampla gama de aplica\u00e7\u00f5es industriais. Esses drives s\u00e3o altamente eficientes e vers\u00e1teis e oferecem v\u00e1rios recursos que os tornam ideais para uso em aplica\u00e7\u00f5es exigentes.<\/p>\n<h3>O que s\u00e3o acionamentos de giro planet\u00e1rios?<\/h3>\n<p>Os Planetary Slew Drives s\u00e3o caixas de engrenagens especialmente projetadas para fornecer pot\u00eancia rotacional a m\u00e1quinas e equipamentos pesados. Esses drives fornecem multiplica\u00e7\u00e3o de torque superior e podem suportar v\u00e1rias cargas em v\u00e1rias dire\u00e7\u00f5es. Os planetary slew drives da Ever-Power s\u00e3o altamente eficientes e adequados para uso em uma ampla gama de aplica\u00e7\u00f5es, incluindo rastreadores solares, turbinas e\u00f3licas e equipamentos de constru\u00e7\u00e3o pesados.<\/p>\n<h3>Caracter\u00edsticas dos acionamentos de giro planet\u00e1rio<\/h3>\n<ul>\n<li>Faixa de torque de sa\u00edda: 1000\u202680000 Nm<\/li>\n<li>Rela\u00e7\u00f5es de transmiss\u00e3o: i=3,3\u20263000<\/li>\n<li>Suporte: Suporte de giro (com flange montado)<\/li>\n<li>Freio el\u00e9trico: Tipo DC e AC<\/li>\n<li>Eixo de sa\u00edda: estriado ou com pinh\u00e3o integral<\/li>\n<li>Motores aplic\u00e1veis: Motores hidr\u00e1ulicos de pist\u00e3o axial, motores de \u00f3rbita hidr\u00e1ulica, motores el\u00e9tricos IEC<\/li>\n<li>Op\u00e7\u00f5es de motor hidr\u00e1ulico: v\u00e1lvula de al\u00edvio de press\u00e3o, v\u00e1lvula over center, freio de estacionamento mediante solicita\u00e7\u00e3o<\/li>\n<li>Rolamentos de alta capacidade para suportar eixos de sa\u00edda<\/li>\n<\/ul>\n<h3>Aplica\u00e7\u00f5es de acionamentos de giro planet\u00e1rios<\/h3>\n<p>Os acionamentos planet\u00e1rios de giro s\u00e3o usados em uma ampla gama de aplica\u00e7\u00f5es, incluindo:<\/p>\n<ul>\n<li>Rastreadores solares<\/li>\n<li>Turbinas e\u00f3licas<\/li>\n<li>Equipamentos de constru\u00e7\u00e3o para servi\u00e7os pesados<\/li>\n<li>Elevadores de Homem<\/li>\n<li>Escavadeiras<\/li>\n<li>Guindastes<\/li>\n<li>Transportadores<\/li>\n<li>Mesas rotativas<\/li>\n<li>Aplica\u00e7\u00f5es Mar\u00edtimas<\/li>\n<li>E muitos mais<\/li>\n<\/ul>\n<h3>Vantagens dos acionamentos de giro planet\u00e1rios<\/h3>\n<ul>\n<li>Alto torque de sa\u00edda<\/li>\n<li>Design compacto<\/li>\n<li>Transmiss\u00e3o de energia eficiente<\/li>\n<li>Movimento suave e preciso<\/li>\n<li>Alta capacidade de carga radial e axial<\/li>\n<li>Baixa folga<\/li>\n<li>F\u00e1cil instala\u00e7\u00e3o e manuten\u00e7\u00e3o<\/li>\n<li>Longa vida \u00fatil<\/li>\n<\/ul>\n<h3>Instala\u00e7\u00e3o, manuten\u00e7\u00e3o e reparo de acionamentos de giro planet\u00e1rios<\/h3>\n<p>A instala\u00e7\u00e3o, manuten\u00e7\u00e3o e reparo de Planetary Slew Drives devem ser realizados por profissionais qualificados. Os usu\u00e1rios devem seguir as instru\u00e7\u00f5es do fabricante para instala\u00e7\u00e3o, manuten\u00e7\u00e3o e reparo adequados. A manuten\u00e7\u00e3o de rotina deve ser realizada para garantir o desempenho ideal e evitar tempo de inatividade.<\/p>\n<h3>Outros produtos da empresa Neg\u00f3cios<\/h3>\n<p>Al\u00e9m de acionamentos de giro planet\u00e1rios, a Ever-Power Co., Ltd fornece v\u00e1rias engrenagens de pl\u00e1stico que s\u00e3o usadas na ind\u00fastria. Isso inclui caixas de engrenagens agr\u00edcolas, eixos de sa\u00edda de pot\u00eancia, rodas dentadas, acoplamentos de fluido, redutores de engrenagem sem-fim, engrenagens e cremalheiras, correntes destac\u00e1veis, polias e polias, caixas de engrenagens planet\u00e1rias, polias de sincroniza\u00e7\u00e3o, buchas e muito mais. A Ever-Power Co., Ltd est\u00e1 comprometida em fornecer produtos de alta qualidade a pre\u00e7os favor\u00e1veis e oferecer excelente atendimento ao cliente. Os clientes s\u00e3o bem-vindos para vir com desenhos ou amostras para personaliza\u00e7\u00f5es. <\/p>\n<h2>Perguntas e respostas<\/h2>\n<h3>Q1: Qual \u00e9 a faixa de torque de sa\u00edda dos acionamentos de giro planet\u00e1rios da Ever-Power?<\/h3>\n<p>A1: A faixa de torque de sa\u00edda dos acionamentos de giro planet\u00e1rio da Ever-Power \u00e9 de 1000\u202680000 Nm<\/p>\n<h3>Q2: Quais s\u00e3o as aplica\u00e7\u00f5es dos acionamentos de giro planet\u00e1rios?<\/h3>\n<p>A2: Os acionamentos planet\u00e1rios de giro s\u00e3o usados em diversas aplica\u00e7\u00f5es, incluindo rastreadores solares, turbinas e\u00f3licas, equipamentos de constru\u00e7\u00e3o pesados, elevadores de pessoas, escavadeiras, guindastes, transportadores, mesas rotativas, aplica\u00e7\u00f5es mar\u00edtimas e muito mais.<\/p>\n<h3>Q3: Quais s\u00e3o as vantagens dos acionamentos de giro planet\u00e1rios?<\/h3>\n<p>A3: As vantagens dos acionamentos planet\u00e1rios de giro incluem alto torque de sa\u00edda, design compacto, transmiss\u00e3o de pot\u00eancia eficiente, movimento suave e preciso, alta capacidade de carga radial e axial, baixa folga, f\u00e1cil instala\u00e7\u00e3o e manuten\u00e7\u00e3o e longa vida \u00fatil.<\/p>\n<h3>Q4: Quais outros produtos a Ever-Power Co., Ltd fornece?<\/h3>\n<p>A4: A Ever-Power Co., Ltd fornece diversas engrenagens pl\u00e1sticas usadas na ind\u00fastria, incluindo caixas de engrenagens agr\u00edcolas, eixos de sa\u00edda de pot\u00eancia, rodas dentadas, acoplamentos de fluido, redutores de engrenagem sem-fim, engrenagens e cremalheiras, correntes destac\u00e1veis, polias e polias, caixas de engrenagens planet\u00e1rias, polias de sincroniza\u00e7\u00e3o, buchas e muito mais.<\/p>\n<h3>Q5: Como os acionamentos de giro planet\u00e1rios devem ser instalados, mantidos e reparados?<\/h3>\n<p>A5: A instala\u00e7\u00e3o, manuten\u00e7\u00e3o e reparo de Planetary Slew Drives devem ser realizados por profissionais qualificados. Os usu\u00e1rios devem seguir as instru\u00e7\u00f5es do fabricante para instala\u00e7\u00e3o, manuten\u00e7\u00e3o e reparo adequados. A manuten\u00e7\u00e3o de rotina deve ser realizada para garantir o desempenho ideal e evitar tempo de inatividade.<\/p>","protected":false},"excerpt":{"rendered":"<p>Planetary Slew Drives: Features and Applications Planetary Slew Drives manufactured by Ever-Power Co., Ltd are designed to provide optimal performance in a wide range of industrial applications. These drives are highly efficient and versatile and offer various features that make them ideal for use in demanding applications. What are Planetary Slew Drives? Planetary Slew Drives [&hellip;]<\/p>","protected":false},"featured_media":3183,"template":"","meta":{"_et_pb_use_builder":"","_et_pb_old_content":"","_et_gb_content_width":""},"product_brand":[],"product_cat":[11283],"product_tag":[],"class_list":{"0":"post-3184","1":"product","2":"type-product","3":"status-publish","4":"has-post-thumbnail","6":"product_cat-planetary-gearbox","8":"first","9":"instock","10":"shipping-taxable","11":"product-type-simple"},"_links":{"self":[{"href":"https:\/\/agricultural-gear-boxes.com\/pt\/wp-json\/wp\/v2\/product\/3184","targetHints":{"allow":["GET"]}}],"collection":[{"href":"https:\/\/agricultural-gear-boxes.com\/pt\/wp-json\/wp\/v2\/product"}],"about":[{"href":"https:\/\/agricultural-gear-boxes.com\/pt\/wp-json\/wp\/v2\/types\/product"}],"wp:featuredmedia":[{"embeddable":true,"href":"https:\/\/agricultural-gear-boxes.com\/pt\/wp-json\/wp\/v2\/media\/3183"}],"wp:attachment":[{"href":"https:\/\/agricultural-gear-boxes.com\/pt\/wp-json\/wp\/v2\/media?parent=3184"}],"wp:term":[{"taxonomy":"product_brand","embeddable":true,"href":"https:\/\/agricultural-gear-boxes.com\/pt\/wp-json\/wp\/v2\/product_brand?post=3184"},{"taxonomy":"product_cat","embeddable":true,"href":"https:\/\/agricultural-gear-boxes.com\/pt\/wp-json\/wp\/v2\/product_cat?post=3184"},{"taxonomy":"product_tag","embeddable":true,"href":"https:\/\/agricultural-gear-boxes.com\/pt\/wp-json\/wp\/v2\/product_tag?post=3184"}],"curies":[{"name":"wp","href":"https:\/\/api.w.org\/{rel}","templated":true}]}}