{"id":3186,"date":"2024-08-20T05:53:59","date_gmt":"2024-08-20T05:53:59","guid":{"rendered":"https:\/\/agricultural-gear-boxes.com\/product\/planetary-gear-drives\/"},"modified":"2024-08-20T05:54:00","modified_gmt":"2024-08-20T05:54:00","slug":"planetary-gear-drives","status":"publish","type":"product","link":"https:\/\/agricultural-gear-boxes.com\/pt\/product\/planetary-gear-drives\/","title":{"rendered":"Transmiss\u00f5es de engrenagens planet\u00e1rias"},"content":{"rendered":"<h2>Transmiss\u00f5es de Engrenagens Planet\u00e1rias \u2013 A Solu\u00e7\u00e3o Moderna para Transmiss\u00e3o de Pot\u00eancia<\/h2>\n<p>Transmiss\u00f5es de engrenagens planet\u00e1rias s\u00e3o um tipo de sistema de engrenagens comumente usado em aplica\u00e7\u00f5es de transmiss\u00e3o de pot\u00eancia. Elas s\u00e3o conhecidas por sua compacidade, simplicidade construtiva e confiabilidade do produto. A Ever-Power Transmission Co., Ltd oferece a s\u00e9rie EP3 de transmiss\u00f5es de caixa de engrenagens planet\u00e1rias, que ostentam uma gama de recursos impressionantes.<\/p>\n<h3>Caracter\u00edsticas dos acionamentos de caixa de engrenagens planet\u00e1rias EP3<\/h3>\n<ul>\n<li>Faixa de torque de sa\u00edda de 1000 \u2026 450000 Nm<\/li>\n<li>Pot\u00eancia mec\u00e2nica transmiss\u00edvel de at\u00e9 450 kW<\/li>\n<li>Rela\u00e7\u00f5es de transmiss\u00e3o de i=3,3 \u2026 9000<\/li>\n<li>As configura\u00e7\u00f5es de sa\u00edda incluem op\u00e7\u00f5es de montagem em p\u00e9 e flange<\/li>\n<li>As op\u00e7\u00f5es de eixo de sa\u00edda incluem s\u00f3lido com chaveta, estriado, estriado oco e oco com disco de contra\u00e7\u00e3o<\/li>\n<li>As configura\u00e7\u00f5es de entrada incluem motores hidr\u00e1ulicos de pist\u00e3o axial flangeado, motores orbitais hidr\u00e1ulicos, adaptadores de motor IEC e Nema e eixos de entrada s\u00f3lidos<\/li>\n<li>Freio de estacionamento liberado hidraulicamente dispon\u00edvel mediante solicita\u00e7\u00e3o<\/li>\n<li>Op\u00e7\u00f5es de freio el\u00e9trico DC e AC<\/li>\n<\/ul>\n<h3>Vantagens de usar acionamentos por engrenagens planet\u00e1rias<\/h3>\n<ul>\n<li>Alta densidade de pot\u00eancia devido ao design compacto<\/li>\n<li>Alta efici\u00eancia devido \u00e0s m\u00faltiplas malhas de engrenagens<\/li>\n<li>Alta precis\u00e3o devido ao uso de dentes de engrenagem helicoidal<\/li>\n<li>Baixo ru\u00eddo e vibra\u00e7\u00e3o devido \u00e0 carga uniformemente distribu\u00edda<\/li>\n<li>F\u00e1cil manuten\u00e7\u00e3o devido ao design modular<\/li>\n<li>Longa vida \u00fatil devido aos materiais dur\u00e1veis utilizados<\/li>\n<\/ul>\n<h3>Instala\u00e7\u00e3o, Manuten\u00e7\u00e3o e Reparo<\/h3>\n<p>A s\u00e9rie EP3 de acionamentos de caixa de engrenagens planet\u00e1rias \u00e9 projetada com facilidade de instala\u00e7\u00e3o, manuten\u00e7\u00e3o e reparo em mente. O design modular permite f\u00e1cil acesso a componentes individuais, e o uso de materiais dur\u00e1veis garante uma longa vida \u00fatil. A manuten\u00e7\u00e3o regular deve incluir a verifica\u00e7\u00e3o dos n\u00edveis de lubrifica\u00e7\u00e3o e a garantia de que todos os parafusos e fixadores estejam apertados de acordo com as especifica\u00e7\u00f5es de torque recomendadas.<\/p>\n<p>Em caso de mau funcionamento ou dano, o reparo ou a substitui\u00e7\u00e3o de componentes pode ser realizado por um t\u00e9cnico qualificado. A Ever-Power Transmission Co., Ltd oferece suporte t\u00e9cnico abrangente e pe\u00e7as de reposi\u00e7\u00e3o para todos os seus produtos.<\/p>\n<h3>Outros produtos oferecidos pela Ever-Power Transmission Co., Ltd<\/h3>\n<p>Al\u00e9m de acionamentos de engrenagens planet\u00e1rias, a Ever-Power Transmission Co., Ltd tamb\u00e9m oferece uma ampla gama de outros produtos industriais, incluindo caixas de engrenagens agr\u00edcolas, eixos de sa\u00edda de pot\u00eancia, rodas dentadas, acoplamentos de fluido, redutores de engrenagem sem-fim, engrenagens e cremalheiras, correntes destac\u00e1veis, polias e polias, caixas de engrenagens planet\u00e1rias, polias de sincroniza\u00e7\u00e3o, buchas e muito mais. Com foco em produtos de alta qualidade, pre\u00e7os favor\u00e1veis e servi\u00e7o atencioso, a Ever-Power Transmission Co., Ltd d\u00e1 as boas-vindas aos clientes para pedidos personalizados com base em desenhos ou amostras. <\/p>\n<h2>Perguntas e respostas<\/h2>\n<h3>1. O que s\u00e3o engrenagens planet\u00e1rias?<\/h3>\n<p>Transmiss\u00f5es de engrenagens planet\u00e1rias s\u00e3o um tipo de sistema de engrenagens usado em aplica\u00e7\u00f5es de transmiss\u00e3o de pot\u00eancia. Elas s\u00e3o conhecidas por sua compacidade, simplicidade construtiva e confiabilidade.<\/p>\n<h3>2. Quais s\u00e3o as vantagens de usar engrenagens planet\u00e1rias?<\/h3>\n<p>Os acionamentos por engrenagens planet\u00e1rias oferecem alta densidade de pot\u00eancia, alta efici\u00eancia, alta precis\u00e3o, baixo ru\u00eddo e vibra\u00e7\u00e3o e f\u00e1cil manuten\u00e7\u00e3o devido ao seu design modular.<\/p>\n<h3>3. Quais configura\u00e7\u00f5es de entrada est\u00e3o dispon\u00edveis para a s\u00e9rie EP3 de acionamentos de caixa de engrenagens planet\u00e1rias?<\/h3>\n<p>A s\u00e9rie EP3 de acionamentos de caixa de engrenagens planet\u00e1rias oferece configura\u00e7\u00f5es de entrada, incluindo motores hidr\u00e1ulicos de pist\u00e3o axial flangeado, motores orbitais hidr\u00e1ulicos, adaptadores de motor IEC e Nema e eixos de entrada s\u00f3lidos.<\/p>\n<h3>4. Quais outros produtos a Ever-Power Transmission Co., Ltd oferece?<\/h3>\n<p>Al\u00e9m de redutores planet\u00e1rios, a Ever-Power Transmission Co., Ltd oferece uma ampla gama de produtos industriais, incluindo caixas de engrenagens agr\u00edcolas, eixos de sa\u00edda de pot\u00eancia, rodas dentadas, acoplamentos de fluido e muito mais.<\/p>\n<h3>5. Como posso fazer a manuten\u00e7\u00e3o da minha caixa de engrenagens planet\u00e1rias s\u00e9rie EP3?<\/h3>\n<p>A manuten\u00e7\u00e3o regular deve incluir a verifica\u00e7\u00e3o dos n\u00edveis de lubrifica\u00e7\u00e3o e garantir que todos os parafusos e fixadores estejam apertados de acordo com as especifica\u00e7\u00f5es de torque recomendadas. Em caso de mau funcionamento ou dano, o reparo ou a substitui\u00e7\u00e3o de componentes pode ser realizado por um t\u00e9cnico qualificado.<\/p>","protected":false},"excerpt":{"rendered":"<p>Planetary Gear Drives &#8211; The Modern Solution for Power Transmission Planetary gear drives are a type of gear system commonly used in power transmission applications. They are known for their compactness, constructive simplicity, and product reliability. Ever-Power Transmission Co., Ltd offers the EP3 series of planetary gearbox drives, which boast a range of impressive features. [&hellip;]<\/p>","protected":false},"featured_media":3185,"template":"","meta":{"_et_pb_use_builder":"","_et_pb_old_content":"","_et_gb_content_width":""},"product_brand":[],"product_cat":[11283],"product_tag":[],"class_list":{"0":"post-3186","1":"product","2":"type-product","3":"status-publish","4":"has-post-thumbnail","6":"product_cat-planetary-gearbox","8":"first","9":"instock","10":"shipping-taxable","11":"product-type-simple"},"_links":{"self":[{"href":"https:\/\/agricultural-gear-boxes.com\/pt\/wp-json\/wp\/v2\/product\/3186","targetHints":{"allow":["GET"]}}],"collection":[{"href":"https:\/\/agricultural-gear-boxes.com\/pt\/wp-json\/wp\/v2\/product"}],"about":[{"href":"https:\/\/agricultural-gear-boxes.com\/pt\/wp-json\/wp\/v2\/types\/product"}],"wp:featuredmedia":[{"embeddable":true,"href":"https:\/\/agricultural-gear-boxes.com\/pt\/wp-json\/wp\/v2\/media\/3185"}],"wp:attachment":[{"href":"https:\/\/agricultural-gear-boxes.com\/pt\/wp-json\/wp\/v2\/media?parent=3186"}],"wp:term":[{"taxonomy":"product_brand","embeddable":true,"href":"https:\/\/agricultural-gear-boxes.com\/pt\/wp-json\/wp\/v2\/product_brand?post=3186"},{"taxonomy":"product_cat","embeddable":true,"href":"https:\/\/agricultural-gear-boxes.com\/pt\/wp-json\/wp\/v2\/product_cat?post=3186"},{"taxonomy":"product_tag","embeddable":true,"href":"https:\/\/agricultural-gear-boxes.com\/pt\/wp-json\/wp\/v2\/product_tag?post=3186"}],"curies":[{"name":"wp","href":"https:\/\/api.w.org\/{rel}","templated":true}]}}