{"id":3194,"date":"2024-08-20T05:54:14","date_gmt":"2024-08-20T05:54:14","guid":{"rendered":"https:\/\/agricultural-gear-boxes.com\/product\/planetary-cone-disk-variator\/"},"modified":"2024-08-20T05:54:15","modified_gmt":"2024-08-20T05:54:15","slug":"planetary-cone-disk-variator","status":"publish","type":"product","link":"https:\/\/agricultural-gear-boxes.com\/pt\/product\/planetary-cone-disk-variator\/","title":{"rendered":"Variador de disco c\u00f4nico planet\u00e1rio"},"content":{"rendered":"<h2>Variador de disco c\u00f4nico planet\u00e1rio: um produto de alta precis\u00e3o, multifuncional e vers\u00e1til<\/h2>\n<p>O Planetary Cone-Disk Variator \u00e9 um produto de alta precis\u00e3o que foi projetado com a mais recente tecnologia para garantir desempenho est\u00e1vel, transmiss\u00e3o precisa e resist\u00eancia suficiente. \u00c9 uma estrutura compacta que \u00e9 pequena em tamanho, leve em peso e pode ser combinada com v\u00e1rios redutores para atingir varia\u00e7\u00e3o sem est\u00e1gios de baixa velocidade. O produto \u00e9 amplamente utilizado em v\u00e1rias aplica\u00e7\u00f5es, como m\u00e1quinas agr\u00edcolas, m\u00e1quinas aliment\u00edcias, m\u00e1quinas de embalagem e assim por diante.<\/p>\n<h3>Vantagens do variador de disco c\u00f4nico planet\u00e1rio<\/h3>\n<ul>\n<li>Estrutura compacta, pequeno volume e peso leve<\/li>\n<li>Alta resist\u00eancia, desempenho est\u00e1vel, transmiss\u00e3o precisa e resist\u00eancia suficiente sem for\u00e7a de recuo<\/li>\n<li>Grande faixa de varia\u00e7\u00e3o de velocidade, variando dentro de 5, ou seja, a propor\u00e7\u00e3o pode variar entre 1:4,5 a 1:7,25<\/li>\n<li>Alta precis\u00e3o de regula\u00e7\u00e3o de velocidade pode ser de at\u00e9 0,5~1 voltas<\/li>\n<li>Desempenho est\u00e1vel: Todas as pe\u00e7as da transmiss\u00e3o s\u00e3o meticulosamente tratadas com tratamento t\u00e9rmico especial, resultando em bom contato e lubrifica\u00e7\u00e3o, desempenho est\u00e1vel, baixo ru\u00eddo e servi\u00e7o de longa dura\u00e7\u00e3o.<\/li>\n<li>Forte capacidade de combina\u00e7\u00e3o: pode ser combinado com v\u00e1rios redutores para realizar varia\u00e7\u00e3o sem est\u00e1gios de baixa velocidade.<\/li>\n<\/ul>\n<h3>Dados t\u00e9cnicos<\/h3>\n<ul>\n<li>Faixa de propor\u00e7\u00e3o: 5 (uma propor\u00e7\u00e3o maior pode ser atendida mediante solicita\u00e7\u00e3o)<\/li>\n<li>Pot\u00eancia de entrada: 0,18~7,5<\/li>\n<li>Faixa de velocidade de sa\u00edda: 5<\/li>\n<li>Faixa de torque permitida: ??118N.m<\/li>\n<\/ul>\n<h3>Instala\u00e7\u00e3o, Manuten\u00e7\u00e3o e Reparo do Variador Planet\u00e1rio Cone-Disco<\/h3>\n<p>Antes da instala\u00e7\u00e3o, \u00e9 necess\u00e1rio verificar se o produto est\u00e1 danificado ou n\u00e3o. Durante a instala\u00e7\u00e3o, certifique-se de que o produto esteja instalado corretamente e com seguran\u00e7a. \u00c9 importante manter o produto limpo e lubrificado durante o uso. Em termos de reparo, procure ajuda profissional para evitar mais danos.<\/p>\n<h3>Outros produtos de engrenagens pl\u00e1sticas oferecidos pela empresa<\/h3>\n<p>Nossa empresa fornece principalmente v\u00e1rias engrenagens de pl\u00e1stico usadas na ind\u00fastria, como caixas de engrenagens agr\u00edcolas, eixos de sa\u00edda de pot\u00eancia, rodas dentadas, acoplamentos de fluido, redutores de engrenagem sem-fim, engrenagens e cremalheiras, correntes destac\u00e1veis, polias e polias, caixas de engrenagens planet\u00e1rias, polias de sincroniza\u00e7\u00e3o, buchas e muito mais. Oferecemos produtos de alta qualidade a pre\u00e7os favor\u00e1veis e fornecemos um servi\u00e7o atencioso. Os clientes s\u00e3o bem-vindos para vir at\u00e9 n\u00f3s para desenho ou personaliza\u00e7\u00e3o de amostra.<\/p>\n<h2>Perguntas e respostas<\/h2>\n<h3>1. Para que \u00e9 usado o variador de disco c\u00f4nico planet\u00e1rio?<\/h3>\n<p>O variador de disco c\u00f4nico planet\u00e1rio \u00e9 um produto de alta precis\u00e3o amplamente utilizado em diversas aplica\u00e7\u00f5es, como m\u00e1quinas agr\u00edcolas, m\u00e1quinas aliment\u00edcias, m\u00e1quinas de embalagem e assim por diante.<\/p>\n<h3>2. Quais s\u00e3o as vantagens do variador de disco c\u00f4nico planet\u00e1rio?<\/h3>\n<p>O variador de disco c\u00f4nico planet\u00e1rio tem v\u00e1rias vantagens, incluindo estrutura compacta, pequeno volume e peso leve. \u00c9 um produto de alta resist\u00eancia com desempenho est\u00e1vel, transmiss\u00e3o precisa e resist\u00eancia suficiente sem for\u00e7a de recuo. Ele tamb\u00e9m tem uma grande faixa de varia\u00e7\u00e3o de velocidade, variando dentro de 5, e uma alta precis\u00e3o de regula\u00e7\u00e3o de velocidade, que pode ser de at\u00e9 0,5~1 voltas. Al\u00e9m disso, ele pode ser combinado com v\u00e1rios redutores para realizar varia\u00e7\u00e3o sem est\u00e1gios de baixa velocidade.<\/p>\n<h3>3. Como instalo o variador de disco c\u00f4nico planet\u00e1rio?<\/h3>\n<p>Antes da instala\u00e7\u00e3o, \u00e9 necess\u00e1rio verificar se o produto est\u00e1 danificado ou n\u00e3o. Durante a instala\u00e7\u00e3o, certifique-se de que o produto esteja instalado corretamente e com seguran\u00e7a.<\/p>\n<h3>4. Como fa\u00e7o a manuten\u00e7\u00e3o do variador de disco c\u00f4nico planet\u00e1rio?<\/h3>\n<p>\u00c9 importante manter o produto limpo e lubrificado durante o uso.<\/p>\n<h3>5. Quais outros produtos de engrenagens de pl\u00e1stico a empresa oferece?<\/h3>\n<p>Nossa empresa fornece principalmente diversas engrenagens pl\u00e1sticas usadas na ind\u00fastria, como caixas de engrenagens agr\u00edcolas, eixos de sa\u00edda de pot\u00eancia, rodas dentadas, acoplamentos de fluido, redutores de engrenagem sem-fim, engrenagens e cremalheiras, correntes destac\u00e1veis, polias e polias, caixas de engrenagens planet\u00e1rias, polias de sincroniza\u00e7\u00e3o, buchas e muito mais.<\/p>","protected":false},"excerpt":{"rendered":"<p>Planetary Cone-Disk Variator: A High-Precision, Multi-Purpose, and Versatile Product The Planetary Cone-Disk Variator is a high-precision product that has been designed with the latest technology to ensure stable performance, precise transmission, and sufficient strength. It is a compact structure that is small in size, light in weight, and can be combined with various reducers to [&hellip;]<\/p>","protected":false},"featured_media":3193,"template":"","meta":{"_et_pb_use_builder":"","_et_pb_old_content":"","_et_gb_content_width":""},"product_brand":[],"product_cat":[11283],"product_tag":[],"class_list":{"0":"post-3194","1":"product","2":"type-product","3":"status-publish","4":"has-post-thumbnail","6":"product_cat-planetary-gearbox","8":"first","9":"instock","10":"shipping-taxable","11":"product-type-simple"},"_links":{"self":[{"href":"https:\/\/agricultural-gear-boxes.com\/pt\/wp-json\/wp\/v2\/product\/3194","targetHints":{"allow":["GET"]}}],"collection":[{"href":"https:\/\/agricultural-gear-boxes.com\/pt\/wp-json\/wp\/v2\/product"}],"about":[{"href":"https:\/\/agricultural-gear-boxes.com\/pt\/wp-json\/wp\/v2\/types\/product"}],"wp:featuredmedia":[{"embeddable":true,"href":"https:\/\/agricultural-gear-boxes.com\/pt\/wp-json\/wp\/v2\/media\/3193"}],"wp:attachment":[{"href":"https:\/\/agricultural-gear-boxes.com\/pt\/wp-json\/wp\/v2\/media?parent=3194"}],"wp:term":[{"taxonomy":"product_brand","embeddable":true,"href":"https:\/\/agricultural-gear-boxes.com\/pt\/wp-json\/wp\/v2\/product_brand?post=3194"},{"taxonomy":"product_cat","embeddable":true,"href":"https:\/\/agricultural-gear-boxes.com\/pt\/wp-json\/wp\/v2\/product_cat?post=3194"},{"taxonomy":"product_tag","embeddable":true,"href":"https:\/\/agricultural-gear-boxes.com\/pt\/wp-json\/wp\/v2\/product_tag?post=3194"}],"curies":[{"name":"wp","href":"https:\/\/api.w.org\/{rel}","templated":true}]}}