{"id":3199,"date":"2024-08-20T05:54:18","date_gmt":"2024-08-20T05:54:18","guid":{"rendered":"https:\/\/agricultural-gear-boxes.com\/product\/planetary-gearboxes-for-slew-drive-3\/"},"modified":"2024-08-20T05:54:19","modified_gmt":"2024-08-20T05:54:19","slug":"planetary-gearboxes-for-slew-drive-3","status":"publish","type":"product","link":"https:\/\/agricultural-gear-boxes.com\/pt\/product\/planetary-gearboxes-for-slew-drive-3\/","title":{"rendered":"Caixas de engrenagens planet\u00e1rias para transmiss\u00e3o de giro"},"content":{"rendered":"<h2>Caixas de engrenagens planet\u00e1rias para transmiss\u00e3o de giro<\/h2>\n<p>Caixas de engrenagens planet\u00e1rias para acionamento de giro s\u00e3o amplamente utilizadas na ind\u00fastria para v\u00e1rias aplica\u00e7\u00f5es, incluindo escavadeiras, guindastes e muito mais. Essas caixas de engrenagens s\u00e3o projetadas para transmitir torque e rota\u00e7\u00e3o entre dois objetos, com um objeto estacion\u00e1rio enquanto o outro gira em torno dele. A caixa de engrenagens planet\u00e1rias para acionamento de giro \u00e9 uma pe\u00e7a de maquin\u00e1rio vers\u00e1til e potente que pode lidar com uma ampla gama de tarefas.<\/p>\n<h3>Vantagens das caixas de engrenagens planet\u00e1rias<\/h3>\n<ul>\n<li>Alta capacidade de transmiss\u00e3o de torque<\/li>\n<li>Tamanho e design compactos<\/li>\n<li>Capacidade de lidar com cargas de choque e altas velocidades<\/li>\n<li>Alta efici\u00eancia e baixos n\u00edveis de ru\u00eddo<\/li>\n<li>F\u00e1cil de instalar, manter e reparar<\/li>\n<\/ul>\n<h3>Tipos de caixas de engrenagens planet\u00e1rias<\/h3>\n<p>As caixas de engrenagens planet\u00e1rias v\u00eam em diferentes tipos, e as mais comuns s\u00e3o:<\/p>\n<ul>\n<li>Redutores planet\u00e1rios de eixo paralelo: usados em aplica\u00e7\u00f5es onde o espa\u00e7o \u00e9 limitado.<\/li>\n<li>Caixas de engrenagens planet\u00e1rias de \u00e2ngulo reto: usadas em aplica\u00e7\u00f5es onde a transmiss\u00e3o de pot\u00eancia precisa de uma mudan\u00e7a de dire\u00e7\u00e3o.<\/li>\n<li>Redutores Planet\u00e1rios Coaxiais: Utilizados em aplica\u00e7\u00f5es onde os eixos de entrada e sa\u00edda precisam estar no mesmo eixo.<\/li>\n<\/ul>\n<h3>Instala\u00e7\u00e3o, Manuten\u00e7\u00e3o e Reparo<\/h3>\n<p>Embora as caixas de engrenagens planet\u00e1rias sejam f\u00e1ceis de instalar, \u00e9 importante garantir que elas estejam alinhadas corretamente para evitar desgaste prematuro. A manuten\u00e7\u00e3o regular tamb\u00e9m \u00e9 importante para garantir sua longevidade e funcionamento adequado. Em caso de quebra, as caixas de engrenagens planet\u00e1rias podem ser facilmente reparadas, e as pe\u00e7as danificadas podem ser substitu\u00eddas.<\/p>\n<h3>Outros produtos da empresa Neg\u00f3cios<\/h3>\n<p>Al\u00e9m de caixas de engrenagens planet\u00e1rias para transmiss\u00e3o de giro, nossa empresa fornece v\u00e1rias engrenagens pl\u00e1sticas usadas na ind\u00fastria, como caixas de engrenagens agr\u00edcolas, eixos de sa\u00edda de pot\u00eancia, rodas dentadas, acoplamentos de fluido, redutores de engrenagem sem-fim, engrenagens e cremalheiras, correntes destac\u00e1veis, polias e polias, caixas de engrenagens planet\u00e1rias, polias de sincroniza\u00e7\u00e3o, buchas e muito mais. Nossos produtos s\u00e3o de alta qualidade e t\u00eam pre\u00e7os favor\u00e1veis. Tamb\u00e9m oferecemos servi\u00e7os de personaliza\u00e7\u00e3o com base em desenhos ou amostras fornecidas por nossos clientes.<\/p>\n<h2>Perguntas e respostas<\/h2>\n<h3>Q1. O que \u00e9 uma caixa de engrenagens planet\u00e1rias?<\/h3>\n<p>A. Caixa de engrenagens planet\u00e1rias \u00e9 um tipo de caixa de engrenagens que transmite torque e rota\u00e7\u00e3o entre dois objetos, com um objeto estacion\u00e1rio enquanto o outro gira em torno dele. \u00c9 comumente usada em v\u00e1rias aplica\u00e7\u00f5es industriais.<\/p>\n<h3>Q2. Quais s\u00e3o as vantagens de usar caixas de engrenagens planet\u00e1rias?<\/h3>\n<p>A. As caixas de engrenagens planet\u00e1rias t\u00eam alta capacidade de transmiss\u00e3o de torque, tamanho e design compactos, capacidade de lidar com cargas de choque e altas velocidades, alta efici\u00eancia e baixos n\u00edveis de ru\u00eddo, al\u00e9m de serem f\u00e1ceis de instalar, manter e reparar.<\/p>\n<h3>Q3. As caixas de engrenagens planet\u00e1rias podem lidar com diferentes tipos de aplica\u00e7\u00f5es?<\/h3>\n<p>R. Sim, as caixas de engrenagens planet\u00e1rias s\u00e3o vers\u00e1teis e podem lidar com uma ampla gama de aplica\u00e7\u00f5es, incluindo escavadeiras, guindastes e muito mais.<\/p>\n<h3>Q4. As caixas de engrenagens planet\u00e1rias s\u00e3o f\u00e1ceis de consertar?<\/h3>\n<p>R. Sim, em caso de avaria, as caixas de engrenagens planet\u00e1rias podem ser facilmente reparadas e as pe\u00e7as danificadas podem ser substitu\u00eddas.<\/p>\n<h3>Q5. Sua empresa oferece servi\u00e7os de personaliza\u00e7\u00e3o para caixas de engrenagens planet\u00e1rias?<\/h3>\n<p>R. Sim, oferecemos servi\u00e7os de personaliza\u00e7\u00e3o com base em desenhos ou amostras fornecidas por nossos clientes.<\/p>","protected":false},"excerpt":{"rendered":"<p>Planetary Gearboxes for Slew Drive Planetary Gearboxes for Slew Drive are widely used in industry for various applications including excavators, cranes, and more. These gearboxes are designed to transmit torque and rotation between two objects, with one object being stationary while the other rotates around it. The planetary gearbox for slew drive is a versatile [&hellip;]<\/p>","protected":false},"featured_media":3198,"template":"","meta":{"_et_pb_use_builder":"","_et_pb_old_content":"","_et_gb_content_width":""},"product_brand":[],"product_cat":[11283],"product_tag":[],"class_list":{"0":"post-3199","1":"product","2":"type-product","3":"status-publish","4":"has-post-thumbnail","6":"product_cat-planetary-gearbox","8":"first","9":"instock","10":"shipping-taxable","11":"product-type-simple"},"_links":{"self":[{"href":"https:\/\/agricultural-gear-boxes.com\/pt\/wp-json\/wp\/v2\/product\/3199","targetHints":{"allow":["GET"]}}],"collection":[{"href":"https:\/\/agricultural-gear-boxes.com\/pt\/wp-json\/wp\/v2\/product"}],"about":[{"href":"https:\/\/agricultural-gear-boxes.com\/pt\/wp-json\/wp\/v2\/types\/product"}],"wp:featuredmedia":[{"embeddable":true,"href":"https:\/\/agricultural-gear-boxes.com\/pt\/wp-json\/wp\/v2\/media\/3198"}],"wp:attachment":[{"href":"https:\/\/agricultural-gear-boxes.com\/pt\/wp-json\/wp\/v2\/media?parent=3199"}],"wp:term":[{"taxonomy":"product_brand","embeddable":true,"href":"https:\/\/agricultural-gear-boxes.com\/pt\/wp-json\/wp\/v2\/product_brand?post=3199"},{"taxonomy":"product_cat","embeddable":true,"href":"https:\/\/agricultural-gear-boxes.com\/pt\/wp-json\/wp\/v2\/product_cat?post=3199"},{"taxonomy":"product_tag","embeddable":true,"href":"https:\/\/agricultural-gear-boxes.com\/pt\/wp-json\/wp\/v2\/product_tag?post=3199"}],"curies":[{"name":"wp","href":"https:\/\/api.w.org\/{rel}","templated":true}]}}