{"id":3209,"date":"2024-08-20T08:31:05","date_gmt":"2024-08-20T08:31:05","guid":{"rendered":"https:\/\/agricultural-gear-boxes.com\/product\/bkm-series-high-efficiency-hypoid-gear-box\/"},"modified":"2024-08-20T08:31:07","modified_gmt":"2024-08-20T08:31:07","slug":"bkm-series-high-efficiency-hypoid-gear-box","status":"publish","type":"product","link":"https:\/\/agricultural-gear-boxes.com\/pt\/product\/bkm-series-high-efficiency-hypoid-gear-box\/","title":{"rendered":"Caixa de engrenagens hipoide de alta efici\u00eancia s\u00e9rie BKM"},"content":{"rendered":"<h2>Caixa de engrenagens hip\u00f3ide de alta efici\u00eancia da s\u00e9rie BKM<\/h2>\n<p>A caixa de engrenagens hipoide de alta efici\u00eancia da s\u00e9rie BKM \u00e9 um produto de nova gera\u00e7\u00e3o desenvolvido por nossa empresa, que funde tecnologia avan\u00e7ada tanto nacional quanto internacional. Ela foi projetada para resolver a baixa efici\u00eancia de transmiss\u00e3o, vida \u00fatil curta e outros problemas relacionados associados \u00e0 caixa de engrenagens sem-fim EP-NMRV. A dimens\u00e3o de montagem da BKM \u00e9 a mesma da caixa de engrenagens sem-fim da s\u00e9rie EP-NMRV e adota a transmiss\u00e3o de engrenagens usada para a estrutura de caixa de engrenagens helicoidal SEW de refer\u00eancia para melhorar a efici\u00eancia da transmiss\u00e3o. A BKM \u00e9 amplamente usada no desenvolvimento industrial para economizar energia, reduzir o consumo e promover a prote\u00e7\u00e3o ambiental verde.<\/p>\n<h3>Vantagens da caixa de engrenagens hip\u00f3ide de alta efici\u00eancia da s\u00e9rie BKM<\/h3>\n<ul>\n<li>Acionado por engrenagem hipoide, o BKM tem grandes rela\u00e7\u00f5es, o que o torna adequado para diversas aplica\u00e7\u00f5es industriais.<\/li>\n<li>O BKM oferece alta efici\u00eancia, economia de energia e prote\u00e7\u00e3o ambiental, o que o torna uma escolha popular no mercado.<\/li>\n<li>Feito de liga de alum\u00ednio de alta qualidade, o BKM \u00e9 leve e n\u00e3o enferruja, garantindo a longevidade do produto.<\/li>\n<li>O BKM funciona de forma suave e silenciosa, mesmo em condi\u00e7\u00f5es adversas, o que o torna ideal para uso a longo prazo.<\/li>\n<li>O BKM tem uma vida \u00fatil dur\u00e1vel, volume pequeno e boa apar\u00eancia.<\/li>\n<li>O BKM \u00e9 modular e multiestrutural, atendendo a diversas condi\u00e7\u00f5es e demandas.<\/li>\n<li>A dimens\u00e3o de montagem da s\u00e9rie BKM \u00e9 compat\u00edvel com a unidade de engrenagem sem-fim da s\u00e9rie EP-NMRV. (Uma parte das dimens\u00f5es do EP-NMRV050 s\u00e3o diferentes do BKM050)<\/li>\n<\/ul>\n<h3>Cen\u00e1rios de uso comum da caixa de engrenagens hip\u00f3ides de alta efici\u00eancia da s\u00e9rie BKM<\/h3>\n<p>O BKM \u00e9 amplamente utilizado em v\u00e1rias aplica\u00e7\u00f5es industriais, como m\u00e1quinas de embalagem, m\u00e1quinas de impress\u00e3o, m\u00e1quinas t\u00eaxteis, m\u00e1quinas aliment\u00edcias, m\u00e1quinas metal\u00fargicas e m\u00e1quinas de prote\u00e7\u00e3o ambiental. Tamb\u00e9m \u00e9 adequado para equipamentos de eleva\u00e7\u00e3o, m\u00e1quinas de transporte, m\u00e1quinas de constru\u00e7\u00e3o e outros campos industriais que exigem alta efici\u00eancia de transmiss\u00e3o e estabilidade.<\/p>\n<h3>Instala\u00e7\u00e3o, manuten\u00e7\u00e3o e reparo da caixa de engrenagens hip\u00f3ide de alta efici\u00eancia da s\u00e9rie BKM<\/h3>\n<p>Ao instalar o BKM, certifique-se de que a caixa de engrenagens esteja fixada corretamente e que o eixo de sa\u00edda esteja conc\u00eantrico com o eixo de entrada. A manuten\u00e7\u00e3o regular \u00e9 importante, e a caixa de engrenagens deve ser verificada quanto a ru\u00eddos anormais, vazamento de \u00f3leo ou superaquecimento. Para reparar o BKM, a tampa da caixa de engrenagens deve ser removida, e a engrenagem interna deve ser verificada quanto a deforma\u00e7\u00f5es ou danos.<\/p>\n<h3>Materiais da caixa de engrenagens hip\u00f3ides de alta efici\u00eancia da s\u00e9rie BKM<\/h3>\n<p>O BKM \u00e9 feito de liga de alum\u00ednio de alta qualidade, que \u00e9 leve e n\u00e3o enferruja. Isso garante longevidade e durabilidade do produto. A engrenagem \u00e9 tratada com tecnologia de tratamento t\u00e9rmico de alta frequ\u00eancia para melhorar a dureza e a resist\u00eancia ao desgaste do produto, garantindo uma longa vida \u00fatil.<\/p>\n<h2>Outros produtos da nossa empresa<\/h2>\n<p>Nossa empresa fornece principalmente v\u00e1rias engrenagens de pl\u00e1stico usadas na ind\u00fastria, como caixas de engrenagens agr\u00edcolas, eixos de sa\u00edda de pot\u00eancia, rodas dentadas, acoplamentos de fluido, redutores de engrenagem sem-fim, engrenagens e cremalheiras, correntes destac\u00e1veis, polias e polias, caixas de engrenagens planet\u00e1rias, polias de sincroniza\u00e7\u00e3o, buchas e muito mais. Nossos produtos s\u00e3o de alta qualidade, pre\u00e7o favor\u00e1vel e servi\u00e7o atencioso. Damos as boas-vindas aos clientes para virem ao desenho ou personaliza\u00e7\u00e3o de amostra.<\/p>\n<h2>Perguntas e respostas<\/h2>\n<h3>Q1: O que \u00e9 a caixa de engrenagens hipoides de alta efici\u00eancia da s\u00e9rie BKM?<\/h3>\n<p>A1: A caixa de engrenagens hipoide de alta efici\u00eancia da s\u00e9rie BKM \u00e9 um produto de nova gera\u00e7\u00e3o desenvolvido por nossa empresa, que funde tecnologia avan\u00e7ada tanto nacional quanto internacional. Ela \u00e9 projetada para resolver a baixa efici\u00eancia de transmiss\u00e3o, vida \u00fatil curta e outros problemas relacionados associados \u00e0 caixa de engrenagens sem-fim EP-NMRV.<\/p>\n<h3>Q2: Quais s\u00e3o as vantagens da caixa de engrenagens hipoide de alta efici\u00eancia da s\u00e9rie BKM?<\/h3>\n<p>A2: O BKM fornece alta efici\u00eancia, economia de energia e prote\u00e7\u00e3o ambiental, tornando-o uma escolha popular no mercado. Ele funciona suavemente e silenciosamente, mesmo em condi\u00e7\u00f5es terr\u00edveis, tornando-o ideal para uso a longo prazo. O BKM \u00e9 modular e multiestrutura, atendendo a v\u00e1rias condi\u00e7\u00f5es e demandas.<\/p>\n<h3>Q3: Quais s\u00e3o os cen\u00e1rios de uso comuns da caixa de engrenagens hipoides de alta efici\u00eancia da s\u00e9rie BKM?<\/h3>\n<p>A3: BKM \u00e9 amplamente utilizado em v\u00e1rias aplica\u00e7\u00f5es industriais, como m\u00e1quinas de embalagem, m\u00e1quinas de impress\u00e3o, m\u00e1quinas t\u00eaxteis, m\u00e1quinas aliment\u00edcias, m\u00e1quinas metal\u00fargicas e m\u00e1quinas de prote\u00e7\u00e3o ambiental. Tamb\u00e9m \u00e9 adequado para equipamentos de eleva\u00e7\u00e3o, m\u00e1quinas de transporte, m\u00e1quinas de constru\u00e7\u00e3o e outros campos industriais que exigem alta efici\u00eancia de transmiss\u00e3o e estabilidade.<\/p>\n<h3>Q4: De quais materiais a caixa de engrenagens hipoides de alta efici\u00eancia da s\u00e9rie BKM \u00e9 feita?<\/h3>\n<p>A4: BKM \u00e9 feito de liga de alum\u00ednio de alta qualidade, que \u00e9 leve e n\u00e3o enferruja. A engrenagem \u00e9 tratada com tecnologia de tratamento t\u00e9rmico de alta frequ\u00eancia para melhorar a dureza e a resist\u00eancia ao desgaste do produto, garantindo uma longa vida \u00fatil.<\/p>\n<h3>Q5: Como instalar, manter e reparar a caixa de engrenagens hipoide de alta efici\u00eancia da s\u00e9rie BKM?<\/h3>\n<p>A5: Ao instalar o BKM, certifique-se de que a caixa de engrenagens esteja fixada corretamente e que o eixo de sa\u00edda esteja conc\u00eantrico com o eixo de entrada. A manuten\u00e7\u00e3o regular \u00e9 importante, e a caixa de engrenagens deve ser verificada quanto a ru\u00eddos anormais, vazamento de \u00f3leo ou superaquecimento. Para reparar o BKM, a tampa da caixa de engrenagens deve ser removida, e a engrenagem interna deve ser verificada quanto a deforma\u00e7\u00f5es ou danos.<\/p>","protected":false},"excerpt":{"rendered":"<p>BKM Series High Efficiency Hypoid Gear Box BKM series high efficiency hypoid gearbox is a new generation product developed by our company, which fuses advanced technology from both home and abroad. It is designed to solve the low transmission efficiency, short service life, and other related problems associated with EP-NMRV worm gearbox. The mounting dimension [&hellip;]<\/p>","protected":false},"featured_media":3208,"template":"","meta":{"_et_pb_use_builder":"","_et_pb_old_content":"","_et_gb_content_width":""},"product_brand":[],"product_cat":[11284],"product_tag":[],"class_list":{"0":"post-3209","1":"product","2":"type-product","3":"status-publish","4":"has-post-thumbnail","6":"product_cat-helical-gearbox","8":"first","9":"instock","10":"shipping-taxable","11":"product-type-simple"},"_links":{"self":[{"href":"https:\/\/agricultural-gear-boxes.com\/pt\/wp-json\/wp\/v2\/product\/3209","targetHints":{"allow":["GET"]}}],"collection":[{"href":"https:\/\/agricultural-gear-boxes.com\/pt\/wp-json\/wp\/v2\/product"}],"about":[{"href":"https:\/\/agricultural-gear-boxes.com\/pt\/wp-json\/wp\/v2\/types\/product"}],"wp:featuredmedia":[{"embeddable":true,"href":"https:\/\/agricultural-gear-boxes.com\/pt\/wp-json\/wp\/v2\/media\/3208"}],"wp:attachment":[{"href":"https:\/\/agricultural-gear-boxes.com\/pt\/wp-json\/wp\/v2\/media?parent=3209"}],"wp:term":[{"taxonomy":"product_brand","embeddable":true,"href":"https:\/\/agricultural-gear-boxes.com\/pt\/wp-json\/wp\/v2\/product_brand?post=3209"},{"taxonomy":"product_cat","embeddable":true,"href":"https:\/\/agricultural-gear-boxes.com\/pt\/wp-json\/wp\/v2\/product_cat?post=3209"},{"taxonomy":"product_tag","embeddable":true,"href":"https:\/\/agricultural-gear-boxes.com\/pt\/wp-json\/wp\/v2\/product_tag?post=3209"}],"curies":[{"name":"wp","href":"https:\/\/api.w.org\/{rel}","templated":true}]}}