{"id":3216,"date":"2024-08-20T08:31:13","date_gmt":"2024-08-20T08:31:13","guid":{"rendered":"https:\/\/agricultural-gear-boxes.com\/product\/es-series-helical-worm-geared-motor\/"},"modified":"2024-08-20T08:31:14","modified_gmt":"2024-08-20T08:31:14","slug":"es-series-helical-worm-geared-motor","status":"publish","type":"product","link":"https:\/\/agricultural-gear-boxes.com\/pt\/product\/es-series-helical-worm-geared-motor\/","title":{"rendered":"Motor de engrenagens helicoidais sem-fim s\u00e9rie ES"},"content":{"rendered":"<h2>Motor de engrenagem helicoidal sem-fim s\u00e9rie ES: alta precis\u00e3o e efici\u00eancia<\/h2>\n<p>O motor de engrenagem helicoidal-sem-fim da s\u00e9rie ES \u00e9 um tipo de transmiss\u00e3o que combina as caracter\u00edsticas das engrenagens helicoidais e sem-fim. Ele tem sido amplamente utilizado em v\u00e1rios campos industriais devido \u00e0 sua alta precis\u00e3o, transmiss\u00e3o eficiente, baixo ru\u00eddo e forte capacidade de rolamento. <\/p>\n<p>Este tipo de motoredutor \u00e9 adequado para todos os tipos de posi\u00e7\u00f5es de montagem e pode ser usado em v\u00e1rios cen\u00e1rios. Por exemplo, pode ser usado na produ\u00e7\u00e3o de m\u00e1quinas e equipamentos, como correias transportadoras, trituradores e talhas. Tamb\u00e9m pode ser usado no processamento de materiais, como m\u00e1quinas t\u00eaxteis e m\u00e1quinas de processamento de alimentos.<\/p>\n<p>O motor de engrenagem helicoidal sem-fim da s\u00e9rie ES tem uma longa hist\u00f3ria de desenvolvimento e tem sido continuamente aprimorado em termos de material e design. A carca\u00e7a \u00e9 feita de ferro fundido de alta resist\u00eancia HT250, o que reduz a abras\u00e3o das pe\u00e7as. As engrenagens s\u00e3o feitas de 20CrMo e carbonitreta\u00e7\u00e3o, com uma dureza de dentes de HRC 60 ap\u00f3s retifica\u00e7\u00e3o. As chaves planas s\u00e3o feitas de C45, com uma dureza de superf\u00edcie de HRC 50.<\/p>\n<p>A instala\u00e7\u00e3o, manuten\u00e7\u00e3o e reparo do motor de engrenagem helicoidal-sem-fim da s\u00e9rie ES s\u00e3o relativamente simples e f\u00e1ceis. A rela\u00e7\u00e3o de transmiss\u00e3o cobre uma ampla faixa, e a efici\u00eancia de est\u00e1gio do acionamento por engrenagem atinge 97%. No entanto, quando se trata de tamanho de estrutura grande e alta velocidade de entrada, considere a perda de agita\u00e7\u00e3o.<\/p>\n<h3>Caracter\u00edsticas de desempenho<\/h3>\n<ul>\n<li>Design sistem\u00e1tico e modular<\/li>\n<li>Alta efici\u00eancia<\/li>\n<li>Baixo consumo de energia<\/li>\n<li>Desempenho superior<\/li>\n<li>Engrenagem de alta precis\u00e3o com retifica\u00e7\u00e3o de dentes<\/li>\n<li>Transmiss\u00e3o est\u00e1vel<\/li>\n<li>Baixo ru\u00eddo<\/li>\n<li>Forte capacidade de suporte<\/li>\n<li>Longa vida \u00fatil<\/li>\n<li>Design h\u00e1bil: volume pequeno; instala\u00e7\u00e3o simples; amplo uso<\/li>\n<li>ES .. e ERF .. combina\u00e7\u00e3o conjunta para baixa velocidade especial<\/li>\n<\/ul>\n<h3>Material<\/h3>\n<ul>\n<li>Carca\u00e7a: Ferro fundido de alta resist\u00eancia HT250, l\u00famen de fundi\u00e7\u00e3o sob press\u00e3o, reduz a abras\u00e3o das pe\u00e7as<\/li>\n<li>Engrenagens: 20CrMo, Carbonitreta\u00e7\u00e3o, Dureza dos dentes: HRC 60 ap\u00f3s retifica\u00e7\u00e3o<\/li>\n<li>Chaves planas: C45, Dureza da superf\u00edcie: HRC 50<\/li>\n<\/ul>\n<h3>Efici\u00eancia da unidade de engrenagem<\/h3>\n<ul>\n<li>Engrenagem de alta precis\u00e3o; veda\u00e7\u00f5es; rolamentos; reduz efetivamente o atrito<\/li>\n<li>A efici\u00eancia do est\u00e1gio de transmiss\u00e3o da engrenagem atinge 97%<\/li>\n<\/ul>\n<h3>Instala\u00e7\u00e3o, Manuten\u00e7\u00e3o e Reparo<\/h3>\n<p>O motor de engrenagem helicoidal-sem-fim da s\u00e9rie ES pode ser instalado de v\u00e1rias maneiras. Ao instalar o motor de engrenagem, certifique-se de que a unidade de engrenagem esteja alinhada corretamente para evitar carga adicional. A manuten\u00e7\u00e3o regular do motor de engrenagem pode efetivamente estender sua vida \u00fatil. Se ocorrer um problema durante o uso, ele pode ser reparado ou substitu\u00eddo em tempo h\u00e1bil para garantir a opera\u00e7\u00e3o normal do equipamento.<\/p>\n<h3>Outros produtos Neg\u00f3cios<\/h3>\n<p>Al\u00e9m do motor de engrenagem helicoidal-sem-fim da s\u00e9rie ES, nossa empresa tamb\u00e9m fornece v\u00e1rias engrenagens de pl\u00e1stico usadas na ind\u00fastria, como caixas de engrenagens agr\u00edcolas, eixos de sa\u00edda de pot\u00eancia, rodas dentadas, acoplamentos de fluido, redutores de engrenagem sem-fim, engrenagens e cremalheiras, correntes destac\u00e1veis, polias e polias, caixas de engrenagens planet\u00e1rias, polias de sincroniza\u00e7\u00e3o, buchas e muito mais. Temos orgulho em fornecer produtos de alta qualidade, pre\u00e7os favor\u00e1veis e servi\u00e7o atencioso. Damos as boas-vindas aos clientes para virem at\u00e9 n\u00f3s para personaliza\u00e7\u00e3o de desenho ou amostra.<\/p>\n<h2>Perguntas e respostas<\/h2>\n<h3>P1: Qual \u00e9 o material da carca\u00e7a do motoredutor helicoidal sem-fim da s\u00e9rie ES?<\/h3>\n<p>A1: A carca\u00e7a \u00e9 feita de ferro fundido de alta resist\u00eancia HT250, o que reduz a abras\u00e3o das pe\u00e7as.<\/p>\n<h3>Q2: Quais s\u00e3o as vantagens do motoredutor helicoidal sem-fim da s\u00e9rie ES?<\/h3>\n<p>A2: O motor de engrenagens helicoidais da s\u00e9rie ES possui alta precis\u00e3o, transmiss\u00e3o eficiente, baixo ru\u00eddo e forte capacidade de carga.<\/p>\n<h3>Q3: Quais s\u00e3o os cen\u00e1rios de uso comuns do motoredutor helicoidal da s\u00e9rie ES?<\/h3>\n<p>A3: O motoredutor helicoidal da s\u00e9rie ES pode ser usado em v\u00e1rios campos industriais, como a produ\u00e7\u00e3o de m\u00e1quinas e equipamentos e o processamento de materiais.<\/p>\n<h3>Q4: Quais s\u00e3o os requisitos de instala\u00e7\u00e3o e manuten\u00e7\u00e3o do motoredutor helicoidal sem-fim da s\u00e9rie ES?<\/h3>\n<p>A4: O motoredutor helicoidal da s\u00e9rie ES deve ser alinhado corretamente durante a instala\u00e7\u00e3o e deve ser realizada manuten\u00e7\u00e3o regular para prolongar sua vida \u00fatil.<\/p>\n<h3>Q5: Quais outros produtos a empresa fornece?<\/h3>\n<p>A5: Al\u00e9m do motoredutor helicoidal sem-fim da s\u00e9rie ES, a empresa tamb\u00e9m fornece diversas engrenagens pl\u00e1sticas usadas na ind\u00fastria, como caixas de engrenagens agr\u00edcolas, eixos de sa\u00edda de pot\u00eancia, rodas dentadas, acoplamentos de fluidos, redutores de engrenagem sem-fim, engrenagens e cremalheiras, correntes destac\u00e1veis, polias e polias, caixas de engrenagens planet\u00e1rias, polias de sincroniza\u00e7\u00e3o, buchas e muito mais.<\/p>","protected":false},"excerpt":{"rendered":"<p>ES Series Helical-Worm Geared Motor: High Precision and Efficient ES series helical-worm geared motor is a type of transmission that combines the characteristics of helical and worm gears. It has been widely used in various industrial fields due to its high precision, efficient transmission, low noise, and strong bearing capacity. This type of geared motor [&hellip;]<\/p>","protected":false},"featured_media":3215,"template":"","meta":{"_et_pb_use_builder":"","_et_pb_old_content":"","_et_gb_content_width":""},"product_brand":[],"product_cat":[11284],"product_tag":[],"class_list":{"0":"post-3216","1":"product","2":"type-product","3":"status-publish","4":"has-post-thumbnail","6":"product_cat-helical-gearbox","8":"first","9":"instock","10":"shipping-taxable","11":"product-type-simple"},"_links":{"self":[{"href":"https:\/\/agricultural-gear-boxes.com\/pt\/wp-json\/wp\/v2\/product\/3216","targetHints":{"allow":["GET"]}}],"collection":[{"href":"https:\/\/agricultural-gear-boxes.com\/pt\/wp-json\/wp\/v2\/product"}],"about":[{"href":"https:\/\/agricultural-gear-boxes.com\/pt\/wp-json\/wp\/v2\/types\/product"}],"wp:featuredmedia":[{"embeddable":true,"href":"https:\/\/agricultural-gear-boxes.com\/pt\/wp-json\/wp\/v2\/media\/3215"}],"wp:attachment":[{"href":"https:\/\/agricultural-gear-boxes.com\/pt\/wp-json\/wp\/v2\/media?parent=3216"}],"wp:term":[{"taxonomy":"product_brand","embeddable":true,"href":"https:\/\/agricultural-gear-boxes.com\/pt\/wp-json\/wp\/v2\/product_brand?post=3216"},{"taxonomy":"product_cat","embeddable":true,"href":"https:\/\/agricultural-gear-boxes.com\/pt\/wp-json\/wp\/v2\/product_cat?post=3216"},{"taxonomy":"product_tag","embeddable":true,"href":"https:\/\/agricultural-gear-boxes.com\/pt\/wp-json\/wp\/v2\/product_tag?post=3216"}],"curies":[{"name":"wp","href":"https:\/\/api.w.org\/{rel}","templated":true}]}}