{"id":3218,"date":"2024-08-20T08:31:15","date_gmt":"2024-08-20T08:31:15","guid":{"rendered":"https:\/\/agricultural-gear-boxes.com\/product\/ef-series-helical-bevel-gear-motor\/"},"modified":"2024-08-20T08:31:15","modified_gmt":"2024-08-20T08:31:15","slug":"ef-series-helical-bevel-gear-motor","status":"publish","type":"product","link":"https:\/\/agricultural-gear-boxes.com\/pt\/product\/ef-series-helical-bevel-gear-motor\/","title":{"rendered":"Motor de engrenagem c\u00f4nica helicoidal s\u00e9rie EF"},"content":{"rendered":"<h2>Motor de engrenagem c\u00f4nica helicoidal da s\u00e9rie EF: alta precis\u00e3o e desempenho superior<\/h2>\n<p>O motor de engrenagem c\u00f4nica helicoidal da s\u00e9rie EF \u00e9 um produto de alta precis\u00e3o e desempenho superior que \u00e9 amplamente utilizado em v\u00e1rios cen\u00e1rios industriais. Com um design sistem\u00e1tico e modular, a rela\u00e7\u00e3o de transmiss\u00e3o cobre uma ampla faixa, proporcionando alta efici\u00eancia, baixo consumo de energia e transmiss\u00e3o est\u00e1vel com baixo ru\u00eddo. O motor de engrenagem tamb\u00e9m tem uma forte capacidade de rolamento e longa vida \u00fatil. \u00c9 adequado para todos os tipos de posi\u00e7\u00f5es de montagem, tornando-o um produto vers\u00e1til em v\u00e1rias ind\u00fastrias. <\/p>\n<p>Este produto \u00e9 feito de materiais de alta qualidade, incluindo ferro fundido de alta resist\u00eancia HT250 para a carca\u00e7a e 20CrMo para as engrenagens, que s\u00e3o carbonitretadas e t\u00eam dureza dos dentes de HRC 60 ap\u00f3s a retifica\u00e7\u00e3o. As chaves planas s\u00e3o feitas de C45 com uma dureza de superf\u00edcie de HRC 50. A efici\u00eancia da unidade de engrenagem \u00e9 alta, com efici\u00eancia do est\u00e1gio de transmiss\u00e3o de engrenagem atingindo 97%. <\/p>\n<p>A instala\u00e7\u00e3o, manuten\u00e7\u00e3o e reparo do motor de engrenagem c\u00f4nica helicoidal da s\u00e9rie EF s\u00e3o f\u00e1ceis devido ao seu pequeno volume e design simples. Ele pode ser usado em v\u00e1rios cen\u00e1rios, incluindo transportadores, m\u00e1quinas de embalagem, m\u00e1quinas de processamento de alimentos e muito mais. <\/p>\n<h3>Vantagens do motor de engrenagens helicoidais c\u00f4nicas da s\u00e9rie EF:<\/h3>\n<ul>\n<li>Engrenagens de alta precis\u00e3o com retifica\u00e7\u00e3o de dentes<\/li>\n<li>Transmiss\u00e3o est\u00e1vel com baixo ru\u00eddo<\/li>\n<li>Forte capacidade de carga e longa vida \u00fatil<\/li>\n<li>Pequeno volume e instala\u00e7\u00e3o simples<\/li>\n<li>Ampla gama de taxa de transmiss\u00e3o<\/li>\n<\/ul>\n<h3>Material do motor de engrenagens helicoidais c\u00f4nicas da s\u00e9rie EF:<\/h3>\n<ul>\n<li>Carca\u00e7a: Ferro fundido de alta resist\u00eancia HT250<\/li>\n<li>Engrenagens: 20CrMo<\/li>\n<li>Chaves planas: C45<\/li>\n<\/ul>\n<h3>EF .. e ERF .. Combina\u00e7\u00e3o conjunta para baixa velocidade especial:<\/h3>\n<p>O motor de engrenagem c\u00f4nica helicoidal da s\u00e9rie EF pode ser combinado com a s\u00e9rie ERF para baixa velocidade especial. Essa combina\u00e7\u00e3o permite mais flexibilidade em diferentes aplica\u00e7\u00f5es.<\/p>\n<h3>Efici\u00eancia da unidade de engrenagens:<\/h3>\n<p>As engrenagens, veda\u00e7\u00f5es e rolamentos de alta precis\u00e3o na unidade de engrenagens reduzem efetivamente o atrito, resultando em alta efici\u00eancia. <\/p>\n<p>Observe que, para algumas formas de montagem, a engrenagem de entrada fica completamente imersa no lubrificante. Quando se trata de tamanho de quadro grande e alta velocidade de entrada, \u00e9 importante considerar a perda de agita\u00e7\u00e3o. <\/p>\n<h2>Outros produtos da nossa empresa:<\/h2>\n<p>N\u00f3s da Ever-Power Supply oferecemos v\u00e1rias engrenagens de pl\u00e1stico para uso industrial, incluindo caixas de engrenagens agr\u00edcolas, eixos de sa\u00edda de pot\u00eancia, rodas dentadas, acoplamentos de fluido, redutores de engrenagem sem-fim, engrenagens e cremalheiras, correntes destac\u00e1veis, polias e polias, caixas de engrenagens planet\u00e1rias, polias de sincroniza\u00e7\u00e3o, buchas e muito mais. Nossos produtos s\u00e3o de alta qualidade, com pre\u00e7os razo\u00e1veis e v\u00eam com servi\u00e7o atencioso. Damos as boas-vindas aos clientes para virem at\u00e9 n\u00f3s para desenho ou personaliza\u00e7\u00e3o de amostra.<\/p>\n<h2>Perguntas e respostas:<\/h2>\n<h3>1. De que materiais \u00e9 feito o motor de engrenagens c\u00f4nicas helicoidais da s\u00e9rie EF?<\/h3>\n<p>O motor de engrenagens c\u00f4nicas helicoidais da s\u00e9rie EF \u00e9 feito de ferro fundido de alta resist\u00eancia HT250 para a carca\u00e7a, 20CrMo para as engrenagens e C45 para as chavetas planas.<\/p>\n<h3>2. Quais s\u00e3o as vantagens do motor de engrenagens c\u00f4nicas helicoidais da s\u00e9rie EF?<\/h3>\n<p>O motor de engrenagens c\u00f4nicas helicoidais da s\u00e9rie EF possui engrenagens de alta precis\u00e3o com retifica\u00e7\u00e3o de dentes, transmiss\u00e3o est\u00e1vel com baixo ru\u00eddo, forte capacidade de carga e longa vida \u00fatil, pequeno volume e instala\u00e7\u00e3o simples, al\u00e9m de uma ampla faixa de rela\u00e7\u00e3o de transmiss\u00e3o.<\/p>\n<h3>3. Qual \u00e9 a efici\u00eancia da unidade de engrenagens do motor de engrenagens c\u00f4nicas helicoidais da s\u00e9rie EF?<\/h3>\n<p>A efici\u00eancia do est\u00e1gio de acionamento por engrenagem do motor de engrenagens c\u00f4nicas helicoidais da s\u00e9rie EF atinge 97%.<\/p>\n<h3>4. Qual \u00e9 o melhor cen\u00e1rio para uso do motor de engrenagens c\u00f4nicas helicoidais da s\u00e9rie EF?<\/h3>\n<p>O motor de engrenagens c\u00f4nicas helicoidais da s\u00e9rie EF \u00e9 adequado para v\u00e1rios cen\u00e1rios, incluindo transportadores, m\u00e1quinas de embalagem, m\u00e1quinas de processamento de alimentos e muito mais.<\/p>\n<h3>5. Quais outros produtos a Ever-Power Supply oferece?<\/h3>\n<p>A Ever-Power Supply oferece diversas engrenagens pl\u00e1sticas para uso industrial, incluindo caixas de engrenagens agr\u00edcolas, eixos de sa\u00edda de pot\u00eancia, rodas dentadas, acoplamentos de fluido, redutores de engrenagem sem-fim, engrenagens e cremalheiras, correntes destac\u00e1veis, polias e polias, caixas de engrenagens planet\u00e1rias, polias de sincroniza\u00e7\u00e3o, buchas e muito mais.<\/p>","protected":false},"excerpt":{"rendered":"<p>EF Series Helical-Bevel Gear Motor: High Precision and Superior Performance The EF series helical-bevel gear motor is a high-precision and superior-performance product that is widely used in various industrial scenarios. With a systematic and modular design, the transmission ratio covers a wide range, providing high efficiency, low energy consumption, and stable transmission with low noise. [&hellip;]<\/p>","protected":false},"featured_media":3217,"template":"","meta":{"_et_pb_use_builder":"","_et_pb_old_content":"","_et_gb_content_width":""},"product_brand":[],"product_cat":[11284],"product_tag":[],"class_list":{"0":"post-3218","1":"product","2":"type-product","3":"status-publish","4":"has-post-thumbnail","6":"product_cat-helical-gearbox","8":"first","9":"instock","10":"shipping-taxable","11":"product-type-simple"},"_links":{"self":[{"href":"https:\/\/agricultural-gear-boxes.com\/pt\/wp-json\/wp\/v2\/product\/3218","targetHints":{"allow":["GET"]}}],"collection":[{"href":"https:\/\/agricultural-gear-boxes.com\/pt\/wp-json\/wp\/v2\/product"}],"about":[{"href":"https:\/\/agricultural-gear-boxes.com\/pt\/wp-json\/wp\/v2\/types\/product"}],"wp:featuredmedia":[{"embeddable":true,"href":"https:\/\/agricultural-gear-boxes.com\/pt\/wp-json\/wp\/v2\/media\/3217"}],"wp:attachment":[{"href":"https:\/\/agricultural-gear-boxes.com\/pt\/wp-json\/wp\/v2\/media?parent=3218"}],"wp:term":[{"taxonomy":"product_brand","embeddable":true,"href":"https:\/\/agricultural-gear-boxes.com\/pt\/wp-json\/wp\/v2\/product_brand?post=3218"},{"taxonomy":"product_cat","embeddable":true,"href":"https:\/\/agricultural-gear-boxes.com\/pt\/wp-json\/wp\/v2\/product_cat?post=3218"},{"taxonomy":"product_tag","embeddable":true,"href":"https:\/\/agricultural-gear-boxes.com\/pt\/wp-json\/wp\/v2\/product_tag?post=3218"}],"curies":[{"name":"wp","href":"https:\/\/api.w.org\/{rel}","templated":true}]}}