{"id":3220,"date":"2024-08-20T08:31:16","date_gmt":"2024-08-20T08:31:16","guid":{"rendered":"https:\/\/agricultural-gear-boxes.com\/product\/ek-series-helical-bevel-gear-motor\/"},"modified":"2024-08-20T08:31:16","modified_gmt":"2024-08-20T08:31:16","slug":"ek-series-helical-bevel-gear-motor","status":"publish","type":"product","link":"https:\/\/agricultural-gear-boxes.com\/pt\/product\/ek-series-helical-bevel-gear-motor\/","title":{"rendered":"Motor de engrenagem c\u00f4nica helicoidal s\u00e9rie EK"},"content":{"rendered":"<h2>Apresentando o motor de engrenagens helicoidais c\u00f4nicas da s\u00e9rie EK<\/h2>\n<p>O motoredutor c\u00f4nico helicoidal da s\u00e9rie EK \u00e9 um sistema de motoredutor de alto desempenho e vers\u00e1til, projetado para diversas aplica\u00e7\u00f5es industriais. Com seu design sistem\u00e1tico e modular, este motoredutor oferece uma ampla gama de rela\u00e7\u00f5es de transmiss\u00e3o e proporciona desempenho excepcional com alta efici\u00eancia e baixo consumo de energia.<\/p>\n<h3>Caracter\u00edsticas de desempenho<\/h3>\n<ul>\n<li>Design sistem\u00e1tico e modular para f\u00e1cil personaliza\u00e7\u00e3o<\/li>\n<li>Ampla faixa de taxa de transmiss\u00e3o para diversas aplica\u00e7\u00f5es<\/li>\n<li>Alta efici\u00eancia e baixo consumo de energia<\/li>\n<li>Desempenho superior com retifica\u00e7\u00e3o precisa dos dentes da engrenagem<\/li>\n<li>Transmiss\u00e3o est\u00e1vel com baixo ru\u00eddo e forte capacidade de carga<\/li>\n<li>Design inteligente para pequeno volume e instala\u00e7\u00e3o simples<\/li>\n<li>Adequado para todas as posi\u00e7\u00f5es de montagem<\/li>\n<li>Combina\u00e7\u00e3o conjunta (EK.. e ERF..) dispon\u00edvel para aplica\u00e7\u00f5es especiais de baixa velocidade<\/li>\n<\/ul>\n<h3>Material<\/h3>\n<p>O motor de engrenagens helicoidais c\u00f4nicas da s\u00e9rie EK \u00e9 constru\u00eddo com materiais de alta qualidade para garantir durabilidade e desempenho confi\u00e1vel:<\/p>\n<ul>\n<li>Carca\u00e7a: Ferro fundido de alta resist\u00eancia HT250 com l\u00famen de fundi\u00e7\u00e3o sob press\u00e3o para reduzir a abras\u00e3o das pe\u00e7as<\/li>\n<li>Engrenagens: Feitas de 20CrMo e processo de carbonitreta\u00e7\u00e3o para maior dureza (HRC 60 ap\u00f3s retifica\u00e7\u00e3o)<\/li>\n<li>Chaves planas: material C45 com dureza superficial de HRC 50<\/li>\n<\/ul>\n<h3>Efici\u00eancia da unidade de engrenagem<\/h3>\n<p>Este motorredutor possui engrenagens, veda\u00e7\u00f5es e rolamentos de alta precis\u00e3o, reduzindo efetivamente o atrito e garantindo uma transmiss\u00e3o de pot\u00eancia eficiente. A efici\u00eancia de est\u00e1gio do acionamento por engrenagem atinge impressionantes 97%. Em determinadas configura\u00e7\u00f5es de montagem, a engrenagem de entrada \u00e9 totalmente imersa em lubrificante, mas considere a perda por agita\u00e7\u00e3o ao utilizar tamanhos de estrutura grandes e altas velocidades de entrada.<\/p>\n<h2>Instala\u00e7\u00e3o, Manuten\u00e7\u00e3o e Reparo<\/h2>\n<p>A instala\u00e7\u00e3o do motor de engrenagens c\u00f4nicas helicoidais da s\u00e9rie EK \u00e9 simples, gra\u00e7as ao seu design compacto e ampla flexibilidade de uso. A manuten\u00e7\u00e3o adequada \u00e9 essencial para garantir sua longevidade e desempenho ideal. Recomenda-se a inspe\u00e7\u00e3o e lubrifica\u00e7\u00e3o regulares das engrenagens e rolamentos.<\/p>\n<p>If any repairs are required, it is advisable to consult the product manual or seek professional assistance. In case of gear replacement, ensure compatibility and follow the manufacturer&#8217;s guidelines for a seamless transition.<\/p>\n<h2>Sobre nossa empresa e outros produtos<\/h2>\n<p>Em nossa empresa, somos especializados no fornecimento de diversos componentes industriais, incluindo o motor de engrenagens c\u00f4nicas helicoidais da s\u00e9rie EK. Al\u00e9m de motoredutores, oferecemos uma ampla gama de engrenagens pl\u00e1sticas de alta qualidade, adequadas para caixas de engrenagens agr\u00edcolas, eixos de sa\u00edda de pot\u00eancia, rodas dentadas, acoplamentos hidr\u00e1ulicos, redutores de engrenagem helicoidal, engrenagens e cremalheiras, correntes destac\u00e1veis, polias e polias, caixas de engrenagens planet\u00e1rias, polias sincronizadoras, buchas e muito mais.<\/p>\n<p>Temos orgulho em fornecer produtos da mais alta qualidade, pre\u00e7os competitivos e excelente atendimento ao cliente. Sejam produtos padr\u00e3o ou solu\u00e7\u00f5es personalizadas com base em desenhos ou amostras, estamos aqui para atender \u00e0s suas necessidades. Entre em contato conosco hoje mesmo e sinta a diferen\u00e7a!<\/p>\n<h2>Perguntas e respostas:<\/h2>\n<h3>1. Quais s\u00e3o as caracter\u00edsticas de desempenho do motor de engrenagens helicoidais c\u00f4nicas da s\u00e9rie EK?<\/h3>\n<p>O motor de engrenagens c\u00f4nicas helicoidais da s\u00e9rie EK oferece um design sistem\u00e1tico e modular, uma ampla gama de rela\u00e7\u00f5es de transmiss\u00e3o, alta efici\u00eancia, baixo consumo de energia, desempenho superior, baixo ru\u00eddo, forte capacidade de carga e longa vida \u00fatil.<\/p>\n<h3>2. Quais materiais s\u00e3o usados na constru\u00e7\u00e3o do motoredutor?<\/h3>\n<p>A carca\u00e7a \u00e9 feita de ferro fundido de alta resist\u00eancia HT250, as engrenagens s\u00e3o feitas de 20CrMo com um processo de carbonitreta\u00e7\u00e3o e as chaves planas s\u00e3o feitas de material C45.<\/p>\n<h3>3. Qual \u00e9 a efici\u00eancia da unidade de engrenagens do motor de engrenagens helicoidais c\u00f4nicas da s\u00e9rie EK?<\/h3>\n<p>O motoredutor possui engrenagens, veda\u00e7\u00f5es e rolamentos de alta precis\u00e3o, resultando em uma efici\u00eancia de est\u00e1gio impressionante de 97% para transmiss\u00e3o de pot\u00eancia eficiente.<\/p>\n<h3>4. Como o motoredutor deve ser instalado, mantido e reparado?<\/h3>\n<p>O motoredutor foi projetado para f\u00e1cil instala\u00e7\u00e3o e pode ser montado em diversas posi\u00e7\u00f5es. A manuten\u00e7\u00e3o regular, incluindo inspe\u00e7\u00e3o e lubrifica\u00e7\u00e3o das engrenagens e rolamentos, \u00e9 crucial para o desempenho ideal. Em caso de reparos, consulte o manual do produto ou procure assist\u00eancia profissional.<\/p>\n<h3>5. Que outros produtos sua empresa oferece?<\/h3>\n<p>Nossa empresa fornece uma ampla gama de componentes industriais, incluindo engrenagens pl\u00e1sticas, caixas de engrenagens agr\u00edcolas, eixos de sa\u00edda de pot\u00eancia, rodas dentadas, acoplamentos hidr\u00e1ulicos, redutores de engrenagem helicoidal, engrenagens e cremalheiras, correntes destac\u00e1veis, polias e polias, caixas de engrenagens planet\u00e1rias, polias sincronizadoras, buchas e muito mais. Priorizamos produtos de alta qualidade, pre\u00e7os competitivos e excelente atendimento ao cliente.<\/p>","protected":false},"excerpt":{"rendered":"<p>Introducing the EK Series Helical-Bevel Gear Motor The EK Series Helical-Bevel Gear Motor is a high-performance and versatile gear motor system designed for various industrial applications. With its systematic and modular design, this gear motor offers a wide range of transmission ratios and delivers exceptional performance with high efficiency and low energy consumption. Performance Characteristics [&hellip;]<\/p>","protected":false},"featured_media":3219,"template":"","meta":{"_et_pb_use_builder":"","_et_pb_old_content":"","_et_gb_content_width":""},"product_brand":[],"product_cat":[11284],"product_tag":[],"class_list":{"0":"post-3220","1":"product","2":"type-product","3":"status-publish","4":"has-post-thumbnail","6":"product_cat-helical-gearbox","8":"first","9":"instock","10":"shipping-taxable","11":"product-type-simple"},"_links":{"self":[{"href":"https:\/\/agricultural-gear-boxes.com\/pt\/wp-json\/wp\/v2\/product\/3220","targetHints":{"allow":["GET"]}}],"collection":[{"href":"https:\/\/agricultural-gear-boxes.com\/pt\/wp-json\/wp\/v2\/product"}],"about":[{"href":"https:\/\/agricultural-gear-boxes.com\/pt\/wp-json\/wp\/v2\/types\/product"}],"wp:featuredmedia":[{"embeddable":true,"href":"https:\/\/agricultural-gear-boxes.com\/pt\/wp-json\/wp\/v2\/media\/3219"}],"wp:attachment":[{"href":"https:\/\/agricultural-gear-boxes.com\/pt\/wp-json\/wp\/v2\/media?parent=3220"}],"wp:term":[{"taxonomy":"product_brand","embeddable":true,"href":"https:\/\/agricultural-gear-boxes.com\/pt\/wp-json\/wp\/v2\/product_brand?post=3220"},{"taxonomy":"product_cat","embeddable":true,"href":"https:\/\/agricultural-gear-boxes.com\/pt\/wp-json\/wp\/v2\/product_cat?post=3220"},{"taxonomy":"product_tag","embeddable":true,"href":"https:\/\/agricultural-gear-boxes.com\/pt\/wp-json\/wp\/v2\/product_tag?post=3220"}],"curies":[{"name":"wp","href":"https:\/\/api.w.org\/{rel}","templated":true}]}}