{"id":3224,"date":"2024-08-20T08:31:18","date_gmt":"2024-08-20T08:31:18","guid":{"rendered":"https:\/\/agricultural-gear-boxes.com\/product\/agricultural-pto-pump-assemblies\/"},"modified":"2024-08-20T08:31:18","modified_gmt":"2024-08-20T08:31:18","slug":"agricultural-pto-pump-assemblies","status":"publish","type":"product","link":"https:\/\/agricultural-gear-boxes.com\/pt\/product\/agricultural-pto-pump-assemblies\/","title":{"rendered":"Conjuntos de bombas de tomada de for\u00e7a agr\u00edcolas"},"content":{"rendered":"<h2>Melhorando a efici\u00eancia com conjuntos de bombas de tomada de for\u00e7a agr\u00edcolas<\/h2>\n<p>Os conjuntos de bombas de tomada de for\u00e7a (PTO) desempenham um papel vital no mercado de m\u00e1quinas m\u00f3veis, facilitando a entrega de energia mec\u00e2nica. Na EP, temos imenso orgulho em fornecer caixas de engrenagens de PTO e conjuntos de bombas de ponta, projetados para transferir pot\u00eancia e torque substanciais de forma eficiente. Nossos produtos atendem a m\u00e1quinas industriais e agr\u00edcolas de alta pot\u00eancia, incluindo caminh\u00f5es e tratores.<\/p>\n<h3>Conjuntos de caixa de engrenagens e bomba de tomada de for\u00e7a confi\u00e1veis<\/h3>\n<p>Nossos conjuntos de caixa de engrenagens e bomba PTO s\u00e3o meticulosamente projetados para atender aos requisitos precisos do seu sistema. Fabricados usando ferro mecanicamente resistente ou alojados em inv\u00f3lucros de alum\u00ednio fundido, nossos modelos se destacam na conex\u00e3o de bombas de engrenagem a sistemas de tomada de for\u00e7a.<\/p>\n<p>Vantagens dos nossos conjuntos de bombas de tomada de for\u00e7a:<\/p>\n<ul>\n<li>A constru\u00e7\u00e3o altamente dur\u00e1vel em ferro ou alum\u00ednio garante um desempenho duradouro, mesmo em ambientes exigentes.<\/li>\n<li>Ampla gama de designs e especifica\u00e7\u00f5es para atender a diversos requisitos de sistema.<\/li>\n<li>Transfer\u00eancia eficiente de pot\u00eancia e torque para maior produtividade.<\/li>\n<li>Opera\u00e7\u00e3o suave, minimizando vibra\u00e7\u00f5es e garantindo um processo confi\u00e1vel de fornecimento de energia.<\/li>\n<\/ul>\n<p>Instala\u00e7\u00e3o, manuten\u00e7\u00e3o e reparo:<\/p>\n<ol>\n<li><strong>Instala\u00e7\u00e3o:<\/strong> Nossos conjuntos de bombas de tomada de for\u00e7a v\u00eam com instru\u00e7\u00f5es de instala\u00e7\u00e3o abrangentes, garantindo integra\u00e7\u00e3o perfeita com seu sistema hidr\u00e1ulico ou mec\u00e2nico.<\/li>\n<li><strong>Manuten\u00e7\u00e3o:<\/strong> A manuten\u00e7\u00e3o regular \u00e9 essencial para garantir o desempenho ideal. Inspe\u00e7\u00e3o, lubrifica\u00e7\u00e3o e limpeza peri\u00f3dicas ajudar\u00e3o a estender a vida \u00fatil do seu conjunto de bomba PTO.<\/li>\n<li><strong>Reparar:<\/strong> No caso improv\u00e1vel de um mau funcionamento, nossa equipe de especialistas em hidr\u00e1ulica e mec\u00e2nica est\u00e1 dispon\u00edvel para ajudar voc\u00ea com reparos e substitui\u00e7\u00f5es.<\/li>\n<\/ol>\n<p>Op\u00e7\u00f5es de material:<\/p>\n<p>Nossos conjuntos de bombas de tomada de for\u00e7a est\u00e3o dispon\u00edveis em v\u00e1rias op\u00e7\u00f5es de materiais, incluindo:<\/p>\n<ul>\n<li>Ferro fundido: Reconhecido por sua excepcional resist\u00eancia e resist\u00eancia ao desgaste.<\/li>\n<li>Liga de alum\u00ednio: Oferece uma alternativa leve sem comprometer a durabilidade.<\/li>\n<li>A\u00e7o: conhecido por sua robustez e capacidade de suportar cargas pesadas e condi\u00e7\u00f5es extremas.<\/li>\n<\/ul>\n<p>Temos imenso orgulho em oferecer uma ampla gama de produtos agr\u00edcolas e industriais de alta qualidade. Al\u00e9m de nossos conjuntos de bombas PTO, nossa empresa fornece v\u00e1rias engrenagens pl\u00e1sticas usadas na ind\u00fastria. Nossa gama de produtos inclui caixas de engrenagens agr\u00edcolas, eixos de sa\u00edda de pot\u00eancia, rodas dentadas, acoplamentos de fluido, redutores de engrenagem sem-fim, engrenagens e cremalheiras, correntes destac\u00e1veis, polias e polias, caixas de engrenagens planet\u00e1rias, polias de sincroniza\u00e7\u00e3o, buchas e muito mais. Estamos comprometidos em fornecer produtos excepcionais a pre\u00e7os competitivos, complementados por nosso atencioso atendimento ao cliente. Quer voc\u00ea precise de componentes padr\u00e3o ou solu\u00e7\u00f5es personalizadas com base em seus requisitos espec\u00edficos, nossa equipe est\u00e1 pronta para ajud\u00e1-lo.<\/p>\n<h3>Perguntas e respostas:<\/h3>\n<p><strong>T1:<\/strong> Como os conjuntos de bombas de tomada de for\u00e7a aumentam a efici\u00eancia em m\u00e1quinas agr\u00edcolas?<\/p>\n<p><strong>A1:<\/strong> Os conjuntos de bombas de tomada de for\u00e7a transferem com efici\u00eancia pot\u00eancia e torque significativos, permitindo que as m\u00e1quinas agr\u00edcolas operem em n\u00edveis ideais, resultando em aumento de produtividade e redu\u00e7\u00e3o do tempo de inatividade.<\/p>\n<p><strong>Q2:<\/strong> Os conjuntos de bombas de tomada de for\u00e7a s\u00e3o compat\u00edveis com diferentes sistemas hidr\u00e1ulicos?<\/p>\n<p><strong>A2:<\/strong> Absolutamente! Nossos conjuntos de bombas PTO est\u00e3o dispon\u00edveis em uma ampla gama de designs e especifica\u00e7\u00f5es, garantindo compatibilidade com v\u00e1rios sistemas hidr\u00e1ulicos.<\/p>\n<p><strong>T3:<\/strong> \u00c9 necess\u00e1ria assist\u00eancia profissional para a instala\u00e7\u00e3o de conjuntos de bombas de tomada de for\u00e7a?<\/p>\n<p><strong>A3:<\/strong> Embora nossos conjuntos de bombas de tomada de for\u00e7a venham com instru\u00e7\u00f5es detalhadas de instala\u00e7\u00e3o, \u00e9 recomend\u00e1vel procurar assist\u00eancia profissional para garantir a integra\u00e7\u00e3o adequada com seu sistema.<\/p>\n<p><strong>T4:<\/strong> Quais materiais s\u00e3o comumente usados na constru\u00e7\u00e3o de conjuntos de bombas de tomada de for\u00e7a?<\/p>\n<p><strong>A4:<\/strong> Os conjuntos de bombas de tomada de for\u00e7a s\u00e3o normalmente constru\u00eddos usando materiais dur\u00e1veis, como ferro fundido, liga de alum\u00ednio e a\u00e7o, garantindo longevidade e desempenho confi\u00e1vel.<\/p>\n<p><strong>Q5:<\/strong> A EP pode fornecer solu\u00e7\u00f5es personalizadas com base em requisitos espec\u00edficos?<\/p>\n<p><strong>A5:<\/strong> Absolutamente! Na EP, oferecemos solu\u00e7\u00f5es personalizadas sob medida para atender \u00e0s necessidades \u00fanicas de nossos clientes. Nossa equipe \u00e9 dedicada a fornecer produtos de alta qualidade e excelente atendimento ao cliente.<\/p>","protected":false},"excerpt":{"rendered":"<p>Enhancing Efficiency with Agricultural PTO Pump Assemblies Power Take-Off (PTO) pump assemblies play a vital role in the mobile machine market, facilitating the delivery of mechanical power. At EP, we take immense pride in providing top-of-the-line PTO gearboxes and pump assemblies designed to transfer substantial power and torque efficiently. Our products cater to high-powered industrial [&hellip;]<\/p>","protected":false},"featured_media":3223,"template":"","meta":{"_et_pb_use_builder":"","_et_pb_old_content":"","_et_gb_content_width":""},"product_brand":[],"product_cat":[11284],"product_tag":[],"class_list":{"0":"post-3224","1":"product","2":"type-product","3":"status-publish","4":"has-post-thumbnail","6":"product_cat-helical-gearbox","8":"first","9":"instock","10":"shipping-taxable","11":"product-type-simple"},"_links":{"self":[{"href":"https:\/\/agricultural-gear-boxes.com\/pt\/wp-json\/wp\/v2\/product\/3224","targetHints":{"allow":["GET"]}}],"collection":[{"href":"https:\/\/agricultural-gear-boxes.com\/pt\/wp-json\/wp\/v2\/product"}],"about":[{"href":"https:\/\/agricultural-gear-boxes.com\/pt\/wp-json\/wp\/v2\/types\/product"}],"wp:featuredmedia":[{"embeddable":true,"href":"https:\/\/agricultural-gear-boxes.com\/pt\/wp-json\/wp\/v2\/media\/3223"}],"wp:attachment":[{"href":"https:\/\/agricultural-gear-boxes.com\/pt\/wp-json\/wp\/v2\/media?parent=3224"}],"wp:term":[{"taxonomy":"product_brand","embeddable":true,"href":"https:\/\/agricultural-gear-boxes.com\/pt\/wp-json\/wp\/v2\/product_brand?post=3224"},{"taxonomy":"product_cat","embeddable":true,"href":"https:\/\/agricultural-gear-boxes.com\/pt\/wp-json\/wp\/v2\/product_cat?post=3224"},{"taxonomy":"product_tag","embeddable":true,"href":"https:\/\/agricultural-gear-boxes.com\/pt\/wp-json\/wp\/v2\/product_tag?post=3224"}],"curies":[{"name":"wp","href":"https:\/\/api.w.org\/{rel}","templated":true}]}}