{"id":3234,"date":"2024-08-20T08:31:26","date_gmt":"2024-08-20T08:31:26","guid":{"rendered":"https:\/\/agricultural-gear-boxes.com\/product\/bgv055-series-helical-gear-reducer\/"},"modified":"2024-08-20T08:31:26","modified_gmt":"2024-08-20T08:31:26","slug":"bgv055-series-helical-gear-reducer","status":"publish","type":"product","link":"https:\/\/agricultural-gear-boxes.com\/pt\/product\/bgv055-series-helical-gear-reducer\/","title":{"rendered":"Redutor de engrenagens helicoidais s\u00e9rie BGV055"},"content":{"rendered":"<h2>Redutor de engrenagens helicoidais s\u00e9rie BGV055: um dispositivo mec\u00e2nico de \u00faltima gera\u00e7\u00e3o<\/h2>\n<p>O redutor de engrenagens helicoidais da s\u00e9rie BGV055 \u00e9 um dispositivo mec\u00e2nico altamente eficiente que \u00e9 amplamente utilizado em v\u00e1rias aplica\u00e7\u00f5es industriais, especialmente em m\u00e1quinas de sorvete. O dispositivo \u00e9 composto de engrenagens helicoidais que oferecem maior efici\u00eancia de transmiss\u00e3o, tamanho pequeno, estrutura simples, qualidade est\u00e1vel, confiabilidade e durabilidade. \u00c9 a melhor escolha para ind\u00fastrias que buscam aumentar a produtividade e minimizar o consumo de energia.<\/p>\n<h3>Vantagens do redutor de engrenagens helicoidais da s\u00e9rie BGV055:<\/h3>\n<ul>\n<li>Estrutura compacta do corpo<\/li>\n<li>\u00d3leo lubrificante totalmente sint\u00e9tico com longa vida \u00fatil<\/li>\n<li>Corpo de alum\u00ednio em a\u00e7o inoxid\u00e1vel pulverizado com pl\u00e1stico na superf\u00edcie, tornando-o mais resistente \u00e0 corros\u00e3o<\/li>\n<li>Estrutura simples com alta efici\u00eancia de transmiss\u00e3o e opera\u00e7\u00e3o est\u00e1vel<\/li>\n<li>Bom efeito de redu\u00e7\u00e3o de ru\u00eddo, tamanho compacto, forte resist\u00eancia \u00e0 corros\u00e3o e longa vida \u00fatil<\/li>\n<\/ul>\n<h3>Instala\u00e7\u00e3o, manuten\u00e7\u00e3o e reparo do redutor de engrenagens helicoidais s\u00e9rie BGV055:<\/h3>\n<ol>\n<li><strong>Instala\u00e7\u00e3o:<\/strong> The compact body structure of the BGV055 series helical gear reducer makes it suitable for installation in various environments. However, to ensure maximum efficiency, it is essential to follow the manufacturer&#8217;s installation instructions.<\/li>\n<li><strong>Manuten\u00e7\u00e3o:<\/strong> Lubrifica\u00e7\u00e3o regular, inspe\u00e7\u00e3o visual, limpeza e manuten\u00e7\u00e3o profissional s\u00e3o cruciais para manter o desempenho ideal do redutor de engrenagens. Garanta a lubrifica\u00e7\u00e3o adequada e monitore a qualidade do \u00f3leo regularmente. Inspecione periodicamente o redutor de engrenagens quanto a desgaste, danos ou vazamentos. Mantenha o redutor de engrenagens limpo e livre de poeira, sujeira e detritos. Consulte um profissional se surgirem ru\u00eddos, vibra\u00e7\u00f5es ou problemas operacionais anormais.<\/li>\n<li><strong>Reparar:<\/strong> In case of any damage or fault, the gear reducer needs to be repaired by an authorized technician. Timely intervention can prevent further damage and extend the gear reducer&#8217;s lifespan. It is important to use genuine spare parts only.<\/li>\n<li><strong>Substitui\u00e7\u00e3o:<\/strong> Com o tempo, o redutor de engrenagens pode se tornar obsoleto ou deixar de funcionar eficientemente. Em tais casos, a substitui\u00e7\u00e3o por um redutor de engrenagens avan\u00e7ado e compat\u00edvel \u00e9 essencial para garantir desempenho e efici\u00eancia ideais.<\/li>\n<\/ol>\n<h3>Especifica\u00e7\u00f5es t\u00e9cnicas do redutor de engrenagens helicoidais s\u00e9rie BGV055:<\/h3>\n<ul>\n<li>Rela\u00e7\u00e3o de velocidade: 2,10\u20144,95<\/li>\n<\/ul>\n<h3>Nossa empresa:<\/h3>\n<p>Nossa empresa est\u00e1 comprometida em fornecer aos clientes produtos de alta qualidade, com efici\u00eancia energ\u00e9tica e est\u00e1veis. Apresentamos equipamentos avan\u00e7ados de produ\u00e7\u00e3o e teste, empregamos pessoal profissional e t\u00e9cnico para realizar pesquisa e desenvolvimento inovadores, e a fabrica\u00e7\u00e3o adota gerenciamento de produ\u00e7\u00e3o padronizado para controlar cada elo da produ\u00e7\u00e3o do redutor estritamente. Oferecemos uma ampla gama de produtos, incluindo redutor de engrenagem sem-fim s\u00e9rie MRV, redutor de engrenagem s\u00e9rie GV, redutor solar s\u00e9rie RT, redutor planet\u00e1rio s\u00e9rie XV, redutor harm\u00f4nico s\u00e9rie BD e outros redutores n\u00e3o padronizados. Esses produtos s\u00e3o amplamente utilizados na ind\u00fastria de equipamentos, ind\u00fastria aliment\u00edcia, ind\u00fastria de lavagem de carros, ind\u00fastria de embalagens, ind\u00fastria de transmiss\u00e3o, ind\u00fastria de automa\u00e7\u00e3o e ind\u00fastria solar.<\/p>\n<h3>Outros produtos:<\/h3>\n<p>Al\u00e9m do redutor de engrenagens helicoidais da s\u00e9rie BGV055, nossa empresa tamb\u00e9m fornece v\u00e1rias engrenagens de pl\u00e1stico usadas na ind\u00fastria. Nossa linha de produtos inclui caixas de engrenagens agr\u00edcolas, eixos de sa\u00edda de pot\u00eancia, rodas dentadas, acoplamentos de fluido, redutores de engrenagem sem-fim, engrenagens e cremalheiras, correntes destac\u00e1veis, polias e polias, caixas de engrenagens planet\u00e1rias, polias de sincroniza\u00e7\u00e3o, buchas e muito mais. Oferecemos produtos de alta qualidade, pre\u00e7os favor\u00e1veis e servi\u00e7os atenciosos. Os clientes s\u00e3o bem-vindos para nos procurar para personaliza\u00e7\u00e3o de desenho ou amostra.<\/p>\n<h2>Perguntas e respostas<\/h2>\n<h4>Q1. Para que \u00e9 usado o redutor de engrenagens helicoidais da s\u00e9rie BGV055?<\/h4>\n<p>A1. O redutor de engrenagens helicoidais da s\u00e9rie BGV055 \u00e9 usado em diversas aplica\u00e7\u00f5es industriais, especialmente em m\u00e1quinas de sorvete.<\/p>\n<h4>Q2. Quais s\u00e3o as vantagens do redutor de engrenagens helicoidais da s\u00e9rie BGV055?<\/h4>\n<p>A2. As vantagens do redutor de engrenagens helicoidais da s\u00e9rie BGV055 incluem uma estrutura de corpo compacta, \u00f3leo lubrificante totalmente sint\u00e9tico, corpo de alum\u00ednio de a\u00e7o inoxid\u00e1vel pulverizado com pl\u00e1stico na superf\u00edcie, estrutura simples, alta efici\u00eancia de transmiss\u00e3o, opera\u00e7\u00e3o est\u00e1vel, bom efeito de redu\u00e7\u00e3o de ru\u00eddo, tamanho compacto, forte resist\u00eancia \u00e0 corros\u00e3o e longa vida \u00fatil.<\/p>\n<h4>Q3. Como posso instalar o redutor de engrenagens helicoidais da s\u00e9rie BGV055?<\/h4>\n<p>A3. To ensure maximum efficiency, it is essential to follow the manufacturer&#8217;s installation instructions.<\/p>\n<h4>Q4. O que devo fazer se houver algum dano ou falha no redutor de engrenagens?<\/h4>\n<p>A4. In case of any damage or fault, the gear reducer needs to be repaired by an authorized technician. Timely intervention can prevent further damage and extend the gear reducer&#8217;s lifespan. It is important to use genuine spare parts only.<\/p>\n<h4>Q5. Quais outros produtos sua empresa oferece?<\/h4>\n<p>A5. Al\u00e9m do redutor de engrenagens helicoidais da s\u00e9rie BGV055, nossa empresa tamb\u00e9m fornece v\u00e1rias engrenagens pl\u00e1sticas usadas na ind\u00fastria, incluindo caixas de engrenagens agr\u00edcolas, eixos de sa\u00edda de pot\u00eancia, rodas dentadas, acoplamentos de fluido, redutores de engrenagem sem-fim, engrenagens e cremalheiras, correntes destac\u00e1veis, polias e polias, caixas de engrenagens planet\u00e1rias, polias de sincroniza\u00e7\u00e3o, buchas e muito mais.<\/p>","protected":false},"excerpt":{"rendered":"<p>BGV055 Series Helical Gear Reducer: A Cutting-Edge Mechanical Device The BGV055 series helical gear reducer is a highly efficient mechanical device that is widely used in various industrial applications, especially in ice cream machines. The device is composed of helical gears that offer higher transmission efficiency, small size, simple structure, stable quality, reliability, and durability. [&hellip;]<\/p>","protected":false},"featured_media":3233,"template":"","meta":{"_et_pb_use_builder":"","_et_pb_old_content":"","_et_gb_content_width":""},"product_brand":[],"product_cat":[11284],"product_tag":[],"class_list":{"0":"post-3234","1":"product","2":"type-product","3":"status-publish","4":"has-post-thumbnail","6":"product_cat-helical-gearbox","8":"first","9":"instock","10":"shipping-taxable","11":"product-type-simple"},"_links":{"self":[{"href":"https:\/\/agricultural-gear-boxes.com\/pt\/wp-json\/wp\/v2\/product\/3234","targetHints":{"allow":["GET"]}}],"collection":[{"href":"https:\/\/agricultural-gear-boxes.com\/pt\/wp-json\/wp\/v2\/product"}],"about":[{"href":"https:\/\/agricultural-gear-boxes.com\/pt\/wp-json\/wp\/v2\/types\/product"}],"wp:featuredmedia":[{"embeddable":true,"href":"https:\/\/agricultural-gear-boxes.com\/pt\/wp-json\/wp\/v2\/media\/3233"}],"wp:attachment":[{"href":"https:\/\/agricultural-gear-boxes.com\/pt\/wp-json\/wp\/v2\/media?parent=3234"}],"wp:term":[{"taxonomy":"product_brand","embeddable":true,"href":"https:\/\/agricultural-gear-boxes.com\/pt\/wp-json\/wp\/v2\/product_brand?post=3234"},{"taxonomy":"product_cat","embeddable":true,"href":"https:\/\/agricultural-gear-boxes.com\/pt\/wp-json\/wp\/v2\/product_cat?post=3234"},{"taxonomy":"product_tag","embeddable":true,"href":"https:\/\/agricultural-gear-boxes.com\/pt\/wp-json\/wp\/v2\/product_tag?post=3234"}],"curies":[{"name":"wp","href":"https:\/\/api.w.org\/{rel}","templated":true}]}}