{"id":3242,"date":"2024-08-20T08:31:30","date_gmt":"2024-08-20T08:31:30","guid":{"rendered":"https:\/\/agricultural-gear-boxes.com\/product\/bf-series-helical-geared-motors\/"},"modified":"2024-08-20T08:31:30","modified_gmt":"2024-08-20T08:31:30","slug":"bf-series-helical-geared-motors","status":"publish","type":"product","link":"https:\/\/agricultural-gear-boxes.com\/pt\/product\/bf-series-helical-geared-motors\/","title":{"rendered":"Motores de engrenagens helicoidais da s\u00e9rie BF"},"content":{"rendered":"<h2>Motores helicoidais com engrenagens s\u00e9rie BF: fornecendo pot\u00eancia e efici\u00eancia<\/h2>\n<p>Os Motores de Engrenagem Helicoidal da S\u00e9rie BF s\u00e3o dispositivos mec\u00e2nicos de ponta projetados para fornecer transmiss\u00e3o de pot\u00eancia e efici\u00eancia excepcionais em v\u00e1rias aplica\u00e7\u00f5es industriais. Esses motoredutores combinam constru\u00e7\u00e3o robusta, engenharia precisa e recursos avan\u00e7ados para fornecer desempenho confi\u00e1vel e otimizar a produtividade.<\/p>\n<h3>Principais caracter\u00edsticas dos motores de engrenagens helicoidais da s\u00e9rie BF:<\/h3>\n<ol>\n<li>Constru\u00e7\u00e3o robusta:<\/li>\n<ul>\n<li>A S\u00e9rie BF possui uma constru\u00e7\u00e3o robusta e dur\u00e1vel, garantindo uma opera\u00e7\u00e3o confi\u00e1vel mesmo em ambientes exigentes.<\/li>\n<li>Feitos com materiais de alta qualidade, esses motoredutores oferecem resist\u00eancia e longevidade excepcionais.<\/li>\n<\/ul>\n<li>Tecnologia de engrenagens helicoidais:<\/li>\n<ul>\n<li>Equipada com engrenagens helicoidais de engenharia de precis\u00e3o, a S\u00e9rie BF garante uma transmiss\u00e3o de pot\u00eancia suave e eficiente.<\/li>\n<li>O design da engrenagem helicoidal minimiza ru\u00eddo, vibra\u00e7\u00e3o e folga, resultando em opera\u00e7\u00e3o mais silenciosa e melhor desempenho geral.<\/li>\n<\/ul>\n<li>Alta efici\u00eancia:<\/li>\n<ul>\n<li>Os motoredutores helicoidais da s\u00e9rie BF s\u00e3o conhecidos por sua alta efici\u00eancia, o que se traduz em redu\u00e7\u00e3o do consumo de energia e economia de custos para opera\u00e7\u00f5es industriais.<\/li>\n<li>Com projetos de engrenagens otimizados e baixas perdas por atrito, eles proporcionam efici\u00eancia e desempenho excepcionais.<\/li>\n<\/ul>\n<li>Op\u00e7\u00f5es de motor vers\u00e1teis:<\/li>\n<ul>\n<li>A S\u00e9rie BF oferece uma ampla gama de op\u00e7\u00f5es de motores para atender a diferentes requisitos de pot\u00eancia e condi\u00e7\u00f5es operacionais.<\/li>\n<li>Escolha entre v\u00e1rios tipos de motores, como motores de indu\u00e7\u00e3o ou motores de \u00edm\u00e3 permanente, com base nas necessidades da sua aplica\u00e7\u00e3o.<\/li>\n<\/ul>\n<\/ol>\n<h3>Tipo de combina\u00e7\u00e3o:<\/h3>\n<p>Abaixo est\u00e1 uma tabela de combina\u00e7\u00e3o entre a caixa de c\u00e2mbio e o motor el\u00e9trico em cada lista na faixa de rela\u00e7\u00e3o.<\/p>\n<h3>Raz\u00e3o e torque m\u00e1ximo:<\/h3>\n<p>(Insira imagens aqui)<\/p>\n<h3>\u00c1rea de trabalho:<\/h3>\n<p>(Insira a imagem aqui)<\/p>\n<h3>Equipamento de processamento:<\/h3>\n<p>(Insira imagens aqui)<\/p>\n<h3>Linha de montagem semiautom\u00e1tica:<\/h3>\n<p>(Insira a imagem aqui)<\/p>\n<h3>Sobre nossa empresa:<\/h3>\n<p>Nossa empresa \u00e9 uma fornecedora l\u00edder de solu\u00e7\u00f5es de transmiss\u00e3o de alta qualidade. Com equipamentos avan\u00e7ados de produ\u00e7\u00e3o e teste, empregamos pessoal profissional e t\u00e9cnico para realizar pesquisa e desenvolvimento inovadores. Nosso gerenciamento de produ\u00e7\u00e3o padronizado garante controle rigoroso sobre cada elo da produ\u00e7\u00e3o do redutor, resultando em produtos que s\u00e3o conhecidos por sua alta efici\u00eancia energ\u00e9tica, estabilidade e qualidade.<\/p>\n<p>Al\u00e9m dos Motores de Engrenagem Helicoidal da S\u00e9rie BF, tamb\u00e9m fornecemos v\u00e1rios produtos de engrenagens de pl\u00e1stico usados na ind\u00fastria. Nossa ampla gama inclui caixas de engrenagens agr\u00edcolas, eixos de sa\u00edda de pot\u00eancia, rodas dentadas, acoplamentos de fluido, redutores de engrenagem sem-fim, engrenagens e cremalheiras, correntes destac\u00e1veis, polias e polias, caixas de engrenagens planet\u00e1rias, polias de sincroniza\u00e7\u00e3o, buchas e muito mais. Temos orgulho em oferecer produtos de alta qualidade a pre\u00e7os favor\u00e1veis e fornecer um servi\u00e7o atencioso aos nossos clientes. Tamb\u00e9m damos as boas-vindas aos clientes para que venham at\u00e9 n\u00f3s para personaliza\u00e7\u00f5es com base em seus requisitos espec\u00edficos de desenho ou amostra.<\/p>\n<h3>Perguntas frequentes:<\/h3>\n<ol>\n<li>O que torna os motoredutores helicoidais da s\u00e9rie BF adequados para ambientes industriais exigentes?<\/li>\n<li>Como a tecnologia de engrenagens helicoidais da S\u00e9rie BF contribui para uma opera\u00e7\u00e3o mais silenciosa?<\/li>\n<li>Quais s\u00e3o os benef\u00edcios de escolher um motoredutor helicoidal da s\u00e9rie BF com alta efici\u00eancia?<\/li>\n<li>A S\u00e9rie BF pode ser personalizada para atender a requisitos espec\u00edficos de energia?<\/li>\n<li>Al\u00e9m da S\u00e9rie BF, quais outros produtos sua empresa oferece no setor de transmiss\u00e3o?<\/li>\n<\/ol>","protected":false},"excerpt":{"rendered":"<p>BF Series Helical Geared Motors: Delivering Power and Efficiency The BF Series Helical Geared Motors are cutting-edge mechanical devices designed to deliver exceptional power transmission and efficiency in various industrial applications. These geared motors combine robust construction, precise engineering, and advanced features to provide reliable performance and optimize productivity. Key Characteristics of BF Series Helical [&hellip;]<\/p>","protected":false},"featured_media":3241,"template":"","meta":{"_et_pb_use_builder":"","_et_pb_old_content":"","_et_gb_content_width":""},"product_brand":[],"product_cat":[11284],"product_tag":[],"class_list":{"0":"post-3242","1":"product","2":"type-product","3":"status-publish","4":"has-post-thumbnail","6":"product_cat-helical-gearbox","8":"first","9":"instock","10":"shipping-taxable","11":"product-type-simple"},"_links":{"self":[{"href":"https:\/\/agricultural-gear-boxes.com\/pt\/wp-json\/wp\/v2\/product\/3242","targetHints":{"allow":["GET"]}}],"collection":[{"href":"https:\/\/agricultural-gear-boxes.com\/pt\/wp-json\/wp\/v2\/product"}],"about":[{"href":"https:\/\/agricultural-gear-boxes.com\/pt\/wp-json\/wp\/v2\/types\/product"}],"wp:featuredmedia":[{"embeddable":true,"href":"https:\/\/agricultural-gear-boxes.com\/pt\/wp-json\/wp\/v2\/media\/3241"}],"wp:attachment":[{"href":"https:\/\/agricultural-gear-boxes.com\/pt\/wp-json\/wp\/v2\/media?parent=3242"}],"wp:term":[{"taxonomy":"product_brand","embeddable":true,"href":"https:\/\/agricultural-gear-boxes.com\/pt\/wp-json\/wp\/v2\/product_brand?post=3242"},{"taxonomy":"product_cat","embeddable":true,"href":"https:\/\/agricultural-gear-boxes.com\/pt\/wp-json\/wp\/v2\/product_cat?post=3242"},{"taxonomy":"product_tag","embeddable":true,"href":"https:\/\/agricultural-gear-boxes.com\/pt\/wp-json\/wp\/v2\/product_tag?post=3242"}],"curies":[{"name":"wp","href":"https:\/\/api.w.org\/{rel}","templated":true}]}}