{"id":3252,"date":"2024-08-20T08:31:36","date_gmt":"2024-08-20T08:31:36","guid":{"rendered":"https:\/\/agricultural-gear-boxes.com\/product\/mj-series-helical-bevel-gear-gearmotors\/"},"modified":"2024-08-20T08:31:36","modified_gmt":"2024-08-20T08:31:36","slug":"mj-series-helical-bevel-gear-gearmotors","status":"publish","type":"product","link":"https:\/\/agricultural-gear-boxes.com\/pt\/product\/mj-series-helical-bevel-gear-gearmotors\/","title":{"rendered":"Motoredutores de engrenagens c\u00f4nicas helicoidais da s\u00e9rie MJ"},"content":{"rendered":"<h2>Motoredutores de engrenagens c\u00f4nicas helicoidais da s\u00e9rie MJ: combinando efici\u00eancia e versatilidade<\/h2>\n<p>Os motoredutores de engrenagens c\u00f4nicas helicoidais da s\u00e9rie MJ s\u00e3o uma solu\u00e7\u00e3o potente e vers\u00e1til para uma ampla gama de aplica\u00e7\u00f5es industriais. Esses motoredutores combinam a efici\u00eancia das engrenagens helicoidais com a versatilidade das engrenagens c\u00f4nicas para fornecer alto desempenho e transmiss\u00e3o de pot\u00eancia confi\u00e1vel. Com uma gama de par\u00e2metros t\u00e9cnicos e op\u00e7\u00f5es de montagem, os motoredutores da s\u00e9rie MJ podem ser personalizados para atender a diferentes aplica\u00e7\u00f5es e ind\u00fastrias.<\/p>\n<h3>Par\u00e2metros t\u00e9cnicos<\/h3>\n<ul>\n<li><strong>Tipo:<\/strong> 39\/49\/59\/69\/79\/89\/99\/109\/129\/159\/169\/189<\/li>\n<li><strong>Torque de sa\u00edda:<\/strong> At\u00e9 50000 Nm<\/li>\n<li><strong>Velocidade de sa\u00edda:<\/strong> 0,04~265 rpm<\/li>\n<li><strong>Pot\u00eancia de entrada:<\/strong> 0,12~200 kW<\/li>\n<li><strong>Eixo de sa\u00edda:<\/strong> Eixo s\u00f3lido de chaveta paralela, eixo oco de disco de contra\u00e7\u00e3o, eixo oco de chaveta paralela, eixo oco estriado involuto<\/li>\n<\/ul>\n<h3>Tipo de montagem<\/h3>\n<p>Os motoredutores da s\u00e9rie MJ v\u00eam em v\u00e1rios tipos de montagem, incluindo:<\/p>\n<p><img loading=\"lazy\" decoding=\"async\" class=\"size-full wp-image-395181 alignnone\" style=\"color: #666666; font-size: 14px; text-align: center;\" src=\"https:\/\/www.ever-power.net\/wp-content\/uploads\/2023\/12\/mj-series-helical-bevel-gear-gearmotors-2.webp\" alt=\"\" width=\"1005\" height=\"221\" \/><\/p>\n<h3>Principais ind\u00fastrias de aplica\u00e7\u00e3o<\/h3>\n<p>Os motoredutores da s\u00e9rie MJ podem ser usados em uma variedade de ind\u00fastrias, incluindo:<\/p>\n<ul>\n<li>A\u00e7o<\/li>\n<li>Produtos qu\u00edmicos<\/li>\n<li>Portos<\/li>\n<li>T\u00eaxteis<\/li>\n<li>Prote\u00e7\u00e3o ambiental<\/li>\n<li>Comida<\/li>\n<\/ul>\n<h3>M\u00e9todos de uso vers\u00e1teis<\/h3>\n<p>Os motoredutores da s\u00e9rie MJ s\u00e3o altamente vers\u00e1teis e podem ser usados em uma ampla gama de aplica\u00e7\u00f5es industriais, incluindo:<\/p>\n<ol>\n<li><strong>Sistemas de transporte:<\/strong> Esses motoredutores s\u00e3o ideais para alimentar sistemas de transporte, garantindo manuseio de materiais suave e eficiente em ind\u00fastrias como manufatura, log\u00edstica e embalagem. Eles fornecem transmiss\u00e3o de energia confi\u00e1vel e controle preciso para opera\u00e7\u00e3o ideal do transportador.<\/li>\n<li><strong>Mistura e agita\u00e7\u00e3o:<\/strong> Os motoredutores da s\u00e9rie MJ s\u00e3o bem adequados para aplica\u00e7\u00f5es de mistura e agita\u00e7\u00e3o em ind\u00fastrias como alimentos e bebidas, farmac\u00eauticas e qu\u00edmicas. Eles fornecem o torque necess\u00e1rio e o movimento controlado para processos eficientes de mistura e agita\u00e7\u00e3o.<\/li>\n<li><strong>Automa\u00e7\u00e3o Industrial:<\/strong> Esses motoredutores encontram aplica\u00e7\u00e3o em v\u00e1rios sistemas automatizados, incluindo rob\u00f3tica, linhas de montagem e equipamentos de manuseio de materiais. Eles permitem controle preciso de movimento, contribuindo para a precis\u00e3o e efici\u00eancia de opera\u00e7\u00f5es automatizadas.<\/li>\n<\/ol>\n<h3>\u00c1rea de aplica\u00e7\u00e3o<\/h3>\n<p>Os motoredutores da s\u00e9rie MJ s\u00e3o amplamente utilizados em v\u00e1rios setores, incluindo:<\/p>\n<ul>\n<li>Nova ind\u00fastria energ\u00e9tica<\/li>\n<li>Estacionamento tridimensional<\/li>\n<li>M\u00e1quinas de constru\u00e7\u00e3o<\/li>\n<li>Equipamentos de prote\u00e7\u00e3o ambiental<\/li>\n<li>Estamparia e tingimento t\u00eaxtil<\/li>\n<li>Energia de minera\u00e7\u00e3o<\/li>\n<li>Navios portu\u00e1rios<\/li>\n<li>Entretenimento de palco<\/li>\n<li>Processamento de metais<\/li>\n<\/ul>\n<h3>Instala\u00e7\u00e3o, Manuten\u00e7\u00e3o e Reparo<\/h3>\n<p>A instala\u00e7\u00e3o dos motoredutores da s\u00e9rie MJ deve ser realizada por pessoal qualificado com experi\u00eancia em caixas de engrenagens industriais. A manuten\u00e7\u00e3o regular \u00e9 recomendada para garantir que os motoredutores estejam operando com efici\u00eancia m\u00e1xima e para evitar problemas causados por desgaste. Em caso de reparo, \u00e9 importante usar pe\u00e7as de reposi\u00e7\u00e3o genu\u00ednas para garantir desempenho e confiabilidade ideais. As instru\u00e7\u00f5es para substitui\u00e7\u00e3o dos motoredutores da s\u00e9rie MJ devem ser seguidas cuidadosamente para garantir instala\u00e7\u00e3o e opera\u00e7\u00e3o adequadas.<\/p>\n<h2>Outros produtos da nossa empresa<\/h2>\n<p>Al\u00e9m dos Motoredutores de Engrenagem C\u00f4nica Helicoidal da S\u00e9rie MJ, nossa empresa fornece v\u00e1rias engrenagens pl\u00e1sticas usadas em ind\u00fastrias como caixas de engrenagens agr\u00edcolas, eixos de sa\u00edda de pot\u00eancia, rodas dentadas, acoplamentos de fluido, redutores de engrenagem sem-fim, engrenagens e cremalheiras, correntes destac\u00e1veis, polias e polias, caixas de engrenagens planet\u00e1rias, polias de sincroniza\u00e7\u00e3o, buchas e muito mais. Temos orgulho em fornecer produtos de alta qualidade, pre\u00e7os favor\u00e1veis e servi\u00e7o atencioso. Damos as boas-vindas aos clientes para virem at\u00e9 n\u00f3s para personaliza\u00e7\u00e3o de desenho ou amostra.<\/p>\n<h2>Perguntas e respostas<\/h2>\n<h3>1. Para quais ind\u00fastrias os motoredutores da s\u00e9rie MJ s\u00e3o adequados?<\/h3>\n<p>Os motoredutores da s\u00e9rie MJ s\u00e3o adequados para uma ampla gama de ind\u00fastrias, incluindo siderurgia, produtos qu\u00edmicos, portos, t\u00eaxteis, prote\u00e7\u00e3o ambiental e alimentos.<\/p>\n<h3>2. Quais s\u00e3o as especifica\u00e7\u00f5es t\u00e9cnicas dos motoredutores da s\u00e9rie MJ?<\/h3>\n<p>As especifica\u00e7\u00f5es t\u00e9cnicas dos motoredutores da s\u00e9rie MJ incluem tipo, torque de sa\u00edda, velocidade de sa\u00edda, pot\u00eancia de entrada e op\u00e7\u00f5es de eixo de sa\u00edda.<\/p>\n<h3>3. Os motoredutores da s\u00e9rie MJ podem ser usados em sistemas automatizados?<\/h3>\n<p>Sim, os motoredutores da s\u00e9rie MJ s\u00e3o adequados para uso em v\u00e1rios sistemas automatizados, incluindo rob\u00f3tica, linhas de montagem e equipamentos de movimenta\u00e7\u00e3o de materiais.<\/p>\n<h3>4. Como os motoredutores da s\u00e9rie MJ devem ser instalados e mantidos?<\/h3>\n<p>Os motoredutores da s\u00e9rie MJ devem ser instalados por pessoal qualificado com experi\u00eancia em caixas de engrenagens industriais. Manuten\u00e7\u00e3o regular \u00e9 recomendada para garantir desempenho ideal e evitar problemas causados por desgaste.<\/p>\n<h3>5. Quais outros produtos sua empresa fornece?<\/h3>\n<p>Al\u00e9m dos motoredutores da s\u00e9rie MJ, nossa empresa fornece uma variedade de engrenagens pl\u00e1sticas usadas em ind\u00fastrias como caixas de engrenagens agr\u00edcolas, eixos de sa\u00edda de pot\u00eancia, rodas dentadas, acoplamentos de fluidos, redutores de engrenagem sem-fim, engrenagens e cremalheiras, correntes destac\u00e1veis, polias e polias, caixas de engrenagens planet\u00e1rias, polias de sincroniza\u00e7\u00e3o, buchas e muito mais.<\/p>","protected":false},"excerpt":{"rendered":"<p>MJ Series Helical Bevel Gear Gearmotors: Combining Efficiency and Versatility The MJ Series Helical Bevel Gear Gearmotors are a powerful and versatile solution for a wide range of industrial applications. These gearmotors combine the efficiency of helical gears with the versatility of bevel gears to deliver high performance and reliable power transmission. With a range [&hellip;]<\/p>","protected":false},"featured_media":3251,"template":"","meta":{"_et_pb_use_builder":"","_et_pb_old_content":"","_et_gb_content_width":""},"product_brand":[],"product_cat":[11284],"product_tag":[],"class_list":{"0":"post-3252","1":"product","2":"type-product","3":"status-publish","4":"has-post-thumbnail","6":"product_cat-helical-gearbox","8":"first","9":"instock","10":"shipping-taxable","11":"product-type-simple"},"_links":{"self":[{"href":"https:\/\/agricultural-gear-boxes.com\/pt\/wp-json\/wp\/v2\/product\/3252","targetHints":{"allow":["GET"]}}],"collection":[{"href":"https:\/\/agricultural-gear-boxes.com\/pt\/wp-json\/wp\/v2\/product"}],"about":[{"href":"https:\/\/agricultural-gear-boxes.com\/pt\/wp-json\/wp\/v2\/types\/product"}],"wp:featuredmedia":[{"embeddable":true,"href":"https:\/\/agricultural-gear-boxes.com\/pt\/wp-json\/wp\/v2\/media\/3251"}],"wp:attachment":[{"href":"https:\/\/agricultural-gear-boxes.com\/pt\/wp-json\/wp\/v2\/media?parent=3252"}],"wp:term":[{"taxonomy":"product_brand","embeddable":true,"href":"https:\/\/agricultural-gear-boxes.com\/pt\/wp-json\/wp\/v2\/product_brand?post=3252"},{"taxonomy":"product_cat","embeddable":true,"href":"https:\/\/agricultural-gear-boxes.com\/pt\/wp-json\/wp\/v2\/product_cat?post=3252"},{"taxonomy":"product_tag","embeddable":true,"href":"https:\/\/agricultural-gear-boxes.com\/pt\/wp-json\/wp\/v2\/product_tag?post=3252"}],"curies":[{"name":"wp","href":"https:\/\/api.w.org\/{rel}","templated":true}]}}