{"id":3254,"date":"2024-08-20T08:31:37","date_gmt":"2024-08-20T08:31:37","guid":{"rendered":"https:\/\/agricultural-gear-boxes.com\/product\/mp-series-parallel-shaft-gear-gearmotors\/"},"modified":"2024-08-20T08:31:38","modified_gmt":"2024-08-20T08:31:38","slug":"mp-series-parallel-shaft-gear-gearmotors","status":"publish","type":"product","link":"https:\/\/agricultural-gear-boxes.com\/pt\/product\/mp-series-parallel-shaft-gear-gearmotors\/","title":{"rendered":"Motoredutores de engrenagens de eixo paralelo da s\u00e9rie MP"},"content":{"rendered":"<h2>Motoredutores de eixo paralelo da s\u00e9rie MP: desempenho potente e efici\u00eancia incompar\u00e1vel<\/h2>\n<p>Os motoredutores de eixo paralelo da s\u00e9rie MP s\u00e3o produtos de ponta que oferecem uma combina\u00e7\u00e3o poderosa de robustez, precis\u00e3o e efici\u00eancia. Projetados especificamente para aplica\u00e7\u00f5es industriais, esses motoredutores fornecem transmiss\u00e3o de pot\u00eancia confi\u00e1vel e controle de movimento preciso. Com seus recursos avan\u00e7ados e engenharia meticulosa, os motoredutores da s\u00e9rie MP oferecem desempenho e durabilidade excepcionais.<\/p>\n<h3>Liberando a excel\u00eancia t\u00e9cnica: Par\u00e2metro t\u00e9cnico<\/h3>\n<ul>\n<li>Tipo: 09\/19\/29\/39\/49\/59\/69\/79\/89\/99\/109\/139\/149\/169\/179<\/li>\n<li>Torque de sa\u00edda: At\u00e9 35000 Nm<\/li>\n<li>Velocidade de sa\u00edda: 0,04~373 r\/min<\/li>\n<li>Pot\u00eancia de entrada: 0,12~200kW<\/li>\n<li>Op\u00e7\u00f5es de eixo de sa\u00edda: Eixo s\u00f3lido de chaveta paralela, Eixo oco de disco de contra\u00e7\u00e3o, Eixo oco de chaveta paralela, Eixo oco estriado involuto<\/li>\n<\/ul>\n<h3>Op\u00e7\u00f5es de montagem flex\u00edveis: versatilidade no seu melhor<\/h3>\n<p><img loading=\"lazy\" decoding=\"async\" class=\"size-full wp-image-395189 aligncenter\" src=\"https:\/\/www.ever-power.net\/wp-content\/uploads\/2023\/12\/mp-series-parallel-shaft-helical-gear-gearmotors-2.webp\" alt=\"\" width=\"1002\" height=\"221\" \/><\/p>\n<h3>Principais ind\u00fastrias de aplica\u00e7\u00e3o: onde os motoredutores da s\u00e9rie MP se destacam<\/h3>\n<p>Esses motoredutores encontram suas aplica\u00e7\u00f5es em diversos setores, incluindo:<\/p>\n<ul>\n<li>Farmac\u00eautico<\/li>\n<li>Qu\u00edmico<\/li>\n<li>Porta<\/li>\n<li>T\u00eaxtil<\/li>\n<li>Prote\u00e7\u00e3o ambiental<\/li>\n<li>Fabrica\u00e7\u00e3o de papel<\/li>\n<\/ul>\n<h3>F\u00e1cil manuten\u00e7\u00e3o para longevidade: garantindo desempenho ideal<\/h3>\n<p>A manuten\u00e7\u00e3o adequada \u00e9 essencial para garantir o desempenho ideal e a longevidade dos motoredutores de eixo paralelo da s\u00e9rie MP. Aqui est\u00e3o algumas diretrizes de manuten\u00e7\u00e3o:<\/p>\n<ol>\n<li>Lubrifica\u00e7\u00e3o:\n<ul>\n<li>Lubrifique regularmente os motoredutores usando o lubrificante recomendado para minimizar o desgaste e garantir uma opera\u00e7\u00e3o suave.<\/li>\n<li>Follow the manufacturer&#8217;s guidelines regarding lubricant type, quantity, and maintenance intervals.<\/li>\n<\/ul>\n<\/li>\n<li>Inspe\u00e7\u00e3o e Limpeza:\n<ul>\n<li>Inspecione periodicamente os motoredutores quanto a danos, desgaste ou contamina\u00e7\u00e3o.<\/li>\n<li>Limpe as unidades e remova quaisquer detritos, sujeira ou part\u00edculas estranhas que possam afetar o desempenho.<\/li>\n<\/ul>\n<\/li>\n<li>Monitoramento de temperatura:\n<ul>\n<li>Monitore a temperatura operacional dos motoredutores para identificar qualquer ac\u00famulo anormal de calor.<\/li>\n<li>Calor excessivo pode indicar lubrifica\u00e7\u00e3o insuficiente ou outros problemas potenciais que exigem aten\u00e7\u00e3o.<\/li>\n<\/ul>\n<\/li>\n<\/ol>\n<h2>\u00c1rea de aplica\u00e7\u00e3o: ampla gama de usos<\/h2>\n<p>Os motoredutores de eixo paralelo da s\u00e9rie MP encontram ampla aplica\u00e7\u00e3o em v\u00e1rios setores, incluindo:<\/p>\n<ul>\n<li>Nova ind\u00fastria energ\u00e9tica<\/li>\n<li>Estacionamento tridimensional<\/li>\n<li>M\u00e1quinas de constru\u00e7\u00e3o<\/li>\n<li>Equipamentos de prote\u00e7\u00e3o ambiental<\/li>\n<li>Estamparia e tingimento t\u00eaxtil<\/li>\n<li>Energia de minera\u00e7\u00e3o<\/li>\n<li>Navios portu\u00e1rios<\/li>\n<li>Entretenimento de palco<\/li>\n<li>Processamento de metais<\/li>\n<\/ul>\n<h2>Nossa Empresa: Um Centro de Excel\u00eancia Tecnol\u00f3gica<\/h2>\n<p>Nossa empresa \u00e9 especializada na fabrica\u00e7\u00e3o de v\u00e1rios tipos de redutores de engrenagem. Como uma reconhecida National High Tech Enterprise e Provincial Science and Technology Enterprise, temos orgulho de nosso comprometimento em entregar qualidade e inova\u00e7\u00e3o excepcionais.<\/p>\n<p>Com forte \u00eanfase em sistemas de gest\u00e3o de qualidade, prote\u00e7\u00e3o ambiental e sa\u00fade e seguran\u00e7a ocupacional, nossa empresa lidera em certifica\u00e7\u00f5es e adere aos mais altos padr\u00f5es de excel\u00eancia em nosso setor.<\/p>\n<p>Equipados com centros de usinagem de \u00faltima gera\u00e7\u00e3o, m\u00e1quinas de retifica\u00e7\u00e3o de engrenagens de alta precis\u00e3o e equipamentos de teste avan\u00e7ados, garantimos que nossos produtos atendam aos requisitos mais exigentes. Nosso centro de tecnologia se envolve em pesquisa e desenvolvimento cont\u00ednuos, com foco em atualiza\u00e7\u00f5es de tecnologia de produtos, fabrica\u00e7\u00e3o digital e avan\u00e7os em processos de fabrica\u00e7\u00e3o e materiais.<\/p>\n<p>Em nossa empresa, acreditamos em fornecer solu\u00e7\u00f5es abrangentes para nossos clientes. Al\u00e9m dos MP Series Parallel Shaft Gear Gear Motoredutores, oferecemos uma ampla gama de outros produtos de alta qualidade, incluindo engrenagens de pl\u00e1stico, caixas de engrenagens agr\u00edcolas, eixos de sa\u00edda de pot\u00eancia, rodas dentadas, acoplamentos de fluido, redutores de engrenagem sem-fim, engrenagens e cremalheiras, correntes destac\u00e1veis, polias e polias, caixas de engrenagens planet\u00e1rias, polias de sincroniza\u00e7\u00e3o e buchas.<\/p>\n<p>Temos orgulho em oferecer solu\u00e7\u00f5es personalizadas com base nos requisitos do cliente, garantindo que nossos produtos atendam \u00e0s suas necessidades espec\u00edficas. Estamos dedicados a fornecer produtos de primeira linha a pre\u00e7os competitivos, acompanhados por um excelente atendimento ao cliente. Damos as boas-vindas aos clientes para colaborar conosco e experimentar a excelente qualidade e servi\u00e7o que oferecemos.<\/p>\n<h2>Perguntas e respostas:<\/h2>\n<h3>Q1: Quais ind\u00fastrias podem se beneficiar dos motoredutores de eixo paralelo da s\u00e9rie MP?<\/h3>\n<p>A1: Os motoredutores de eixo paralelo da s\u00e9rie MP encontram aplica\u00e7\u00f5es em v\u00e1rios setores, como farmac\u00eautico, qu\u00edmico, portu\u00e1rio, t\u00eaxtil, prote\u00e7\u00e3o ambiental e fabrica\u00e7\u00e3o de papel.<\/p>\n<h3>P2: Quais s\u00e3o as diretrizes de manuten\u00e7\u00e3o para os motoredutores da s\u00e9rie MP?<\/h3>\n<p>R2: Para garantir desempenho e longevidade ideais, \u00e9 importante lubrificar regularmente os motoredutores, inspecion\u00e1-los e limp\u00e1-los periodicamente e monitorar sua temperatura operacional para detectar qualquer ac\u00famulo anormal de calor.<\/p>\n<h3>Q3: Quais s\u00e3o as op\u00e7\u00f5es de montagem dispon\u00edveis para os motoredutores da s\u00e9rie MP?<\/h3>\n<p>A3: Os motoredutores da s\u00e9rie MP oferecem op\u00e7\u00f5es de montagem flex\u00edveis, proporcionando versatilidade para diferentes aplica\u00e7\u00f5es industriais.<\/p>\n<h3>Q4: Qual \u00e9 a faixa de torque de sa\u00edda dos motoredutores de eixo paralelo da s\u00e9rie MP?<\/h3>\n<p>A4: Os motoredutores da s\u00e9rie MP podem fornecer torque de sa\u00edda de at\u00e9 35.000 Nm, garantindo transmiss\u00e3o de pot\u00eancia confi\u00e1vel.<\/p>\n<h3>Q5: Quais s\u00e3o as principais caracter\u00edsticas que diferenciam os motoredutores da s\u00e9rie MP?<\/h3>\n<p>A5: Os MP Series Gearmotors s\u00e3o conhecidos por sua robustez, precis\u00e3o e efici\u00eancia. Eles s\u00e3o meticulosamente projetados para oferecer desempenho e durabilidade excepcionais, tornando-os ideais para aplica\u00e7\u00f5es industriais exigentes.<\/p>","protected":false},"excerpt":{"rendered":"<p>MP Series Parallel Shaft Gear Gearmotors: Powerful Performance and Unmatched Efficiency The MP Series Parallel Shaft Gear Gearmotors are cutting-edge products that offer a powerful combination of robustness, precision, and efficiency. Designed specifically for industrial applications, these gearmotors provide reliable power transmission and precise motion control. With their advanced features and meticulous engineering, the MP [&hellip;]<\/p>","protected":false},"featured_media":3253,"template":"","meta":{"_et_pb_use_builder":"","_et_pb_old_content":"","_et_gb_content_width":""},"product_brand":[],"product_cat":[11284],"product_tag":[],"class_list":{"0":"post-3254","1":"product","2":"type-product","3":"status-publish","4":"has-post-thumbnail","6":"product_cat-helical-gearbox","8":"first","9":"instock","10":"shipping-taxable","11":"product-type-simple"},"_links":{"self":[{"href":"https:\/\/agricultural-gear-boxes.com\/pt\/wp-json\/wp\/v2\/product\/3254","targetHints":{"allow":["GET"]}}],"collection":[{"href":"https:\/\/agricultural-gear-boxes.com\/pt\/wp-json\/wp\/v2\/product"}],"about":[{"href":"https:\/\/agricultural-gear-boxes.com\/pt\/wp-json\/wp\/v2\/types\/product"}],"wp:featuredmedia":[{"embeddable":true,"href":"https:\/\/agricultural-gear-boxes.com\/pt\/wp-json\/wp\/v2\/media\/3253"}],"wp:attachment":[{"href":"https:\/\/agricultural-gear-boxes.com\/pt\/wp-json\/wp\/v2\/media?parent=3254"}],"wp:term":[{"taxonomy":"product_brand","embeddable":true,"href":"https:\/\/agricultural-gear-boxes.com\/pt\/wp-json\/wp\/v2\/product_brand?post=3254"},{"taxonomy":"product_cat","embeddable":true,"href":"https:\/\/agricultural-gear-boxes.com\/pt\/wp-json\/wp\/v2\/product_cat?post=3254"},{"taxonomy":"product_tag","embeddable":true,"href":"https:\/\/agricultural-gear-boxes.com\/pt\/wp-json\/wp\/v2\/product_tag?post=3254"}],"curies":[{"name":"wp","href":"https:\/\/api.w.org\/{rel}","templated":true}]}}