{"id":3256,"date":"2024-08-20T08:31:38","date_gmt":"2024-08-20T08:31:38","guid":{"rendered":"https:\/\/agricultural-gear-boxes.com\/product\/mn-series-helical-worm-gear-gearmotors\/"},"modified":"2024-08-20T08:31:39","modified_gmt":"2024-08-20T08:31:39","slug":"mn-series-helical-worm-gear-gearmotors","status":"publish","type":"product","link":"https:\/\/agricultural-gear-boxes.com\/pt\/product\/mn-series-helical-worm-gear-gearmotors\/","title":{"rendered":"Motoredutores de engrenagem helicoidal sem-fim s\u00e9rie MN"},"content":{"rendered":"<h2>Motoredutores de engrenagem helicoidal sem-fim da s\u00e9rie MN: combinando pot\u00eancia e durabilidade<\/h2>\n<p>Os motoredutores de engrenagens helicoidais e sem-fim da s\u00e9rie MN s\u00e3o produtos industriais de ponta que combinam a pot\u00eancia das engrenagens helicoidais e sem-fim para oferecer desempenho, efici\u00eancia e durabilidade excepcionais. Esses motoredutores s\u00e3o projetados para fornecer transmiss\u00e3o de pot\u00eancia confi\u00e1vel, controle de movimento preciso e funcionalidade vers\u00e1til em v\u00e1rias aplica\u00e7\u00f5es industriais. Com seus recursos avan\u00e7ados e engenharia meticulosa, os motoredutores da s\u00e9rie MN oferecem uma solu\u00e7\u00e3o poderosa para ind\u00fastrias que buscam transmiss\u00e3o de pot\u00eancia eficiente e dur\u00e1vel.<\/p>\n<h3>Par\u00e2metro t\u00e9cnico incompar\u00e1vel<\/h3>\n<p>Os motoredutores da s\u00e9rie MN v\u00eam em v\u00e1rios tipos, incluindo 39, 49, 59, 69, 79, 89, 99 e 109, garantindo flexibilidade para atender a diferentes requisitos de aplica\u00e7\u00e3o. Esses motoredutores podem gerar um torque de sa\u00edda de at\u00e9 6000 Nm e uma velocidade de sa\u00edda variando de 0,16 a 147 r\/min. Al\u00e9m disso, com pot\u00eancia de entrada variando de 0,12 a 22 kW, esses motoredutores fornecem ampla pot\u00eancia para acionar seus processos industriais. As op\u00e7\u00f5es de eixo de sa\u00edda incluem eixo s\u00f3lido de chaveta paralela, eixo oco de disco retr\u00e1til, eixo oco de chaveta paralela e eixo oco estriado involuto, proporcionando versatilidade para v\u00e1rias necessidades de instala\u00e7\u00e3o.<\/p>\n<h3>Op\u00e7\u00f5es de montagem flex\u00edveis<\/h3>\n<p>Os motoredutores da s\u00e9rie MN oferecem uma variedade de op\u00e7\u00f5es de montagem para acomodar diferentes configura\u00e7\u00f5es industriais. Quer voc\u00ea precise de uma configura\u00e7\u00e3o montada em p\u00e9, flange ou eixo, esses motoredutores podem ser facilmente adaptados para atender aos seus requisitos espec\u00edficos de instala\u00e7\u00e3o. Essa flexibilidade os torna adequados para uma ampla gama de ind\u00fastrias, incluindo processamento de alimentos, produ\u00e7\u00e3o t\u00eaxtil, entretenimento de palco, metrologia, opera\u00e7\u00f5es portu\u00e1rias e prote\u00e7\u00e3o ambiental.<\/p>\n<h3>Vantagens dos motoredutores da s\u00e9rie MN<\/h3>\n<ul>\n<li><strong>Projeto de engrenagem helicoidal sem-fim:<\/strong> A combina\u00e7\u00e3o de engrenagens helicoidais e sem-fim garante alta efici\u00eancia e transmiss\u00e3o de torque. O design da engrenagem sem-fim helicoidal permite uma opera\u00e7\u00e3o suave e silenciosa, minimizando o atrito, o ru\u00eddo e a vibra\u00e7\u00e3o.<\/li>\n<li><strong>Compacto e economiza espa\u00e7o:<\/strong> Apesar do seu tamanho compacto, os motoredutores da S\u00e9rie MN n\u00e3o comprometem o desempenho, fornecendo transmiss\u00e3o de pot\u00eancia confi\u00e1vel em um pacote com efici\u00eancia de espa\u00e7o. Isso os torna ideais para aplica\u00e7\u00f5es com espa\u00e7o limitado.<\/li>\n<li><strong>Altos \u00edndices de efici\u00eancia:<\/strong> Esses motoredutores oferecem rela\u00e7\u00f5es de alta efici\u00eancia, contribuindo para a transmiss\u00e3o de pot\u00eancia ideal e consumo de energia reduzido. A transfer\u00eancia eficiente de pot\u00eancia se traduz em economia de custos e desempenho geral do sistema melhorado.<\/li>\n<\/ul>\n<h3>\u00c1rea de aplica\u00e7\u00e3o<\/h3>\n<p>Os motoredutores da s\u00e9rie MN encontram ampla aplica\u00e7\u00e3o na nova ind\u00fastria de energia, sistemas de estacionamento tridimensionais, m\u00e1quinas de constru\u00e7\u00e3o, equipamentos de prote\u00e7\u00e3o ambiental, impress\u00e3o t\u00eaxtil e tingimento. Eles tamb\u00e9m s\u00e3o amplamente utilizados em energia de minera\u00e7\u00e3o, navios portu\u00e1rios, entretenimento de palco e ind\u00fastrias de processamento de metais.<\/p>\n<h2>Nossa empresa: entregando redutores de qualidade<\/h2>\n<p>Como um fornecedor respeit\u00e1vel de solu\u00e7\u00f5es de engrenagens industriais, nossa empresa \u00e9 especializada na fabrica\u00e7\u00e3o de v\u00e1rios tipos de redutores de engrenagens. Com nosso foco em inova\u00e7\u00e3o tecnol\u00f3gica e fabrica\u00e7\u00e3o digital, nos esfor\u00e7amos para entregar produtos de alta qualidade que atendam \u00e0s diversas necessidades de nossos clientes.<\/p>\n<p>Nossa empresa obteve m\u00faltiplas tecnologias de patentes independentes, incluindo quatro patentes de inven\u00e7\u00e3o, 62 patentes de modelo de utilidade e 32 patentes de apar\u00eancia. Isso demonstra nosso comprometimento com a melhoria cont\u00ednua e o avan\u00e7o na tecnologia de engrenagens.<\/p>\n<p>Al\u00e9m dos Motoredutores da S\u00e9rie MN, nossa linha de produtos inclui v\u00e1rios componentes de engrenagens de pl\u00e1stico, como caixas de engrenagens agr\u00edcolas, eixos de sa\u00edda de pot\u00eancia, rodas dentadas, acoplamentos de fluido, redutores de engrenagem sem-fim, engrenagens e cremalheiras, correntes destac\u00e1veis, polias e polias, caixas de engrenagens planet\u00e1rias, polias de sincroniza\u00e7\u00e3o, buchas e muito mais. Temos orgulho em oferecer produtos de alta qualidade a pre\u00e7os competitivos e fornecer excelente atendimento ao cliente.<\/p>\n<p>Se voc\u00ea precisa de componentes de engrenagem padr\u00e3o ou solu\u00e7\u00f5es personalizadas, convidamos voc\u00ea a entrar em contato conosco para suas necessidades espec\u00edficas. Nossa equipe est\u00e1 pronta para ajudar voc\u00ea com conhecimento t\u00e9cnico e garantir que suas necessidades de engrenagem sejam atendidas com precis\u00e3o e efici\u00eancia.<\/p>\n<h2>Perguntas e respostas<\/h2>\n<h3>1. Os motoredutores da s\u00e9rie MN podem ser usados na ind\u00fastria aliment\u00edcia?<\/h3>\n<p>Sim, os motoredutores da s\u00e9rie MN s\u00e3o adequados para v\u00e1rias ind\u00fastrias, incluindo a ind\u00fastria aliment\u00edcia. Com sua transmiss\u00e3o de pot\u00eancia confi\u00e1vel e controle de movimento preciso, esses motoredutores podem dar suporte a processos cr\u00edticos na produ\u00e7\u00e3o de alimentos, garantindo efici\u00eancia e qualidade do produto.<\/p>\n<h3>2. Com que frequ\u00eancia devo fazer a manuten\u00e7\u00e3o dos motoredutores da s\u00e9rie MN?<\/h3>\n<p>A frequ\u00eancia de manuten\u00e7\u00e3o depende das condi\u00e7\u00f5es operacionais espec\u00edficas e da intensidade de uso. No entanto, geralmente \u00e9 recomendado realizar manuten\u00e7\u00e3o regular a cada seis meses para garantir o desempenho ideal e prolongar a vida \u00fatil dos motoredutores.<\/p>\n<h3>3. Os motoredutores da s\u00e9rie MN podem ser reparados se apresentarem falhas?<\/h3>\n<p>Sim, em caso de falhas ou problemas, os motoredutores da s\u00e9rie MN podem ser reparados. \u00c9 aconselh\u00e1vel consultar o fabricante ou um t\u00e9cnico qualificado para um diagn\u00f3stico e reparo precisos. Tentar reparar os motoredutores sem a devida experi\u00eancia pode levar a mais danos.<\/p>\n<h3>4. \u00c9 poss\u00edvel substituir os motoredutores sem grandes modifica\u00e7\u00f5es na configura\u00e7\u00e3o existente?<\/h3>\n<p>Sim, os MN Series Gearmotors s\u00e3o projetados para serem compat\u00edveis com v\u00e1rias op\u00e7\u00f5es de montagem. Isso permite uma f\u00e1cil substitui\u00e7\u00e3o sem a necessidade de modifica\u00e7\u00f5es significativas na configura\u00e7\u00e3o existente. No entanto, \u00e9 recomend\u00e1vel consultar o fabricante ou um especialista t\u00e9cnico para garantir a compatibilidade e a instala\u00e7\u00e3o adequada.<\/p>\n<h3>5. Os motoredutores da s\u00e9rie MN podem ser personalizados para atender a requisitos espec\u00edficos de aplica\u00e7\u00e3o?<\/h3>\n<p>Sim, nossa empresa oferece servi\u00e7os de personaliza\u00e7\u00e3o para os motoredutores da s\u00e9rie MN. Entendemos que cada aplica\u00e7\u00e3o \u00e9 \u00fanica e nos esfor\u00e7amos para fornecer solu\u00e7\u00f5es personalizadas para atender a requisitos espec\u00edficos. Entre em contato com nossa equipe para discutir suas necessidades de personaliza\u00e7\u00e3o e trabalharemos com voc\u00ea para desenvolver a solu\u00e7\u00e3o de engrenagem ideal.<\/p>","protected":false},"excerpt":{"rendered":"<p>MN Series Helical-worm Gear Gearmotors: Combining Power and Durability The MN Series Helical-worm Gear Gearmotors are cutting-edge industrial products that combine the power of helical and worm gears to deliver exceptional performance, efficiency, and durability. These gearmotors are designed to provide reliable power transmission, precise motion control, and versatile functionality in various industrial applications. With [&hellip;]<\/p>","protected":false},"featured_media":3255,"template":"","meta":{"_et_pb_use_builder":"","_et_pb_old_content":"","_et_gb_content_width":""},"product_brand":[],"product_cat":[11284],"product_tag":[],"class_list":{"0":"post-3256","1":"product","2":"type-product","3":"status-publish","4":"has-post-thumbnail","6":"product_cat-helical-gearbox","8":"first","9":"instock","10":"shipping-taxable","11":"product-type-simple"},"_links":{"self":[{"href":"https:\/\/agricultural-gear-boxes.com\/pt\/wp-json\/wp\/v2\/product\/3256","targetHints":{"allow":["GET"]}}],"collection":[{"href":"https:\/\/agricultural-gear-boxes.com\/pt\/wp-json\/wp\/v2\/product"}],"about":[{"href":"https:\/\/agricultural-gear-boxes.com\/pt\/wp-json\/wp\/v2\/types\/product"}],"wp:featuredmedia":[{"embeddable":true,"href":"https:\/\/agricultural-gear-boxes.com\/pt\/wp-json\/wp\/v2\/media\/3255"}],"wp:attachment":[{"href":"https:\/\/agricultural-gear-boxes.com\/pt\/wp-json\/wp\/v2\/media?parent=3256"}],"wp:term":[{"taxonomy":"product_brand","embeddable":true,"href":"https:\/\/agricultural-gear-boxes.com\/pt\/wp-json\/wp\/v2\/product_brand?post=3256"},{"taxonomy":"product_cat","embeddable":true,"href":"https:\/\/agricultural-gear-boxes.com\/pt\/wp-json\/wp\/v2\/product_cat?post=3256"},{"taxonomy":"product_tag","embeddable":true,"href":"https:\/\/agricultural-gear-boxes.com\/pt\/wp-json\/wp\/v2\/product_tag?post=3256"}],"curies":[{"name":"wp","href":"https:\/\/api.w.org\/{rel}","templated":true}]}}