{"id":3260,"date":"2024-08-20T08:31:40","date_gmt":"2024-08-20T08:31:40","guid":{"rendered":"https:\/\/agricultural-gear-boxes.com\/product\/mtb-series-bevel-helical-high-power-gear-units\/"},"modified":"2024-08-20T08:31:41","modified_gmt":"2024-08-20T08:31:41","slug":"mtb-series-bevel-helical-high-power-gear-units","status":"publish","type":"product","link":"https:\/\/agricultural-gear-boxes.com\/pt\/product\/mtb-series-bevel-helical-high-power-gear-units\/","title":{"rendered":"Unidades de engrenagens c\u00f4nicas helicoidais de alta pot\u00eancia da s\u00e9rie MTB"},"content":{"rendered":"<h2>Unidades de engrenagens c\u00f4nicas helicoidais de alta pot\u00eancia da s\u00e9rie MTB<\/h2>\n<p>Os Redutores C\u00f4nicos-Helicoidais de Alta Pot\u00eancia da S\u00e9rie MTB s\u00e3o produtos industriais avan\u00e7ados, projetados para pot\u00eancia, efici\u00eancia e precis\u00e3o excepcionais. Eles combinam a resist\u00eancia das engrenagens c\u00f4nicas e helicoidais para proporcionar transmiss\u00e3o de pot\u00eancia confi\u00e1vel e precisa em diversas aplica\u00e7\u00f5es industriais. Com sua constru\u00e7\u00e3o robusta, engenharia precisa e alta capacidade de torque, s\u00e3o a solu\u00e7\u00e3o ideal para ind\u00fastrias que buscam redutores eficientes e dur\u00e1veis.<\/p>\n<h3>Aplica\u00e7\u00f5es e Vantagens<\/h3>\n<p>Os redutores da s\u00e9rie MTB possuem uma s\u00e9rie de caracter\u00edsticas excepcionais que os diferenciam no mercado de redutores industriais, tornando-os adequados para uma ampla gama de aplica\u00e7\u00f5es. S\u00e3o amplamente utilizados em setores como minera\u00e7\u00e3o, energia, navios portu\u00e1rios, entretenimento c\u00eanico, metalurgia, novas energias, estacionamento tridimensional, m\u00e1quinas de constru\u00e7\u00e3o, equipamentos de prote\u00e7\u00e3o ambiental, impress\u00e3o t\u00eaxtil e tingimento.<\/p>\n<p>O design da engrenagem c\u00f4nica-helicoidal garante alta transmiss\u00e3o de torque, opera\u00e7\u00e3o suave e maior efici\u00eancia, resultando em desempenho otimizado e economia de energia. Possuem carca\u00e7a robusta e materiais de alta qualidade, garantindo durabilidade e longevidade mesmo em ambientes exigentes. A constru\u00e7\u00e3o robusta oferece excelente resist\u00eancia a choques, vibra\u00e7\u00f5es e for\u00e7as externas, garantindo um desempenho confi\u00e1vel e consistente. Oferecem alta capacidade de torque, tornando-as adequadas para aplica\u00e7\u00f5es que exigem transmiss\u00e3o de pot\u00eancia em servi\u00e7os pesados.<\/p>\n<h3>Par\u00e2metros t\u00e9cnicos e instala\u00e7\u00e3o<\/h3>\n<p>Os redutores da s\u00e9rie MTB est\u00e3o dispon\u00edveis em tr\u00eas tipos: MTB2..4~MTB2..18, MTB3..4~MTB3..26 e MTB4..5~MTB4..26. Possuem uma velocidade de sa\u00edda de at\u00e9 900.000 Nm e podem suportar uma faixa de pot\u00eancia de entrada de 1,7 a 360 rpm. O eixo de sa\u00edda pode ser um eixo s\u00f3lido com chaveta paralela, um eixo oco com disco de contra\u00e7\u00e3o, um eixo oco com chaveta paralela, um eixo oco estriado evolvente ou um eixo flangeado. Podem ser montados de diversas maneiras, incluindo montagem por p\u00e9s, por flange ou por eixo.<\/p>\n<h3>Manuten\u00e7\u00e3o e Reparo<\/h3>\n<p>Para a manuten\u00e7\u00e3o dos redutores da s\u00e9rie MTB, inspe\u00e7\u00f5es regulares devem ser realizadas para garantir a lubrifica\u00e7\u00e3o adequada, e o \u00f3leo deve ser trocado periodicamente. Se forem detectados problemas, como ru\u00eddo, vibra\u00e7\u00e3o, vazamento ou superaquecimento, o redutor deve ser desligado imediatamente para inspe\u00e7\u00e3o e reparo. O redutor deve ser reparado por um t\u00e9cnico profissional com experi\u00eancia em reparos de redutores.<\/p>\n<h3>Outros produtos e neg\u00f3cios<\/h3>\n<p>Al\u00e9m dos redutores da s\u00e9rie MTB, nossa empresa fornece diversas engrenagens pl\u00e1sticas utilizadas na ind\u00fastria, como caixas de engrenagens agr\u00edcolas, eixos de sa\u00edda de pot\u00eancia, rodas dentadas, acoplamentos hidr\u00e1ulicos, redutores de engrenagem helicoidal, engrenagens e cremalheiras, correntes destac\u00e1veis, polias e polias, caixas de engrenagens planet\u00e1rias, polias sincronizadoras, buchas e muito mais. Temos orgulho em fornecer produtos de alta qualidade a um pre\u00e7o acess\u00edvel, com um servi\u00e7o atencioso e convidamos os clientes a nos procurarem para desenhos ou amostras personalizadas.<\/p>\n<h2>Perguntas e respostas<\/h2>\n<ul>\n<li>P: Qual \u00e9 a velocidade de sa\u00edda dos redutores da s\u00e9rie MTB?<\/li>\n<li>A: Os redutores da s\u00e9rie MTB t\u00eam uma velocidade de sa\u00edda de at\u00e9 900.000 Nm<\/li>\n<li>P: Quais ind\u00fastrias s\u00e3o adequadas para as unidades de engrenagens da s\u00e9rie MTB?<\/li>\n<li>R: Os redutores da s\u00e9rie MTB s\u00e3o amplamente utilizados em ind\u00fastrias como minera\u00e7\u00e3o, energia, navios portu\u00e1rios, entretenimento de palco, processamento de metais, novas energias, estacionamento tridimensional, m\u00e1quinas de constru\u00e7\u00e3o, equipamentos de prote\u00e7\u00e3o ambiental, impress\u00e3o t\u00eaxtil e tingimento.<\/li>\n<li>P: Quais s\u00e3o as vantagens dos redutores da s\u00e9rie MTB?<\/li>\n<li>R: Os redutores da s\u00e9rie MTB possuem carca\u00e7a robusta e materiais de alta qualidade, garantindo durabilidade e longevidade mesmo em ambientes exigentes. Eles oferecem alta capacidade de torque, tornando-os adequados para transmiss\u00e3o de pot\u00eancia em servi\u00e7os pesados. O design da engrenagem c\u00f4nica helicoidal garante alta transmiss\u00e3o de torque, opera\u00e7\u00e3o suave e maior efici\u00eancia, resultando em desempenho otimizado e economia de energia.<\/li>\n<li>P: Como as unidades de engrenagens da s\u00e9rie MTB devem ser mantidas?<\/li>\n<li>R: Para a manuten\u00e7\u00e3o dos redutores da s\u00e9rie MTB, \u00e9 necess\u00e1rio realizar inspe\u00e7\u00f5es regulares para garantir a lubrifica\u00e7\u00e3o adequada, e o \u00f3leo deve ser trocado periodicamente. Caso sejam detectados problemas, como ru\u00eddo, vibra\u00e7\u00e3o, vazamento ou superaquecimento, o redutor deve ser desligado imediatamente para inspe\u00e7\u00e3o e reparo.<\/li>\n<li>P: Quais outros produtos a empresa fornece?<\/li>\n<li>R: Al\u00e9m das unidades de engrenagens da s\u00e9rie MTB, nossa empresa fornece diversas engrenagens pl\u00e1sticas usadas na ind\u00fastria, como caixas de engrenagens agr\u00edcolas, eixos de sa\u00edda de pot\u00eancia, rodas dentadas, acoplamentos de fluido, redutores de engrenagem helicoidal, engrenagens e cremalheiras, correntes destac\u00e1veis, polias e polias, caixas de engrenagens planet\u00e1rias, polias de sincroniza\u00e7\u00e3o, buchas e muito mais.<\/li>\n<\/ul>","protected":false},"excerpt":{"rendered":"<p>MTB Series Bevel-helical High Power Gear Units The MTB Series Bevel-helical High Power Gear Units are advanced industrial products designed for exceptional power, efficiency, and precision. They combine the strength of bevel and helical gears to provide reliable and accurate power transmission in various industrial applications. With their robust construction, precise engineering, and high torque [&hellip;]<\/p>","protected":false},"featured_media":3259,"template":"","meta":{"_et_pb_use_builder":"","_et_pb_old_content":"","_et_gb_content_width":""},"product_brand":[],"product_cat":[11284],"product_tag":[],"class_list":{"0":"post-3260","1":"product","2":"type-product","3":"status-publish","4":"has-post-thumbnail","6":"product_cat-helical-gearbox","8":"first","9":"instock","10":"shipping-taxable","11":"product-type-simple"},"_links":{"self":[{"href":"https:\/\/agricultural-gear-boxes.com\/pt\/wp-json\/wp\/v2\/product\/3260","targetHints":{"allow":["GET"]}}],"collection":[{"href":"https:\/\/agricultural-gear-boxes.com\/pt\/wp-json\/wp\/v2\/product"}],"about":[{"href":"https:\/\/agricultural-gear-boxes.com\/pt\/wp-json\/wp\/v2\/types\/product"}],"wp:featuredmedia":[{"embeddable":true,"href":"https:\/\/agricultural-gear-boxes.com\/pt\/wp-json\/wp\/v2\/media\/3259"}],"wp:attachment":[{"href":"https:\/\/agricultural-gear-boxes.com\/pt\/wp-json\/wp\/v2\/media?parent=3260"}],"wp:term":[{"taxonomy":"product_brand","embeddable":true,"href":"https:\/\/agricultural-gear-boxes.com\/pt\/wp-json\/wp\/v2\/product_brand?post=3260"},{"taxonomy":"product_cat","embeddable":true,"href":"https:\/\/agricultural-gear-boxes.com\/pt\/wp-json\/wp\/v2\/product_cat?post=3260"},{"taxonomy":"product_tag","embeddable":true,"href":"https:\/\/agricultural-gear-boxes.com\/pt\/wp-json\/wp\/v2\/product_tag?post=3260"}],"curies":[{"name":"wp","href":"https:\/\/api.w.org\/{rel}","templated":true}]}}