{"id":3262,"date":"2024-08-20T08:31:41","date_gmt":"2024-08-20T08:31:41","guid":{"rendered":"https:\/\/agricultural-gear-boxes.com\/product\/w-series-bevel-helical-high-power-gear-units\/"},"modified":"2024-08-20T08:31:41","modified_gmt":"2024-08-20T08:31:41","slug":"w-series-bevel-helical-high-power-gear-units","status":"publish","type":"product","link":"https:\/\/agricultural-gear-boxes.com\/pt\/product\/w-series-bevel-helical-high-power-gear-units\/","title":{"rendered":"Unidades de engrenagens c\u00f4nicas helicoidais de alta pot\u00eancia da s\u00e9rie W"},"content":{"rendered":"<h2>Descubra a pot\u00eancia e a efici\u00eancia das unidades de engrenagens c\u00f4nicas helicoidais de alta pot\u00eancia da s\u00e9rie W<\/h2>\n<p>As unidades de engrenagens c\u00f4nicas e helicoidais de alta pot\u00eancia da s\u00e9rie W s\u00e3o um produto industrial avan\u00e7ado que fornece pot\u00eancia, efici\u00eancia e confiabilidade excepcionais. Essas unidades de engrenagens combinam a resist\u00eancia das engrenagens c\u00f4nicas e helicoidais para fornecer transmiss\u00e3o de pot\u00eancia confi\u00e1vel e precisa em v\u00e1rias aplica\u00e7\u00f5es industriais. Com sua constru\u00e7\u00e3o robusta, engenharia detalhada e alta capacidade de torque, as unidades de engrenagens da s\u00e9rie W s\u00e3o ideais para ind\u00fastrias que buscam unidades de engrenagens eficientes e dur\u00e1veis. <\/p>\n<h3>Cen\u00e1rios de uso comum<\/h3>\n<p>As unidades de engrenagens c\u00f4nicas de alta pot\u00eancia da s\u00e9rie W oferecem versatilidade e podem ser aplicadas em v\u00e1rias aplica\u00e7\u00f5es industriais. Aqui est\u00e3o alguns m\u00e9todos de uso comuns:<\/p>\n<ul>\n<li>Sistemas de Transporte: Essas unidades de engrenagens s\u00e3o ideais para alimentar sistemas de transporte em ind\u00fastrias de manufatura, log\u00edstica e movimenta\u00e7\u00e3o de materiais. Elas garantem movimenta\u00e7\u00e3o eficiente e controlada de materiais, contribuindo para opera\u00e7\u00f5es simplificadas.<\/li>\n<li>Equipamentos de Minera\u00e7\u00e3o e Pedreiras: As unidades de engrenagens da S\u00e9rie W s\u00e3o aplicadas a equipamentos de minera\u00e7\u00e3o e pedreiras, como trituradores, transportadores e escavadeiras. Elas fornecem o torque e a pot\u00eancia necess\u00e1rios para opera\u00e7\u00f5es pesadas em ambientes dif\u00edceis.<\/li>\n<li>M\u00e1quinas de Processamento de A\u00e7o e Metal: Essas unidades de engrenagem s\u00e3o bem adequadas para m\u00e1quinas de processamento de a\u00e7o e metal, incluindo laminadores, extrusoras e m\u00e1quinas de corte. Elas fornecem o torque e o controle preciso necess\u00e1rios para o processamento de metal eficiente e preciso.<\/li>\n<\/ul>\n<h3>As vantagens das unidades de engrenagens c\u00f4nicas helicoidais de alta pot\u00eancia da s\u00e9rie W<\/h3>\n<ul>\n<li>Alta densidade de pot\u00eancia e alta capacidade de torque<\/li>\n<li>Alta efici\u00eancia para economia de energia<\/li>\n<li>Funcionamento suave e baixo ru\u00eddo<\/li>\n<li>Constru\u00e7\u00e3o robusta e longa vida \u00fatil<\/li>\n<li>V\u00e1rias op\u00e7\u00f5es de eixo de sa\u00edda para f\u00e1cil instala\u00e7\u00e3o e manuten\u00e7\u00e3o<\/li>\n<\/ul>\n<h3>Instala\u00e7\u00e3o e Manuten\u00e7\u00e3o<\/h3>\n<p>As unidades de engrenagens c\u00f4nicas de alta pot\u00eancia da s\u00e9rie W s\u00e3o f\u00e1ceis de instalar e manter. Dependendo da op\u00e7\u00e3o do eixo de sa\u00edda, a unidade de engrenagens pode ser montada de v\u00e1rias maneiras, conforme mostrado na imagem do tipo de montagem acima. A manuten\u00e7\u00e3o regular, incluindo troca de \u00f3leo e limpeza, pode estender a vida \u00fatil da unidade de engrenagens.<\/p>\n<h3>Material do produto<\/h3>\n<p>As unidades de engrenagens c\u00f4nicas de alta pot\u00eancia da s\u00e9rie W s\u00e3o feitas de materiais de alta qualidade, incluindo a\u00e7o de liga e ferro fundido, para garantir a mais alta resist\u00eancia e durabilidade. As engrenagens s\u00e3o usinadas com precis\u00e3o para garantir um perfil de dente preciso e uma opera\u00e7\u00e3o suave.<\/p>\n<h3>Perguntas e respostas<\/h3>\n<ol>\n<li>Quais s\u00e3o os cen\u00e1rios de uso comuns das unidades de engrenagens c\u00f4nicas helicoidais de alta pot\u00eancia da s\u00e9rie W?<\/li>\n<li>Quais s\u00e3o as vantagens dos redutores c\u00f4nicos helicoidais de alta pot\u00eancia da s\u00e9rie W?<\/li>\n<li>Quais s\u00e3o as op\u00e7\u00f5es de eixo de sa\u00edda para redutores c\u00f4nicos helicoidais de alta pot\u00eancia da s\u00e9rie W?<\/li>\n<li>Como posso instalar e fazer a manuten\u00e7\u00e3o de redutores c\u00f4nicos helicoidais de alta pot\u00eancia da s\u00e9rie W?<\/li>\n<li>Quais materiais s\u00e3o usados para fabricar as unidades de engrenagens c\u00f4nicas helicoidais de alta pot\u00eancia da s\u00e9rie W?<\/li>\n<\/ol>\n<h2>Outros produtos da nossa empresa<\/h2>\n<p>Al\u00e9m das Unidades de Engrenagens C\u00f4nicas-Helicoidais de Alta Pot\u00eancia da S\u00e9rie W, tamb\u00e9m fornecemos v\u00e1rias Engrenagens Pl\u00e1sticas usadas na ind\u00fastria, como caixas de engrenagens agr\u00edcolas, eixos de sa\u00edda de pot\u00eancia, rodas dentadas, acoplamentos de fluidos, redutores de engrenagem sem-fim, engrenagens e cremalheiras, correntes destac\u00e1veis, polias e polias, caixas de engrenagens planet\u00e1rias, polias de sincroniza\u00e7\u00e3o, buchas e muito mais. Nossa empresa recebeu t\u00edtulos honor\u00e1rios como National High Tech Enterprise e Provincial Science and Technology Enterprise. Oferecemos produtos de alta qualidade, pre\u00e7os favor\u00e1veis e servi\u00e7o atencioso, e damos as boas-vindas aos clientes para nos procurar para personaliza\u00e7\u00e3o de desenhos ou amostras.<\/p>","protected":false},"excerpt":{"rendered":"<p>Discover the Power and Efficiency of W Series Bevel-helical High Power Gear Units The W Series Bevel-helical High Power Gear Units are an advanced industrial product that delivers exceptional power, efficiency, and reliability. These gear units combine the strength of bevel and helical gears to provide reliable and precise power transmission in various industrial applications. [&hellip;]<\/p>","protected":false},"featured_media":3261,"template":"","meta":{"_et_pb_use_builder":"","_et_pb_old_content":"","_et_gb_content_width":""},"product_brand":[],"product_cat":[11284],"product_tag":[],"class_list":{"0":"post-3262","1":"product","2":"type-product","3":"status-publish","4":"has-post-thumbnail","6":"product_cat-helical-gearbox","8":"first","9":"instock","10":"shipping-taxable","11":"product-type-simple"},"_links":{"self":[{"href":"https:\/\/agricultural-gear-boxes.com\/pt\/wp-json\/wp\/v2\/product\/3262","targetHints":{"allow":["GET"]}}],"collection":[{"href":"https:\/\/agricultural-gear-boxes.com\/pt\/wp-json\/wp\/v2\/product"}],"about":[{"href":"https:\/\/agricultural-gear-boxes.com\/pt\/wp-json\/wp\/v2\/types\/product"}],"wp:featuredmedia":[{"embeddable":true,"href":"https:\/\/agricultural-gear-boxes.com\/pt\/wp-json\/wp\/v2\/media\/3261"}],"wp:attachment":[{"href":"https:\/\/agricultural-gear-boxes.com\/pt\/wp-json\/wp\/v2\/media?parent=3262"}],"wp:term":[{"taxonomy":"product_brand","embeddable":true,"href":"https:\/\/agricultural-gear-boxes.com\/pt\/wp-json\/wp\/v2\/product_brand?post=3262"},{"taxonomy":"product_cat","embeddable":true,"href":"https:\/\/agricultural-gear-boxes.com\/pt\/wp-json\/wp\/v2\/product_cat?post=3262"},{"taxonomy":"product_tag","embeddable":true,"href":"https:\/\/agricultural-gear-boxes.com\/pt\/wp-json\/wp\/v2\/product_tag?post=3262"}],"curies":[{"name":"wp","href":"https:\/\/api.w.org\/{rel}","templated":true}]}}