{"id":3268,"date":"2024-08-20T08:45:13","date_gmt":"2024-08-20T08:45:13","guid":{"rendered":"https:\/\/agricultural-gear-boxes.com\/product\/power-transmission-ephb-series-low-speed-reducer-presses-helical-bevel-gearbox\/"},"modified":"2024-08-20T08:45:14","modified_gmt":"2024-08-20T08:45:14","slug":"power-transmission-ephb-series-low-speed-reducer-presses-helical-bevel-gearbox","status":"publish","type":"product","link":"https:\/\/agricultural-gear-boxes.com\/pt\/product\/power-transmission-ephb-series-low-speed-reducer-presses-helical-bevel-gearbox\/","title":{"rendered":"Transmiss\u00e3o de pot\u00eancia Redutor de baixa velocidade s\u00e9rie EPHB Prensas caixa de engrenagens c\u00f4nicas helicoidais"},"content":{"rendered":"<h2>Transmiss\u00e3o de pot\u00eancia S\u00e9rie EPHB Prensas redutoras de baixa velocidade Caixa de engrenagens c\u00f4nicas helicoidais<\/h2>\n<p>Procurando por uma caixa de engrenagens redutora de baixa velocidade e alta qualidade que seja perfeita para uma variedade de aplica\u00e7\u00f5es industriais? A caixa de engrenagens c\u00f4nicas helicoidais de prensas redutoras de baixa velocidade da s\u00e9rie EPHB da Power Transmission \u00e9 uma excelente escolha. Esta caixa de engrenagens tem um design altamente modular, garantindo que ela possa lidar com as cargas mais dif\u00edceis com facilidade. Ela tamb\u00e9m oferece transmiss\u00e3o est\u00e1vel e baixo ru\u00eddo, tornando-a uma escolha ideal para aplica\u00e7\u00f5es onde a opera\u00e7\u00e3o silenciosa \u00e9 importante. Com seu bom desempenho de veda\u00e7\u00e3o e ampla gama de aplica\u00e7\u00f5es industriais, esta caixa de engrenagens certamente atender\u00e1 \u00e0s suas necessidades.<\/p>\n<p>A caixa de engrenagens redutoras de baixa velocidade da s\u00e9rie EPHB tem uma s\u00e9rie de vantagens, incluindo:<\/p>\n<h3>Vantagens:<\/h3>\n<ol>\n<li>Design altamente modular<\/li>\n<li>Alto suporte de carga, transmiss\u00e3o est\u00e1vel e baixo ru\u00eddo<\/li>\n<li>Bom desempenho de veda\u00e7\u00e3o e ampla gama de aplica\u00e7\u00f5es industriais<\/li>\n<li>Alta efici\u00eancia e economia de energia<\/li>\n<li>Economia de custos e baixa manuten\u00e7\u00e3o<\/li>\n<\/ol>\n<p>Esta caixa de engrenagens \u00e9 ideal para uma ampla gama de aplica\u00e7\u00f5es, incluindo:<\/p>\n<h3>Principais aplica\u00e7\u00f5es:<\/h3>\n<ol>\n<li>Agitador qu\u00edmico<\/li>\n<li>Eleva\u00e7\u00e3o e transporte<\/li>\n<li>Metalurgia do ferro e do a\u00e7o<\/li>\n<li>Eletricidade<\/li>\n<li>Minera\u00e7\u00e3o de carv\u00e3o<\/li>\n<li>Cimento e constru\u00e7\u00e3o<\/li>\n<li>Ind\u00fastria de Papel e Leve<\/li>\n<\/ol>\n<p>Dados do produto:<\/p>\n<table border=\"1\" cellspacing=\"0\" cellpadding=\"0\" align=\"left\">\n<tbody>\n<tr>\n<td>\n<table class=\"alignleft\">\n<tbody>\n<tr>\n<td>Material da carca\u00e7a<\/td>\n<\/tr>\n<\/tbody>\n<\/table>\n<\/td>\n<td>\n<table>\n<tbody>\n<tr>\n<td>Ferro fundido HT250<\/td>\n<\/tr>\n<\/tbody>\n<\/table>\n<\/td>\n<\/tr>\n<tr>\n<td>Dureza da carca\u00e7a<\/td>\n<td>HBS190-240<\/td>\n<\/tr>\n<tr>\n<td>Material da engrenagem<\/td>\n<td>A\u00e7o de liga 20CrMnTi<\/td>\n<\/tr>\n<tr>\n<td>Dureza superficial das engrenagens<\/td>\n<td>\n<table>\n<tbody>\n<tr>\n<td>HRC58??~62 ??<\/td>\n<\/tr>\n<\/tbody>\n<\/table>\n<\/td>\n<\/tr>\n<tr>\n<td>Dureza do n\u00facleo da engrenagem<\/td>\n<td>HRC33~40<\/td>\n<\/tr>\n<tr>\n<td>Material do eixo de entrada\/sa\u00edda<\/td>\n<td>A\u00e7o de liga 40CrMnTi<\/td>\n<\/tr>\n<tr>\n<td>Dureza do eixo de entrada\/sa\u00edda<\/td>\n<td>HRC25~30<\/td>\n<\/tr>\n<tr>\n<td>Precis\u00e3o de usinagem de engrenagens<\/td>\n<td>moagem precisa, grau 6~5<\/td>\n<\/tr>\n<tr>\n<td>\n<table>\n<tbody>\n<tr>\n<td>\u00d3leo lubrificante<\/td>\n<\/tr>\n<\/tbody>\n<\/table>\n<\/td>\n<td>GB L-CKC220-460, Concha Omala220-460<\/td>\n<\/tr>\n<tr>\n<td>Tratamento t\u00e9rmico<\/td>\n<td>t\u00eampera, cimenta\u00e7\u00e3o, t\u00eampera, etc.<\/td>\n<\/tr>\n<tr>\n<td>Efici\u00eancia<\/td>\n<td>\n<table>\n<tbody>\n<tr>\n<td>94%~96% (depende do est\u00e1gio de transmiss\u00e3o)<\/td>\n<\/tr>\n<\/tbody>\n<\/table>\n<\/td>\n<\/tr>\n<tr>\n<td>Ru\u00eddo (M\u00c1X.)<\/td>\n<td>60~68 dB<\/td>\n<\/tr>\n<tr>\n<td>Aumento da temperatura (M\u00c1X.)<\/td>\n<td>40??C<\/td>\n<\/tr>\n<tr>\n<td>Aumento de temperatura (\u00f3leo) (M\u00c1X.)<\/td>\n<td>50??C<\/td>\n<\/tr>\n<tr>\n<td>Vibra\u00e7\u00e3o<\/td>\n<td>??20?m<\/td>\n<\/tr>\n<tr>\n<td>Retalia\u00e7\u00e3o<\/td>\n<td>??20 minutos de arco<\/td>\n<\/tr>\n<\/tbody>\n<\/table>\n<p><img loading=\"lazy\" decoding=\"async\" class=\"size-full wp-image-380268 alignnone\" src=\"https:\/\/www.ever-power.net\/wp-content\/uploads\/2022\/06\/product-data1.jpg\" alt=\"\" width=\"627\" height=\"803\" \/> <\/p>\n<h2>Por que nos escolher?<\/h2>\n<h3>1. Ampla sele\u00e7\u00e3o de redutores<\/h3>\n<p>Nossa empresa oferece a mais ampla gama de solu\u00e7\u00f5es padr\u00e3o e personalizadas para aplica\u00e7\u00f5es em controle de movimento e transmiss\u00e3o mec\u00e2nica. Fornecemos caixas de engrenagens planet\u00e1rias em linha de precis\u00e3o e caixas de engrenagens planet\u00e1rias de \u00e2ngulo reto, caixas de engrenagens de servomotor de \u00e2ngulo reto de 90 graus, caixas de engrenagens de acionamento harm\u00f4nico, redutores RV para rob\u00f4s, cremalheiras de precis\u00e3o de solo e pinh\u00f5es, servomotores, motores de passo, motores sem escovas, etc. A empresa tamb\u00e9m pode fornecer redutores de engrenagem sem-fim, motores de engrenagem, macacos de parafuso, engrenagens de dire\u00e7\u00e3o e outras caixas de engrenagens e acess\u00f3rios redutores relacionados. Isso significa que voc\u00ea pode obter o que deseja aqui mesmo e se beneficiar do nosso servi\u00e7o completo, economizando tempo e dinheiro.<\/p>\n<h3>2. Pre\u00e7o atrativo e qualidade de marca superior<\/h3>\n<p>Oferecemos aos nossos clientes pre\u00e7os muito atrativos com boa qualidade. Comparadas com as caixas de engrenagens de outras empresas, nossas caixas de engrenagens planet\u00e1rias de precis\u00e3o apresentam baixa folga (2-8 arcmin), alta efici\u00eancia (??95%) e baixo ru\u00eddo (60dBA). Todas as caixas de engrenagens servo produzidas por nossa famosa marca ser\u00e3o rigorosamente inspecionadas e testadas antes de sair da f\u00e1brica. Al\u00e9m disso, oferecemos aos clientes uma garantia de um ano e servi\u00e7o p\u00f3s-venda vital\u00edcio.<\/p>\n<h3>3. Suporte t\u00e9cnico profissional completo<\/h3>\n<p>N\u00e3o se preocupe se voc\u00ea n\u00e3o sabe como escolher a transmiss\u00e3o certa para sua m\u00e1quina. Temos uma equipe t\u00e9cnica profissional para atend\u00ea-lo. Contanto que voc\u00ea siga nossos passos, voc\u00ea saber\u00e1 como escolher o tamanho certo. Ap\u00f3s selecionar a caixa de engrenagens correspondente para seu motor, n\u00f3s lhe enviaremos o desenho CAD correspondente para sua inspe\u00e7\u00e3o para evitar quaisquer erros. Tamb\u00e9m oferecemos suporte t\u00e9cnico 24 horas se voc\u00ea tiver quaisquer outros problemas que precisem de resolu\u00e7\u00e3o urgente.<\/p>\n<h3>4. Forne\u00e7a um servi\u00e7o personalizado<\/h3>\n<p>Se voc\u00ea precisa de uma caixa de engrenagens personalizada para uma aplica\u00e7\u00e3o \u00fanica, podemos fornecer um servi\u00e7o personalizado de acordo com suas necessidades. Forneceremos caixas de engrenagens personalizadas confi\u00e1veis e de alto desempenho, de torques de sa\u00edda pequenos a grandes. Por favor, informe ao nosso engenheiro de vendas suas necessidades detalhadas e todas as dimens\u00f5es necess\u00e1rias que voc\u00ea deseja. Quanto mais informa\u00e7\u00f5es voc\u00ea nos fornecer, mais adequado poderemos projetar uma transmiss\u00e3o personalizada para voc\u00ea.<\/p>\n<h3>5. Tempo de entrega r\u00e1pido<\/h3>\n<p>Para a maioria dos redutores padr\u00e3o, temos estoque suficiente, que pode ser entregue aos clientes em um tempo muito curto, resolver o problema de substitui\u00e7\u00e3o urgente de caixas de engrenagens danificadas em m\u00e1quinas em funcionamento e economizar custos para os clientes. Al\u00e9m disso, se um cliente precisar de uma caixa de engrenagens de um determinado tamanho com urg\u00eancia e n\u00e3o a tivermos em estoque, podemos providenciar produ\u00e7\u00e3o priorit\u00e1ria, especialmente para voc\u00ea.<\/p>\n<h2>Outros produtos<\/h2>\n<p>Al\u00e9m das Prensas Redutoras de Baixa Velocidade da S\u00e9rie EPHB de Transmiss\u00e3o de Pot\u00eancia, Caixa de Engrenagens Helicoidal C\u00f4nica, tamb\u00e9m fornecemos uma ampla gama de outros produtos industriais de alta qualidade. Nossas ofertas incluem v\u00e1rias Engrenagens Pl\u00e1sticas usadas na ind\u00fastria, como caixas de engrenagens agr\u00edcolas, eixos de sa\u00edda de pot\u00eancia, rodas dentadas, acoplamentos de fluidos, redutores de engrenagem sem-fim, engrenagens e cremalheiras, correntes destac\u00e1veis, polias e polias, caixas de engrenagens planet\u00e1rias, polias de sincroniza\u00e7\u00e3o, buchas e muito mais. Nossos produtos s\u00e3o da mais alta qualidade, oferecidos a pre\u00e7os favor\u00e1veis e apoiados por nosso servi\u00e7o atencioso. Damos as boas-vindas aos clientes para nos procurarem para personaliza\u00e7\u00e3o de desenhos ou amostras.<\/p>\n<h2>Perguntas e respostas<\/h2>\n<p>1. Qual \u00e9 o material do alojamento da caixa de engrenagens do redutor de baixa velocidade da s\u00e9rie EPHB?<br \/>\n2. Quais s\u00e3o as principais aplica\u00e7\u00f5es da caixa de engrenagens redutoras de baixa velocidade da s\u00e9rie EPHB?<br \/>\n3. Quais s\u00e3o as vantagens da caixa de engrenagens redutoras de baixa velocidade da s\u00e9rie EPHB?<br \/>\n4. Que tipos de redutores sua empresa fornece?<br \/>\n5. Qual \u00e9 o per\u00edodo de garantia dos seus produtos?<\/p>","protected":false},"excerpt":{"rendered":"<p>Power Transmission EPHB Series Low Speed Reducer Presses Helical Bevel Gearbox Looking for a high-quality, low speed reducer gearbox that is perfect for a variety of industrial applications? The Power Transmission EPHB Series Low Speed Reducer Presses Helical Bevel Gearbox is an excellent choice. This gearbox has a high modular design, ensuring that it can [&hellip;]<\/p>","protected":false},"featured_media":3267,"template":"","meta":{"_et_pb_use_builder":"","_et_pb_old_content":"","_et_gb_content_width":""},"product_brand":[],"product_cat":[11285],"product_tag":[],"class_list":{"0":"post-3268","1":"product","2":"type-product","3":"status-publish","4":"has-post-thumbnail","6":"product_cat-bevel-gearbox","8":"first","9":"instock","10":"shipping-taxable","11":"product-type-simple"},"_links":{"self":[{"href":"https:\/\/agricultural-gear-boxes.com\/pt\/wp-json\/wp\/v2\/product\/3268","targetHints":{"allow":["GET"]}}],"collection":[{"href":"https:\/\/agricultural-gear-boxes.com\/pt\/wp-json\/wp\/v2\/product"}],"about":[{"href":"https:\/\/agricultural-gear-boxes.com\/pt\/wp-json\/wp\/v2\/types\/product"}],"wp:featuredmedia":[{"embeddable":true,"href":"https:\/\/agricultural-gear-boxes.com\/pt\/wp-json\/wp\/v2\/media\/3267"}],"wp:attachment":[{"href":"https:\/\/agricultural-gear-boxes.com\/pt\/wp-json\/wp\/v2\/media?parent=3268"}],"wp:term":[{"taxonomy":"product_brand","embeddable":true,"href":"https:\/\/agricultural-gear-boxes.com\/pt\/wp-json\/wp\/v2\/product_brand?post=3268"},{"taxonomy":"product_cat","embeddable":true,"href":"https:\/\/agricultural-gear-boxes.com\/pt\/wp-json\/wp\/v2\/product_cat?post=3268"},{"taxonomy":"product_tag","embeddable":true,"href":"https:\/\/agricultural-gear-boxes.com\/pt\/wp-json\/wp\/v2\/product_tag?post=3268"}],"curies":[{"name":"wp","href":"https:\/\/api.w.org\/{rel}","templated":true}]}}