{"id":3270,"date":"2024-08-20T08:45:15","date_gmt":"2024-08-20T08:45:15","guid":{"rendered":"https:\/\/agricultural-gear-boxes.com\/product\/output-flange-helical-bevel-gearbox-reducer\/"},"modified":"2024-08-20T08:45:15","modified_gmt":"2024-08-20T08:45:15","slug":"output-flange-helical-bevel-gearbox-reducer","status":"publish","type":"product","link":"https:\/\/agricultural-gear-boxes.com\/pt\/product\/output-flange-helical-bevel-gearbox-reducer\/","title":{"rendered":"Redutor de caixa de engrenagens c\u00f4nicas helicoidais com flange de sa\u00edda"},"content":{"rendered":"<h2>Redutor de caixa de engrenagens c\u00f4nicas helicoidais com flange de sa\u00edda<\/h2>\n<p>\nO redutor de caixa de engrenagens c\u00f4nicas helicoidais de flange de sa\u00edda \u00e9 um dispositivo de transmiss\u00e3o de alto desempenho amplamente utilizado em v\u00e1rias aplica\u00e7\u00f5es industriais. Seu design modular, alto suporte de carga, transmiss\u00e3o est\u00e1vel e baixo ru\u00eddo o tornam uma escolha ideal para muitas ind\u00fastrias. Com bom desempenho de veda\u00e7\u00e3o e uma ampla gama de aplica\u00e7\u00f5es, esta caixa de engrenagens oferece efici\u00eancia, economia de energia, custo-benef\u00edcio e baixa manuten\u00e7\u00e3o.\n<\/p>\n<h3>Vantagens:<\/h3>\n<ul>\n<li>Design altamente modular<\/li>\n<li>Alto suporte de carga, transmiss\u00e3o est\u00e1vel e baixo ru\u00eddo<\/li>\n<li>Bom desempenho de veda\u00e7\u00e3o e ampla gama de aplica\u00e7\u00f5es industriais<\/li>\n<li>Alta efici\u00eancia e economia de energia<\/li>\n<li>Economia de custos e baixa manuten\u00e7\u00e3o<\/li>\n<\/ul>\n<h2>Principais aplica\u00e7\u00f5es:<\/h2>\n<ul>\n<li>Agitador qu\u00edmico<\/li>\n<li>Eleva\u00e7\u00e3o e transporte<\/li>\n<li>Metalurgia do ferro e do a\u00e7o<\/li>\n<li>Eletricidade<\/li>\n<li>Minera\u00e7\u00e3o de carv\u00e3o<\/li>\n<li>Cimento e constru\u00e7\u00e3o<\/li>\n<li>Ind\u00fastria de Papel e Leve<\/li>\n<\/ul>\n<h2>Dados do produto:<\/h2>\n<table border=\"1\" cellspacing=\"0\" cellpadding=\"0\" align=\"left\">\n<tbody>\n<tr>\n<td>\n<table class=\"alignleft\">\n<tbody>\n<tr>\n<td>Material da carca\u00e7a<\/td>\n<\/tr>\n<\/tbody>\n<\/table>\n<\/td>\n<td>\n<table>\n<tbody>\n<tr>\n<td>Ferro fundido HT250<\/td>\n<\/tr>\n<\/tbody>\n<\/table>\n<\/td>\n<\/tr>\n<tr>\n<td>Dureza da carca\u00e7a<\/td>\n<td>HBS190-240<\/td>\n<\/tr>\n<tr>\n<td>Material da engrenagem<\/td>\n<td>A\u00e7o de liga 20CrMnTi<\/td>\n<\/tr>\n<tr>\n<td>Dureza superficial das engrenagens<\/td>\n<td>\n<table>\n<tbody>\n<tr>\n<td>HRC58??~62 ??<\/td>\n<\/tr>\n<\/tbody>\n<\/table>\n<\/td>\n<\/tr>\n<tr>\n<td>Dureza do n\u00facleo da engrenagem<\/td>\n<td>HRC33~40<\/td>\n<\/tr>\n<tr>\n<td>Material do eixo de entrada\/sa\u00edda<\/td>\n<td>A\u00e7o de liga 40CrMnTi<\/td>\n<\/tr>\n<tr>\n<td>Dureza do eixo de entrada\/sa\u00edda<\/td>\n<td>HRC25~30<\/td>\n<\/tr>\n<tr>\n<td>Precis\u00e3o de usinagem de engrenagens<\/td>\n<td>moagem precisa, grau 6~5<\/td>\n<\/tr>\n<tr>\n<td>\n<table>\n<tbody>\n<tr>\n<td>\u00d3leo lubrificante<\/td>\n<\/tr>\n<\/tbody>\n<\/table>\n<\/td>\n<td>GB L-CKC220-460, Concha Omala220-460<\/td>\n<\/tr>\n<tr>\n<td>Tratamento t\u00e9rmico<\/td>\n<td>t\u00eampera, cimenta\u00e7\u00e3o, t\u00eampera, etc.<\/td>\n<\/tr>\n<tr>\n<td>Efici\u00eancia<\/td>\n<td>\n<table>\n<tbody>\n<tr>\n<td>94%~96% (depende do est\u00e1gio de transmiss\u00e3o)<\/td>\n<\/tr>\n<\/tbody>\n<\/table>\n<\/td>\n<\/tr>\n<tr>\n<td>Ru\u00eddo (M\u00c1X.)<\/td>\n<td>60~68 dB<\/td>\n<\/tr>\n<tr>\n<td>Aumento de temperatura (M\u00c1X.)<\/td>\n<td>40??C<\/td>\n<\/tr>\n<tr>\n<td>Aumento de temperatura (\u00f3leo) (M\u00c1X.)<\/td>\n<td>50??C<\/td>\n<\/tr>\n<tr>\n<td>Vibra\u00e7\u00e3o<\/td>\n<td>??20?m<\/td>\n<\/tr>\n<tr>\n<td>Retalia\u00e7\u00e3o<\/td>\n<td>??20 minutos de arco<\/td>\n<\/tr>\n<\/tbody>\n<\/table>\n<p><img loading=\"lazy\" decoding=\"async\" class=\"size-full wp-image-380268 alignnone\" src=\"https:\/\/www.ever-power.net\/wp-content\/uploads\/2022\/06\/product-data1.jpg\" sizes=\"(min-width: 0px) and (max-width: 480px) 480px, (min-width: 481px) 627px, 100vw\" srcset=\"\/\/www.ever-power.net\/wp-content\/uploads\/2022\/06\/product-data1.jpg 627w, \/\/www.ever-power.net\/wp-content\/uploads\/2022\/06\/product-data1-480x615.jpg 480w\" alt=\"\" width=\"627\" height=\"803\" \/><\/p>\n<p>\nPara mais informa\u00e7\u00f5es sobre nosso redutor de caixa de engrenagens c\u00f4nicas helicoidais de flange de sa\u00edda e outros produtos, visite nosso site. Oferecemos uma ampla sele\u00e7\u00e3o de redutores, incluindo caixas de engrenagens agr\u00edcolas, eixos de sa\u00edda de pot\u00eancia, rodas dentadas, acoplamentos de fluido, redutores de engrenagem sem-fim, engrenagens e cremalheiras, correntes destac\u00e1veis, polias e polias, caixas de engrenagens planet\u00e1rias, polias de sincroniza\u00e7\u00e3o, buchas e muito mais. Nossos produtos s\u00e3o conhecidos por sua alta qualidade, pre\u00e7os favor\u00e1veis e servi\u00e7o atencioso. Damos as boas-vindas aos clientes para nos procurarem com seus requisitos espec\u00edficos para personaliza\u00e7\u00f5es com base em desenhos ou amostras.\n<\/p>\n<h2>Perguntas e respostas:<\/h2>\n<ol>\n<li>Quais s\u00e3o as vantagens do redutor de engrenagens c\u00f4nicas helicoidais com flange de sa\u00edda?<\/li>\n<li>Quais s\u00e3o as principais aplica\u00e7\u00f5es desta caixa de engrenagens?<\/li>\n<li>Qual \u00e9 o material do alojamento usado nesta caixa de engrenagens?<\/li>\n<li>Qual \u00e9 a efici\u00eancia da caixa de engrenagens?<\/li>\n<li>Qual \u00e9 o n\u00edvel m\u00e1ximo de ru\u00eddo da caixa de velocidades?<\/li>\n<\/ol>","protected":false},"excerpt":{"rendered":"<p>Output Flange Helical Bevel Gearbox Reducer The Output Flange Helical Bevel Gearbox Reducer is a high-performance transmission device widely used in various industrial applications. Its modular design, high load support, stable transmission, and low noise make it an ideal choice for many industries. With good sealing performance and a wide range of applications, this gearbox [&hellip;]<\/p>","protected":false},"featured_media":3269,"template":"","meta":{"_et_pb_use_builder":"","_et_pb_old_content":"","_et_gb_content_width":""},"product_brand":[],"product_cat":[11285],"product_tag":[],"class_list":{"0":"post-3270","1":"product","2":"type-product","3":"status-publish","4":"has-post-thumbnail","6":"product_cat-bevel-gearbox","8":"first","9":"instock","10":"shipping-taxable","11":"product-type-simple"},"_links":{"self":[{"href":"https:\/\/agricultural-gear-boxes.com\/pt\/wp-json\/wp\/v2\/product\/3270","targetHints":{"allow":["GET"]}}],"collection":[{"href":"https:\/\/agricultural-gear-boxes.com\/pt\/wp-json\/wp\/v2\/product"}],"about":[{"href":"https:\/\/agricultural-gear-boxes.com\/pt\/wp-json\/wp\/v2\/types\/product"}],"wp:featuredmedia":[{"embeddable":true,"href":"https:\/\/agricultural-gear-boxes.com\/pt\/wp-json\/wp\/v2\/media\/3269"}],"wp:attachment":[{"href":"https:\/\/agricultural-gear-boxes.com\/pt\/wp-json\/wp\/v2\/media?parent=3270"}],"wp:term":[{"taxonomy":"product_brand","embeddable":true,"href":"https:\/\/agricultural-gear-boxes.com\/pt\/wp-json\/wp\/v2\/product_brand?post=3270"},{"taxonomy":"product_cat","embeddable":true,"href":"https:\/\/agricultural-gear-boxes.com\/pt\/wp-json\/wp\/v2\/product_cat?post=3270"},{"taxonomy":"product_tag","embeddable":true,"href":"https:\/\/agricultural-gear-boxes.com\/pt\/wp-json\/wp\/v2\/product_tag?post=3270"}],"curies":[{"name":"wp","href":"https:\/\/api.w.org\/{rel}","templated":true}]}}