{"id":3272,"date":"2024-08-20T08:45:16","date_gmt":"2024-08-20T08:45:16","guid":{"rendered":"https:\/\/agricultural-gear-boxes.com\/product\/industrial-helical-right-angle-bevel-gearbox\/"},"modified":"2024-08-20T08:45:16","modified_gmt":"2024-08-20T08:45:16","slug":"industrial-helical-right-angle-bevel-gearbox","status":"publish","type":"product","link":"https:\/\/agricultural-gear-boxes.com\/pt\/product\/industrial-helical-right-angle-bevel-gearbox\/","title":{"rendered":"Caixa de engrenagens c\u00f4nicas de \u00e2ngulo reto helicoidal industrial"},"content":{"rendered":"<h2>Caixa de engrenagens c\u00f4nicas de \u00e2ngulo reto helicoidal industrial<\/h2>\n<p>A Industrial Helical Right Angle Bevel GearBox \u00e9 uma caixa de engrenagens de alto desempenho que oferece in\u00fameras vantagens para uma ampla gama de aplica\u00e7\u00f5es industriais. Com seu alto design modular, ela fornece excelente suporte de carga, transmiss\u00e3o est\u00e1vel e opera\u00e7\u00e3o de baixo ru\u00eddo. Ela tamb\u00e9m ostenta bom desempenho de veda\u00e7\u00e3o, tornando-a adequada para v\u00e1rios ambientes industriais. Al\u00e9m disso, esta caixa de engrenagens \u00e9 conhecida por sua alta efici\u00eancia, capacidades de economia de energia, custo-benef\u00edcio e baixos requisitos de manuten\u00e7\u00e3o.<\/p>\n<h3>Aplica\u00e7\u00e3o principal:<\/h3>\n<ul>\n<li>Agitador qu\u00edmico<\/li>\n<li>Eleva\u00e7\u00e3o e transporte<\/li>\n<li>Metalurgia do ferro e do a\u00e7o<\/li>\n<li>Eletricidade<\/li>\n<li>Minera\u00e7\u00e3o de carv\u00e3o<\/li>\n<li>Cimento e constru\u00e7\u00e3o<\/li>\n<li>Ind\u00fastria de Papel e Leve<\/li>\n<\/ul>\n<h3>Dados do produto:<\/h3>\n<table border=\"1\" cellspacing=\"0\" cellpadding=\"0\" align=\"left\">\n<tbody>\n<tr>\n<td>\n<table class=\"alignleft\">\n<tbody>\n<tr>\n<td>Material da carca\u00e7a<\/td>\n<\/tr>\n<\/tbody>\n<\/table>\n<\/td>\n<td>\n<table>\n<tbody>\n<tr>\n<td>Ferro fundido HT250<\/td>\n<\/tr>\n<\/tbody>\n<\/table>\n<\/td>\n<\/tr>\n<tr>\n<td>Dureza da carca\u00e7a<\/td>\n<td>HBS190-240<\/td>\n<\/tr>\n<tr>\n<td>Material da engrenagem<\/td>\n<td>A\u00e7o de liga 20CrMnTi<\/td>\n<\/tr>\n<tr>\n<td>Dureza superficial das engrenagens<\/td>\n<td>\n<table>\n<tbody>\n<tr>\n<td>HRC58??~62 ??<\/td>\n<\/tr>\n<\/tbody>\n<\/table>\n<\/td>\n<\/tr>\n<tr>\n<td>Dureza do n\u00facleo da engrenagem<\/td>\n<td>HRC33~40<\/td>\n<\/tr>\n<tr>\n<td>Material do eixo de entrada\/sa\u00edda<\/td>\n<td>A\u00e7o de liga 40CrMnTi<\/td>\n<\/tr>\n<tr>\n<td>Dureza do eixo de entrada\/sa\u00edda<\/td>\n<td>HRC25~30<\/td>\n<\/tr>\n<tr>\n<td>Precis\u00e3o de usinagem de engrenagens<\/td>\n<td>moagem precisa, grau 6~5<\/td>\n<\/tr>\n<tr>\n<td>\n<table>\n<tbody>\n<tr>\n<td>\u00d3leo lubrificante<\/td>\n<\/tr>\n<\/tbody>\n<\/table>\n<\/td>\n<td>GB L-CKC220-460, Concha Omala220-460<\/td>\n<\/tr>\n<tr>\n<td>Tratamento t\u00e9rmico<\/td>\n<td>t\u00eampera, cimenta\u00e7\u00e3o, t\u00eampera, etc.<\/td>\n<\/tr>\n<tr>\n<td>Efici\u00eancia<\/td>\n<td>\n<table>\n<tbody>\n<tr>\n<td>94%~96% (depende do est\u00e1gio de transmiss\u00e3o)<\/td>\n<\/tr>\n<\/tbody>\n<\/table>\n<\/td>\n<\/tr>\n<tr>\n<td>Ru\u00eddo (M\u00c1X.)<\/td>\n<td>60~68 dB<\/td>\n<\/tr>\n<tr>\n<td>Aumento de temperatura (M\u00c1X.)<\/td>\n<td>40??C<\/td>\n<\/tr>\n<tr>\n<td>Aumento de temperatura (\u00f3leo) (M\u00c1X.)<\/td>\n<td>50??C<\/td>\n<\/tr>\n<tr>\n<td>Vibra\u00e7\u00e3o<\/td>\n<td>??20?m<\/td>\n<\/tr>\n<tr>\n<td>Retalia\u00e7\u00e3o<\/td>\n<td>??20 minutos de arco<\/td>\n<\/tr>\n<\/tbody>\n<\/table>\n<p><img loading=\"lazy\" decoding=\"async\" class=\"size-full wp-image-380268 alignnone\" src=\"https:\/\/www.ever-power.net\/wp-content\/uploads\/2022\/06\/product-data1.jpg\" sizes=\"(min-width: 0px) and (max-width: 480px) 480px, (min-width: 481px) 627px, 100vw\" srcset=\"\/\/www.ever-power.net\/wp-content\/uploads\/2022\/06\/product-data1.jpg 627w, \/\/www.ever-power.net\/wp-content\/uploads\/2022\/06\/product-data1-480x615.jpg 480w\" alt=\"\" width=\"627\" height=\"803\" \/><\/p>\n<p class=\"size-full\">\n  <a href=\"https:\/\/www.ever-power.net\/bevel-gear\/\" target=\"_blank\" rel=\"noopener\">Clique e confira mais produtos que voc\u00ea est\u00e1 procurando.<\/a>\n<\/p>\n<h2>Por que nos escolher<\/h2>\n<h3>1. Ampla sele\u00e7\u00e3o de redutores<\/h3>\n<p>\n  Nossa empresa oferece uma ampla gama de aplica\u00e7\u00f5es de controle de movimento e transmiss\u00e3o mec\u00e2nica padr\u00e3o e personalizadas. Fornecemos caixas de engrenagens planet\u00e1rias em linha de precis\u00e3o, caixas de engrenagens planet\u00e1rias de \u00e2ngulo reto, caixas de engrenagens de servomotor, caixas de engrenagens de acionamento harm\u00f4nico, redutores RV para rob\u00f4s, cremalheiras e pinh\u00f5es de precis\u00e3o, servomotores, motores de passo, motores sem escovas e muito mais. Tamb\u00e9m oferecemos redutores de engrenagem sem-fim, motores de engrenagem, macacos de parafuso, caixas de dire\u00e7\u00e3o e outros acess\u00f3rios de caixa de engrenagens relacionados. Com nosso servi\u00e7o completo, voc\u00ea pode encontrar facilmente a caixa de engrenagens que atende \u00e0s suas necessidades, economizando tempo e dinheiro.\n<\/p>\n<h3>2. Pre\u00e7o atrativo e qualidade de marca superior<\/h3>\n<p>\n  Oferecemos aos nossos clientes pre\u00e7os atrativos sem comprometer a qualidade. Nossas caixas de engrenagens planet\u00e1rias de precis\u00e3o t\u00eam baixa folga (2-8 arcmin), alta efici\u00eancia (??95%) e recursos de baixo ru\u00eddo (60dBA) em compara\u00e7\u00e3o com outras caixas de engrenagens no mercado. Oferecemos garantia de um ano e servi\u00e7o p\u00f3s-venda vital\u00edcio para todas as nossas caixas de engrenagens servo. Cada caixa de engrenagens passa por inspe\u00e7\u00f5es e testes rigorosos antes de sair da f\u00e1brica, garantindo qualidade de primeira linha.\n<\/p>\n<h3>3. Suporte t\u00e9cnico profissional completo<\/h3>\n<p>\n  Nossa equipe t\u00e9cnica profissional est\u00e1 sempre pronta para ajudar voc\u00ea a escolher a transmiss\u00e3o correta para sua m\u00e1quina. Fornecemos orienta\u00e7\u00e3o passo a passo para ajudar voc\u00ea a selecionar a caixa de engrenagens do tamanho certo para seu motor. Al\u00e9m disso, fornecemos desenhos CAD para sua inspe\u00e7\u00e3o para evitar erros. Se voc\u00ea encontrar algum problema t\u00e9cnico urgente, nosso suporte t\u00e9cnico 24 horas est\u00e1 dispon\u00edvel para ajudar voc\u00ea prontamente.\n<\/p>\n<h3>4. Atendimento personalizado<\/h3>\n<p>\n  Se voc\u00ea precisar de uma caixa de engrenagens personalizada para uma aplica\u00e7\u00e3o \u00fanica, podemos atender \u00e0s suas necessidades. Nossa empresa \u00e9 especializada em fornecer caixas de engrenagens personalizadas confi\u00e1veis e de alto desempenho com uma ampla gama de torques de sa\u00edda. Basta compartilhar seus requisitos detalhados e as dimens\u00f5es necess\u00e1rias com nosso engenheiro de vendas, e n\u00f3s projetaremos uma transmiss\u00e3o personalizada que atenda \u00e0s suas especifica\u00e7\u00f5es. Quanto mais informa\u00e7\u00f5es voc\u00ea fornecer, melhor poderemos adaptar a caixa de engrenagens \u00e0s suas necessidades.\n<\/p>\n<h3>5. Tempo de entrega r\u00e1pido<\/h3>\n<p>\n  Mantemos estoque suficiente de redutores padr\u00e3o, garantindo entrega r\u00e1pida aos nossos clientes. Isso elimina o inc\u00f4modo de substitui\u00e7\u00e3o urgente de caixas de engrenagens danificadas em m\u00e1quinas em funcionamento e economiza custos. Nos casos em que uma caixa de engrenagens de tamanho espec\u00edfico n\u00e3o est\u00e1 em estoque, priorizamos sua produ\u00e7\u00e3o para atender \u00e0s suas necessidades urgentes.\n<\/p>\n<h2>Outros produtos Neg\u00f3cios<\/h2>\n<p>\n  Al\u00e9m da Industrial Helical Right Angle Bevel GearBox, nossa empresa fornece v\u00e1rias engrenagens de pl\u00e1stico usadas em diferentes ind\u00fastrias. Nossa linha de produtos inclui caixas de engrenagens agr\u00edcolas, eixos de sa\u00edda de pot\u00eancia, rodas dentadas, acoplamentos de fluido, redutores de engrenagem sem-fim, engrenagens e cremalheiras, correntes destac\u00e1veis, polias e sistemas de polias, caixas de engrenagens planet\u00e1rias, polias de sincroniza\u00e7\u00e3o, buchas e muito mais. Estamos comprometidos em fornecer produtos de alta qualidade, pre\u00e7os competitivos e excelente atendimento ao cliente. Damos as boas-vindas aos clientes para nos procurar para personaliza\u00e7\u00e3o de desenho ou amostra.\n<\/p>\n<h2>Perguntas e respostas<\/h2>\n<h3>Q1: Quais s\u00e3o as vantagens da caixa de engrenagens c\u00f4nicas helicoidais de \u00e2ngulo reto industrial?<\/h3>\n<p>\n  A1: As vantagens da caixa de engrenagens c\u00f4nicas helicoidais de \u00e2ngulo reto industrial incluem alto design modular, alto suporte de carga, transmiss\u00e3o est\u00e1vel, baixo ru\u00eddo, bom desempenho de veda\u00e7\u00e3o, ampla gama de aplica\u00e7\u00f5es industriais, alta efici\u00eancia, economia de energia, economia de custos e baixos requisitos de manuten\u00e7\u00e3o.\n<\/p>\n<h3>Q2: Quais s\u00e3o as aplica\u00e7\u00f5es comuns da caixa de engrenagens c\u00f4nicas helicoidais de \u00e2ngulo reto industrial?<\/h3>\n<p>\n  A2: A caixa de engrenagens c\u00f4nicas helicoidais de \u00e2ngulo reto industrial \u00e9 comumente usada em agitadores qu\u00edmicos, equipamentos de eleva\u00e7\u00e3o e transporte, metalurgia de ferro e a\u00e7o, gera\u00e7\u00e3o de eletricidade, minera\u00e7\u00e3o de carv\u00e3o, cimento e constru\u00e7\u00e3o, bem como papel e ind\u00fastria leve.\n<\/p>\n<h3>Q3: Quais materiais s\u00e3o usados na constru\u00e7\u00e3o do Industrial Helical Right Angle Be<\/p>","protected":false},"excerpt":{"rendered":"<p>Industrial Helical Right Angle Bevel GearBox The Industrial Helical Right Angle Bevel GearBox is a high-performance gearbox that offers numerous advantages for a wide range of industrial applications. With its high modular design, it provides excellent load support, stable transmission, and low noise operation. It also boasts good sealing performance, making it suitable for various [&hellip;]<\/p>","protected":false},"featured_media":3271,"template":"","meta":{"_et_pb_use_builder":"","_et_pb_old_content":"","_et_gb_content_width":""},"product_brand":[],"product_cat":[11285],"product_tag":[],"class_list":{"0":"post-3272","1":"product","2":"type-product","3":"status-publish","4":"has-post-thumbnail","6":"product_cat-bevel-gearbox","8":"first","9":"instock","10":"shipping-taxable","11":"product-type-simple"},"_links":{"self":[{"href":"https:\/\/agricultural-gear-boxes.com\/pt\/wp-json\/wp\/v2\/product\/3272","targetHints":{"allow":["GET"]}}],"collection":[{"href":"https:\/\/agricultural-gear-boxes.com\/pt\/wp-json\/wp\/v2\/product"}],"about":[{"href":"https:\/\/agricultural-gear-boxes.com\/pt\/wp-json\/wp\/v2\/types\/product"}],"wp:featuredmedia":[{"embeddable":true,"href":"https:\/\/agricultural-gear-boxes.com\/pt\/wp-json\/wp\/v2\/media\/3271"}],"wp:attachment":[{"href":"https:\/\/agricultural-gear-boxes.com\/pt\/wp-json\/wp\/v2\/media?parent=3272"}],"wp:term":[{"taxonomy":"product_brand","embeddable":true,"href":"https:\/\/agricultural-gear-boxes.com\/pt\/wp-json\/wp\/v2\/product_brand?post=3272"},{"taxonomy":"product_cat","embeddable":true,"href":"https:\/\/agricultural-gear-boxes.com\/pt\/wp-json\/wp\/v2\/product_cat?post=3272"},{"taxonomy":"product_tag","embeddable":true,"href":"https:\/\/agricultural-gear-boxes.com\/pt\/wp-json\/wp\/v2\/product_tag?post=3272"}],"curies":[{"name":"wp","href":"https:\/\/api.w.org\/{rel}","templated":true}]}}