{"id":3274,"date":"2024-08-20T08:45:17","date_gmt":"2024-08-20T08:45:17","guid":{"rendered":"https:\/\/agricultural-gear-boxes.com\/product\/epb-industrial-helical-spiral-bevel-gearbox\/"},"modified":"2024-08-20T08:45:17","modified_gmt":"2024-08-20T08:45:17","slug":"epb-industrial-helical-spiral-bevel-gearbox","status":"publish","type":"product","link":"https:\/\/agricultural-gear-boxes.com\/pt\/product\/epb-industrial-helical-spiral-bevel-gearbox\/","title":{"rendered":"Caixa de engrenagens c\u00f4nicas helicoidais em espiral industrial EPB"},"content":{"rendered":"<h2>Caixa de engrenagens c\u00f4nicas helicoidais industriais EPB: a solu\u00e7\u00e3o definitiva para caixas de engrenagens<\/h2>\n<h3>Vantagens:<\/h3>\n<ol>\n<li>Design altamente modular<\/li>\n<li>Alto suporte de carga, transmiss\u00e3o est\u00e1vel e baixo ru\u00eddo<\/li>\n<li>Bom desempenho de veda\u00e7\u00e3o e ampla gama de aplica\u00e7\u00f5es industriais<\/li>\n<li>Alta efici\u00eancia e economia de energia<\/li>\n<li>Economia de custos e baixa manuten\u00e7\u00e3o<\/li>\n<\/ol>\n<h2>Aplica\u00e7\u00e3o principal:<\/h2>\n<ul>\n<li>Agitador qu\u00edmico<\/li>\n<li>Eleva\u00e7\u00e3o e transporte<\/li>\n<li>Metalurgia do ferro e do a\u00e7o<\/li>\n<li>Eletricidade<\/li>\n<li>Minera\u00e7\u00e3o de carv\u00e3o<\/li>\n<li>Cimento e constru\u00e7\u00e3o<\/li>\n<li>Ind\u00fastria de Papel e Leve<\/li>\n<\/ul>\n<h2>Dados do produto:<\/h2>\n<table border=\"1\" cellspacing=\"0\" cellpadding=\"0\" align=\"left\">\n<tbody>\n<tr>\n<td>\n<table class=\"alignleft\">\n<tbody>\n<tr>\n<td>Material da carca\u00e7a<\/td>\n<\/tr>\n<\/tbody>\n<\/table>\n<\/td>\n<td>\n<table>\n<tbody>\n<tr>\n<td>Ferro fundido HT250<\/td>\n<\/tr>\n<\/tbody>\n<\/table>\n<\/td>\n<\/tr>\n<tr>\n<td>Dureza da carca\u00e7a<\/td>\n<td>HBS190-240<\/td>\n<\/tr>\n<tr>\n<td>Material da engrenagem<\/td>\n<td>A\u00e7o de liga 20CrMnTi<\/td>\n<\/tr>\n<tr>\n<td>Dureza superficial das engrenagens<\/td>\n<td>\n<table>\n<tbody>\n<tr>\n<td>HRC58??~62 ??<\/td>\n<\/tr>\n<\/tbody>\n<\/table>\n<\/td>\n<\/tr>\n<tr>\n<td>Dureza do n\u00facleo da engrenagem<\/td>\n<td>HRC33~40<\/td>\n<\/tr>\n<tr>\n<td>Material do eixo de entrada\/sa\u00edda<\/td>\n<td>A\u00e7o de liga 40CrMnTi<\/td>\n<\/tr>\n<tr>\n<td>Dureza do eixo de entrada\/sa\u00edda<\/td>\n<td>HRC25~30<\/td>\n<\/tr>\n<tr>\n<td>Precis\u00e3o de usinagem de engrenagens<\/td>\n<td>moagem precisa, grau 6~5<\/td>\n<\/tr>\n<tr>\n<td>\n<table>\n<tbody>\n<tr>\n<td>\u00d3leo lubrificante<\/td>\n<\/tr>\n<\/tbody>\n<\/table>\n<\/td>\n<td>GB L-CKC220-460, Concha Omala220-460<\/td>\n<\/tr>\n<tr>\n<td>Tratamento t\u00e9rmico<\/td>\n<td>t\u00eampera, cimenta\u00e7\u00e3o, t\u00eampera, etc.<\/td>\n<\/tr>\n<tr>\n<td>Efici\u00eancia<\/td>\n<td>\n<table>\n<tbody>\n<tr>\n<td>94%~96% (depende do est\u00e1gio de transmiss\u00e3o)<\/td>\n<\/tr>\n<\/tbody>\n<\/table>\n<\/td>\n<\/tr>\n<tr>\n<td>Ru\u00eddo (M\u00c1X.)<\/td>\n<td>60~68 dB<\/td>\n<\/tr>\n<tr>\n<td>Aumento de temperatura (M\u00c1X.)<\/td>\n<td>40??C<\/td>\n<\/tr>\n<tr>\n<td>Aumento de temperatura (\u00f3leo) (M\u00c1X.)<\/td>\n<td>50??C<\/td>\n<\/tr>\n<tr>\n<td>Vibra\u00e7\u00e3o<\/td>\n<td>??20?m<\/td>\n<\/tr>\n<tr>\n<td>Retalia\u00e7\u00e3o<\/td>\n<td>??20 minutos de arco<\/td>\n<\/tr>\n<\/tbody>\n<\/table>\n<p><img loading=\"lazy\" decoding=\"async\" class=\"size-full wp-image-380268 alignnone\" src=\"https:\/\/www.ever-power.net\/wp-content\/uploads\/2022\/06\/product-data1.jpg\" sizes=\"(min-width: 0px) and (max-width: 480px) 480px, (min-width: 481px) 627px, 100vw\" srcset=\"\/\/www.ever-power.net\/wp-content\/uploads\/2022\/06\/product-data1.jpg 627w, \/\/www.ever-power.net\/wp-content\/uploads\/2022\/06\/product-data1-480x615.jpg 480w\" alt=\"\" width=\"627\" height=\"803\" \/><\/p>\n<p><a href=\"https:\/\/www.ever-power.net\/bevel-gear\/\" target=\"_blank\" rel=\"noopener\">Click here to check out more products you&#8217;re looking for.<\/a><\/p>\n<h2>Por que escolher a caixa de engrenagens c\u00f4nicas helicoidais industriais EPB?<\/h2>\n<h3>1. Ampla sele\u00e7\u00e3o de redutores<\/h3>\n<p>A EPB Industrial oferece a mais ampla gama de caixas de engrenagens industriais padr\u00e3o e personalizadas para aplica\u00e7\u00f5es de controle de movimento e transmiss\u00e3o mec\u00e2nica. Nossa linha de produtos inclui caixas de engrenagens planet\u00e1rias de precis\u00e3o em linha, caixas de engrenagens planet\u00e1rias de \u00e2ngulo reto, caixas de engrenagens de servomotor de \u00e2ngulo reto de 90 graus, caixas de engrenagens de acionamento harm\u00f4nico, redutores RV para rob\u00f4s, cremalheiras e pinh\u00f5es de precis\u00e3o de solo, servomotores, motores de passo, motores sem escovas e muito mais. Tamb\u00e9m fornecemos redutores de engrenagem sem-fim, motores de engrenagem, macacos de parafuso, caixas de dire\u00e7\u00e3o e outras caixas de engrenagens e acess\u00f3rios redutores relacionados. Com a EPB Industrial, voc\u00ea pode encontrar a solu\u00e7\u00e3o de caixa de engrenagens perfeita e aproveitar nosso conveniente servi\u00e7o completo, economizando tempo e dinheiro.<\/p>\n<h3>2. Pre\u00e7o atrativo e qualidade de marca superior<\/h3>\n<p>A EPB Industrial oferece pre\u00e7os competitivos sem comprometer a qualidade. Nossas caixas de engrenagens planet\u00e1rias de precis\u00e3o se destacam da concorr\u00eancia com recursos como baixa folga (2-8 arcmin), alta efici\u00eancia (??95%) e baixo ru\u00eddo (60dBA). Oferecemos garantia de um ano e servi\u00e7o p\u00f3s-venda vital\u00edcio para todas as nossas caixas de engrenagens servo. Cada caixa de engrenagens produzida pela EPB Industrial passa por rigorosa inspe\u00e7\u00e3o e testes antes de sair da f\u00e1brica, garantindo desempenho e confiabilidade de alto n\u00edvel.<\/p>\n<h3>3. Suporte t\u00e9cnico profissional completo<\/h3>\n<p>Precisa de ajuda para selecionar a solu\u00e7\u00e3o de transmiss\u00e3o certa para sua m\u00e1quina? Nossa equipe t\u00e9cnica profissional est\u00e1 aqui para ajudar voc\u00ea. N\u00f3s o guiaremos pelo processo de sele\u00e7\u00e3o e forneceremos desenhos CAD para sua inspe\u00e7\u00e3o para garantir um ajuste perfeito. Al\u00e9m disso, oferecemos suporte t\u00e9cnico 24 horas para quaisquer problemas urgentes que voc\u00ea possa encontrar. Confie na EPB Industrial para assist\u00eancia t\u00e9cnica abrangente.<\/p>\n<h3>4. Servi\u00e7o personalizado<\/h3>\n<p>Se voc\u00ea precisa de uma caixa de engrenagens personalizada para uma aplica\u00e7\u00e3o \u00fanica, a EPB Industrial tem o que voc\u00ea precisa. Somos especializados em fornecer caixas de engrenagens personalizadas confi\u00e1veis e de alto desempenho com uma ampla gama de torques de sa\u00edda. Basta compartilhar seus requisitos detalhados e as dimens\u00f5es necess\u00e1rias com nossos engenheiros de vendas, e n\u00f3s projetaremos uma transmiss\u00e3o personalizada que se adapte perfeitamente \u00e0s suas necessidades. Quanto mais informa\u00e7\u00f5es voc\u00ea fornecer, mais bem equipados estaremos para entregar uma solu\u00e7\u00e3o personalizada.<\/p>\n<h3>5. Tempo de entrega r\u00e1pido<\/h3>\n<p>A EPB Industrial mant\u00e9m um amplo estoque de redutores padr\u00e3o, garantindo entrega r\u00e1pida aos nossos clientes. Isso elimina o inc\u00f4modo de esperar por caixas de engrenagens de substitui\u00e7\u00e3o e minimiza o tempo de inatividade. Mesmo que a caixa de engrenagens que voc\u00ea precisa n\u00e3o esteja em estoque, podemos providenciar produ\u00e7\u00e3o priorit\u00e1ria para atender \u00e0s suas necessidades urgentes. Conte com a EPB Industrial para entrega r\u00e1pida e eficiente.<\/p>\n<h3>6. Experi\u00eancia profissional<\/h3>\n<p>Como um dos principais fabricantes de caixas de engrenagens c\u00f4nicas, fornecedores de produtos mec\u00e2nicos e f\u00e1bricas, a EPB Industrial \u00e9 sua fonte de refer\u00eancia para caixas de engrenagens de sem-fim de contato angular, caixas de engrenagens planet\u00e1rias e outros produtos de alta qualidade. Confie em nossa expertise e experi\u00eancia em fornecer caixas de engrenagens superiores para as necessidades espec\u00edficas do seu setor.<\/p>\n<h2>Descubra mais produtos da EPB Industrial<\/h2>\n<p>EPB Industrial doesn&#8217;t stop at gearboxes. We also supply various Plastic Gear used in industries such as agricultural equipment, power transmission systems, sprockets, fluid couplings, worm gear reducers, gears and racks, detachable chains, pulleys, planetary gearboxes, timing pulleys, bushings, and more. Our commitment to producing high-quality products, offering competitive prices, and providing attentive service makes EPB Industrial your trusted partner. Whether you need standard components or custom solutions, we welcome you to collaborate with us and experience the EPB Industrial advantage.<\/p>\n<h2>Perguntas e respostas:<\/h2>\n<h3>1. O que<\/p>","protected":false},"excerpt":{"rendered":"<p>EPB Industrial Helical Spiral Bevel Gearbox: The Ultimate Gearbox Solution Advantages: High modular design High load support, stable transmission, and low noise Good sealing performance and wide range of industrial applications High efficiency and power saving Cost saving and low maintenance Main Application: Chemical stirrer Lifting and transportation Iron and steel metallurgy Electricity Coal mining [&hellip;]<\/p>","protected":false},"featured_media":3273,"template":"","meta":{"_et_pb_use_builder":"","_et_pb_old_content":"","_et_gb_content_width":""},"product_brand":[],"product_cat":[11285],"product_tag":[],"class_list":{"0":"post-3274","1":"product","2":"type-product","3":"status-publish","4":"has-post-thumbnail","6":"product_cat-bevel-gearbox","8":"first","9":"instock","10":"shipping-taxable","11":"product-type-simple"},"_links":{"self":[{"href":"https:\/\/agricultural-gear-boxes.com\/pt\/wp-json\/wp\/v2\/product\/3274","targetHints":{"allow":["GET"]}}],"collection":[{"href":"https:\/\/agricultural-gear-boxes.com\/pt\/wp-json\/wp\/v2\/product"}],"about":[{"href":"https:\/\/agricultural-gear-boxes.com\/pt\/wp-json\/wp\/v2\/types\/product"}],"wp:featuredmedia":[{"embeddable":true,"href":"https:\/\/agricultural-gear-boxes.com\/pt\/wp-json\/wp\/v2\/media\/3273"}],"wp:attachment":[{"href":"https:\/\/agricultural-gear-boxes.com\/pt\/wp-json\/wp\/v2\/media?parent=3274"}],"wp:term":[{"taxonomy":"product_brand","embeddable":true,"href":"https:\/\/agricultural-gear-boxes.com\/pt\/wp-json\/wp\/v2\/product_brand?post=3274"},{"taxonomy":"product_cat","embeddable":true,"href":"https:\/\/agricultural-gear-boxes.com\/pt\/wp-json\/wp\/v2\/product_cat?post=3274"},{"taxonomy":"product_tag","embeddable":true,"href":"https:\/\/agricultural-gear-boxes.com\/pt\/wp-json\/wp\/v2\/product_tag?post=3274"}],"curies":[{"name":"wp","href":"https:\/\/api.w.org\/{rel}","templated":true}]}}