{"id":3276,"date":"2024-08-20T08:45:19","date_gmt":"2024-08-20T08:45:19","guid":{"rendered":"https:\/\/agricultural-gear-boxes.com\/product\/epb-series-helical-bevel-gearbox\/"},"modified":"2024-08-20T08:45:19","modified_gmt":"2024-08-20T08:45:19","slug":"epb-series-helical-bevel-gearbox","status":"publish","type":"product","link":"https:\/\/agricultural-gear-boxes.com\/pt\/product\/epb-series-helical-bevel-gearbox\/","title":{"rendered":"Caixa de engrenagens c\u00f4nicas helicoidais s\u00e9rie EPB"},"content":{"rendered":"<h2>Caixa de engrenagens c\u00f4nicas helicoidais da s\u00e9rie EPB \u2013 solu\u00e7\u00e3o de alta qualidade e custo-efetiva para suas aplica\u00e7\u00f5es industriais<\/h2>\n<p>A caixa de engrenagens c\u00f4nicas helicoidais da s\u00e9rie EPB \u00e9 uma solu\u00e7\u00e3o confi\u00e1vel e de alto desempenho para uso em v\u00e1rias aplica\u00e7\u00f5es industriais. Ela vem com uma ampla gama de recursos e benef\u00edcios que a tornam uma escolha preferida para aqueles que buscam transmiss\u00e3o de pot\u00eancia est\u00e1vel e eficiente.<\/p>\n<p>Com um design altamente modular, esta caixa de engrenagens \u00e9 capaz de suportar altas cargas, garantindo transmiss\u00e3o est\u00e1vel e baixo ru\u00eddo. Ela apresenta bom desempenho de veda\u00e7\u00e3o e pode ser usada em uma variedade de ind\u00fastrias, incluindo agitadores qu\u00edmicos, eleva\u00e7\u00e3o e transporte, metalurgia de ferro e a\u00e7o, eletricidade, minera\u00e7\u00e3o de carv\u00e3o, cimento e constru\u00e7\u00e3o, papel e ind\u00fastria leve.<\/p>\n<p>A caixa de engrenagens \u00e9 feita de materiais de alta qualidade, incluindo carca\u00e7a de ferro fundido HT250, material de engrenagem de a\u00e7o de liga 20CrMnTi e material de eixo de entrada\/sa\u00edda de a\u00e7o de liga 40CrMnTi. Possui retifica\u00e7\u00e3o precisa, precis\u00e3o de usinagem de engrenagens de grau 6~5 e apresenta \u00f3leo lubrificante GB L-CKC220-460, Shell Omala220-460. Pode suportar tratamentos t\u00e9rmicos como t\u00eampera, cimenta\u00e7\u00e3o, t\u00eampera, etc.<\/p>\n<p>Com efici\u00eancia de 94%~96% (dependendo do est\u00e1gio de transmiss\u00e3o), ru\u00eddo de 60~68dB (M\u00c1X.) e folga de ??20 arcmin, a caixa de engrenagens proporciona transmiss\u00e3o de pot\u00eancia suave e confi\u00e1vel, minimizando a perda de energia.<\/p>\n<h3>Vantagens da caixa de engrenagens c\u00f4nicas helicoidais da s\u00e9rie EPB:<\/h3>\n<ol>\n<li>Design altamente modular<\/li>\n<li>Alto suporte de carga, transmiss\u00e3o est\u00e1vel e baixo ru\u00eddo<\/li>\n<li>Bom desempenho de veda\u00e7\u00e3o e ampla gama de aplica\u00e7\u00f5es industriais<\/li>\n<li>Alta efici\u00eancia e economia de energia<\/li>\n<li>Economia de custos e baixa manuten\u00e7\u00e3o<\/li>\n<\/ol>\n<h3>Principais aplica\u00e7\u00f5es da caixa de engrenagens c\u00f4nicas helicoidais da s\u00e9rie EPB:<\/h3>\n<ol>\n<li>Agitador qu\u00edmico<\/li>\n<li>Eleva\u00e7\u00e3o e transporte<\/li>\n<li>Metalurgia do ferro e do a\u00e7o<\/li>\n<li>Eletricidade<\/li>\n<li>Minera\u00e7\u00e3o de carv\u00e3o<\/li>\n<li>Cimento e constru\u00e7\u00e3o<\/li>\n<li>Ind\u00fastria de Papel e Leve<\/li>\n<\/ol>\n<h3>Instala\u00e7\u00e3o, manuten\u00e7\u00e3o e reparo da caixa de engrenagens c\u00f4nicas helicoidais da s\u00e9rie EPB:<\/h3>\n<ul>\n<li>Antes da instala\u00e7\u00e3o, verifique a caixa de engrenagens e todos os seus componentes quanto a danos ou defeitos.<\/li>\n<li>Certifique-se de que a superf\u00edcie de instala\u00e7\u00e3o esteja plana e limpa e que a caixa de engrenagens esteja nivelada.<\/li>\n<li>Lubrifique adequadamente a caixa de engrenagens antes de lig\u00e1-la.<\/li>\n<li>Verifique regularmente a caixa de engrenagens quanto a sinais de desgaste ou danos e substitua quaisquer pe\u00e7as danificadas o mais r\u00e1pido poss\u00edvel.<\/li>\n<li>Se a caixa de engrenagens precisar de reparo, desmonte-a com cuidado e siga as instru\u00e7\u00f5es do fabricante.<\/li>\n<li>Ao substituir a caixa de engrenagens, certifique-se de obter o tamanho e o modelo corretos e siga as instru\u00e7\u00f5es do fabricante para instala\u00e7\u00e3o.<\/li>\n<\/ul>\n<h3>Por que nos escolher:<\/h3>\n<ol>\n<li>Ampla sele\u00e7\u00e3o de redutores<\/li>\n<li>Pre\u00e7o atrativo e qualidade de marca superior<\/li>\n<li>Suporte t\u00e9cnico profissional completo<\/li>\n<li>Fornecer servi\u00e7o personalizado<\/li>\n<li>Tempo de entrega r\u00e1pido<\/li>\n<\/ol>\n<h4>Perguntas e respostas<\/h4>\n<p><strong>Q1: Qual \u00e9 a efici\u00eancia da caixa de engrenagens c\u00f4nicas helicoidais da s\u00e9rie EPB?<\/strong><br \/>\nA1: A efici\u00eancia da caixa de engrenagens c\u00f4nicas helicoidais da s\u00e9rie EPB varia de 94% a 96%, dependendo do est\u00e1gio da transmiss\u00e3o.<\/p>\n<p><strong>P2: Qual \u00e9 o n\u00edvel de ru\u00eddo da caixa de engrenagens c\u00f4nicas helicoidais da s\u00e9rie EPB?<\/strong><br \/>\nA2: O n\u00edvel de ru\u00eddo da caixa de engrenagens c\u00f4nicas helicoidais da s\u00e9rie EPB est\u00e1 entre 60 e 68 dB.<\/p>\n<p><strong>Q3: A caixa de engrenagens c\u00f4nicas helicoidais da s\u00e9rie EPB pode ser usada na ind\u00fastria sider\u00fargica?<\/strong><br \/>\nR3: Sim, a caixa de engrenagens c\u00f4nicas helicoidais da s\u00e9rie EPB pode ser usada na ind\u00fastria sider\u00fargica, bem como em v\u00e1rios outros setores.<\/p>\n<p><strong>Q4: Qual \u00e9 o per\u00edodo de garantia da caixa de engrenagens c\u00f4nicas helicoidais da s\u00e9rie EPB?<\/strong><br \/>\nA4: Oferecemos garantia de um ano para a caixa de engrenagens c\u00f4nicas helicoidais da s\u00e9rie EPB e servi\u00e7o p\u00f3s-venda vital\u00edcio.<\/p>\n<p><strong>Q5: Voc\u00eas podem fornecer solu\u00e7\u00f5es de caixa de engrenagens personalizadas?<\/strong><br \/>\nA5: Sim, podemos fornecer solu\u00e7\u00f5es de caixa de engrenagens personalizadas de acordo com seus requisitos espec\u00edficos, de torques de sa\u00edda pequenos a grandes. Entre em contato com nossa equipe de vendas para obter mais informa\u00e7\u00f5es.<\/p>\n<p>Em nossa empresa, oferecemos uma ampla gama de produtos para v\u00e1rias aplica\u00e7\u00f5es industriais. Nossos produtos incluem caixas de engrenagens agr\u00edcolas, eixos de sa\u00edda de pot\u00eancia, rodas dentadas, acoplamentos de fluido, redutores de engrenagem sem-fim, engrenagens e cremalheiras, correntes destac\u00e1veis, polias e polias, caixas de engrenagens planet\u00e1rias, polias de sincroniza\u00e7\u00e3o, buchas e muito mais. Estamos comprometidos em fornecer produtos de alta qualidade a um pre\u00e7o favor\u00e1vel com servi\u00e7o atencioso. Nosso servi\u00e7o completo economiza tempo e dinheiro para nossos clientes. Entre em contato conosco hoje mesmo e deixe-nos ajud\u00e1-lo a encontrar a solu\u00e7\u00e3o certa para suas necessidades.<\/p>","protected":false},"excerpt":{"rendered":"<p>EPB Series Helical Bevel Gearbox &#8211; High Quality and Cost-Effective Solution for Your Industrial Applications EPB series helical bevel gearbox is a reliable and high-performance solution for use in various industrial applications. It comes with a wide range of features and benefits that make it a preferred choice for those looking for stable and efficient [&hellip;]<\/p>","protected":false},"featured_media":3275,"template":"","meta":{"_et_pb_use_builder":"","_et_pb_old_content":"","_et_gb_content_width":""},"product_brand":[],"product_cat":[11285],"product_tag":[],"class_list":{"0":"post-3276","1":"product","2":"type-product","3":"status-publish","4":"has-post-thumbnail","6":"product_cat-bevel-gearbox","8":"first","9":"instock","10":"shipping-taxable","11":"product-type-simple"},"_links":{"self":[{"href":"https:\/\/agricultural-gear-boxes.com\/pt\/wp-json\/wp\/v2\/product\/3276","targetHints":{"allow":["GET"]}}],"collection":[{"href":"https:\/\/agricultural-gear-boxes.com\/pt\/wp-json\/wp\/v2\/product"}],"about":[{"href":"https:\/\/agricultural-gear-boxes.com\/pt\/wp-json\/wp\/v2\/types\/product"}],"wp:featuredmedia":[{"embeddable":true,"href":"https:\/\/agricultural-gear-boxes.com\/pt\/wp-json\/wp\/v2\/media\/3275"}],"wp:attachment":[{"href":"https:\/\/agricultural-gear-boxes.com\/pt\/wp-json\/wp\/v2\/media?parent=3276"}],"wp:term":[{"taxonomy":"product_brand","embeddable":true,"href":"https:\/\/agricultural-gear-boxes.com\/pt\/wp-json\/wp\/v2\/product_brand?post=3276"},{"taxonomy":"product_cat","embeddable":true,"href":"https:\/\/agricultural-gear-boxes.com\/pt\/wp-json\/wp\/v2\/product_cat?post=3276"},{"taxonomy":"product_tag","embeddable":true,"href":"https:\/\/agricultural-gear-boxes.com\/pt\/wp-json\/wp\/v2\/product_tag?post=3276"}],"curies":[{"name":"wp","href":"https:\/\/api.w.org\/{rel}","templated":true}]}}