{"id":3278,"date":"2024-08-20T08:45:20","date_gmt":"2024-08-20T08:45:20","guid":{"rendered":"https:\/\/agricultural-gear-boxes.com\/product\/epb-serial-bevel-gearbox\/"},"modified":"2024-08-20T08:45:20","modified_gmt":"2024-08-20T08:45:20","slug":"epb-serial-bevel-gearbox","status":"publish","type":"product","link":"https:\/\/agricultural-gear-boxes.com\/pt\/product\/epb-serial-bevel-gearbox\/","title":{"rendered":"Caixa de engrenagens c\u00f4nicas em s\u00e9rie EPB"},"content":{"rendered":"<h2>Caixa de engrenagens c\u00f4nicas seriais EPB: aprimorando suas aplica\u00e7\u00f5es industriais<\/h2>\n<h3>Vantagem:<\/h3>\n<ol>\n<li>Design altamente modular.<\/li>\n<li>Alto suporte de carga, transmiss\u00e3o est\u00e1vel e baixo ru\u00eddo.<\/li>\n<li>Bom desempenho de veda\u00e7\u00e3o e ampla gama de aplica\u00e7\u00f5es industriais.<\/li>\n<li>Alta efici\u00eancia e economia de energia.<\/li>\n<li>Economia de custos e baixa manuten\u00e7\u00e3o.<\/li>\n<\/ol>\n<h2>Aplica\u00e7\u00e3o principal:<\/h2>\n<ul>\n<li>Agitador qu\u00edmico<\/li>\n<li>Eleva\u00e7\u00e3o e transporte<\/li>\n<li>Metalurgia do ferro e do a\u00e7o<\/li>\n<li>Eletricidade<\/li>\n<li>Minera\u00e7\u00e3o de carv\u00e3o<\/li>\n<li>Cimento e constru\u00e7\u00e3o<\/li>\n<li>Ind\u00fastria de Papel e Leve<\/li>\n<\/ul>\n<h2>Dados do produto<\/h2>\n<table border=\"1\" cellspacing=\"0\" cellpadding=\"0\" align=\"left\">\n<tbody>\n<tr>\n<td>\n<table class=\"alignleft\">\n<tbody>\n<tr>\n<td>Material da carca\u00e7a<\/td>\n<\/tr>\n<\/tbody>\n<\/table>\n<\/td>\n<td>\n<table>\n<tbody>\n<tr>\n<td>Ferro fundido HT250<\/td>\n<\/tr>\n<\/tbody>\n<\/table>\n<\/td>\n<\/tr>\n<tr>\n<td>Dureza da carca\u00e7a<\/td>\n<td>HBS190-240<\/td>\n<\/tr>\n<tr>\n<td>Material da engrenagem<\/td>\n<td>A\u00e7o de liga 20CrMnTi<\/td>\n<\/tr>\n<tr>\n<td>Dureza superficial das engrenagens<\/td>\n<td>\n<table>\n<tbody>\n<tr>\n<td>HRC58??~62 ??<\/td>\n<\/tr>\n<\/tbody>\n<\/table>\n<\/td>\n<\/tr>\n<tr>\n<td>Dureza do n\u00facleo da engrenagem<\/td>\n<td>HRC33~40<\/td>\n<\/tr>\n<tr>\n<td>Material do eixo de entrada\/sa\u00edda<\/td>\n<td>A\u00e7o de liga 40CrMnTi<\/td>\n<\/tr>\n<tr>\n<td>Dureza do eixo de entrada\/sa\u00edda<\/td>\n<td>HRC25~30<\/td>\n<\/tr>\n<tr>\n<td>Precis\u00e3o de usinagem de engrenagens<\/td>\n<td>moagem precisa, grau 6~5<\/td>\n<\/tr>\n<tr>\n<td>\n<table>\n<tbody>\n<tr>\n<td>\u00d3leo lubrificante<\/td>\n<\/tr>\n<\/tbody>\n<\/table>\n<\/td>\n<td>GB L-CKC220-460, Concha Omala220-460<\/td>\n<\/tr>\n<tr>\n<td>Tratamento t\u00e9rmico<\/td>\n<td>t\u00eampera, cimenta\u00e7\u00e3o, t\u00eampera, etc.<\/td>\n<\/tr>\n<tr>\n<td>Efici\u00eancia<\/td>\n<td>\n<table>\n<tbody>\n<tr>\n<td>94%~96% (depende do est\u00e1gio de transmiss\u00e3o)<\/td>\n<\/tr>\n<\/tbody>\n<\/table>\n<\/td>\n<\/tr>\n<tr>\n<td>Ru\u00eddo (M\u00c1X.)<\/td>\n<td>60~68 dB<\/td>\n<\/tr>\n<tr>\n<td>Aumento de temperatura (M\u00c1X.)<\/td>\n<td>40??C<\/td>\n<\/tr>\n<tr>\n<td>Aumento de temperatura (\u00f3leo) (M\u00c1X.)<\/td>\n<td>50??C<\/td>\n<\/tr>\n<tr>\n<td>Vibra\u00e7\u00e3o<\/td>\n<td>??20?m<\/td>\n<\/tr>\n<tr>\n<td>Retalia\u00e7\u00e3o<\/td>\n<td>??20 minutos de arco<\/td>\n<\/tr>\n<\/tbody>\n<\/table>\n<p><img loading=\"lazy\" decoding=\"async\" class=\"size-full wp-image-380268 alignnone\" src=\"https:\/\/www.ever-power.net\/wp-content\/uploads\/2022\/06\/product-data1.jpg\" sizes=\"(min-width: 0px) and (max-width: 480px) 480px, (min-width: 481px) 627px, 100vw\" srcset=\"\/\/www.ever-power.net\/wp-content\/uploads\/2022\/06\/product-data1.jpg 627w, \/\/www.ever-power.net\/wp-content\/uploads\/2022\/06\/product-data1-480x615.jpg 480w\" alt=\"\" width=\"627\" height=\"803\" \/><\/p>\n<p><span style=\"font-size: 18pt;\"><a href=\"https:\/\/www.ever-power.net\/bevel-gear\/\" target=\"_blank\" rel=\"noopener\">Clique e confira mais produtos que voc\u00ea est\u00e1 procurando.<\/a><\/span><\/p>\n<h2>Por que nos escolher<\/h2>\n<h5>1. Ampla sele\u00e7\u00e3o de redutores<\/h5>\n<p>Nossa empresa oferece a mais ampla gama de aplica\u00e7\u00f5es padr\u00e3o e personalizadas para controle de movimento e aplica\u00e7\u00f5es de transmiss\u00e3o mec\u00e2nica. Fornecemos caixas de engrenagens planet\u00e1rias em linha de precis\u00e3o e caixas de engrenagens planet\u00e1rias de \u00e2ngulo reto, caixas de engrenagens de servomotor de \u00e2ngulo reto de 90 graus, caixas de engrenagens de acionamento harm\u00f4nico, redutores RV para rob\u00f4s, cremalheiras de precis\u00e3o de solo e pinh\u00f5es, servomotores, motores de passo, motores sem escovas, etc. A empresa tamb\u00e9m pode fornecer redutores de engrenagem sem-fim, motores de engrenagem, macacos de parafuso, engrenagens de dire\u00e7\u00e3o e outras caixas de engrenagens e acess\u00f3rios redutores relacionados. Isso significa que voc\u00ea pode obter o que deseja aqui mesmo e se beneficiar do nosso servi\u00e7o completo, economizando tempo e dinheiro.<\/p>\n<h5>2. Pre\u00e7o atrativo e qualidade de marca superior<\/h5>\n<p>Oferecemos aos nossos clientes pre\u00e7os atrativos com boa qualidade. Comparadas com as caixas de engrenagens de outras empresas, nossas caixas de engrenagens planet\u00e1rias de precis\u00e3o apresentam baixa folga (2-8 arcmin), alta efici\u00eancia (??95%) e baixo ru\u00eddo (60dBA). Al\u00e9m disso, oferecemos aos clientes uma garantia de um ano e servi\u00e7o p\u00f3s-venda vital\u00edcio. Todas as caixas de engrenagens servo produzidas por nossa famosa marca ser\u00e3o rigorosamente inspecionadas e testadas antes de sair da f\u00e1brica.<\/p>\n<h5>3. Suporte t\u00e9cnico profissional completo<\/h5>\n<p>N\u00e3o se preocupe se voc\u00ea n\u00e3o sabe como escolher a transmiss\u00e3o correta para sua m\u00e1quina. Temos uma equipe t\u00e9cnica profissional para atend\u00ea-lo. Contanto que voc\u00ea siga nossos passos, voc\u00ea saber\u00e1 como escolher o tamanho certo. Ap\u00f3s selecionar a caixa de engrenagens correspondente para seu motor, n\u00f3s lhe enviaremos o desenho CAD correspondente para sua inspe\u00e7\u00e3o para evitar quaisquer erros. Tamb\u00e9m oferecemos suporte t\u00e9cnico 24 horas se voc\u00ea tiver quaisquer outros problemas que precisem de resolu\u00e7\u00e3o urgente.<\/p>\n<h5>4. Fornecer servi\u00e7o personalizado<\/h5>\n<p>Podemos fornecer servi\u00e7o personalizado de acordo com suas necessidades se voc\u00ea precisar de uma caixa de engrenagens personalizada para uma aplica\u00e7\u00e3o \u00fanica. Forneceremos caixas de engrenagens personalizadas confi\u00e1veis e de alto desempenho, de torques de sa\u00edda pequenos a grandes. Por favor, informe ao nosso engenheiro de vendas suas necessidades detalhadas e as dimens\u00f5es necess\u00e1rias que voc\u00ea deseja. Quanto mais informa\u00e7\u00f5es voc\u00ea fornecer, mais adequado poderemos projetar uma transmiss\u00e3o personalizada para voc\u00ea.<\/p>\n<h5>5. Tempo de entrega r\u00e1pido<\/h5>\n<p>Para a maioria dos redutores padr\u00e3o, temos estoque suficiente, que pode ser entregue aos clientes rapidamente, resolver o problema de substitui\u00e7\u00e3o urgente de caixas de engrenagens danificadas em m\u00e1quinas em funcionamento e economizar custos para os clientes. Al\u00e9m disso, se um cliente precisar de uma caixa de engrenagens de um tamanho espec\u00edfico com urg\u00eancia e n\u00e3o a tivermos em estoque, podemos providenciar produ\u00e7\u00e3o priorit\u00e1ria, especialmente para voc\u00ea.<\/p>\n<h5>6. Profissional<\/h5>\n<p>Como um dos principais fabricantes de caixas de engrenagens c\u00f4nicas, fornecedores de produtos mec\u00e2nicos e f\u00e1bricas, fornecemos contato angular <a href=\"https:\/\/hzpt.com\/products\/worm-reducer\/\" target=\"_blank\" rel=\"noopener\">caixa de engrenagens sem-fim<\/a>, <a href=\"https:\/\/hzpt.com\/planetary-gearbox-planet-gear-speed-reducers\/\" target=\"_blank\" rel=\"noopener\">caixa de engrenagens planet\u00e1rias<\/a>, e muitos outros produtos.<\/p>\n<article class=\"4ever-article\" data-clipboard-cangjie=\"[&quot;root&quot;,{&quot;copyFrom&quot;:2066762897},[&quot;p&quot;,{},[&quot;span&quot;,{&quot;data-type&quot;:&quot;text&quot;},[&quot;span&quot;,{&quot;data-type&quot;:&quot;leaf&quot;},&quot;edited by CX&quot;]]]]\">editado por CX<\/article>\n<h2>Outros produtos Neg\u00f3cios<\/h2>\n<p>Como um fornecedor l\u00edder na ind\u00fastria, tamb\u00e9m fornecemos uma ampla gama de outros produtos de alta qualidade para atender \u00e0s suas necessidades industriais. Nossa gama de produtos inclui caixas de engrenagens agr\u00edcolas, eixos de sa\u00edda de pot\u00eancia, rodas dentadas, acoplamentos de fluido, redutores de engrenagem sem-fim, engrenagens e cremalheiras, correntes destac\u00e1veis, polias e polias, caixas de engrenagens planet\u00e1rias, polias de sincroniza\u00e7\u00e3o, buchas e muito mais. Estamos comprometidos em entregar produtos de alta qualidade a um pre\u00e7o favor\u00e1vel e fornecer um servi\u00e7o atencioso. Quer voc\u00ea precise de produtos padr\u00e3o ou solu\u00e7\u00f5es personalizadas, convidamos voc\u00ea a entrar em contato conosco com suas necessidades. Nossa equipe experiente est\u00e1 pronta para ajud\u00e1-lo a encontrar a solu\u00e7\u00e3o perfeita para as necessidades do seu neg\u00f3cio.<\/p>\n<h2>Perguntas e respostas<\/h2>\n<ol>\n<li><strong>P: Quais s\u00e3o as vantagens da caixa de engrenagens c\u00f4nicas seriais EPB?<\/strong><\/li>\n<p>A: A caixa de engrenagens c\u00f4nicas seriais EPB oferece alto design modular, alto suporte de carga, transmiss\u00e3o est\u00e1vel, baixo ru\u00eddo, bom desempenho de veda\u00e7\u00e3o, ampla gama de aplica\u00e7\u00f5es industriais, alta efici\u00eancia<\/p>","protected":false},"excerpt":{"rendered":"<p>EPB Serial Bevel Gearbox: Enhancing Your Industrial Applications Advantage: High modular design. High load support, stable transmission, and low noise. Good sealing performance and wide range of industrial applications. High efficiency and power saving. Cost saving and low maintenance. Main Application: Chemical stirrer Lifting and transportation Iron and steel metallurgy Electricity Coal mining Cement and [&hellip;]<\/p>","protected":false},"featured_media":3277,"template":"","meta":{"_et_pb_use_builder":"","_et_pb_old_content":"","_et_gb_content_width":""},"product_brand":[],"product_cat":[11285],"product_tag":[],"class_list":{"0":"post-3278","1":"product","2":"type-product","3":"status-publish","4":"has-post-thumbnail","6":"product_cat-bevel-gearbox","8":"first","9":"instock","10":"shipping-taxable","11":"product-type-simple"},"_links":{"self":[{"href":"https:\/\/agricultural-gear-boxes.com\/pt\/wp-json\/wp\/v2\/product\/3278","targetHints":{"allow":["GET"]}}],"collection":[{"href":"https:\/\/agricultural-gear-boxes.com\/pt\/wp-json\/wp\/v2\/product"}],"about":[{"href":"https:\/\/agricultural-gear-boxes.com\/pt\/wp-json\/wp\/v2\/types\/product"}],"wp:featuredmedia":[{"embeddable":true,"href":"https:\/\/agricultural-gear-boxes.com\/pt\/wp-json\/wp\/v2\/media\/3277"}],"wp:attachment":[{"href":"https:\/\/agricultural-gear-boxes.com\/pt\/wp-json\/wp\/v2\/media?parent=3278"}],"wp:term":[{"taxonomy":"product_brand","embeddable":true,"href":"https:\/\/agricultural-gear-boxes.com\/pt\/wp-json\/wp\/v2\/product_brand?post=3278"},{"taxonomy":"product_cat","embeddable":true,"href":"https:\/\/agricultural-gear-boxes.com\/pt\/wp-json\/wp\/v2\/product_cat?post=3278"},{"taxonomy":"product_tag","embeddable":true,"href":"https:\/\/agricultural-gear-boxes.com\/pt\/wp-json\/wp\/v2\/product_tag?post=3278"}],"curies":[{"name":"wp","href":"https:\/\/api.w.org\/{rel}","templated":true}]}}