{"id":3282,"date":"2024-08-20T08:45:22","date_gmt":"2024-08-20T08:45:22","guid":{"rendered":"https:\/\/agricultural-gear-boxes.com\/product\/epk-series-helical-bevel-gearbox-for-screw-conveyor\/"},"modified":"2024-08-20T08:45:22","modified_gmt":"2024-08-20T08:45:22","slug":"epk-series-helical-bevel-gearbox-for-screw-conveyor","status":"publish","type":"product","link":"https:\/\/agricultural-gear-boxes.com\/pt\/product\/epk-series-helical-bevel-gearbox-for-screw-conveyor\/","title":{"rendered":"Caixa de engrenagens c\u00f4nicas helicoidais s\u00e9rie EPK para transportador helicoidal"},"content":{"rendered":"<h2>Caixa de engrenagens c\u00f4nicas helicoidais da s\u00e9rie EPK para transportador helicoidal<\/h2>\n<p>A caixa de engrenagens c\u00f4nicas helicoidais da s\u00e9rie EPK \u00e9 uma solu\u00e7\u00e3o vers\u00e1til e de alto desempenho para aplica\u00e7\u00f5es de transportadores helicoidais. Com seu design altamente modular, ela oferece in\u00fameras vantagens que a tornam uma escolha ideal para uma ampla gama de ind\u00fastrias.<\/p>\n<h3>Vantagens:<\/h3>\n<ol>\n<li>Design altamente modular<\/li>\n<li>Alto suporte de carga, transmiss\u00e3o est\u00e1vel e baixo ru\u00eddo<\/li>\n<li>Boa veda\u00e7\u00e3o, ampla gama de aplica\u00e7\u00f5es industriais<\/li>\n<li>Alta efici\u00eancia e economia de energia<\/li>\n<li>Economia de custos e baixa manuten\u00e7\u00e3o<\/li>\n<\/ol>\n<h3>Principais aplica\u00e7\u00f5es:<\/h3>\n<ul>\n<li>Portos e Navega\u00e7\u00e3o<\/li>\n<li>Eleva\u00e7\u00e3o e transporte<\/li>\n<li>Eletricidade<\/li>\n<li>Minera\u00e7\u00e3o de carv\u00e3o<\/li>\n<li>Cimento e Constru\u00e7\u00e3o<\/li>\n<li>Ind\u00fastria de Papel e Leve<\/li>\n<li>Prote\u00e7\u00e3o qu\u00edmica e ambiental, etc.<\/li>\n<\/ul>\n<h3>Dados t\u00e9cnicos:<\/h3>\n<table style=\"width: 53.817%; height: 457px;\" border=\"1\" cellspacing=\"0\" cellpadding=\"0\">\n<tbody>\n<tr>\n<td>\n<table>\n<tbody>\n<tr>\n<td>Material da carca\u00e7a<\/td>\n<\/tr>\n<\/tbody>\n<\/table>\n<\/td>\n<td>Ferro fundido\/Ferro d\u00factil<\/td>\n<\/tr>\n<tr>\n<td>Dureza da carca\u00e7a<\/td>\n<td>HBS190-240<\/td>\n<\/tr>\n<tr>\n<td>Material da engrenagem<\/td>\n<td>A\u00e7o de liga 20CrMnTi<\/td>\n<\/tr>\n<tr>\n<td>Dureza superficial das engrenagens<\/td>\n<td>HRC58??~62 ??<\/td>\n<\/tr>\n<tr>\n<td>Dureza do n\u00facleo da engrenagem<\/td>\n<td>HRC33~40<\/td>\n<\/tr>\n<tr>\n<td>Material do eixo de entrada\/sa\u00edda<\/td>\n<td>A\u00e7o de liga 42CrMo<\/td>\n<\/tr>\n<tr>\n<td>Dureza do eixo de entrada\/sa\u00edda<\/td>\n<td>HRC25~30<\/td>\n<\/tr>\n<tr>\n<td>Precis\u00e3o de usinagem de<\/p>","protected":false},"excerpt":{"rendered":"<p>EPK Series Helical Bevel Gearbox for Screw Conveyor The EPK series helical bevel gearbox is a versatile and high-performance solution for screw conveyor applications. With its high modular design, it offers numerous advantages that make it an ideal choice for a wide range of industries. Advantages: High modular design High load support, stable transmission, and [&hellip;]<\/p>","protected":false},"featured_media":3281,"template":"","meta":{"_et_pb_use_builder":"","_et_pb_old_content":"","_et_gb_content_width":""},"product_brand":[],"product_cat":[11285],"product_tag":[],"class_list":{"0":"post-3282","1":"product","2":"type-product","3":"status-publish","4":"has-post-thumbnail","6":"product_cat-bevel-gearbox","8":"first","9":"instock","10":"shipping-taxable","11":"product-type-simple"},"_links":{"self":[{"href":"https:\/\/agricultural-gear-boxes.com\/pt\/wp-json\/wp\/v2\/product\/3282","targetHints":{"allow":["GET"]}}],"collection":[{"href":"https:\/\/agricultural-gear-boxes.com\/pt\/wp-json\/wp\/v2\/product"}],"about":[{"href":"https:\/\/agricultural-gear-boxes.com\/pt\/wp-json\/wp\/v2\/types\/product"}],"wp:featuredmedia":[{"embeddable":true,"href":"https:\/\/agricultural-gear-boxes.com\/pt\/wp-json\/wp\/v2\/media\/3281"}],"wp:attachment":[{"href":"https:\/\/agricultural-gear-boxes.com\/pt\/wp-json\/wp\/v2\/media?parent=3282"}],"wp:term":[{"taxonomy":"product_brand","embeddable":true,"href":"https:\/\/agricultural-gear-boxes.com\/pt\/wp-json\/wp\/v2\/product_brand?post=3282"},{"taxonomy":"product_cat","embeddable":true,"href":"https:\/\/agricultural-gear-boxes.com\/pt\/wp-json\/wp\/v2\/product_cat?post=3282"},{"taxonomy":"product_tag","embeddable":true,"href":"https:\/\/agricultural-gear-boxes.com\/pt\/wp-json\/wp\/v2\/product_tag?post=3282"}],"curies":[{"name":"wp","href":"https:\/\/api.w.org\/{rel}","templated":true}]}}