{"id":3284,"date":"2024-08-20T08:45:23","date_gmt":"2024-08-20T08:45:23","guid":{"rendered":"https:\/\/agricultural-gear-boxes.com\/product\/epk-bevel-helical-gearbox-right-angle-bevel-gearbox-gear-reducer\/"},"modified":"2024-08-20T08:45:23","modified_gmt":"2024-08-20T08:45:23","slug":"epk-bevel-helical-gearbox-right-angle-bevel-gearbox-gear-reducer","status":"publish","type":"product","link":"https:\/\/agricultural-gear-boxes.com\/pt\/product\/epk-bevel-helical-gearbox-right-angle-bevel-gearbox-gear-reducer\/","title":{"rendered":"EPK caixa de engrenagens helicoidal c\u00f4nica caixa de engrenagens c\u00f4nicas \u00e2ngulo reto redutor de engrenagem"},"content":{"rendered":"<h2>EPK Bevel Helicoidal Gearbox Redutor de Engrenagem de \u00c2ngulo Reto Bevel Helicoidal Gearbox<\/h2>\n<p>O redutor de engrenagem de caixa de engrenagens c\u00f4nicas de \u00e2ngulo reto da caixa de engrenagens c\u00f4nicas de chanfro EPK \u00e9 um redutor de engrenagem de alta qualidade que \u00e9 usado em uma ampla gama de ind\u00fastrias. Ele apresenta um alto design modular, alto suporte de carga, transmiss\u00e3o est\u00e1vel, baixo ru\u00eddo, boa veda\u00e7\u00e3o e alta efici\u00eancia. O redutor de engrenagem de caixa de engrenagens c\u00f4nicas de \u00e2ngulo reto da caixa de engrenagens c\u00f4nicas de chanfro EPK \u00e9 amplamente usado em portos e transporte, eleva\u00e7\u00e3o e transporte, eletricidade, minera\u00e7\u00e3o de carv\u00e3o, cimento e constru\u00e7\u00e3o, papel e ind\u00fastria leve, prote\u00e7\u00e3o qu\u00edmica e ambiental e outras ind\u00fastrias.<\/p>\n<h3>Vantagens:<\/h3>\n<ol>\n<li>Design altamente modular<\/li>\n<li>Alto suporte de carga, transmiss\u00e3o est\u00e1vel e baixo ru\u00eddo.<\/li>\n<li>Boa veda\u00e7\u00e3o, ampla gama de aplica\u00e7\u00f5es industriais.<\/li>\n<li>Alta efici\u00eancia e economia de energia.<\/li>\n<li>Economia de custos e baixa manuten\u00e7\u00e3o.<\/li>\n<\/ol>\n<h3>Principais aplica\u00e7\u00f5es:<\/h3>\n<ol>\n<li>Portos e Navega\u00e7\u00e3o<\/li>\n<li>Eleva\u00e7\u00e3o e transporte<\/li>\n<li>Eletricidade<\/li>\n<li>Minera\u00e7\u00e3o de carv\u00e3o<\/li>\n<li>Cimento e Constru\u00e7\u00e3o<\/li>\n<li>Ind\u00fastria de Papel e Leve<\/li>\n<li>Prote\u00e7\u00e3o Qu\u00edmica e Ambiental<\/li>\n<\/ol>\n<h3>Dados t\u00e9cnicos:<\/h3>\n<table>\n<tr>\n<td>Material da carca\u00e7a<\/td>\n<td>Ferro fundido\/Ferro d\u00factil<\/td>\n<\/tr>\n<tr>\n<td>Dureza da carca\u00e7a<\/td>\n<td>HBS190-240<\/td>\n<\/tr>\n<tr>\n<td>Material da engrenagem<\/td>\n<td>A\u00e7o de liga 20CrMnTi<\/td>\n<\/tr>\n<tr>\n<td>Dureza superficial das engrenagens<\/td>\n<td>HRC58??~62 ??<\/td>\n<\/tr>\n<tr>\n<td>Dureza do n\u00facleo da engrenagem<\/td>\n<td>HRC33~40<\/td>\n<\/tr>\n<tr>\n<td>Material do eixo de entrada\/sa\u00edda<\/td>\n<td>A\u00e7o de liga 42CrMo<\/td>\n<\/tr>\n<tr>\n<td>Dureza do eixo de entrada\/sa\u00edda<\/td>\n<td>HRC25~30<\/td>\n<\/tr>\n<tr>\n<td>Precis\u00e3o de usinagem de engrenagens<\/td>\n<td>Moagem precisa, grau 6~5<\/td>\n<\/tr>\n<tr>\n<td>\u00d3leo lubrificante<\/td>\n<td>GB L-CKC220-460, Concha Omala220-460<\/td>\n<\/tr>\n<tr>\n<td>Tratamento t\u00e9rmico<\/td>\n<td>Temperamento, cimenta\u00e7\u00e3o, t\u00eampera, etc.<\/td>\n<\/tr>\n<tr>\n<td>Efici\u00eancia<\/td>\n<td>94%~96% (depende do est\u00e1gio de transmiss\u00e3o)<\/td>\n<\/tr>\n<tr>\n<td>Ru\u00eddo (M\u00c1X.)<\/td>\n<td>60~68 dB<\/td>\n<\/tr>\n<tr>\n<td>Aumento de temperatura (M\u00c1X.)<\/td>\n<td>40??C<\/td>\n<\/tr>\n<tr>\n<td>Aumento de temperatura (\u00f3leo) (M\u00c1X.)<\/td>\n<td>50??C<\/td>\n<\/tr>\n<tr>\n<td>Vibra\u00e7\u00e3o<\/td>\n<td>??20?m<\/td>\n<\/tr>\n<tr>\n<td>Retalia\u00e7\u00e3o<\/td>\n<td>??20 minutos de arco<\/td>\n<\/tr>\n<\/table>\n<table>\n<tr>\n<td>Tamanho<\/td>\n<td>Di\u00e2metro do eixo s\u00f3lido (mm)<\/td>\n<td>Di\u00e2metro do eixo oco (mm)<\/td>\n<td>Altura central (mm)<\/td>\n<td>Di\u00e2metro do flange de sa\u00edda (mm)<\/td>\n<td>Pot\u00eancia (kw)<\/td>\n<td>Raz\u00e3o<\/td>\n<td>Torque admiss\u00edvel (nm)<\/td>\n<td>Peso (kgs)<\/td>\n<\/tr>\n<tr>\n<td>37<\/td>\n<td>??25k6<\/td>\n<td>??30h7<\/td>\n<td>100<\/td>\n<td>??110\/160<\/td>\n<td>0.18-3.0<\/td>\n<td>5.36-106.38<\/td>\n<td>200<\/td>\n<td>11<\/td>\n<\/tr>\n<tr>\n<td>47<\/td>\n<td>??30k6<\/td>\n<td>??35h7<\/td>\n<td>112<\/td>\n<td>??120\/200<\/td>\n<td>0.18-3.0<\/td>\n<td>5.81-131.87<\/td>\n<td>400<\/td>\n<td>20<\/td>\n<\/tr>\n<tr>\n<td>57<\/td>\n<td>??35k6<\/td>\n<td>??40h7<\/td>\n<td>132<\/td>\n<td>??155\/250<\/td>\n<td>0.18-5.5<\/td>\n<td>6.57-145.14<\/td>\n<td>600<\/td>\n<td>27<\/td>\n<\/tr>\n<tr>\n<td>67<\/td>\n<td>??40k6<\/td>\n<td>??40h7<\/td>\n<td>140<\/td>\n<td>??155\/250<\/td>\n<td>0.18-5.5<\/td>\n<td>7.14-144.79<\/td>\n<td>820<\/td>\n<td>33<\/td>\n<\/tr>\n<tr>\n<td>77<\/td>\n<td>??50k6<\/td>\n<td>??50h7<\/td>\n<td>180<\/td>\n<td>??170\/300<\/td>\n<td>0.37-11.0<\/td>\n<td>7.24-292.18<\/td>\n<td>1550<\/td>\n<td>57<\/td>\n<\/tr>\n<tr>\n<td>87<\/td>\n<td>??60m6<\/td>\n<td>??60h7<\/td>\n<td>212<\/td>\n<td>??215\/350<\/td>\n<td>0.75-22.0<\/td>\n<td>7.19-197.18<\/td>\n<td>2700<\/td>\n<td>85<\/td>\n<\/tr>\n<tr>\n<td>97<\/td>\n<td>??70m6<\/td>\n<td>??70h7<\/td>\n<td>265<\/td>\n<td>??260\/450<\/td>\n<td>1.1-30.0<\/td>\n<td>8.95-176.05<\/td>\n<td>4300<\/td>\n<td>130<\/td>\n<\/tr>\n<tr>\n<td>107<\/td>\n<td>??90m6<\/td>\n<td>??90h7<\/td>\n<td>315<\/td>\n<td>??304\/450<\/td>\n<td>3.0-45.0<\/td>\n<td>8.74-141.46<\/td>\n<td>8000<\/td>\n<td>250<\/td>\n<\/tr>\n<tr>\n<td>127<\/td>\n<td>??110m6<\/td>\n<td>??100h7<\/td>\n<td>375<\/td>\n<td>??350\/550<\/td>\n<td>7.5-90.0<\/td>\n<td>8.68-146.07<\/td>\n<td>13000<\/td>\n<td>380<\/td>\n<\/tr>\n<tr>\n<td>157<\/td>\n<td>??120m6<\/td>\n<td>??120m6<\/td>\n<td>450<\/td>\n<td>??400\/660<\/td>\n<td>11.0-160.0<\/td>\n<td>12.65-150.41<\/td>\n<td>18000<\/td>\n<td>610<\/td>\n<\/tr>\n<tr>\n<td>167<\/td>\n<td>??160m6<\/td>\n<td>??160m6<\/td>\n<td>500<\/td>\n<td>??800<\/td>\n<td>11.0-200.0<\/td>\n<td>17.28-163.91<\/td>\n<td>32000<\/td>\n<td>1015<\/td>\n<\/tr>\n<tr>\n<td>187<\/td>\n<td>??190m6<\/td>\n<td>??190m6<\/td>\n<td>600<\/td>\n<td>??800<\/td>\n<td>18.5-200.0<\/td>\n<td>17.27-180.78<\/td>\n<td>50000<\/td>\n<td>1700<\/td>\n<\/tr>\n<\/table>\n<p><img loading=\"lazy\" decoding=\"async\" src=\"https:\/\/www.ever-power.net\/wp-content\/uploads\/2022\/06\/Conduit-box-position.jpg\" alt=\"Posi\u00e7\u00e3o da caixa de condu\u00edte\" width=\"1000\" height=\"306\"><br \/>\n<img loading=\"lazy\" decoding=\"async\" src=\"https:\/\/www.ever-power.net\/wp-content\/uploads\/2022\/06\/Mount-position.jpg\" alt=\"Posi\u00e7\u00e3o de montagem\" width=\"1000\" height=\"489\"><\/p>\n<h2>Por que nos escolher?<\/h2>\n<h3>1. Ampla sele\u00e7\u00e3o de redutores<\/h3>\n<p>Nossa empresa oferece a mais ampla gama de solu\u00e7\u00f5es padr\u00e3o e personalizadas para aplica\u00e7\u00f5es em controle de movimento e transmiss\u00e3o mec\u00e2nica. Fornecemos caixas de engrenagens planet\u00e1rias em linha de precis\u00e3o e caixas de engrenagens planet\u00e1rias de \u00e2ngulo reto, caixas de engrenagens de servomotor de \u00e2ngulo reto de 90 graus, caixas de engrenagens de acionamento harm\u00f4nico, redutores RV para rob\u00f4s, cremalheiras de precis\u00e3o de solo e pinh\u00f5es, servomotores, motores de passo, motores sem escovas, etc. A empresa tamb\u00e9m pode fornecer redutores de engrenagem sem-fim, motores de engrenagem, macacos de parafuso, engrenagens de dire\u00e7\u00e3o e outras caixas de engrenagens e acess\u00f3rios redutores relacionados. Isso significa que voc\u00ea pode obter o que deseja aqui mesmo e se beneficiar do nosso servi\u00e7o completo, economizando tempo e dinheiro.<\/p>\n<h3>2. Pre\u00e7o atrativo e qualidade de marca superior<\/h3>\n<p>Oferecemos aos nossos clientes pre\u00e7os muito atrativos com boa qualidade. Comparadas com as caixas de engrenagens de outras empresas, nossas caixas de engrenagens planet\u00e1rias de precis\u00e3o apresentam baixa folga (2-8 arcmin), alta efici\u00eancia (??95%) e baixo ru\u00eddo (60dBA). Todas as caixas de engrenagens servo produzidas por nossa famosa marca ser\u00e3o rigorosamente inspecionadas e testadas antes de sair da f\u00e1brica. Al\u00e9m disso, oferecemos aos clientes uma garantia de um ano e servi\u00e7o p\u00f3s-venda vital\u00edcio.<\/p>\n<h3>3. Suporte t\u00e9cnico profissional completo<\/h3>\n<p>N\u00e3o se preocupe se voc\u00ea n\u00e3o sabe como escolher a transmiss\u00e3o certa para sua m\u00e1quina. Temos uma equipe t\u00e9cnica profissional para atend\u00ea-lo. Contanto que voc\u00ea siga nossos passos, voc\u00ea saber\u00e1 como escolher o tamanho certo. Ap\u00f3s selecionar a caixa de engrenagens correspondente para seu motor, n\u00f3s lhe enviaremos o desenho CAD correspondente para sua inspe\u00e7\u00e3o para evitar quaisquer erros. Tamb\u00e9m oferecemos suporte t\u00e9cnico 24 horas se voc\u00ea tiver quaisquer outros problemas que precisem de resolu\u00e7\u00e3o urgente.<\/p>\n<h3>4. Fornecer servi\u00e7o personalizado<\/h3>\n<p>Se voc\u00ea precisa de uma caixa de engrenagens personalizada para uma aplica\u00e7\u00e3o \u00fanica, podemos fornecer um servi\u00e7o personalizado de acordo com suas necessidades. Forneceremos caixas de engrenagens personalizadas confi\u00e1veis e de alto desempenho, de torques de sa\u00edda pequenos a grandes. Por favor, informe ao nosso engenheiro de vendas suas necessidades detalhadas e todas as dimens\u00f5es necess\u00e1rias que voc\u00ea deseja. Quanto mais informa\u00e7\u00f5es voc\u00ea nos fornecer, mais adequado poderemos projetar uma transmiss\u00e3o personalizada para voc\u00ea.<\/p>\n<h3>5. Tempo de entrega r\u00e1pido<\/h3>\n<p>Para a maioria dos redutores padr\u00e3o, temos estoque suficiente, que pode ser entregue aos clientes em um tempo muito curto, resolver o problema de substitui\u00e7\u00e3o urgente de caixas de engrenagens danificadas em m\u00e1quinas em funcionamento e economizar custos para os clientes. Al\u00e9m disso, se um cliente precisar de uma caixa de engrenagens de um determinado tamanho com urg\u00eancia e n\u00e3o a tivermos em estoque, podemos providenciar produ\u00e7\u00e3o priorit\u00e1ria, especialmente para voc\u00ea.<\/p>\n<h3>6. Profissional<\/h3>\n<p>Como um dos principais fabricantes de caixas de engrenagens c\u00f4nicas, fornecedores de produtos mec\u00e2nicos e f\u00e1bricas, n\u00f3s fornecemos caixas de engrenagens sem-fim de contato angular, caixas de engrenagens planet\u00e1rias e muitos outros produtos.<\/p>\n<h2>Outros produtos<\/h2>\n<p>Al\u00e9m disso, nossa empresa fornece principalmente v\u00e1rias engrenagens pl\u00e1sticas usadas na ind\u00fastria, como caixas de engrenagens agr\u00edcolas, eixos de sa\u00edda de pot\u00eancia, rodas dentadas, acoplamentos de fluido, redutores de engrenagem sem-fim, engrenagens e cremalheiras, correntes destac\u00e1veis, polias e polias, caixas de engrenagens planet\u00e1rias, polias de sincroniza\u00e7\u00e3o, buchas e muito mais. Oferecemos produtos de alta qualidade, pre\u00e7os favor\u00e1veis e servi\u00e7os atenciosos. Damos as boas-vindas aos clientes para virem ao desenho ou personaliza\u00e7\u00e3o de amostra.<\/p>\n<h2>Perguntas e respostas<\/h2>\n<ol>\n<li>Qual \u00e9 a vantagem do redutor de engrenagem c\u00f4nica de \u00e2ngulo reto com caixa de engrenagens helicoidais c\u00f4nicas EPK?<\/li>\n<li>Quais s\u00e3o as principais aplica\u00e7\u00f5es do redutor de engrenagem c\u00f4nica de \u00e2ngulo reto com caixa de engrenagens helicoidais c\u00f4nicas EPK?<\/li>\n<li>Qual \u00e9 a efici\u00eancia do redutor de engrenagem c\u00f4nica de \u00e2ngulo reto com caixa de engrenagens helicoidais c\u00f4nicas EPK?<\/li>\n<li>Qual \u00e9 o n\u00edvel de ru\u00eddo do redutor de engrenagem c\u00f4nica de \u00e2ngulo reto com caixa de engrenagens helicoidais c\u00f4nicas EPK?<\/li>\n<li>Quais outros produtos a empresa fornece?<\/li>\n<\/ol>","protected":false},"excerpt":{"rendered":"<p>EPK Bevel Helical Gearbox Redutor de Engrenagem de \u00c2ngulo Reto Bevel Helicoidal Gearbox Redutor de Engrenagem EPK bevel helicoidal gearbox redutor de engrenagem de \u00e2ngulo reto bevel gearbox \u00e9 um redutor de engrenagem de alta qualidade que \u00e9 usado em uma ampla gama de ind\u00fastrias. Ele apresenta um alto design modular, alto suporte de carga, transmiss\u00e3o est\u00e1vel, baixo ru\u00eddo, boa veda\u00e7\u00e3o e alta efici\u00eancia. EPK bevel helicoidal [\u2026]<\/p>","protected":false},"featured_media":3283,"template":"","meta":{"_et_pb_use_builder":"","_et_pb_old_content":"","_et_gb_content_width":""},"product_brand":[],"product_cat":[11285],"product_tag":[],"class_list":{"0":"post-3284","1":"product","2":"type-product","3":"status-publish","4":"has-post-thumbnail","6":"product_cat-bevel-gearbox","8":"first","9":"instock","10":"shipping-taxable","11":"product-type-simple"},"_links":{"self":[{"href":"https:\/\/agricultural-gear-boxes.com\/pt\/wp-json\/wp\/v2\/product\/3284","targetHints":{"allow":["GET"]}}],"collection":[{"href":"https:\/\/agricultural-gear-boxes.com\/pt\/wp-json\/wp\/v2\/product"}],"about":[{"href":"https:\/\/agricultural-gear-boxes.com\/pt\/wp-json\/wp\/v2\/types\/product"}],"wp:featuredmedia":[{"embeddable":true,"href":"https:\/\/agricultural-gear-boxes.com\/pt\/wp-json\/wp\/v2\/media\/3283"}],"wp:attachment":[{"href":"https:\/\/agricultural-gear-boxes.com\/pt\/wp-json\/wp\/v2\/media?parent=3284"}],"wp:term":[{"taxonomy":"product_brand","embeddable":true,"href":"https:\/\/agricultural-gear-boxes.com\/pt\/wp-json\/wp\/v2\/product_brand?post=3284"},{"taxonomy":"product_cat","embeddable":true,"href":"https:\/\/agricultural-gear-boxes.com\/pt\/wp-json\/wp\/v2\/product_cat?post=3284"},{"taxonomy":"product_tag","embeddable":true,"href":"https:\/\/agricultural-gear-boxes.com\/pt\/wp-json\/wp\/v2\/product_tag?post=3284"}],"curies":[{"name":"wp","href":"https:\/\/api.w.org\/{rel}","templated":true}]}}