{"id":3286,"date":"2024-08-20T08:45:24","date_gmt":"2024-08-20T08:45:24","guid":{"rendered":"https:\/\/agricultural-gear-boxes.com\/product\/best-sale-helical-bevel-gearbox-reducer\/"},"modified":"2024-08-20T08:45:24","modified_gmt":"2024-08-20T08:45:24","slug":"best-sale-helical-bevel-gearbox-reducer","status":"publish","type":"product","link":"https:\/\/agricultural-gear-boxes.com\/pt\/product\/best-sale-helical-bevel-gearbox-reducer\/","title":{"rendered":"Melhor venda de redutor de caixa de engrenagens c\u00f4nicas helicoidais"},"content":{"rendered":"<h2>Melhor venda de redutor de caixa de engrenagens c\u00f4nicas helicoidais<\/h2>\n<p>O redutor de caixa de engrenagens c\u00f4nicas helicoidais Best Sale \u00e9 um dispositivo de transmiss\u00e3o eficiente e de alta qualidade que oferece in\u00fameras vantagens para uma ampla gama de aplica\u00e7\u00f5es industriais. Com seu design altamente modular, a caixa de engrenagens fornece uma transmiss\u00e3o est\u00e1vel com baixo ru\u00eddo e alto suporte de carga. \u00c9 conhecido por suas boas propriedades de veda\u00e7\u00e3o, tornando-o adequado para v\u00e1rias ind\u00fastrias. A caixa de engrenagens \u00e9 projetada para economizar custos, baixa manuten\u00e7\u00e3o e economia de energia, garantindo efici\u00eancia ideal em qualquer aplica\u00e7\u00e3o.<\/p>\n<h3>Aplica\u00e7\u00e3o principal:<\/h3>\n<ul>\n<li>Portos e Navega\u00e7\u00e3o<\/li>\n<li>Eleva\u00e7\u00e3o e transporte<\/li>\n<li>Eletricidade<\/li>\n<li>Minera\u00e7\u00e3o de carv\u00e3o<\/li>\n<li>Cimento e Constru\u00e7\u00e3o<\/li>\n<li>Ind\u00fastria de Papel e Leve<\/li>\n<li>Prote\u00e7\u00e3o qu\u00edmica e ambiental, etc.<\/li>\n<\/ul>\n<h3","protected":false},"excerpt":{"rendered":"<p>Melhor venda de redutor de caixa de engrenagens c\u00f4nicas helicoidais O melhor redutor de caixa de engrenagens c\u00f4nicas helicoidais \u00e9 um dispositivo de transmiss\u00e3o eficiente e de alta qualidade que oferece in\u00fameras vantagens para uma ampla gama de aplica\u00e7\u00f5es industriais. Com seu alto design modular, a caixa de engrenagens fornece uma transmiss\u00e3o est\u00e1vel com baixo ru\u00eddo e alto suporte de carga. \u00c9 conhecido por sua boa [\u2026]<\/p>","protected":false},"featured_media":3285,"template":"","meta":{"_et_pb_use_builder":"","_et_pb_old_content":"","_et_gb_content_width":""},"product_brand":[],"product_cat":[11285],"product_tag":[],"class_list":{"0":"post-3286","1":"product","2":"type-product","3":"status-publish","4":"has-post-thumbnail","6":"product_cat-bevel-gearbox","8":"first","9":"instock","10":"shipping-taxable","11":"product-type-simple"},"_links":{"self":[{"href":"https:\/\/agricultural-gear-boxes.com\/pt\/wp-json\/wp\/v2\/product\/3286","targetHints":{"allow":["GET"]}}],"collection":[{"href":"https:\/\/agricultural-gear-boxes.com\/pt\/wp-json\/wp\/v2\/product"}],"about":[{"href":"https:\/\/agricultural-gear-boxes.com\/pt\/wp-json\/wp\/v2\/types\/product"}],"wp:featuredmedia":[{"embeddable":true,"href":"https:\/\/agricultural-gear-boxes.com\/pt\/wp-json\/wp\/v2\/media\/3285"}],"wp:attachment":[{"href":"https:\/\/agricultural-gear-boxes.com\/pt\/wp-json\/wp\/v2\/media?parent=3286"}],"wp:term":[{"taxonomy":"product_brand","embeddable":true,"href":"https:\/\/agricultural-gear-boxes.com\/pt\/wp-json\/wp\/v2\/product_brand?post=3286"},{"taxonomy":"product_cat","embeddable":true,"href":"https:\/\/agricultural-gear-boxes.com\/pt\/wp-json\/wp\/v2\/product_cat?post=3286"},{"taxonomy":"product_tag","embeddable":true,"href":"https:\/\/agricultural-gear-boxes.com\/pt\/wp-json\/wp\/v2\/product_tag?post=3286"}],"curies":[{"name":"wp","href":"https:\/\/api.w.org\/{rel}","templated":true}]}}