{"id":3288,"date":"2024-08-20T08:45:25","date_gmt":"2024-08-20T08:45:25","guid":{"rendered":"https:\/\/agricultural-gear-boxes.com\/product\/epk-series-helical-bevel-gearbox-gear-unit-reducer\/"},"modified":"2024-08-20T08:45:25","modified_gmt":"2024-08-20T08:45:25","slug":"epk-series-helical-bevel-gearbox-gear-unit-reducer","status":"publish","type":"product","link":"https:\/\/agricultural-gear-boxes.com\/pt\/product\/epk-series-helical-bevel-gearbox-gear-unit-reducer\/","title":{"rendered":"Unidade de engrenagem redutora de caixa de engrenagens c\u00f4nicas helicoidais s\u00e9rie EPK"},"content":{"rendered":"<h2>Unidade de engrenagem redutora de caixa de engrenagens c\u00f4nicas helicoidais s\u00e9rie EPK<\/h2>\n<p>O redutor de unidade de engrenagem de caixa de engrenagens c\u00f4nica helicoidal da s\u00e9rie EPK \u00e9 um produto de alta qualidade e custo-efetivo, amplamente utilizado em v\u00e1rias ind\u00fastrias, como portos e transporte, eleva\u00e7\u00e3o e transporte, eletricidade, minera\u00e7\u00e3o de carv\u00e3o, cimento e constru\u00e7\u00e3o, papel e ind\u00fastria leve, qu\u00edmica e prote\u00e7\u00e3o ambiental. A caixa de engrenagens apresenta um alto design modular, alto suporte de carga, transmiss\u00e3o est\u00e1vel, baixo ru\u00eddo, boa veda\u00e7\u00e3o e ampla gama de aplica\u00e7\u00f5es industriais. \u00c9 econ\u00f4mico, de baixa manuten\u00e7\u00e3o, alta efici\u00eancia e economia de energia.<\/p>\n<p>O material do alojamento da caixa de engrenagens \u00e9 feito de ferro fundido ou ferro d\u00factil com uma dureza do alojamento de HBS190-240. O material da engrenagem \u00e9 feito de a\u00e7o de liga 20CrMnTi, e a dureza da superf\u00edcie das engrenagens \u00e9 HRC58??~62 ??. A caixa de engrenagens tem retifica\u00e7\u00e3o precisa, grau 6~5, e \u00e9 lubrificada com \u00f3leo GB L-CKC220-460 ou Shell Omala220-460. Sua efici\u00eancia varia de 94%~96%, dependendo do est\u00e1gio de transmiss\u00e3o, e seu n\u00edvel de ru\u00eddo est\u00e1 entre 60~68dB. O torque permitido varia de 200~50000n.m, e o peso varia de 11~1700kg.<\/p>\n<p>Para instalar, manter, reparar ou substituir a caixa de engrenagens, consulte a tabela de dados t\u00e9cnicos para o tamanho correspondente. A caixa de engrenagens \u00e9 vers\u00e1til e pode ser personalizada de acordo com requisitos espec\u00edficos.<\/p>\n<h3>Vantagens:<\/h3>\n<ul>\n<li>Design altamente modular<\/li>\n<li>Alto suporte de carga, transmiss\u00e3o est\u00e1vel e baixo ru\u00eddo<\/li>\n<li>Boa veda\u00e7\u00e3o, ampla gama de aplica\u00e7\u00f5es industriais<\/li>\n<li>Alta efici\u00eancia e economia de energia<\/li>\n<li>Economia de custos e baixa manuten\u00e7\u00e3o<\/li>\n<\/ul>\n<h3>Aplica\u00e7\u00e3o principal:<\/h3>\n<ol>\n<li>Portos e Navega\u00e7\u00e3o<\/li>\n<li>Eleva\u00e7\u00e3o e transporte<\/li>\n<li>Eletricidade<\/li>\n<li>Minera\u00e7\u00e3o de carv\u00e3o<\/li>\n<li>Cimento e Constru\u00e7\u00e3o<\/li>\n<li>Ind\u00fastria de Papel e Leve<\/li>\n<li>Prote\u00e7\u00e3o qu\u00edmica e ambiental, etc.<\/li>\n<\/ol>\n<h3>Dados t\u00e9cnicos:<\/h3>\n<table border=\"1\" cellspacing=\"0\" cellpadding=\"0\">\n<tbody>\n<tr>\n<td>\n<table>\n<tbody>\n<tr>\n<td>Material da carca\u00e7a<\/td>\n<\/tr>\n<\/tbody>\n<\/table>\n<\/td>\n<td>Ferro fundido\/Ferro d\u00factil<\/td>\n<\/tr>\n<tr>\n<td>Dureza da carca\u00e7a<\/td>\n<td>HBS190-240<\/td>\n<\/tr>\n<tr>\n<td>Material da engrenagem<\/td>\n<td>A\u00e7o de liga 20CrMnTi<\/td>\n<\/tr>\n<tr>\n<td>Dureza superficial das engrenagens<\/td>\n<td>HRC58??~62 ??<\/td>\n<\/tr>\n<tr>\n<td>Dureza do n\u00facleo da engrenagem<\/td>\n<td>HRC33~40<\/td>\n<\/tr>\n<tr>\n<td>Material do eixo de entrada\/sa\u00edda<\/td>\n<td>A\u00e7o de liga 42CrMo<\/td>\n<\/tr>\n<tr>\n<td>Dureza do eixo de entrada\/sa\u00edda<\/td>\n<td>HRC25~30<\/td>\n<\/tr>\n<tr>\n<td>Precis\u00e3o de usinagem de engrenagens<\/td>\n<td>Moagem precisa, grau 6~5<\/td>\n<\/tr>\n<tr>\n<td>\u00d3leo lubrificante<\/td>\n<td>GB L-CKC220-460, Concha Omala220-460<\/td>\n<\/tr>\n<tr>\n<td>Tratamento t\u00e9rmico<\/td>\n<td>Temperamento, cimenta\u00e7\u00e3o, t\u00eampera, etc.<\/td>\n<\/tr>\n<tr>\n<td>Efici\u00eancia<\/td>\n<td>94%~96% (depende do est\u00e1gio de transmiss\u00e3o)<\/td>\n<\/tr>\n<tr>\n<td>Ru\u00eddo (M\u00c1X.)<\/td>\n<td>60~68 dB<\/td>\n<\/tr>\n<tr>\n<td>Aumento de temperatura (M\u00c1X.)<\/td>\n<td>40??C<\/td>\n<\/tr>\n<tr>\n<td>Aumento de temperatura (\u00f3leo) (M\u00c1X.)<\/td>\n<td>50??C<\/td>\n<\/tr>\n<tr>\n<td>Vibra\u00e7\u00e3o<\/td>\n<td>??20?m<\/td>\n<\/tr>\n<tr>\n<td>Retalia\u00e7\u00e3o<\/td>\n<td>??20 minutos de arco<\/td>\n<\/tr>\n<\/tbody>\n<\/table>\n<p>&nbsp; <\/p>\n<table border=\"1\" cellspacing=\"0\" cellpadding=\"0\">\n<tbody>\n<tr>\n<td>Tamanho<\/td>\n<td>Di\u00e2metro do eixo s\u00f3lido (mm)<\/td>\n<td>Di\u00e2metro do eixo oco (mm)<\/td>\n<td>Altura central (mm)<\/td>\n<td>Di\u00e2metro do flange de sa\u00edda (mm)<\/td>\n<td>Pot\u00eancia (kw)<\/td>\n<td>Raz\u00e3o<\/td>\n<td>Torque admiss\u00edvel (nm)<\/td>\n<td>Peso (kgs)<\/td>\n<\/tr>\n<tr>\n<td>37<\/td>\n<td>??25k6<\/td>\n<td>??30h7<\/td>\n<td>100<\/td>\n<td>??110\/160<\/td>\n<td>0.18-3.0<\/td>\n<td>5.36-106.38<\/td>\n<td>200<\/td>\n<td>11<\/td>\n<\/tr>\n<tr>\n<td>47<\/td>\n<td>??30k6<\/td>\n<td>??35h7<\/td>\n<td>112<\/td>\n<td>??120\/200<\/td>\n<td>0.18-3.0<\/td>\n<td>5.81-131.87<\/td>\n<td>400<\/td>\n<td>20<\/td>\n<\/tr>\n<tr>\n<td>57<\/td>\n<td>??35k6<\/td>\n<td>??40h7<\/td>\n<td>132<\/td>\n<td>??155\/250<\/td>\n<td>0.18-5.5<\/td>\n<td>6.57-145.14<\/td>\n<td>600<\/td>\n<td>27<\/td>\n<\/tr>\n<tr>\n<td>67<\/td>\n<td>??40k6<\/td>\n<td>??40h7<\/td>\n<td>140<\/td>\n<td>??155\/250<\/td>\n<td>0.18-5.5<\/td>\n<td>7.14-144.79<\/td>\n<td>820<\/td>\n<td>33<\/td>\n<\/tr>\n<tr>\n<td>77<\/td>\n<td>??50k6<\/td>\n<td>??50h7<\/td>\n<td>180<\/td>\n<td>??170\/300<\/td>\n<td>0.37-11.0<\/td>\n<td>7.24-292.18<\/td>\n<td>1550<\/td>\n<td>57<\/td>\n<\/tr>\n<tr>\n<td>87<\/td>\n<td>??60m6<\/td>\n<td>??60h7<\/td>\n<td>212<\/td>\n<td>??215\/350<\/td>\n<td>0.75-22.0<\/td>\n<td>7.19-197.18<\/td>\n<td>2700<\/td>\n<td>85<\/td>\n<\/tr>\n<tr>\n<td>97<\/td>\n<td>??70m6<\/td>\n<td>??70h7<\/td>\n<td>265<\/td>\n<td>??260\/450<\/td>\n<td>1.1-30.0<\/td>\n<td>8.95-176.05<\/td>\n<td>4300<\/td>\n<td>130<\/td>\n<\/tr>\n<tr>\n<td>107<\/td>\n<td>??90m6<\/td>\n<td>??90h7<\/td>\n<td>315<\/td>\n<td>??304\/450<\/td>\n<td>3.0-45.0<\/td>\n<td>8.74-141.46<\/td>\n<td>8000<\/td>\n<td>250<\/td>\n<\/tr>\n<tr>\n<td>127<\/td>\n<td>??110m6<\/td>\n<td>??100h7<\/td>\n<td>375<\/td>\n<td>??350\/550<\/td>\n<td>7.5-90.0<\/td>\n<td>8.68-146.07<\/td>\n<td>13000<\/td>\n<td>380<\/td>\n<\/tr>\n<tr>\n<td>157<\/td>\n<td>??120m6<\/td>\n<td>??120m6<\/td>\n<td>450<\/td>\n<td>??400\/660<\/td>\n<td>11.0-160.0<\/td>\n<td>12.65-150.41<\/td>\n<td>18000<\/td>\n<td>610<\/td>\n<\/tr>\n<tr>\n<td>167<\/td>\n<td>??160m6<\/td>\n<td>??160m6<\/td>\n<td>500<\/td>\n<td>??800<\/td>\n<td>11.0-200.0<\/td>\n<td>17.28-163.91<\/td>\n<td>32000<\/td>\n<td>1015<\/td>\n<\/tr>\n<tr>\n<td>187<\/td>\n<td>??190m6<\/td>\n<td>??190m6<\/td>\n<td>600<\/td>\n<td>??800<\/td>\n<td>18.5-200.0<\/td>\n<td>17.27-180.78<\/td>\n<td>50000<\/td>\n<td>1700<\/td>\n<\/tr>\n<\/tbody>\n<\/table>\n<p>&nbsp;<br \/>\n<img loading=\"lazy\" decoding=\"async\" class=\"alignleft size-full wp-image-380226\" src=\"https:\/\/www.ever-power.net\/wp-content\/uploads\/2022\/06\/Conduit-box-position.jpg\" sizes=\"(min-width: 0px) and (max-width: 480px) 480px, (min-width: 481px) and (max-width: 980px) 980px, (min-width: 981px) 1000px, 100vw\" srcset=\"\/\/www.ever-power.net\/wp-content\/uploads\/2022\/06\/Conduit-box-position.jpg 1000w, \/\/www.ever-power.net\/wp-content\/uploads\/2022\/06\/Conduit-box-position-980x300.jpg 980w, \/\/www.ever-power.net\/wp-content\/uploads\/2022\/06\/Conduit-box-position-480x147.jpg 480w\" alt=\"\" width=\"1000\" height=\"306\" \/><img loading=\"lazy\" decoding=\"async\" class=\"alignleft size-full wp-image-380227\" src=\"https:\/\/www.ever-power.net\/wp-content\/uploads\/2022\/06\/Mount-position.jpg\" sizes=\"(min-width: 0px) and (max-width: 480px) 480px, (min-width: 481px) and (max-width: 980px) 980px, (min-width: 981px) 1000px, 100vw\" srcset=\"\/\/www.ever-power.net\/wp-content\/uploads\/2022\/06\/Mount-position.jpg 1000w, \/\/www.ever-power.net\/wp-content\/uploads\/2022\/06\/Mount-position-980x479.jpg 980w, \/\/www.ever-power.net\/wp-content\/uploads\/2022\/06\/Mount-position-480x235.jpg 480w\" alt=\"\" width=\"1000\" height=\"489\" \/> <\/p>\n<h2>Por que nos escolher<\/h2>\n<h3>1. Ampla sele\u00e7\u00e3o de redutores<\/h3>\n<p>Nossa empresa oferece a mais ampla gama de solu\u00e7\u00f5es padr\u00e3o e personalizadas para aplica\u00e7\u00f5es em controle de movimento e transmiss\u00e3o mec\u00e2nica. Fornecemos caixas de engrenagens planet\u00e1rias em linha de precis\u00e3o e caixas de engrenagens planet\u00e1rias de \u00e2ngulo reto, caixas de engrenagens de servomotor de \u00e2ngulo reto de 90 graus, caixas de engrenagens de acionamento harm\u00f4nico, redutores RV para rob\u00f4s, cremalheiras de precis\u00e3o de solo e pinh\u00f5es, servomotores, motores de passo, motores sem escovas, etc. A empresa tamb\u00e9m pode fornecer redutores de engrenagem sem-fim, motores de engrenagem, macacos de parafuso, engrenagens de dire\u00e7\u00e3o e outras caixas de engrenagens e acess\u00f3rios redutores relacionados. Isso significa que voc\u00ea pode obter o que deseja aqui mesmo e se beneficiar do nosso servi\u00e7o completo, economizando tempo e dinheiro.<\/p>\n<h3>2. Pre\u00e7o atrativo e qualidade de marca superior<\/h3>\n<p>Oferecemos aos nossos clientes pre\u00e7os muito atrativos com boa qualidade. Comparadas com as caixas de engrenagens de outras empresas, nossas caixas de engrenagens planet\u00e1rias de precis\u00e3o apresentam baixa folga (2-8 arcmin), alta efici\u00eancia (??95%) e baixo ru\u00eddo (60dBA). Todas as caixas de engrenagens servo produzidas por nossa famosa marca ser\u00e3o rigorosamente inspecionadas e testadas antes de sair da f\u00e1brica. Al\u00e9m disso, oferecemos aos clientes uma garantia de um ano e servi\u00e7o p\u00f3s-venda vital\u00edcio.<\/p>\n<h3>3. Suporte t\u00e9cnico profissional completo<\/h3>\n<p>N\u00e3o se preocupe se voc\u00ea n\u00e3o sabe como escolher a transmiss\u00e3o certa para sua m\u00e1quina. Temos uma equipe t\u00e9cnica profissional para atend\u00ea-lo. Contanto que voc\u00ea siga nossos passos, voc\u00ea saber\u00e1 como escolher o tamanho certo. Ap\u00f3s selecionar a caixa de engrenagens correspondente para seu motor, n\u00f3s lhe enviaremos o desenho CAD correspondente para sua inspe\u00e7\u00e3o para evitar quaisquer erros. Tamb\u00e9m oferecemos suporte t\u00e9cnico 24 horas se voc\u00ea tiver quaisquer outros problemas que precisem de resolu\u00e7\u00e3o urgente.<\/p>\n<h3>4. Forne\u00e7a um servi\u00e7o personalizado<\/h3>\n<p>Se voc\u00ea precisa de uma caixa de engrenagens personalizada para uma aplica\u00e7\u00e3o \u00fanica, podemos fornecer um servi\u00e7o personalizado de acordo com suas necessidades. Forneceremos caixas de engrenagens personalizadas confi\u00e1veis e de alto desempenho, de torques de sa\u00edda pequenos a grandes. Por favor, informe ao nosso engenheiro de vendas suas necessidades detalhadas e todas as dimens\u00f5es necess\u00e1rias que voc\u00ea deseja. Quanto mais informa\u00e7\u00f5es voc\u00ea nos fornecer, mais adequado poderemos projetar uma transmiss\u00e3o personalizada para voc\u00ea.<\/p>\n<h3>5. Tempo de entrega r\u00e1pido<\/h3>\n<p>Para a maioria dos redutores padr\u00e3o, temos estoque suficiente, que pode ser entregue aos clientes em um tempo muito curto, resolver o problema de substitui\u00e7\u00e3o urgente de caixas de engrenagens danificadas em m\u00e1quinas em funcionamento e economizar custos para os clientes. Al\u00e9m disso, se um cliente precisar de uma caixa de engrenagens de um determinado tamanho com urg\u00eancia e n\u00e3o a tivermos em estoque, podemos providenciar produ\u00e7\u00e3o priorit\u00e1ria, especialmente para voc\u00ea.<\/p>\n<h3>6. Profissional<\/h3>\n<p>Como um dos principais fabricantes de caixas de engrenagens c\u00f4nicas, fornecedores de produtos mec\u00e2nicos e f\u00e1bricas, n\u00f3s fornecemos caixas de engrenagens sem-fim de contato angular, caixas de engrenagens planet\u00e1rias e muitos outros produtos.<\/p>\n<p>Em nossa empresa, tamb\u00e9m fornecemos v\u00e1rias engrenagens pl\u00e1sticas usadas na ind\u00fastria, como caixas de engrenagens agr\u00edcolas, eixos de sa\u00edda de pot\u00eancia, rodas dentadas, acoplamentos de fluido, redutores de engrenagem sem-fim, engrenagens e cremalheiras, correntes destac\u00e1veis, polias e polias, caixas de engrenagens planet\u00e1rias, polias de sincroniza\u00e7\u00e3o, buchas e muito mais. Nossos produtos s\u00e3o de alta qualidade, pre\u00e7o favor\u00e1vel e servi\u00e7o atencioso, e damos as boas-vindas aos clientes para virem ao desenho ou personaliza\u00e7\u00e3o de amostra.<\/p>\n<h2>Perguntas e respostas<\/h2>\n<ol>\n<li>Qual \u00e9 o material do alojamento da caixa de engrenagens?<\/li>\n<li>Qual \u00e9 o material da engrenagem da caixa de engrenagens?<\/li>\n<li>Qual \u00e9 a faixa de efici\u00eancia da caixa de engrenagens?<\/li>\n<li>Qual \u00e9 o n\u00edvel de ru\u00eddo da caixa de velocidades?<\/li>\n<li>Quais s\u00e3o as principais aplica\u00e7\u00f5es da caixa de engrenagens?<\/li>\n<\/ol>","protected":false},"excerpt":{"rendered":"<p>EPK Series Helical Bevel Gearbox Gear Unit Reducer EPK Series Helical Bevel Gearbox Gear Unit Reducer is a high-quality, cost-effective product that is widely used in various industries such as ports and shipping, lifting and transporting, electricity, coal mining, cement and construction, paper and light industry, chemical, and environmental protection. The gearbox features a high [&hellip;]<\/p>","protected":false},"featured_media":3287,"template":"","meta":{"_et_pb_use_builder":"","_et_pb_old_content":"","_et_gb_content_width":""},"product_brand":[],"product_cat":[11285],"product_tag":[],"class_list":{"0":"post-3288","1":"product","2":"type-product","3":"status-publish","4":"has-post-thumbnail","6":"product_cat-bevel-gearbox","8":"first","9":"instock","10":"shipping-taxable","11":"product-type-simple"},"_links":{"self":[{"href":"https:\/\/agricultural-gear-boxes.com\/pt\/wp-json\/wp\/v2\/product\/3288","targetHints":{"allow":["GET"]}}],"collection":[{"href":"https:\/\/agricultural-gear-boxes.com\/pt\/wp-json\/wp\/v2\/product"}],"about":[{"href":"https:\/\/agricultural-gear-boxes.com\/pt\/wp-json\/wp\/v2\/types\/product"}],"wp:featuredmedia":[{"embeddable":true,"href":"https:\/\/agricultural-gear-boxes.com\/pt\/wp-json\/wp\/v2\/media\/3287"}],"wp:attachment":[{"href":"https:\/\/agricultural-gear-boxes.com\/pt\/wp-json\/wp\/v2\/media?parent=3288"}],"wp:term":[{"taxonomy":"product_brand","embeddable":true,"href":"https:\/\/agricultural-gear-boxes.com\/pt\/wp-json\/wp\/v2\/product_brand?post=3288"},{"taxonomy":"product_cat","embeddable":true,"href":"https:\/\/agricultural-gear-boxes.com\/pt\/wp-json\/wp\/v2\/product_cat?post=3288"},{"taxonomy":"product_tag","embeddable":true,"href":"https:\/\/agricultural-gear-boxes.com\/pt\/wp-json\/wp\/v2\/product_tag?post=3288"}],"curies":[{"name":"wp","href":"https:\/\/api.w.org\/{rel}","templated":true}]}}